{"id":20045,"date":"2022-01-29T12:34:38","date_gmt":"2022-01-29T17:34:38","guid":{"rendered":"https:\/\/afcindustries.com\/product\/2-soporte-de-pared-para-tabletas\/"},"modified":"2024-11-30T11:25:45","modified_gmt":"2024-11-30T16:25:45","slug":"2-soporte-de-pared-para-tabletas","status":"publish","type":"product","link":"https:\/\/afcindustries.com\/es\/producto\/2-soporte-de-pared-para-tabletas\/","title":{"rendered":"2 Soporte de pared para tabletas"},"content":{"rendered":"<h2>2 Soporte de pared para tabletas<\/h2>\n<p>El soporte de pared para tabletas perfecto para montar dos tabletas en la pared una al lado de la otra en horizontal. Se fija a trav\u00e9s de soportes de carril con brazo en Z para que pueda ajustar f\u00e1cilmente las pantallas en todas las direcciones para obtener los \u00e1ngulos de visi\u00f3n ideales. Estos soportes son universales y pueden soportar todos los modelos de tabletas populares de hoy en d\u00eda para Apple, Android y PC.<\/p>\n<p>Disponible en varios acabados para adaptarse a su entorno. Todos los soportes del marco de la tableta son<\/p>\n<p>fabricados en metal y vienen con un candado y una llave para mayor seguridad.<\/p>\n<p>Podemos combinar los monitores m\u00e1s grandes con las tabletas m\u00e1s peque\u00f1as para tener una oficina completa<\/p>\n<p>soluci\u00f3n.<\/p>\n<p><b>Nota: Los soportes para tabletas no incluyen las pantallas de los monitores<\/b><\/p>\n<div class=\"desksize\"><\/div>\n<h3 class=\"product-h3\"><span id=\"ctl00_ContentPlaceHolder1_lblImageBottom1\">2 Especificaciones del soporte de pared para tabletas<\/span><\/h3>\n<p><img decoding=\"async\" id=\"ctl00_ContentPlaceHolder1_imgDetailImageCall\" class=\"img-responsive\" style=\"border-width: 0px\" src=\"https:\/\/afcindustries.com\/wp-content\/uploads\/2022\/01\/772885-2-tablet-holder-wall-mount-bracket-specs.jpg\" alt=\"2 Especificaciones del soporte de pared para tabletas\" title=\"\"><\/p>\n<div id=\"ctl00_ContentPlaceHolder1_pnlImageContainer\"><\/div>\n<h3 class=\"product-h3\"><span id=\"ctl00_ContentPlaceHolder1_lblImageBottom2\">Detalles del soporte de pared para 2 tabletas<\/span><\/h3>\n<p><img decoding=\"async\" id=\"ctl00_ContentPlaceHolder1_imgDetailImageCall2\" class=\"img-responsive\" style=\"border-width: 0px\" src=\"https:\/\/afcindustries.com\/wp-content\/uploads\/2022\/01\/772885-2-tablet-holder-wall-mount-bracket-specs-details.jpg\" alt=\"Detalles del soporte de pared para 2 tabletas\" title=\"\"><\/p>\n<h3 class=\"product-h3\"><\/h3>\n","protected":false},"excerpt":{"rendered":"<h1 class=\"product-h3\"><span id=\"ctl00_ContentPlaceHolder1_lblH3\">Soporte de pared para 2 tabletas<\/span><\/h1>\n<div class=\"col-md-6 col-sm-6 col-xs-12 detailList\">\n<ul>\n<li>Marcos de construcci\u00f3n met\u00e1lica fuertes y seguros<\/li>\n<li>Cerradura y llave para mayor seguridad<\/li>\n<li>Soluciones y configuraciones horizontales y verticales disponibles<\/li>\n<li>Varias longitudes de carril disponibles, en funci\u00f3n de la cantidad de soporte de la tableta<\/li>\n<li>Elija los acabados de pintura antimicrobiana blanca o negra<\/li>\n<li>Los marcos universales para tabletas se adaptan a la mayor\u00eda de los modelos m\u00e1s populares de hoy en d\u00eda<\/li>\n<li>Montado con brazos en Z para una manipulaci\u00f3n multidireccional<\/li>\n<li>Lista disponible de soportes que se adaptan exactamente a su iPad o Tablet<\/li>\n<\/ul>\n<p>&nbsp;<\/p>\n<\/div>\n<div class=\"col-md-6 col-sm-6 col-xs-12\">\n<ul>\n<li>\n<ul class=\"specPreview\">\n<li>Altura<\/li>\n<li>12&#8243;<\/li>\n<\/ul>\n<\/li>\n<li>\n<ul class=\"specPreview\">\n<li>Anchura<\/li>\n<li>24&#8243;<\/li>\n<\/ul>\n<\/li>\n<li>\n<ul class=\"specPreview\">\n<li>Profundidad<\/li>\n<li>4&#8243;<\/li>\n<\/ul>\n<\/li>\n<\/ul>\n<\/div>\n","protected":false},"featured_media":15116,"template":"","meta":{"_acf_changed":false,"inline_featured_image":false},"product_brand":[],"product_cat":[2979,1832,1758],"product_tag":[],"class_list":{"0":"post-20045","1":"product","2":"type-product","3":"status-publish","4":"has-post-thumbnail","6":"product_cat-2-soporte-de-pared-para-tabletas","7":"product_cat-brazos-para-monitores-de-pared","8":"product_cat-soportes-ergonomicos","9":"pa_model-772885-marcos-dobles-para-tabletas-en-pista","11":"first","12":"instock","13":"product-type-simple"},"acf":[],"_links":{"self":[{"href":"https:\/\/afcindustries.com\/es\/wp-json\/wp\/v2\/product\/20045","targetHints":{"allow":["GET"]}}],"collection":[{"href":"https:\/\/afcindustries.com\/es\/wp-json\/wp\/v2\/product"}],"about":[{"href":"https:\/\/afcindustries.com\/es\/wp-json\/wp\/v2\/types\/product"}],"wp:featuredmedia":[{"embeddable":true,"href":"https:\/\/afcindustries.com\/es\/wp-json\/wp\/v2\/media\/15116"}],"wp:attachment":[{"href":"https:\/\/afcindustries.com\/es\/wp-json\/wp\/v2\/media?parent=20045"}],"wp:term":[{"taxonomy":"product_brand","embeddable":true,"href":"https:\/\/afcindustries.com\/es\/wp-json\/wp\/v2\/product_brand?post=20045"},{"taxonomy":"product_cat","embeddable":true,"href":"https:\/\/afcindustries.com\/es\/wp-json\/wp\/v2\/product_cat?post=20045"},{"taxonomy":"product_tag","embeddable":true,"href":"https:\/\/afcindustries.com\/es\/wp-json\/wp\/v2\/product_tag?post=20045"}],"curies":[{"name":"wp","href":"https:\/\/api.w.org\/{rel}","templated":true}]}}