{"id":20038,"date":"2022-01-29T12:35:01","date_gmt":"2022-01-29T17:35:01","guid":{"rendered":"https:\/\/afcindustries.com\/product\/iluminacion-led-de-ambiente-para-el-escritorio\/"},"modified":"2024-11-30T11:25:27","modified_gmt":"2024-11-30T16:25:27","slug":"iluminacion-led-de-ambiente-para-el-escritorio","status":"publish","type":"product","link":"https:\/\/afcindustries.com\/es\/producto\/iluminacion-led-de-ambiente-para-el-escritorio\/","title":{"rendered":"Iluminaci\u00f3n LED de ambiente para el escritorio"},"content":{"rendered":"<h2>Iluminaci\u00f3n ambiental de escritorio con LEDs<\/h2>\n<div id=\"color_choice\"><\/div>\n<p>Una luz de escritorio ambiental LED de bajo consumo que ilumina las zonas traseras del escritorio. D\u00e9 a su estaci\u00f3n de trabajo un aspecto impresionante con este accesorio de iluminaci\u00f3n.<\/p>\n<div class=\"desksize\"><\/div>\n<h3 class=\"product-h3\"><span id=\"ctl00_ContentPlaceHolder1_lblImageBottom1\">Iluminaci\u00f3n LED bajo el escritorio<\/span><\/h3>\n<p><img decoding=\"async\" id=\"ctl00_ContentPlaceHolder1_imgDetailImageCall\" class=\"img-responsive\" style=\"border-width: 0px\" src=\"https:\/\/afcindustries.com\/wp-content\/uploads\/2022\/01\/772141-led-under-desk-lighting.jpg\" alt=\"Iluminaci\u00f3n LED bajo el escritorio\" title=\"\"><\/p>\n<div id=\"ctl00_ContentPlaceHolder1_pnlImageContainer\"><\/div>\n<h3 class=\"product-h3\"><\/h3>\n<h3 class=\"product-h3\"><\/h3>\n","protected":false},"excerpt":{"rendered":"<h1 class=\"product-h3\"><span id=\"ctl00_ContentPlaceHolder1_lblH3\">Iluminaci\u00f3n trasera bajo el escritorio<\/span><\/h1>\n<div class=\"col-md-6 col-sm-6 col-xs-12 detailList\">\n<ul>\n<li>Iluminaci\u00f3n de fondo de escritorio ambiental<\/li>\n<li>Tecnolog\u00eda de iluminaci\u00f3n LED<\/li>\n<li>Proporciona una iluminaci\u00f3n trasera de la mesa sin deslumbrar<\/li>\n<li>Funciones de ahorro de energ\u00eda<\/li>\n<li>La luz LED tiene un interruptor de regulaci\u00f3n de intensidad controlado de forma independiente<\/li>\n<\/ul>\n<p>&nbsp;<\/p>\n<p>&nbsp;<\/p>\n<\/div>\n<div class=\"col-md-6 col-sm-6 col-xs-12\">\n<p>&nbsp;<\/p>\n<ul>\n<li>\n<ul class=\"specPreview\">\n<li>Altura<\/li>\n<li>3&#8243;<\/li>\n<\/ul>\n<p>&nbsp;<\/li>\n<li>\n<ul class=\"specPreview\">\n<li>Anchura<\/li>\n<li>24&#8243;<\/li>\n<\/ul>\n<p>&nbsp;<\/li>\n<li>\n<ul class=\"specPreview\">\n<li>Profundidad<\/li>\n<li>3&#8243;<\/li>\n<\/ul>\n<p>&nbsp;<\/li>\n<\/ul>\n<\/div>\n","protected":false},"featured_media":15285,"template":"","meta":{"_acf_changed":false,"inline_featured_image":false},"product_brand":[],"product_cat":[1783,2962,1784],"product_tag":[],"class_list":{"0":"post-20038","1":"product","2":"type-product","3":"status-publish","4":"has-post-thumbnail","6":"product_cat-accesorios","7":"product_cat-cinta-de-iluminacion-led-de-ambiente-para-el-escritorio","8":"product_cat-todos-los-accesorios","9":"pa_model-tal500-es","11":"first","12":"instock","13":"product-type-simple"},"acf":[],"_links":{"self":[{"href":"https:\/\/afcindustries.com\/es\/wp-json\/wp\/v2\/product\/20038","targetHints":{"allow":["GET"]}}],"collection":[{"href":"https:\/\/afcindustries.com\/es\/wp-json\/wp\/v2\/product"}],"about":[{"href":"https:\/\/afcindustries.com\/es\/wp-json\/wp\/v2\/types\/product"}],"wp:featuredmedia":[{"embeddable":true,"href":"https:\/\/afcindustries.com\/es\/wp-json\/wp\/v2\/media\/15285"}],"wp:attachment":[{"href":"https:\/\/afcindustries.com\/es\/wp-json\/wp\/v2\/media?parent=20038"}],"wp:term":[{"taxonomy":"product_brand","embeddable":true,"href":"https:\/\/afcindustries.com\/es\/wp-json\/wp\/v2\/product_brand?post=20038"},{"taxonomy":"product_cat","embeddable":true,"href":"https:\/\/afcindustries.com\/es\/wp-json\/wp\/v2\/product_cat?post=20038"},{"taxonomy":"product_tag","embeddable":true,"href":"https:\/\/afcindustries.com\/es\/wp-json\/wp\/v2\/product_tag?post=20038"}],"curies":[{"name":"wp","href":"https:\/\/api.w.org\/{rel}","templated":true}]}}