{"id":20034,"date":"2022-01-29T12:34:30","date_gmt":"2022-01-29T17:34:30","guid":{"rendered":"https:\/\/afcindustries.com\/product\/carro-movil-ergonomico-de-telemedicina-con-cajon\/"},"modified":"2024-11-30T11:35:10","modified_gmt":"2024-11-30T16:35:10","slug":"carro-ergonomico-telemedico-con-cajon","status":"publish","type":"product","link":"https:\/\/afcindustries.com\/es\/producto\/carro-ergonomico-telemedico-con-cajon\/","title":{"rendered":"Carro m\u00f3vil ergon\u00f3mico de telemedicina con caj\u00f3n"},"content":{"rendered":"<h2>Carro de telemedicina m\u00f3vil con soporte para CPU<\/h2>\n<div id=\"color_choice\">\n<div id=\"ctl00_ContentPlaceHolder1_color1_pnlColor\" class=\"option-Style-Panel1\">\n<div class=\"color-container\">\n<div class=\"color-item\">\n<div id=\"White\" class=\"color-item-big\"><img decoding=\"async\" src=\"https:\/\/afcindustries.com\/wp-content\/uploads\/2022\/01\/White-1.jpg\" alt=\"Blanco\" title=\"\"><\/div>\n<\/div>\n<\/div>\n<\/div>\n<\/div>\n<p>Este carro m\u00f3vil de telemedicina tiene 2 soportes de monitor VESA, c\u00e1mara de v\u00eddeo, caj\u00f3n deslizante, soporte de bater\u00eda, 2 soportes de CPU, estabilizador de base y 5 ruedas grandes.<\/p>\n<p><strong>El mejor dise\u00f1o ergon\u00f3mico y c\u00f3modo:<\/strong> Dise\u00f1ado para la comodidad para reducir el estr\u00e9s y mantener la postura durante el trabajo.<\/p>\n<p><strong>Mantiene una buena salud:<\/strong> Elimina las lesiones por esfuerzo repetitivo (RSI), los dolores musculares, las molestias corporales, la tensi\u00f3n ocular y la fatiga. Aumenta la productividad y la circulaci\u00f3n sangu\u00ednea saludable.<\/p>\n<p><strong>F\u00e1cil de usar:<\/strong> f\u00e1cil de manejar sin necesidad de horas de formaci\u00f3n del usuario. Muy f\u00e1cil de configurar para adaptarse a las preferencias de cada usuario.<\/p>\n<p><strong>Acceso a puertos de datos y tomas de corriente:<\/strong> Aumenta la productividad y la eficiencia gracias a la facilidad de acceso a los puertos de datos y las tomas de corriente.<\/p>\n<p><strong>Colocaci\u00f3n correcta de la CPU del ordenador:<\/strong> La CPU del ordenador se encuentra fuera de peligro, lo que permite a los usuarios moverse libremente.<\/p>\n<p><strong>Gesti\u00f3n limpia de los cables:<\/strong> Los cables est\u00e1n ocultos de forma segura para eliminar el riesgo de accidentes que pueda causar a personas o equipos.<\/p>\n<p><strong>Construido seg\u00fan las especificaciones:<\/strong> Se puede especificar para acomodar las necesidades \u00fanicas y el entorno de trabajo de los usuarios individuales antes de la fabricaci\u00f3n.<\/p>\n<p><strong>Garantizado con la garant\u00eda del producto:<\/strong> Cubierto con la garant\u00eda de producto del fabricante que da seguridad a los compradores en caso de que el producto no cumpla con las expectativas.<\/p>\n<p><strong>Equipo de fabricaci\u00f3n de confianza:<\/strong> Nuestros dise\u00f1adores, ingenieros y fabricantes utilizan sus habilidades y talentos para ofrecerle el producto de mayor calidad que usted merece.<\/p>\n<p><strong>Asistencia en la planificaci\u00f3n del espacio de trabajo:<\/strong> Proporcionamos asistencia en la planificaci\u00f3n en la instalaci\u00f3n o renovaci\u00f3n de sus instalaciones de trabajo.<\/p>\n<p><strong>Ayuda para la instalaci\u00f3n:<\/strong> Proporcionamos asistencia exhaustiva en el despliegue de su mobiliario para el servicio.<\/p>\n<p><strong>Mobiliario inform\u00e1tico vers\u00e1til:<\/strong> Nuestros muebles son capaces de adaptarse a diferentes usos y entornos, por lo que son duraderos.<\/p>\n<p>Este equipo de telemedicina de AFC ayuda a los m\u00e9dicos y profesionales de la salud a acceder c\u00f3modamente a los datos. M\u00f3vil, compacto y cargado con una gran cantidad de funciones, fundamentales para ofrecer una utilidad eficiente en entornos m\u00e9dicos exigentes.<\/p>\n<p>AFC fabrica equipos de mobiliario de alta calidad que superan las expectativas est\u00e1ndar de practicidad, funcionalidad y ergonom\u00eda. Nuestros productos est\u00e1n garantizados con una garant\u00eda total del producto. Construimos productos que ofrecen a nuestros clientes la tranquilidad de obtener el m\u00e1ximo rendimiento de su inversi\u00f3n.<\/p>\n<p>P\u00f3ngase en contacto con nosotros para una consulta gratuita con nuestro amable y servicial especialista en mobiliario t\u00e9cnico ergon\u00f3mico.<\/p>\n<div class=\"desksize\"><\/div>\n<h3 class=\"product-h3\"><span id=\"ctl00_ContentPlaceHolder1_lblImageBottom1\">Carros de ordenador m\u00e9dico Caracter\u00edsticas<\/span><\/h3>\n<p><img decoding=\"async\" id=\"ctl00_ContentPlaceHolder1_imgDetailImageCall\" class=\"img-responsive\" style=\"border-width: 0px\" src=\"https:\/\/afcindustries.com\/wp-content\/uploads\/2022\/01\/771850-medical-computer-carts-features.jpg\" alt=\"carros de ordenador m\u00e9dico con ruedas\" title=\"\"><\/p>\n<div id=\"ctl00_ContentPlaceHolder1_pnlImageContainer\"><\/div>\n<h3 class=\"product-h3\"><span id=\"ctl00_ContentPlaceHolder1_lblImageBottom2\">Carros de ordenador m\u00e9dico M\u00e1s caracter\u00edsticas<\/span><\/h3>\n<p><img decoding=\"async\" id=\"ctl00_ContentPlaceHolder1_imgDetailImageCall2\" class=\"img-responsive\" style=\"border-width: 0px\" src=\"https:\/\/afcindustries.com\/wp-content\/uploads\/2022\/01\/771850-medical-computer-carts-more-features.jpg\" alt=\"carro de ordenador de hospital con ruedas\" title=\"\"><\/p>\n<h3 class=\"product-h3\"><span id=\"ctl00_ContentPlaceHolder1_lblImageBottom3\">Carros de ordenador m\u00e9dico Caracter\u00edsticas adicionales<\/span><\/h3>\n<p><img decoding=\"async\" id=\"ctl00_ContentPlaceHolder1_imgDetailImageCall3\" class=\"img-responsive\" style=\"border-width: 0px\" src=\"https:\/\/afcindustries.com\/wp-content\/uploads\/2022\/01\/771850-medical-computer-carts-additional-features.jpg\" alt=\"ordenador m\u00e9dico sobre ruedas\" title=\"\"><\/p>\n","protected":false},"excerpt":{"rendered":"<h1 class=\"product-h3\"><span id=\"ctl00_ContentPlaceHolder1_lblH3\">Carro de telemedicina m\u00f3vil con caj\u00f3n de almacenamiento con cerradura<\/span><\/h1>\n<div class=\"col-md-6 col-sm-6 col-xs-12 detailList\">\n<ul>\n<li>Poste con acabado en polvo epoxi, altura: 60 pulgadas<\/li>\n<li>Dos soportes para monitores AFC 22 compatibles con VESA montados en una barra de acero de 24 pulgadas<\/li>\n<li>Plataforma de teclado de polietileno de alta densidad (HDPE), f\u00e1cil de limpiar, de 10 pulgadas de ancho por 11 pulgadas de profundidad.<\/li>\n<li>Caj\u00f3n de almacenamiento adjunto, con cerradura, de 12 pulgadas de ancho x 3 pulgadas de alto x 11 pulgadas de profundidad (dimensiones interiores)<\/li>\n<li>Estante met\u00e1lico de 8 pulgadas ideal para una peque\u00f1a impresora o altavoces.<\/li>\n<li>Soporte para CPU ajustable<\/li>\n<li>Canales de gesti\u00f3n de cables incorporados.<\/li>\n<li>Base de aluminio con placas de pesas unidas para mayor estabilidad.<\/li>\n<li>Cinco ruedas de 4 pulgadas (las delanteras son bloqueables).<\/li>\n<li>Estante de c\u00e1mara opcional para videoconferencias<\/li>\n<\/ul>\n<\/div>\n<div class=\"col-md-6 col-sm-6 col-xs-12\">\n<ul class=\"ulpdf\">\n<li><a id=\"ctl00_ContentPlaceHolder1_hPDF\" href=\"https:\/\/afcindustries.com\/PDFS\/771850_MPC2C60_HR4_2F_H_KB_DRW_SH_2C1_01.PDF\" target=\"_blank\" rel=\"noopener\"><img decoding=\"async\" id=\"ctl00_ContentPlaceHolder1_imgPDF\" style=\"border-width: 0px;\" src=\"https:\/\/afcindustries.com\/images\/pdf.gif\" border=\"0\" \/><span id=\"ctl00_ContentPlaceHolder1_lblPDFSKU\" class=\"pdf\">PDF 771850_MPC2C60_HR4_2F_H_KB_DRW_SH_2C1_01.pdf<\/span><\/a><\/li>\n<\/ul>\n<ul>\n<li>\n<ul class=\"specPreview\">\n<li>Altura<\/li>\n<li>72 \u00ab<\/li>\n<\/ul>\n<\/li>\n<li>\n<ul class=\"specPreview\">\n<li>Anchura<\/li>\n<li>26 \u00ab<\/li>\n<\/ul>\n<\/li>\n<li>\n<ul class=\"specPreview\">\n<li>Profundidad<\/li>\n<li>26 \u00ab<\/li>\n<\/ul>\n<\/li>\n<\/ul>\n<h3>[fvplayer id=\"9\"]<\/h3>\n<\/div>\n","protected":false},"featured_media":15101,"template":"","meta":{"_acf_changed":false,"inline_featured_image":false},"product_brand":[],"product_cat":[2952,1850],"product_tag":[],"class_list":{"0":"post-20034","1":"product","2":"type-product","3":"status-publish","4":"has-post-thumbnail","6":"product_cat-carro-movil-de-telemedicina-con-cajon","7":"product_cat-carros-medicos","8":"pa_model-mpc2c60_hr4_2f_h_kb_drw_sh_2c1-es","10":"first","11":"instock","12":"product-type-simple"},"acf":[],"_links":{"self":[{"href":"https:\/\/afcindustries.com\/es\/wp-json\/wp\/v2\/product\/20034","targetHints":{"allow":["GET"]}}],"collection":[{"href":"https:\/\/afcindustries.com\/es\/wp-json\/wp\/v2\/product"}],"about":[{"href":"https:\/\/afcindustries.com\/es\/wp-json\/wp\/v2\/types\/product"}],"wp:featuredmedia":[{"embeddable":true,"href":"https:\/\/afcindustries.com\/es\/wp-json\/wp\/v2\/media\/15101"}],"wp:attachment":[{"href":"https:\/\/afcindustries.com\/es\/wp-json\/wp\/v2\/media?parent=20034"}],"wp:term":[{"taxonomy":"product_brand","embeddable":true,"href":"https:\/\/afcindustries.com\/es\/wp-json\/wp\/v2\/product_brand?post=20034"},{"taxonomy":"product_cat","embeddable":true,"href":"https:\/\/afcindustries.com\/es\/wp-json\/wp\/v2\/product_cat?post=20034"},{"taxonomy":"product_tag","embeddable":true,"href":"https:\/\/afcindustries.com\/es\/wp-json\/wp\/v2\/product_tag?post=20034"}],"curies":[{"name":"wp","href":"https:\/\/api.w.org\/{rel}","templated":true}]}}