{"id":20031,"date":"2022-01-29T12:35:01","date_gmt":"2022-01-29T17:35:01","guid":{"rendered":"https:\/\/afcindustries.com\/product\/separadores-de-cubiculos-de-oficina-modernos-y-modulares\/"},"modified":"2024-11-30T11:25:10","modified_gmt":"2024-11-30T16:25:10","slug":"separadores-de-cubiculos-de-oficina-modernos-y-modulares","status":"publish","type":"product","link":"https:\/\/afcindustries.com\/es\/producto\/separadores-de-cubiculos-de-oficina-modernos-y-modulares\/","title":{"rendered":"Separadores de cub\u00edculos de oficina modernos y modulares"},"content":{"rendered":"<h2>Separadores de cub\u00edculos de oficina independientes<\/h2>\n<div id=\"color_choice\">\n<div id=\"ctl00_ContentPlaceHolder1_color1_pnlColor\" class=\"option-Style-Panel1\">\n<div class=\"color-container\">\n<div class=\"color-item\">\n<div id=\"FabricBlue\" class=\"color-item-big\"><img decoding=\"async\" src=\"https:\/\/afcindustries.com\/wp-content\/uploads\/2022\/01\/FabricBlue-1.jpg\" alt=\"TejidoAzul\" title=\"\"><\/div>\n<\/div>\n<\/div>\n<\/div>\n<\/div>\n<p>Construida con materiales que absorben el sonido, una estructura met\u00e1lica duradera y una base robusta, esta moderna pared divisoria de cub\u00edculos de oficina tiene un dise\u00f1o modular que facilita su instalaci\u00f3n y escalado. Hace que las divisiones perfectas de los cub\u00edculos de oficina sean m\u00e1s privadas y m\u00e1s f\u00e1ciles de reescalar y personalizar.<\/p>\n<p>Hay tama\u00f1os opcionales disponibles.<\/p>\n<div class=\"desksize\"><\/div>\n<h3 class=\"product-h3\"><span id=\"ctl00_ContentPlaceHolder1_lblImageBottom1\">Mesa de oficina con estructura met\u00e1lica Partici\u00f3n del cub\u00edculo<\/span><\/h3>\n<p><img decoding=\"async\" id=\"ctl00_ContentPlaceHolder1_imgDetailImageCall\" class=\"img-responsive\" style=\"border-width: 0px\" src=\"https:\/\/afcindustries.com\/wp-content\/uploads\/2022\/01\/771678-metal-frame-office-table-cubicle-partition.jpg\" alt=\"Mesa de oficina con estructura met\u00e1lica Partici\u00f3n del cub\u00edculo\" title=\"\"><\/p>\n<div id=\"ctl00_ContentPlaceHolder1_pnlImageContainer\"><\/div>\n<h3 class=\"product-h3\"><span id=\"ctl00_ContentPlaceHolder1_lblImageBottom2\">Mesa de oficina insonorizante Partici\u00f3n del cub\u00edculo<\/span><\/h3>\n<p><img decoding=\"async\" id=\"ctl00_ContentPlaceHolder1_imgDetailImageCall2\" class=\"img-responsive\" style=\"border-width: 0px\" src=\"https:\/\/afcindustries.com\/wp-content\/uploads\/2022\/01\/771678-sound-absorbing-office-table-cubicle-partition.jpg\" alt=\"Mesa de oficina insonorizante Partici\u00f3n del cub\u00edculo\" title=\"\"><\/p>\n<h3 class=\"product-h3\"><\/h3>\n","protected":false},"excerpt":{"rendered":"<h1 class=\"product-h3\"><span id=\"ctl00_ContentPlaceHolder1_lblH3\">Pared divisoria modular para cub\u00edculos de oficina<\/span><\/h1>\n<div class=\"col-md-6 col-sm-6 col-xs-12 detailList\">\n<p><b>Caracter\u00edsticas<\/b><\/p>\n<ul>\n<li>1\u00c2 grueso de fibra absorbente de sonido con reflector en un lado<\/li>\n<li>Armaz\u00f3n de acero laminado en fr\u00edo de calibre 11 con acabado en polvo epoxi<\/li>\n<li>Evita las interferencias de la luz<\/li>\n<li>Puede utilizarse como tabla de tachuelas<\/li>\n<li>Varios colores disponibles<\/li>\n<li>Base libre de 1\/4 de grosor<\/li>\n<\/ul>\n<p>&nbsp;<\/p>\n<p>&nbsp;<\/p>\n<\/div>\n<div class=\"col-md-6 col-sm-6 col-xs-12\">\n<p>&nbsp;<\/p>\n<ul>\n<li>\n<ul class=\"specPreview\">\n<li>Altura<\/li>\n<li>60 \u00ab- 72 \u00ab<\/li>\n<\/ul>\n<p>&nbsp;<\/li>\n<li>\n<ul class=\"specPreview\">\n<li>Anchura<\/li>\n<li>36 \u00ab,48 \u00ab, 60 \u00ab, 72 \u00ab<\/li>\n<\/ul>\n<p>&nbsp;<\/li>\n<\/ul>\n<\/div>\n","protected":false},"featured_media":15310,"template":"","meta":{"_acf_changed":false,"inline_featured_image":false},"product_brand":[],"product_cat":[1783,2938,1784],"product_tag":[],"class_list":{"0":"post-20031","1":"product","2":"type-product","3":"status-publish","4":"has-post-thumbnail","6":"product_cat-accesorios","7":"product_cat-separadores-de-cubiculos-de-oficina","8":"product_cat-todos-los-accesorios","9":"pa_model-part_fab_7272-es","11":"first","12":"instock","13":"product-type-simple"},"acf":[],"_links":{"self":[{"href":"https:\/\/afcindustries.com\/es\/wp-json\/wp\/v2\/product\/20031","targetHints":{"allow":["GET"]}}],"collection":[{"href":"https:\/\/afcindustries.com\/es\/wp-json\/wp\/v2\/product"}],"about":[{"href":"https:\/\/afcindustries.com\/es\/wp-json\/wp\/v2\/types\/product"}],"wp:featuredmedia":[{"embeddable":true,"href":"https:\/\/afcindustries.com\/es\/wp-json\/wp\/v2\/media\/15310"}],"wp:attachment":[{"href":"https:\/\/afcindustries.com\/es\/wp-json\/wp\/v2\/media?parent=20031"}],"wp:term":[{"taxonomy":"product_brand","embeddable":true,"href":"https:\/\/afcindustries.com\/es\/wp-json\/wp\/v2\/product_brand?post=20031"},{"taxonomy":"product_cat","embeddable":true,"href":"https:\/\/afcindustries.com\/es\/wp-json\/wp\/v2\/product_cat?post=20031"},{"taxonomy":"product_tag","embeddable":true,"href":"https:\/\/afcindustries.com\/es\/wp-json\/wp\/v2\/product_tag?post=20031"}],"curies":[{"name":"wp","href":"https:\/\/api.w.org\/{rel}","templated":true}]}}