{"id":20028,"date":"2022-01-29T12:34:52","date_gmt":"2022-01-29T17:34:52","guid":{"rendered":"https:\/\/afcindustries.com\/product\/bateria-power-bank-charging-pack-26756-mah\/"},"modified":"2024-11-30T11:25:10","modified_gmt":"2024-11-30T16:25:10","slug":"bateria-power-bank-charging-pack-26756-mah","status":"publish","type":"product","link":"https:\/\/afcindustries.com\/es\/producto\/bateria-power-bank-charging-pack-26756-mah\/","title":{"rendered":"Bater\u00eda Power Bank Charging Pack 26756 mAh"},"content":{"rendered":"<h2>Estaci\u00f3n de carga port\u00e1til 26756 mAh<\/h2>\n<p>Ofrece 99 vatios-hora de energ\u00eda de litio y la \u00faltima tecnolog\u00eda de carga r\u00e1pida en un dise\u00f1o compacto y ultraport\u00e1til. Este robusto banco de energ\u00eda de alta resistencia tiene una carga de 26757 mAh, lo que significa que es capaz de mantener su dispositivo cargado durante muchas horas o alimentar una carga r\u00e1pida cuando sea necesario.<\/p>\n<p>Incluso puedes cargar m\u00e1s de un dispositivo simult\u00e1neamente, con los puertos USB duales. Esto incluye un puerto USB tipo C de 45 vatios para una carga r\u00e1pida.<\/p>\n<p><b>Nota: El adaptador para el coche no est\u00e1 incluido.<\/b>&lt;p.&lt; span=\u00bb\u00bb&gt; &lt;\/p.&lt;&gt;<\/p>\n<div class=\"desksize\"><\/div>\n","protected":false},"excerpt":{"rendered":"<h1 class=\"product-h3\"><span id=\"ctl00_ContentPlaceHolder1_lblH3\">Estaci\u00f3n de carga port\u00e1til 26756 mAh<\/span><\/h1>\n<div class=\"col-md-6 col-sm-6 col-xs-12 detailList\">\n<ul>\n<li>Ench\u00fafalo a la pared. Se recarga completamente en 2 horas (AC).<\/li>\n<li>Se recarga con el adaptador de 12V del coche en unas 5 horas.<\/li>\n<li>Recarga desde el puerto USB-C de tu estaci\u00f3n de energ\u00eda.<\/li>\n<li>Cobrar\u00e1 cualquiera de los siguientes:<br \/>\nMacBook 12&#8243; 2 Recargas+, MacBook Air 13.3&#8243; 1.86-2 Recargas+, MacBook Pro 13.3&#8243; 1.5-2 Recargas+, MacBook Pro 15&#8243; 1 Recargas+, Linterna Led (10w) &#8211; 8.5Hrs+ de carga, CPAP(60w) 1.4+Hrs+ de carga.<\/li>\n<li>La carga r\u00e1pida Power Delivery te da m\u00e1s energ\u00eda en menos tiempo. Carga port\u00e1tiles, tel\u00e9fonos y tabletas USB-C con el puerto USB-C Power Delivery de 45 W<\/li>\n<\/ul>\n<p>&nbsp;<\/p>\n<p>&nbsp;<\/p>\n<\/div>\n<div class=\"col-md-6 col-sm-6 col-xs-12\">\n<p>&nbsp;<\/p>\n<\/div>\n","protected":false},"featured_media":15280,"template":"","meta":{"_acf_changed":false,"inline_featured_image":false},"product_brand":[],"product_cat":[1783,2929,1784],"product_tag":[],"class_list":{"0":"post-20028","1":"product","2":"type-product","3":"status-publish","4":"has-post-thumbnail","6":"product_cat-accesorios","7":"product_cat-pack-de-carga-de-la-bateria-power-bank","8":"product_cat-todos-los-accesorios","10":"first","11":"instock","12":"product-type-simple"},"acf":[],"_links":{"self":[{"href":"https:\/\/afcindustries.com\/es\/wp-json\/wp\/v2\/product\/20028","targetHints":{"allow":["GET"]}}],"collection":[{"href":"https:\/\/afcindustries.com\/es\/wp-json\/wp\/v2\/product"}],"about":[{"href":"https:\/\/afcindustries.com\/es\/wp-json\/wp\/v2\/types\/product"}],"wp:featuredmedia":[{"embeddable":true,"href":"https:\/\/afcindustries.com\/es\/wp-json\/wp\/v2\/media\/15280"}],"wp:attachment":[{"href":"https:\/\/afcindustries.com\/es\/wp-json\/wp\/v2\/media?parent=20028"}],"wp:term":[{"taxonomy":"product_brand","embeddable":true,"href":"https:\/\/afcindustries.com\/es\/wp-json\/wp\/v2\/product_brand?post=20028"},{"taxonomy":"product_cat","embeddable":true,"href":"https:\/\/afcindustries.com\/es\/wp-json\/wp\/v2\/product_cat?post=20028"},{"taxonomy":"product_tag","embeddable":true,"href":"https:\/\/afcindustries.com\/es\/wp-json\/wp\/v2\/product_tag?post=20028"}],"curies":[{"name":"wp","href":"https:\/\/api.w.org\/{rel}","templated":true}]}}