{"id":20025,"date":"2022-01-29T12:35:12","date_gmt":"2022-01-29T17:35:12","guid":{"rendered":"https:\/\/afcindustries.com\/product\/escritorios-de-pie-para-estaciones-de-trabajo-pacs-en-centros-de-radiologia\/"},"modified":"2024-11-30T11:24:52","modified_gmt":"2024-11-30T16:24:52","slug":"escritorios-de-pie-para-estaciones-de-trabajo-pacs-en-centros-de-radiologia","status":"publish","type":"product","link":"https:\/\/afcindustries.com\/es\/producto\/escritorios-de-pie-para-estaciones-de-trabajo-pacs-en-centros-de-radiologia\/","title":{"rendered":"Escritorios de pie para estaciones de trabajo PACS en centros de radiolog\u00eda"},"content":{"rendered":"<h2>Escritorios ergon\u00f3micos de pie para estaciones de trabajo PACS en centros de radiolog\u00eda<\/h2>\n<div class=\"desksize\"><\/div>\n<h3 class=\"product-h3\"><span id=\"ctl00_ContentPlaceHolder1_lblImageBottom1\">Escritorios de pie para estaci\u00f3n de trabajo PACS del centro de im\u00e1genes de radiolog\u00eda con bot\u00f3n<\/span><\/h3>\n<p><img decoding=\"async\" id=\"ctl00_ContentPlaceHolder1_imgDetailImageCall\" class=\"img-responsive\" style=\"border-width: 0px\" src=\"https:\/\/afcindustries.com\/wp-content\/uploads\/2022\/01\/772126-standing-desks-for-radiology-imaging-center-pacs-workstation-with-button.jpg\" alt=\"Escritorios de pie para estaci\u00f3n de trabajo PACS del centro de im\u00e1genes de radiolog\u00eda con bot\u00f3n\" title=\"\"><\/p>\n<div id=\"ctl00_ContentPlaceHolder1_pnlImageContainer\"><\/div>\n<h3 class=\"product-h3\"><span id=\"ctl00_ContentPlaceHolder1_lblImageBottom2\">Escritorios de pie para estaciones de trabajo PACS en centros de radiolog\u00eda<\/span><\/h3>\n<p><img decoding=\"async\" id=\"ctl00_ContentPlaceHolder1_imgDetailImageCall2\" class=\"img-responsive\" style=\"border-width: 0px\" src=\"https:\/\/afcindustries.com\/wp-content\/uploads\/2022\/01\/772126-standing-desks-for-radiology-imaging-center-pacs-workstation-spec.jpg\" alt=\"Escritorios de pie para estaciones de trabajo PACS en centros de radiolog\u00eda\" title=\"\"><\/p>\n<h3 class=\"product-h3\"><span id=\"ctl00_ContentPlaceHolder1_lblImageBottom3\">Caracter\u00edsticas<\/span><\/h3>\n<p><img decoding=\"async\" id=\"ctl00_ContentPlaceHolder1_imgDetailImageCall3\" class=\"img-responsive\" style=\"border-width: 0px\" src=\"https:\/\/afcindustries.com\/wp-content\/uploads\/2022\/01\/772126-standing-desks-for-radiology-imaging-center-pacs-workstation-accessory.jpg\" alt=\"Escritorios de pie para centro de im\u00e1genes radiol\u00f3gicas Accesorio para estaci\u00f3n de trabajo PACS\" title=\"\"><\/p>\n<p>&nbsp;<\/p>\n<ul>\n<li><strong>El mejor dise\u00f1o ergon\u00f3mico y c\u00f3modo:<\/strong> Dise\u00f1ado para la comodidad para reducir el estr\u00e9s y mantener la postura durante el trabajo.<\/li>\n<li><strong>Mantiene una buena salud:<\/strong> Elimina las lesiones por esfuerzo repetitivo (RSI), los dolores musculares, las molestias corporales, la tensi\u00f3n ocular y la fatiga. Aumenta la productividad y la circulaci\u00f3n sangu\u00ednea saludable.<\/li>\n<li><strong>F\u00e1cil de usar:<\/strong> f\u00e1cil de manejar sin necesidad de horas de formaci\u00f3n del usuario. Muy f\u00e1cil de configurar para adaptarse a las preferencias de cada usuario.<\/li>\n<li><strong>Iluminaci\u00f3n de escritorio preparada:<\/strong> Minimiza el cansancio ocular y la fatiga asociada y maximiza la precisi\u00f3n visual proporcionando una iluminaci\u00f3n adecuada.<\/li>\n<li><strong>Acceso a puertos de datos y tomas de corriente:<\/strong> Aumenta la productividad y la eficiencia gracias a la facilidad de acceso a los puertos de datos y las tomas de corriente.<\/li>\n<li><strong>Superficie de escritorio y bordes laminados de primera calidad:<\/strong> Las superficies de escritorio laminadas, los bordes lisos y las esquinas eliminan el riesgo de lesiones. Tambi\u00e9n mantiene el escritorio limpio y liso.<\/li>\n<li><strong>Colocaci\u00f3n correcta de la CPU del ordenador:<\/strong> La CPU del ordenador se encuentra fuera de peligro, lo que permite a los usuarios moverse libremente.<\/li>\n<li><strong>Gesti\u00f3n limpia de los cables:<\/strong> Los cables est\u00e1n ocultos de forma segura para eliminar el riesgo de accidentes que pueda causar a personas o equipos.<\/li>\n<li><strong>Construido seg\u00fan las especificaciones:<\/strong> Se puede especificar para acomodar las necesidades \u00fanicas y el entorno de trabajo de los usuarios individuales antes de la fabricaci\u00f3n.<\/li>\n<li><strong>Garantizado con la garant\u00eda del producto:<\/strong> Cubierto con la garant\u00eda de producto del fabricante que da seguridad a los compradores en caso de que el producto no cumpla con las expectativas.<\/li>\n<li><strong>Equipo de fabricaci\u00f3n de confianza:<\/strong> Nuestros dise\u00f1adores, ingenieros y fabricantes utilizan sus habilidades y talentos para ofrecerle el producto de mayor calidad que usted merece.<\/li>\n<li><strong>Asistencia en la planificaci\u00f3n del espacio de trabajo:<\/strong> Proporcionamos asistencia en la planificaci\u00f3n en la instalaci\u00f3n o renovaci\u00f3n de sus instalaciones de trabajo.<\/li>\n<li><strong>Ayuda para la instalaci\u00f3n:<\/strong> Proporcionamos asistencia exhaustiva en el despliegue de su mobiliario para el servicio.<\/li>\n<li><strong>Muebles de escritorio vers\u00e1tiles:<\/strong> Nuestros muebles son capaces de adaptarse a diferentes usos y entornos, por lo que son duraderos.<\/li>\n<\/ul>\n<p>AFC fabrica equipos de mobiliario de alta calidad que superan las expectativas est\u00e1ndar de practicidad, funcionalidad y ergonom\u00eda. Nuestros productos est\u00e1n garantizados con una garant\u00eda total del producto. Construimos productos que ofrecen a nuestros clientes la tranquilidad de obtener el m\u00e1ximo rendimiento de su inversi\u00f3n.<\/p>\n<p>P\u00f3ngase en contacto con nosotros para una consulta gratuita con nuestro amable y servicial especialista en mobiliario t\u00e9cnico ergon\u00f3mico.<\/p>\n","protected":false},"excerpt":{"rendered":"<h1 class=\"product-h3\"><span id=\"ctl00_ContentPlaceHolder1_lblH3\">Escritorios de pie ajustables para estaciones de trabajo PACS en centros de radiolog\u00eda<\/span><\/h1>\n<p>El escritorio de pie Whitestone cuenta con una amplia gama de valiosas funciones que incluyen ajustes electr\u00f3nicos de la altura y la inclinaci\u00f3n de la superficie de trabajo, retroiluminaci\u00f3n LED ambiental con ajuste de brillo, tabique ac\u00fastico a prueba de ruidos para bloquear los ruidos no deseados, sistema de gesti\u00f3n de cables, brazo de monitor con abrazadera, puertos de datos emergentes y ruedas de alta resistencia.<\/p>\n<p>Este mobiliario de estaci\u00f3n de lectura de radiolog\u00eda m\u00e9dica PACS cuenta con capacidades de ajuste electr\u00f3nico completas; est\u00e1 equipado con ajuste de altura de la superficie para posiciones de sentado o de pie con s\u00f3lo pulsar un bot\u00f3n, inclinaci\u00f3n de la superficie y ajuste de la longitud vertical y focal de los monitores.<\/p>\n<div class=\"col-md-6 col-sm-6 col-xs-12 detailList\">\n<ul>\n<li>Ajuste electr\u00f3nico de la altura e inclinaci\u00f3n de la superficie de trabajo.<\/li>\n<li>Ajuste electr\u00f3nico independiente de la altura de la plataforma del monitor y de la distancia focal (avance\/retroceso).<\/li>\n<li>Lectura digital de la altura de la superficie e interruptores para conservar hasta cuatro ajustes discretos.<\/li>\n<li>Brazo de monitor s\u00faper resistente que soporta monitores de hasta 50 libras.<\/li>\n<li>Tablero de part\u00edculas con acabado de laminado de alta presi\u00f3n a su elecci\u00f3n, con bordes de moldura.<\/li>\n<li>Retroiluminaci\u00f3n LED ambiental con regulador de intensidad. Ventilador de aire, controlado en el escritorio, para disipar el calor de los monitores y las CPU. Tabique ac\u00fastico que bloquea los ruidos molestos. Estantes inferiores divididos.<\/li>\n<li>Puertos de datos emergentes y un concentrador USB integrado en la superficie de trabajo.<\/li>\n<li>Ancho de la superficie de trabajo: 84&#8243;.<\/li>\n<li>Profundidad de la superficie de trabajo: 34&#8243;.<\/li>\n<li>Altura desde el suelo:\n<ul>\n<li>Superficie de trabajo: de 28&#8243; a 47&#8243;.<\/li>\n<li>Monitores de movimiento vertical &#8211; 19&#8243; de recorrido<\/li>\n<\/ul>\n<\/li>\n<\/ul>\n<p>&nbsp;<\/p>\n<ul>\n<li><a id=\"ctl00_ContentPlaceHolder1_hPDF\" href=\"https:\/\/afcindustries.com\/PDFS\/772126_WST8436PA_B_SE_0_3EFX_2C_0_SB_01.PDF\" target=\"_blank\" rel=\"noopener\"><img decoding=\"async\" id=\"ctl00_ContentPlaceHolder1_imgPDF\" style=\"border-width: 0px;\" src=\"https:\/\/afcindustries.com\/images\/pdf.gif\" border=\"0\" \/><span id=\"ctl00_ContentPlaceHolder1_lblPDFSKU\" class=\"pdf\">PDF 772126.pdf<\/span><\/a><\/li>\n<\/ul>\n<\/div>\n<div class=\"col-md-6 col-sm-6 col-xs-12\">\n<ul class=\"ulpdf\">\n<li><a id=\"ctl00_ContentPlaceHolder1_hPDF_instrcution\" href=\"https:\/\/afcindustries.com\/PDF_INSTRUCTION\/HEIGHT%20ADJUSTMENT%20CONTROL%20MANUAL.PDF\" target=\"_blank\" rel=\"noopener\"><img decoding=\"async\" id=\"ctl00_ContentPlaceHolder1_imgPDF_instrcution\" style=\"border-width: 0px;\" src=\"https:\/\/afcindustries.com\/images\/pdf-instruction.png\" border=\"0\" \/><span id=\"ctl00_ContentPlaceHolder1_lblPDF_instrcution\" class=\"pdf\">Manual de control de ajuste de altura<\/span><\/a><\/li>\n<\/ul>\n<p>&nbsp;<\/p>\n<ul class=\"ulpdf\">\n<li>Altura: de 28 \u00bb a 47 \u00ab.<\/li>\n<li>Anchura: 84&#8243;.<\/li>\n<li>Profundidad: 34&#8243;.<\/li>\n<\/ul>\n<ul>\n<li style=\"list-style-type: none;\"><\/li>\n<\/ul>\n<\/div>\n","protected":false},"featured_media":48471,"template":"","meta":{"_acf_changed":false,"inline_featured_image":false},"product_brand":[],"product_cat":[1788,2920,2131,2224],"product_tag":[],"class_list":{"0":"post-20025","1":"product","2":"type-product","3":"status-publish","4":"has-post-thumbnail","6":"product_cat-escritorios-de-pie","7":"product_cat-escritorios-de-pie-para-estaciones-de-trabajo-pacs-en-centros-de-radiologia","8":"product_cat-estacion-de-trabajo-de-la-oficina-de-radiologia","9":"product_cat-estacion-de-trabajo-whitestone","10":"pa_model-ws8434_b_w-o_ec-es","12":"first","13":"instock","14":"product-type-simple"},"acf":[],"_links":{"self":[{"href":"https:\/\/afcindustries.com\/es\/wp-json\/wp\/v2\/product\/20025","targetHints":{"allow":["GET"]}}],"collection":[{"href":"https:\/\/afcindustries.com\/es\/wp-json\/wp\/v2\/product"}],"about":[{"href":"https:\/\/afcindustries.com\/es\/wp-json\/wp\/v2\/types\/product"}],"wp:featuredmedia":[{"embeddable":true,"href":"https:\/\/afcindustries.com\/es\/wp-json\/wp\/v2\/media\/48471"}],"wp:attachment":[{"href":"https:\/\/afcindustries.com\/es\/wp-json\/wp\/v2\/media?parent=20025"}],"wp:term":[{"taxonomy":"product_brand","embeddable":true,"href":"https:\/\/afcindustries.com\/es\/wp-json\/wp\/v2\/product_brand?post=20025"},{"taxonomy":"product_cat","embeddable":true,"href":"https:\/\/afcindustries.com\/es\/wp-json\/wp\/v2\/product_cat?post=20025"},{"taxonomy":"product_tag","embeddable":true,"href":"https:\/\/afcindustries.com\/es\/wp-json\/wp\/v2\/product_tag?post=20025"}],"curies":[{"name":"wp","href":"https:\/\/api.w.org\/{rel}","templated":true}]}}