{"id":20022,"date":"2022-01-29T12:34:47","date_gmt":"2022-01-29T17:34:47","guid":{"rendered":"https:\/\/afcindustries.com\/product\/carro-de-ordenador-para-quiosco-de-hospital-sobre-guias\/"},"modified":"2024-11-30T11:24:52","modified_gmt":"2024-11-30T16:24:52","slug":"carro-de-ordenador-para-quiosco-de-hospital-sobre-guias","status":"publish","type":"product","link":"https:\/\/afcindustries.com\/es\/producto\/carro-de-ordenador-para-quiosco-de-hospital-sobre-guias\/","title":{"rendered":"Carro de ordenador para quiosco de hospital sobre gu\u00edas"},"content":{"rendered":"<h2>Carro de ordenador ergon\u00f3mico para quiosco m\u00e9dico con deslizamiento<\/h2>\n<div id=\"color_choice\">\n<div id=\"ctl00_ContentPlaceHolder1_color1_pnlColor\" class=\"option-Style-Panel1\">\n<div class=\"color-container\">\n<div class=\"color-item\">\n<div id=\"Cream\" class=\"color-item-big\"><img decoding=\"async\" src=\"https:\/\/afcindustries.com\/wp-content\/uploads\/2022\/01\/Cream-1.jpg\" alt=\"Crema\" title=\"\"><\/div>\n<\/div>\n<\/div>\n<\/div>\n<\/div>\n<p>Este carro de ordenador de quiosco sobre patines est\u00e1 fabricado con materiales de alta calidad. Tiene un brazo articulado para el monitor, un soporte para el tel\u00e9fono y un brazo ajustable para el tel\u00e9fono<\/p>\n<p>Este carro de ordenador de quiosco sobre patines est\u00e1 dise\u00f1ado para ofrecer funcionalidad, comodidad ergon\u00f3mica y estabilidad con su base atornillada. Sus caracter\u00edsticas de rigidez y resistencia no comprometen su moderno atractivo est\u00e9tico. Este aparato es muy adecuado en lugares p\u00fablicos como bibliotecas y quioscos en oficinas comerciales como bancos, salas de exposiciones y showrooms.<\/p>\n<ul>\n<li><strong>El mejor dise\u00f1o ergon\u00f3mico y confortable:<\/strong> Confort de trabajo que reduce el estr\u00e9s.<\/li>\n<li><strong>Mantiene una buena salud:<\/strong> Elimina las lesiones por esfuerzo repetitivo (RSI), los dolores musculares, las molestias corporales, la tensi\u00f3n ocular y la fatiga. Aumenta la productividad y la circulaci\u00f3n sangu\u00ednea saludable.<\/li>\n<li><strong>F\u00e1cil de usar:<\/strong> f\u00e1cil de manejar sin necesidad de horas de formaci\u00f3n del usuario. Muy f\u00e1cil de configurar para adaptarse a las preferencias de cada usuario.<\/li>\n<li><strong>Acceso a puertos de datos y tomas de corriente:<\/strong> Aumenta la productividad y la eficiencia gracias a la facilidad de acceso a los puertos de datos y las tomas de corriente.<\/li>\n<li><strong>Superficie y bordes laminados de primera calidad:<\/strong> Las superficies laminadas, los bordes lisos y las esquinas eliminan el riesgo de lesiones; tambi\u00e9n mantiene el equipo con un aspecto limpio.<\/li>\n<li><strong>Gesti\u00f3n limpia de los cables:<\/strong> Los cables est\u00e1n ocultos de forma segura para eliminar el riesgo de accidentes que pueda causar a personas o equipos.<\/li>\n<li><strong>Construido seg\u00fan las especificaciones:<\/strong> Se puede especificar para acomodar las necesidades \u00fanicas y el entorno de trabajo de los usuarios individuales antes de la fabricaci\u00f3n.<\/li>\n<li><strong>Garantizado con la garant\u00eda del producto:<\/strong> Cubierto con la garant\u00eda de producto del fabricante que da seguridad a los compradores en caso de que el producto no cumpla con las expectativas.<\/li>\n<li><strong>Equipo de fabricaci\u00f3n de confianza:<\/strong> Los dise\u00f1adores, ingenieros y fabricantes comprenden los deseos de los usuarios finales de los productos.<\/li>\n<li><strong>Asistencia en la planificaci\u00f3n del espacio de trabajo:<\/strong> Se le proporciona asistencia en la fase de planificaci\u00f3n o renovaci\u00f3n de sus instalaciones de trabajo.<\/li>\n<li><strong>Ayuda para la instalaci\u00f3n:<\/strong> Se le proporciona una asistencia exhaustiva en el despliegue del equipo para el servicio.<\/li>\n<li><strong>Carro de ordenador m\u00e9dico vers\u00e1til:<\/strong> capaz de adaptarse a diferentes usos y entornos.<\/li>\n<\/ul>\n<p>AFC fabrica equipos de mobiliario de alta calidad que superan las expectativas est\u00e1ndar de practicidad, funcionalidad y ergonom\u00eda. Nuestros productos est\u00e1n garantizados con una garant\u00eda total del producto. Construimos productos que ofrecen a nuestros clientes la tranquilidad de obtener el m\u00e1ximo rendimiento de su inversi\u00f3n.<\/p>\n<p>P\u00f3ngase en contacto con nosotros para una consulta gratuita con nuestro amable y servicial especialista en mobiliario t\u00e9cnico ergon\u00f3mico.<\/p>\n<div class=\"desksize\"><\/div>\n","protected":false},"excerpt":{"rendered":"<h1 class=\"product-h3\"><span id=\"ctl00_ContentPlaceHolder1_lblH3\">Carro de ordenador m\u00e9dico con ruedas<br \/>\n<\/span><\/h1>\n<div class=\"col-md-6 col-sm-6 col-xs-12 detailList\">\n<ul>\n<li>Ajuste electr\u00f3nico de la altura de la superficie de trabajo: 30 pulgadas a 46 pulgadas<\/li>\n<li>Forma de la superficie de trabajo de lujo con bordes con moldura de parachoques<\/li>\n<li>Brazo de sujeci\u00f3n de la serie Z para un monitor<\/li>\n<li>Brazo de tel\u00e9fono ajustable # TA002<\/li>\n<li>Base fija de montaje en el suelo<\/li>\n<\/ul>\n<p>&nbsp;<\/p>\n<p>&nbsp;<\/p>\n<\/div>\n<div class=\"col-md-6 col-sm-6 col-xs-12\">\n<ul class=\"ulpdf\">\n<li><a id=\"ctl00_ContentPlaceHolder1_hPDF\" href=\"https:\/\/afcindustries.com\/PDFS\/TC-16%20(1).PDF\" target=\"_blank\" rel=\"noopener\"><img decoding=\"async\" id=\"ctl00_ContentPlaceHolder1_imgPDF\" style=\"border-width: 0px;\" src=\"https:\/\/afcindustries.com\/images\/pdf.gif\" border=\"0\" \/><span id=\"ctl00_ContentPlaceHolder1_lblPDFSKU\" class=\"pdf\">PDF TC-16 (1).pdf<\/span><\/a><\/li>\n<\/ul>\n<ul>\n<li>\n<ul class=\"specPreview\">\n<li>Altura<\/li>\n<li>de 30&#8243; a 46&#8243;.<\/li>\n<\/ul>\n<p>&nbsp;<\/li>\n<li>\n<ul class=\"specPreview\">\n<li>Anchura<\/li>\n<li>36 \u00ab<\/li>\n<\/ul>\n<p>&nbsp;<\/li>\n<li>\n<ul class=\"specPreview\">\n<li>Profundidad<\/li>\n<li>24 \u00ab<\/li>\n<\/ul>\n<p>&nbsp;<\/li>\n<\/ul>\n<\/div>\n","protected":false},"featured_media":15225,"template":"","meta":{"_acf_changed":false,"inline_featured_image":false},"product_brand":[],"product_cat":[2914,1869,1866],"product_tag":[],"class_list":{"0":"post-20022","1":"product","2":"type-product","3":"status-publish","4":"has-post-thumbnail","6":"product_cat-carro-de-ordenador-de-quiosco-medico-sobre-guias","7":"product_cat-carros-oem","8":"product_cat-oem-es","9":"pa_model-tc-16-es","11":"first","12":"instock","13":"product-type-simple"},"acf":[],"_links":{"self":[{"href":"https:\/\/afcindustries.com\/es\/wp-json\/wp\/v2\/product\/20022","targetHints":{"allow":["GET"]}}],"collection":[{"href":"https:\/\/afcindustries.com\/es\/wp-json\/wp\/v2\/product"}],"about":[{"href":"https:\/\/afcindustries.com\/es\/wp-json\/wp\/v2\/types\/product"}],"wp:featuredmedia":[{"embeddable":true,"href":"https:\/\/afcindustries.com\/es\/wp-json\/wp\/v2\/media\/15225"}],"wp:attachment":[{"href":"https:\/\/afcindustries.com\/es\/wp-json\/wp\/v2\/media?parent=20022"}],"wp:term":[{"taxonomy":"product_brand","embeddable":true,"href":"https:\/\/afcindustries.com\/es\/wp-json\/wp\/v2\/product_brand?post=20022"},{"taxonomy":"product_cat","embeddable":true,"href":"https:\/\/afcindustries.com\/es\/wp-json\/wp\/v2\/product_cat?post=20022"},{"taxonomy":"product_tag","embeddable":true,"href":"https:\/\/afcindustries.com\/es\/wp-json\/wp\/v2\/product_tag?post=20022"}],"curies":[{"name":"wp","href":"https:\/\/api.w.org\/{rel}","templated":true}]}}