{"id":20013,"date":"2022-01-29T12:34:52","date_gmt":"2022-01-29T17:34:52","guid":{"rendered":"https:\/\/afcindustries.com\/product\/mejor-rueda-gemela-de-2-pulgadas\/"},"modified":"2024-11-30T11:24:14","modified_gmt":"2024-11-30T16:24:14","slug":"mejor-rueda-gemela-de-2-pulgadas","status":"publish","type":"product","link":"https:\/\/afcindustries.com\/es\/producto\/mejor-rueda-gemela-de-2-pulgadas\/","title":{"rendered":"Mejor rueda gemela de 2 pulgadas"},"content":{"rendered":"<h2>Ruedas de 2&#8243; para trabajos pesados<\/h2>\n<div id=\"color_choice\"><\/div>\n<p>Se trata de una rueda de pl\u00e1stico doble de 2 pulgadas de di\u00e1metro con v\u00e1stago roscado con freno<\/p>\n<div class=\"desksize\"><\/div>\n<h3 class=\"product-h3\"><span id=\"ctl00_ContentPlaceHolder1_lblImageBottom1\">Ruedas dobles con freno<\/span><\/h3>\n<p><img decoding=\"async\" id=\"ctl00_ContentPlaceHolder1_imgDetailImageCall\" class=\"img-responsive\" style=\"border-width: 0px\" src=\"https:\/\/afcindustries.com\/wp-content\/uploads\/2022\/01\/771262-twin-caster-with-brake.jpg\" alt=\"Ruedas dobles con freno\" title=\"\"><\/p>\n<div id=\"ctl00_ContentPlaceHolder1_pnlImageContainer\"><\/div>\n<h3 class=\"product-h3\"><\/h3>\n<h3 class=\"product-h3\"><\/h3>\n","protected":false},"excerpt":{"rendered":"<h1 class=\"product-h3\"><span id=\"ctl00_ContentPlaceHolder1_lblH3\">Ruedas universales de 2&#8243;.<\/span><\/h1>\n<div class=\"col-md-6 col-sm-6 col-xs-12 detailList\">\n<p>&#8211; Rueda doble de 2 di\u00e1metros con v\u00e1stago roscado \u00bd 13 con freno<\/p>\n<p><b>Capacidades de carga<\/b><br \/>\n&#8211; Est\u00e1tica: 500 libras cada una<br \/>\n&#8211; Din\u00e1mica: 200 libras cada uno<br \/>\n&nbsp;<\/p>\n<\/div>\n<div class=\"col-md-6 col-sm-6 col-xs-12\">\n<ul class=\"ulpdf\">\n<li><a id=\"ctl00_ContentPlaceHolder1_hPDF\" href=\"https:\/\/afcindustries.com\/PDFS\/CAS-2T.PDF\" target=\"_blank\" rel=\"noopener\"><img decoding=\"async\" id=\"ctl00_ContentPlaceHolder1_imgPDF\" style=\"border-width: 0px;\" src=\"https:\/\/afcindustries.com\/images\/pdf.gif\" border=\"0\" \/><span id=\"ctl00_ContentPlaceHolder1_lblPDFSKU\" class=\"pdf\">PDF CAS-2T.pdf<\/span><\/a><\/li>\n<\/ul>\n<\/div>\n","protected":false},"featured_media":15272,"template":"","meta":{"_acf_changed":false,"inline_featured_image":false},"product_brand":[],"product_cat":[1783,2871,1784],"product_tag":[],"class_list":{"0":"post-20013","1":"product","2":"type-product","3":"status-publish","4":"has-post-thumbnail","6":"product_cat-accesorios","7":"product_cat-ruedas-gemelas-de-2-pulgadas-de-diametro-con-freno","8":"product_cat-todos-los-accesorios","9":"pa_model-cas-2tb-es","11":"first","12":"instock","13":"product-type-simple"},"acf":[],"_links":{"self":[{"href":"https:\/\/afcindustries.com\/es\/wp-json\/wp\/v2\/product\/20013","targetHints":{"allow":["GET"]}}],"collection":[{"href":"https:\/\/afcindustries.com\/es\/wp-json\/wp\/v2\/product"}],"about":[{"href":"https:\/\/afcindustries.com\/es\/wp-json\/wp\/v2\/types\/product"}],"wp:featuredmedia":[{"embeddable":true,"href":"https:\/\/afcindustries.com\/es\/wp-json\/wp\/v2\/media\/15272"}],"wp:attachment":[{"href":"https:\/\/afcindustries.com\/es\/wp-json\/wp\/v2\/media?parent=20013"}],"wp:term":[{"taxonomy":"product_brand","embeddable":true,"href":"https:\/\/afcindustries.com\/es\/wp-json\/wp\/v2\/product_brand?post=20013"},{"taxonomy":"product_cat","embeddable":true,"href":"https:\/\/afcindustries.com\/es\/wp-json\/wp\/v2\/product_cat?post=20013"},{"taxonomy":"product_tag","embeddable":true,"href":"https:\/\/afcindustries.com\/es\/wp-json\/wp\/v2\/product_tag?post=20013"}],"curies":[{"name":"wp","href":"https:\/\/api.w.org\/{rel}","templated":true}]}}