{"id":20011,"date":"2022-01-29T12:34:24","date_gmt":"2022-01-29T17:34:24","guid":{"rendered":"https:\/\/afcindustries.com\/product\/carro-de-ordenador-medico-de-hospital-con-estante\/"},"modified":"2024-11-30T11:34:34","modified_gmt":"2024-11-30T16:34:34","slug":"carro-de-ordenador-medico-de-hospital-con-estante","status":"publish","type":"product","link":"https:\/\/afcindustries.com\/es\/producto\/carro-de-ordenador-medico-de-hospital-con-estante\/","title":{"rendered":"Carro de ordenador m\u00e9dico de hospital con estante"},"content":{"rendered":"<h2>Carro de ordenador m\u00e9dico ergon\u00f3mico<\/h2>\n<div id=\"color_choice\"><\/div>\n<p>Compacto y f\u00e1cil de desplazar, este carro de ordenador m\u00e9dico de primera calidad es el equipo perfecto para acceder a los datos sin esfuerzo en entornos de trabajo muy concurridos. Tiene un soporte para el monitor, un estante superior y un estante inferior inclinable, y cuatro ruedas giratorias con un juego frontal bloqueable.<\/p>\n<p>Los carros m\u00f3viles de AFC mejoran la productividad y la eficiencia en los entornos de trabajo m\u00e9dicos con sus caracter\u00edsticas vanguardistas, ergon\u00f3micas y de f\u00e1cil uso. Nuestros carros de ordenador son m\u00f3viles y est\u00e1n equipados con una serie de modernas funciones para ayudar a los profesionales sanitarios a acceder a los datos con la m\u00e1xima comodidad.<\/p>\n<p>AFC fabrica equipos de mobiliario de alta calidad que superan las expectativas est\u00e1ndar de practicidad, funcionalidad y ergonom\u00eda. Nuestros productos est\u00e1n garantizados con una garant\u00eda total del producto. Construimos productos que ofrecen a nuestros clientes la tranquilidad de obtener el m\u00e1ximo rendimiento de su inversi\u00f3n.<\/p>\n<p>P\u00f3ngase en contacto con nosotros para una consulta gratuita con nuestro amable y servicial especialista en mobiliario t\u00e9cnico ergon\u00f3mico.<\/p>\n<div class=\"desksize\"><\/div>\n","protected":false},"excerpt":{"rendered":"<h1 class=\"product-h3\"><span id=\"ctl00_ContentPlaceHolder1_lblH3\">Carro de ordenador m\u00f3vil con estante<\/span><\/h1>\n<div class=\"col-md-6 col-sm-6 col-xs-12 detailList\">\n<ul>\n<li>Soporte de monitor (AFCZ500-01) en un poste de 24 pulgadas<\/li>\n<li>Estante inferior basculante<\/li>\n<li>Sistema de gesti\u00f3n de cables integrado en el soporte del poste<\/li>\n<li>Cuatro ruedas giratorias con juego delantero bloqueable<\/li>\n<li>Dimensiones del estante superior: 34 pulgadas de ancho, 14 pulgadas de profundidad<\/li>\n<li>61 pulgadas de altura, 34 pulgadas de ancho, 26 pulgadas de profundidad<\/li>\n<\/ul>\n<p>&nbsp;<\/p>\n<p>&nbsp;<\/p>\n<\/div>\n<div class=\"col-md-6 col-sm-6 col-xs-12\">\n<ul class=\"ulpdf\">\n<li><a id=\"ctl00_ContentPlaceHolder1_hPDF\" href=\"https:\/\/afcindustries.com\/PDFS\/CSOR342642-222_REVA.PDF\" target=\"_blank\" rel=\"noopener\"><img decoding=\"async\" id=\"ctl00_ContentPlaceHolder1_imgPDF\" style=\"border-width: 0px;\" src=\"https:\/\/afcindustries.com\/images\/pdf.gif\" border=\"0\" \/><span id=\"ctl00_ContentPlaceHolder1_lblPDFSKU\" class=\"pdf\">PDF CSOR342642-222_REVA.pdf<\/span><\/a><\/li>\n<\/ul>\n<ul>\n<li>\n<ul class=\"specPreview\">\n<li>Altura<\/li>\n<li>30 \u00ab<\/li>\n<\/ul>\n<p>&nbsp;<\/li>\n<li>\n<ul class=\"specPreview\">\n<li>Anchura<\/li>\n<li>72 \u00ab<\/li>\n<\/ul>\n<p>&nbsp;<\/li>\n<li>\n<ul class=\"specPreview\">\n<li>Profundidad<\/li>\n<li>~37 \u00ab<\/li>\n<\/ul>\n<p>&nbsp;<\/li>\n<\/ul>\n<\/div>\n","protected":false},"featured_media":14904,"template":"","meta":{"_acf_changed":false,"inline_featured_image":false},"product_brand":[],"product_cat":[2870,1869,1866],"product_tag":[],"class_list":{"0":"post-20011","1":"product","2":"type-product","3":"status-publish","4":"has-post-thumbnail","6":"product_cat-carro-de-ordenador-medico-con-estante","7":"product_cat-carros-oem","8":"product_cat-oem-es","9":"pa_model-sc723030_b_cs_0_0_0_0_0_cab_01-es","11":"first","12":"instock","13":"product-type-simple"},"acf":[],"_links":{"self":[{"href":"https:\/\/afcindustries.com\/es\/wp-json\/wp\/v2\/product\/20011","targetHints":{"allow":["GET"]}}],"collection":[{"href":"https:\/\/afcindustries.com\/es\/wp-json\/wp\/v2\/product"}],"about":[{"href":"https:\/\/afcindustries.com\/es\/wp-json\/wp\/v2\/types\/product"}],"wp:featuredmedia":[{"embeddable":true,"href":"https:\/\/afcindustries.com\/es\/wp-json\/wp\/v2\/media\/14904"}],"wp:attachment":[{"href":"https:\/\/afcindustries.com\/es\/wp-json\/wp\/v2\/media?parent=20011"}],"wp:term":[{"taxonomy":"product_brand","embeddable":true,"href":"https:\/\/afcindustries.com\/es\/wp-json\/wp\/v2\/product_brand?post=20011"},{"taxonomy":"product_cat","embeddable":true,"href":"https:\/\/afcindustries.com\/es\/wp-json\/wp\/v2\/product_cat?post=20011"},{"taxonomy":"product_tag","embeddable":true,"href":"https:\/\/afcindustries.com\/es\/wp-json\/wp\/v2\/product_tag?post=20011"}],"curies":[{"name":"wp","href":"https:\/\/api.w.org\/{rel}","templated":true}]}}