{"id":20009,"date":"2022-01-29T12:34:07","date_gmt":"2022-01-29T17:34:07","guid":{"rendered":"https:\/\/afcindustries.com\/product\/soporte-de-portatil-para-cintas-de-correr\/"},"modified":"2024-11-30T11:34:34","modified_gmt":"2024-11-30T16:34:34","slug":"soporte-de-portatil-para-cintas-de-correr","status":"publish","type":"product","link":"https:\/\/afcindustries.com\/es\/producto\/soporte-de-portatil-para-cintas-de-correr\/","title":{"rendered":"Soporte de port\u00e1til para cintas de correr"},"content":{"rendered":"<h2>Soporte para ordenador port\u00e1til en cinta de correr<\/h2>\n<div id=\"color_choice\">\n<div id=\"ctl00_ContentPlaceHolder1_color1_pnlColor\" class=\"option-Style-Panel1\">\n<div class=\"color-container\">\n<div class=\"color-item\">\n<p>&nbsp;<\/p>\n<div id=\"Gray\" class=\"color-item-big\"><img decoding=\"async\" src=\"https:\/\/afcindustries.com\/wp-content\/uploads\/2022\/01\/Gray-1.jpg\" alt=\"Gris\" title=\"\"><\/div>\n<\/div>\n<\/div>\n<\/div>\n<\/div>\n<p>Haga que el trabajo sea m\u00e1s divertido y proactivo con este soporte para ordenador port\u00e1til en cinta rodante que viene con dos bandejas de soporte para ordenador port\u00e1til, brazos de bandeja ajustables, dos postes independientes y una base de suelo de pie.<\/p>\n<p>No vuelva a perderse los deberes importantes de la oficina, las citas, los correos electr\u00f3nicos y otras tareas mientras suda en este innovador equipo con bandejas dobles para port\u00e1tiles que se pueden ajustar en altura sobre soportes independientes.<\/p>\n<div class=\"desksize\"><\/div>\n","protected":false},"excerpt":{"rendered":"<h1 class=\"product-h3\"><span id=\"ctl00_ContentPlaceHolder1_lblH3\">Soporte doble para ordenadores port\u00e1tiles para la cinta de correr<\/span><\/h1>\n<div class=\"col-md-6 col-sm-6 col-xs-12 detailList\">\n<ul>\n<li>Soporte de accesorios para cintas de correr con dos soportes para ordenadores port\u00e1tiles.<\/li>\n<li>Perfecto para las personas que quieren trabajar y mantenerse en forma al mismo tiempo.<\/li>\n<li>Debe verificarse el tama\u00f1o de la anchura de la cinta de correr si se ajusta al accesorio de soporte de la cinta.<\/li>\n<li>Tenga en cuenta que AFC industries s\u00f3lo vende el soporte de accesorios de la cinta de correr y no la propia cinta.<\/li>\n<\/ul>\n<p>&nbsp;<\/p>\n<p>&nbsp;<\/p>\n<\/div>\n<div class=\"col-md-6 col-sm-6 col-xs-12\">\n<p>&nbsp;<\/p>\n<\/div>\n","protected":false},"featured_media":14775,"template":"","meta":{"_acf_changed":false,"inline_featured_image":false},"product_brand":[],"product_cat":[1814,2859,2861],"product_tag":[],"class_list":{"0":"post-20009","1":"product","2":"type-product","3":"status-publish","4":"has-post-thumbnail","6":"product_cat-productos-personalizados","7":"product_cat-soluciones-de-escritorios-con-cinta-de-correr","8":"product_cat-soporte-para-ordenador-portatil-en-cinta-de-correr","10":"first","11":"instock","12":"product-type-simple"},"acf":[],"_links":{"self":[{"href":"https:\/\/afcindustries.com\/es\/wp-json\/wp\/v2\/product\/20009","targetHints":{"allow":["GET"]}}],"collection":[{"href":"https:\/\/afcindustries.com\/es\/wp-json\/wp\/v2\/product"}],"about":[{"href":"https:\/\/afcindustries.com\/es\/wp-json\/wp\/v2\/types\/product"}],"wp:featuredmedia":[{"embeddable":true,"href":"https:\/\/afcindustries.com\/es\/wp-json\/wp\/v2\/media\/14775"}],"wp:attachment":[{"href":"https:\/\/afcindustries.com\/es\/wp-json\/wp\/v2\/media?parent=20009"}],"wp:term":[{"taxonomy":"product_brand","embeddable":true,"href":"https:\/\/afcindustries.com\/es\/wp-json\/wp\/v2\/product_brand?post=20009"},{"taxonomy":"product_cat","embeddable":true,"href":"https:\/\/afcindustries.com\/es\/wp-json\/wp\/v2\/product_cat?post=20009"},{"taxonomy":"product_tag","embeddable":true,"href":"https:\/\/afcindustries.com\/es\/wp-json\/wp\/v2\/product_tag?post=20009"}],"curies":[{"name":"wp","href":"https:\/\/api.w.org\/{rel}","templated":true}]}}