{"id":20008,"date":"2022-01-29T12:34:43","date_gmt":"2022-01-29T17:34:43","guid":{"rendered":"https:\/\/afcindustries.com\/product\/carcasa-de-cpu-para-ordenador-de-sobremesa\/"},"modified":"2024-11-30T11:24:14","modified_gmt":"2024-11-30T16:24:14","slug":"carcasa-de-cpu-para-ordenador-de-sobremesa","status":"publish","type":"product","link":"https:\/\/afcindustries.com\/es\/producto\/carcasa-de-cpu-para-ordenador-de-sobremesa\/","title":{"rendered":"Carcasa de CPU para ordenador de sobremesa"},"content":{"rendered":"<h1>Soporte de CPU para ordenador de sobremesa<\/h1>\n<div id=\"color_choice\"><\/div>\n<p>Esta caja para CPU de ordenador de montaje en escritorio proteger\u00e1 su ordenador y crear\u00e1 un espacio de trabajo de escritorio m\u00e1s propicio y organizado. Elimina los riesgos de da\u00f1os accidentales a la CPU por derrames y golpes, ya que sujeta de forma segura la CPU del ordenador. Esta caja para CPU de montaje en escritorio tambi\u00e9n permite a los usuarios tener un f\u00e1cil alcance a la CPU para que puedan acceder a ella sin tener que arrodillarse y agacharse en el suelo.<\/p>\n<p>Un soporte para CPU de ordenador de montaje en escritorio con un dise\u00f1o minimalista que es f\u00e1cil de instalar en las paredes laterales del escritorio. Creado con la simplicidad en mente que hace que sea tanto agradable a la vista como una pieza de equipo que ofrece una funcionalidad ideal.<\/p>\n<p><strong>Dise\u00f1o robusto:<\/strong> Equipo duradero dise\u00f1ado y construido para durar<\/p>\n<p><strong>F\u00e1cil de usar:<\/strong> Muy f\u00e1cil de configurar para adaptarse a las distintas preferencias de los usuarios.<\/p>\n<p><strong>Gesti\u00f3n limpia de los cables:<\/strong> Los cables est\u00e1n ocultos de forma segura para eliminar el riesgo de accidentes que pueda causar a personas o equipos.<\/p>\n<p><strong>Construido seg\u00fan las especificaciones:<\/strong> Se puede especificar para acomodar las necesidades \u00fanicas y el entorno de trabajo de los usuarios individuales antes de la fabricaci\u00f3n.<\/p>\n<p><strong>Garantizado con la garant\u00eda del producto:<\/strong> Cubierto con la garant\u00eda de producto del fabricante que da seguridad a los compradores en caso de que el producto no cumpla con las expectativas.<\/p>\n<p><strong>Equipo de fabricaci\u00f3n de confianza:<\/strong> Nuestros dise\u00f1adores, ingenieros y fabricantes utilizan sus habilidades y talentos para ofrecerle el producto de mayor calidad que usted merece.<\/p>\n<p><strong>Asistencia en la planificaci\u00f3n del espacio de trabajo:<\/strong> Proporcionamos asistencia en la planificaci\u00f3n en la instalaci\u00f3n o renovaci\u00f3n de sus instalaciones de trabajo.<\/p>\n<p><strong>Ayuda para la instalaci\u00f3n:<\/strong> Proporcionamos asistencia exhaustiva en el despliegue de su mobiliario para el servicio.<\/p>\n<p><strong>Equipos vers\u00e1tiles:<\/strong> Nuestros equipos son capaces de adaptarse a diferentes usos y entornos, por lo que son duraderos.<\/p>\n<p>AFC fabrica equipos de mobiliario de alta calidad que superan las expectativas est\u00e1ndar de practicidad, funcionalidad y ergonom\u00eda. Nuestros productos est\u00e1n garantizados con una garant\u00eda total del producto. Construimos productos que ofrecen a nuestros clientes la tranquilidad de obtener el m\u00e1ximo rendimiento de su inversi\u00f3n.<\/p>\n<p>P\u00f3ngase en contacto con nosotros para una consulta gratuita con nuestro amable y servicial especialista en mobiliario t\u00e9cnico ergon\u00f3mico.<\/p>\n<div class=\"desksize\"><\/div>\n","protected":false},"excerpt":{"rendered":"<h1 class=\"product-h3\"><span id=\"ctl00_ContentPlaceHolder1_lblH3\">Caja para CPU de montaje en escritorio<\/span><\/h1>\n","protected":false},"featured_media":15174,"template":"","meta":{"_acf_changed":false,"inline_featured_image":false},"product_brand":[],"product_cat":[1783,2863,1784],"product_tag":[],"class_list":{"0":"post-20008","1":"product","2":"type-product","3":"status-publish","4":"has-post-thumbnail","6":"product_cat-accesorios","7":"product_cat-carcasa-de-cpu-para-ordenador-de-sobremesa","8":"product_cat-todos-los-accesorios","10":"first","11":"instock","12":"product-type-simple"},"acf":[],"_links":{"self":[{"href":"https:\/\/afcindustries.com\/es\/wp-json\/wp\/v2\/product\/20008","targetHints":{"allow":["GET"]}}],"collection":[{"href":"https:\/\/afcindustries.com\/es\/wp-json\/wp\/v2\/product"}],"about":[{"href":"https:\/\/afcindustries.com\/es\/wp-json\/wp\/v2\/types\/product"}],"wp:featuredmedia":[{"embeddable":true,"href":"https:\/\/afcindustries.com\/es\/wp-json\/wp\/v2\/media\/15174"}],"wp:attachment":[{"href":"https:\/\/afcindustries.com\/es\/wp-json\/wp\/v2\/media?parent=20008"}],"wp:term":[{"taxonomy":"product_brand","embeddable":true,"href":"https:\/\/afcindustries.com\/es\/wp-json\/wp\/v2\/product_brand?post=20008"},{"taxonomy":"product_cat","embeddable":true,"href":"https:\/\/afcindustries.com\/es\/wp-json\/wp\/v2\/product_cat?post=20008"},{"taxonomy":"product_tag","embeddable":true,"href":"https:\/\/afcindustries.com\/es\/wp-json\/wp\/v2\/product_tag?post=20008"}],"curies":[{"name":"wp","href":"https:\/\/api.w.org\/{rel}","templated":true}]}}