{"id":20002,"date":"2022-01-29T12:31:02","date_gmt":"2022-01-29T17:31:02","guid":{"rendered":"https:\/\/afcindustries.com\/product\/cesta-medica-de-alambre-sobre-carril-horizontal-deslizante-para-montaje-en-pared\/"},"modified":"2024-11-30T11:49:34","modified_gmt":"2024-11-30T16:49:34","slug":"cesta-medica-de-alambre-sobre-carril-horizontal-deslizante-para-montaje-en-pared","status":"publish","type":"product","link":"https:\/\/afcindustries.com\/es\/producto\/cesta-medica-de-alambre-sobre-carril-horizontal-deslizante-para-montaje-en-pared\/","title":{"rendered":"Cesta m\u00e9dica de alambre sobre carril horizontal deslizante para montaje en pared"},"content":{"rendered":"<h2>Cesta de alambre en sistemas de rieles horizontales montados en la pared<\/h2>\n<div id=\"color_choice\"><\/div>\n<p>Resistente cesta de alambre met\u00e1lico dise\u00f1ada para fijarse f\u00e1cilmente a un sistema de rieles horizontales montados en la pared. Esta cesta puede deslizarse f\u00e1cilmente de izquierda a derecha y puede colocarse de forma que siempre est\u00e9 al alcance de la mano. El riel horizontal est\u00e1 disponible en diferentes longitudes y est\u00e1 hecho de metal que durar\u00e1 mucho tiempo con un mantenimiento m\u00ednimo.<\/p>\n<div class=\"desksize\"><\/div>\n","protected":false},"excerpt":{"rendered":"<h1 class=\"product-h3\"><span id=\"ctl00_ContentPlaceHolder1_lblH3\">La cesta de alambre viene con un accesorio de montaje en la pared para el sistema de rieles horizontales<\/span><\/h1>\n<div class=\"col-md-6 col-sm-6 col-xs-12 detailList\">\n<p>Disponible en tres longitudes de carril diferentes:<\/p>\n<ul>\n<li>12: pista met\u00e1lica, color negro o blanco<\/li>\n<li>Carril met\u00e1lico de 18&#8243;, color negro o blanco<\/li>\n<li>Carril met\u00e1lico de 24&#8243;, color negro o blanco<\/li>\n<\/ul>\n<p>La longitud de la cesta es de 12&#8243; de ancho x 5&#8243; de profundidad<\/p>\n<p>&nbsp;<\/p>\n<\/div>\n<div class=\"col-md-6 col-sm-6 col-xs-12\">\n<ul class=\"ulpdf\">\n<li><a id=\"ctl00_ContentPlaceHolder1_hPDF\" href=\"https:\/\/afcindustries.com\/PDFS\/SW12_1WB_01.PDF\" target=\"_blank\" rel=\"noopener\"><img decoding=\"async\" id=\"ctl00_ContentPlaceHolder1_imgPDF\" style=\"border-width: 0px;\" src=\"https:\/\/afcindustries.com\/images\/pdf.gif\" border=\"0\" \/><span id=\"ctl00_ContentPlaceHolder1_lblPDFSKU\" class=\"pdf\">PDF SW12_1WB_01.pdf<\/span><\/a><\/li>\n<\/ul>\n<\/div>\n","protected":false},"featured_media":14145,"template":"","meta":{"_acf_changed":false,"inline_featured_image":false},"product_brand":[],"product_cat":[1783,2845,1784],"product_tag":[],"class_list":{"0":"post-20002","1":"product","2":"type-product","3":"status-publish","4":"has-post-thumbnail","6":"product_cat-accesorios","7":"product_cat-cesta-medica-de-alambre-sobre-carril-horizontal-deslizante-para-montaje-en-pared","8":"product_cat-todos-los-accesorios","10":"first","11":"instock","12":"product-type-simple"},"acf":[],"_links":{"self":[{"href":"https:\/\/afcindustries.com\/es\/wp-json\/wp\/v2\/product\/20002","targetHints":{"allow":["GET"]}}],"collection":[{"href":"https:\/\/afcindustries.com\/es\/wp-json\/wp\/v2\/product"}],"about":[{"href":"https:\/\/afcindustries.com\/es\/wp-json\/wp\/v2\/types\/product"}],"wp:featuredmedia":[{"embeddable":true,"href":"https:\/\/afcindustries.com\/es\/wp-json\/wp\/v2\/media\/14145"}],"wp:attachment":[{"href":"https:\/\/afcindustries.com\/es\/wp-json\/wp\/v2\/media?parent=20002"}],"wp:term":[{"taxonomy":"product_brand","embeddable":true,"href":"https:\/\/afcindustries.com\/es\/wp-json\/wp\/v2\/product_brand?post=20002"},{"taxonomy":"product_cat","embeddable":true,"href":"https:\/\/afcindustries.com\/es\/wp-json\/wp\/v2\/product_cat?post=20002"},{"taxonomy":"product_tag","embeddable":true,"href":"https:\/\/afcindustries.com\/es\/wp-json\/wp\/v2\/product_tag?post=20002"}],"curies":[{"name":"wp","href":"https:\/\/api.w.org\/{rel}","templated":true}]}}