{"id":19999,"date":"2022-01-29T12:33:56","date_gmt":"2022-01-29T17:33:56","guid":{"rendered":"https:\/\/afcindustries.com\/product\/reposapies-ergonomico-ajustable\/"},"modified":"2024-11-30T11:34:02","modified_gmt":"2024-11-30T16:34:02","slug":"reposapies-ergonomico-ajustable","status":"publish","type":"product","link":"https:\/\/afcindustries.com\/es\/producto\/reposapies-ergonomico-ajustable\/","title":{"rendered":"Reposapi\u00e9s ergon\u00f3mico ajustable"},"content":{"rendered":"<h2>Elegante reposapi\u00e9s ajustable<\/h2>\n<div id=\"color_choice\"><\/div>\n<p>Un reposapi\u00e9s ergon\u00f3mico ajustable que ayuda a los usuarios a mantener una buena postura al sentarse, lo que les ayuda a tener una buena circulaci\u00f3n sangu\u00ednea durante las largas horas de trabajo. Los ajustes de altura se hacen f\u00e1cilmente con las caracter\u00edsticas de inclinaci\u00f3n completa. Gran superficie antideslizante para los pies. Alivia las molestias musculares de los pies por estar sentados durante largos periodos de tiempo.<\/p>\n<p>AFC fabrica equipos de mobiliario de alta calidad que superan las expectativas est\u00e1ndar de practicidad, funcionalidad y ergonom\u00eda. Nuestros productos est\u00e1n garantizados con una garant\u00eda total del producto. Construimos productos que ofrecen a nuestros clientes la tranquilidad de obtener el m\u00e1ximo rendimiento de su inversi\u00f3n.<\/p>\n<p>P\u00f3ngase en contacto con nosotros para una consulta gratuita con nuestro amable y servicial especialista en mobiliario t\u00e9cnico ergon\u00f3mico.<\/p>\n<div class=\"desksize\"><\/div>\n","protected":false},"excerpt":{"rendered":"<h1 class=\"product-h3\"><span id=\"ctl00_ContentPlaceHolder1_lblH3\">Reposapi\u00e9s regulable e inclinable Caracter\u00edsticas<\/span><\/h1>\n<div class=\"col-md-6 col-sm-6 col-xs-12 detailList\">\n<ul>\n<li>Reposapi\u00e9s ergon\u00f3mico para el ordenador<\/li>\n<li>Ajuste de la altura y funciones de inclinaci\u00f3n completa<\/li>\n<li>Superficie de los pies antideslizante y no resbaladiza<\/li>\n<li>Elevaci\u00f3n de las piernas para mejorar la postura<\/li>\n<li>Proporciona m\u00e1s comodidad para una posici\u00f3n sentada prolongada<\/li>\n<li>Dise\u00f1o que ahorra espacio para entornos de oficina reducidos<\/li>\n<li>Dise\u00f1o ergon\u00f3mico con flexibilidad y durabilidad<\/li>\n<\/ul>\n<p>&nbsp;<\/p>\n<p>&nbsp;<\/p>\n<\/div>\n<div class=\"col-md-6 col-sm-6 col-xs-12\">\n<ul class=\"ulpdf\">\n<li><a id=\"ctl00_ContentPlaceHolder1_hPDF\" href=\"https:\/\/afcindustries.com\/PDFS\/772415_PDF.PDF\" target=\"_blank\" rel=\"noopener\"><img decoding=\"async\" id=\"ctl00_ContentPlaceHolder1_imgPDF\" style=\"border-width: 0px;\" src=\"https:\/\/afcindustries.com\/images\/pdf.gif\" border=\"0\" \/><span id=\"ctl00_ContentPlaceHolder1_lblPDFSKU\" class=\"pdf\">PDF 772415_pdf.PDF<\/span><\/a><\/li>\n<\/ul>\n<ul>\n<li>\n<ul class=\"specPreview\">\n<li>Altura<\/li>\n<li>&#8211; 6 pulgadas<\/li>\n<\/ul>\n<p>&nbsp;<\/li>\n<li>\n<ul class=\"specPreview\">\n<li>Anchura<\/li>\n<li>&#8211; 20,5 pulgadas<\/li>\n<\/ul>\n<p>&nbsp;<\/li>\n<li>\n<ul class=\"specPreview\">\n<li>Profundidad<\/li>\n<li>&#8211; 12 pulgadas<\/li>\n<\/ul>\n<p>&nbsp;<\/li>\n<\/ul>\n<\/div>\n","protected":false},"featured_media":14544,"template":"","meta":{"_acf_changed":false,"inline_featured_image":false},"product_brand":[],"product_cat":[1783,2833],"product_tag":[],"class_list":{"0":"post-19999","1":"product","2":"type-product","3":"status-publish","4":"has-post-thumbnail","6":"product_cat-accesorios","7":"product_cat-reposapies-ajustable","8":"pa_model-fr002-es","10":"first","11":"instock","12":"product-type-simple"},"acf":[],"_links":{"self":[{"href":"https:\/\/afcindustries.com\/es\/wp-json\/wp\/v2\/product\/19999","targetHints":{"allow":["GET"]}}],"collection":[{"href":"https:\/\/afcindustries.com\/es\/wp-json\/wp\/v2\/product"}],"about":[{"href":"https:\/\/afcindustries.com\/es\/wp-json\/wp\/v2\/types\/product"}],"wp:featuredmedia":[{"embeddable":true,"href":"https:\/\/afcindustries.com\/es\/wp-json\/wp\/v2\/media\/14544"}],"wp:attachment":[{"href":"https:\/\/afcindustries.com\/es\/wp-json\/wp\/v2\/media?parent=19999"}],"wp:term":[{"taxonomy":"product_brand","embeddable":true,"href":"https:\/\/afcindustries.com\/es\/wp-json\/wp\/v2\/product_brand?post=19999"},{"taxonomy":"product_cat","embeddable":true,"href":"https:\/\/afcindustries.com\/es\/wp-json\/wp\/v2\/product_cat?post=19999"},{"taxonomy":"product_tag","embeddable":true,"href":"https:\/\/afcindustries.com\/es\/wp-json\/wp\/v2\/product_tag?post=19999"}],"curies":[{"name":"wp","href":"https:\/\/api.w.org\/{rel}","templated":true}]}}