{"id":19989,"date":"2022-01-29T12:33:56","date_gmt":"2022-01-29T17:33:56","guid":{"rendered":"https:\/\/afcindustries.com\/product\/soporte-para-monitor-de-ordenador-de-pantalla-plana\/"},"modified":"2024-11-30T11:33:47","modified_gmt":"2024-11-30T16:33:47","slug":"soporte-para-monitor-de-ordenador-de-pantalla-plana","status":"publish","type":"product","link":"https:\/\/afcindustries.com\/es\/producto\/soporte-para-monitor-de-ordenador-de-pantalla-plana\/","title":{"rendered":"Soporte para monitor de ordenador de pantalla plana"},"content":{"rendered":"<h2>Soporte ajustable para monitor de ordenador de pantalla plana<\/h2>\n<div id=\"color_choice\">\n<div id=\"ctl00_ContentPlaceHolder1_color1_pnlColor\" class=\"option-Style-Panel1\">\n<div class=\"color-container\">\n<div class=\"color-item\">\n<p>&nbsp;<\/p>\n<div id=\"Black\" class=\"color-item-big\"><img decoding=\"async\" src=\"https:\/\/afcindustries.com\/wp-content\/uploads\/2022\/01\/Black-1.jpg\" alt=\"Negro\" title=\"\"><\/div>\n<\/div>\n<\/div>\n<\/div>\n<\/div>\n<p>Es un soporte para monitor de ordenador de pantalla plana con brazo articulado, montaje compatible con el est\u00e1ndar VESA y una elegante base de apoyo. Todos los materiales utilizados son de primera calidad para garantizar una mayor vida \u00fatil.<\/p>\n<p>El soporte de pantalla plana ofrece a sus usuarios el \u00e1ngulo de visi\u00f3n perfecto de los monitores de pantalla plana gracias a su mecanismo de f\u00e1cil ajuste. Tambi\u00e9n es muy pr\u00e1ctico para transportar y colocarse en cualquier superficie plana.<\/p>\n<p><strong>El mejor dise\u00f1o ergon\u00f3mico y c\u00f3modo:<\/strong> Dise\u00f1ado para la comodidad para reducir el estr\u00e9s y mantener la postura durante el trabajo.<\/p>\n<p><strong>Soluci\u00f3n de montaje firme:<\/strong>nuestros muebles pueden sujetarse firmemente a las paredes, suelos o techos y pueden soportar el peso adicional de su equipo.<\/p>\n<p><strong>F\u00e1cil de usar:<\/strong> f\u00e1cil de manejar sin necesidad de horas de formaci\u00f3n del usuario. Muy f\u00e1cil de configurar para adaptarse a las preferencias de cada usuario.<\/p>\n<p><strong>Colocaci\u00f3n correcta de la CPU del ordenador:<\/strong> La CPU del ordenador se encuentra fuera de peligro, lo que permite a los usuarios moverse libremente.<\/p>\n<p><strong>Construido seg\u00fan las especificaciones:<\/strong> Se puede especificar para acomodar las necesidades \u00fanicas y el entorno de trabajo de los usuarios individuales antes de la fabricaci\u00f3n.<\/p>\n<p><strong>Garantizado con la garant\u00eda del producto:<\/strong> Cubierto con la garant\u00eda de producto del fabricante que da seguridad a los compradores en caso de que el producto no cumpla con las expectativas.<\/p>\n<p><strong>Equipo de fabricaci\u00f3n de confianza:<\/strong> Nuestros dise\u00f1adores, ingenieros y fabricantes utilizan sus habilidades y talentos para ofrecerle el producto de mayor calidad que usted merece.<\/p>\n<p><strong>Asistencia en la planificaci\u00f3n del espacio de trabajo:<\/strong> Proporcionamos asistencia en la planificaci\u00f3n en la instalaci\u00f3n o renovaci\u00f3n de sus instalaciones de trabajo.<\/p>\n<p><strong>Ayuda para la instalaci\u00f3n:<\/strong> Proporcionamos asistencia exhaustiva en el despliegue de su mobiliario para el servicio.<\/p>\n<p>AFC fabrica equipos de mobiliario de alta calidad que superan las expectativas est\u00e1ndar de practicidad, funcionalidad y ergonom\u00eda. Nuestros productos est\u00e1n garantizados con una garant\u00eda total del producto. Construimos productos que ofrecen a nuestros clientes la tranquilidad de obtener el m\u00e1ximo rendimiento de su inversi\u00f3n.<\/p>\n<p>P\u00f3ngase en contacto con nosotros para una consulta gratuita con nuestro amable y servicial especialista en equipamiento t\u00e9cnico de mobiliario ergon\u00f3mico.<\/p>\n<div class=\"desksize\"><\/div>\n<h3 class=\"product-h3\"><span id=\"ctl00_ContentPlaceHolder1_lblImageBottom1\">Especificaciones del brazo pivotante para monitor de sobremesa<\/span><\/h3>\n<p><img decoding=\"async\" id=\"ctl00_ContentPlaceHolder1_imgDetailImageCall\" class=\"img-responsive\" style=\"border-width: 0px\" src=\"https:\/\/afcindustries.com\/wp-content\/uploads\/2022\/01\/771316-desk-mounted-monitor-pivoting-arm-specifications.jpg\" alt=\"Especificaciones del brazo para monitor de sobremesa\" title=\"\"><\/p>\n<div id=\"ctl00_ContentPlaceHolder1_pnlImageContainer\"><\/div>\n<h3 class=\"product-h3\"><span id=\"ctl00_ContentPlaceHolder1_lblImageBottom2\">Brazo de monitor pivotante ajustable en altura con resorte de gas Especificaciones<\/span><\/h3>\n<p><img decoding=\"async\" id=\"ctl00_ContentPlaceHolder1_imgDetailImageCall2\" class=\"img-responsive\" style=\"border-width: 0px\" src=\"https:\/\/afcindustries.com\/wp-content\/uploads\/2022\/01\/771316-height-adjustable-pivoting-monitor-arm-with-gas-spring-specifications.jpg\" alt=\"Especificaciones del brazo de monitor pivotante ajustable en altura\" title=\"\"><\/p>\n<h3 class=\"product-h3\"><span id=\"ctl00_ContentPlaceHolder1_lblImageBottom3\">Soporte de monitor LCD con tres ajustes giratorios y tubo de alambre<\/span><\/h3>\n<p><img decoding=\"async\" id=\"ctl00_ContentPlaceHolder1_imgDetailImageCall3\" class=\"img-responsive\" style=\"border-width: 0px\" src=\"https:\/\/afcindustries.com\/wp-content\/uploads\/2022\/01\/771316-three-swivel-adjust-lcd-monitor-stand-with-wire-tube.jpg\" alt=\"Soporte de monitor LCD ajustable de tres giros con tubo de alambre\" title=\"\"><\/p>\n","protected":false},"excerpt":{"rendered":"<h1 class=\"product-h3\"><span id=\"ctl00_ContentPlaceHolder1_lblH3\">Soporte para monitor de ordenador de pantalla plana VESA<\/span><\/h1>\n<div class=\"col-md-6 col-sm-6 col-xs-12 detailList\">\n<ul>\n<li>6,6 libras. a 17,6 libras. Capacidad de montaje del monitor<\/li>\n<li>Cumple la norma VESA (Video Electronics Standards Association), dos placas de montaje (75x75mm y 100x100mm)<\/li>\n<li>La pantalla gira 180 grados hacia arriba o hacia abajo. (90 grados hacia arriba y 90 grados hacia abajo)<\/li>\n<li>La pantalla gira 180 grados hacia delante o hacia atr\u00e1s<\/li>\n<li>La pantalla gira 270 grados a la izquierda o a la derecha<\/li>\n<li>Brazo de monitor ajustable en altura<\/li>\n<li>Tipo de escritorio m\u00f3vil<\/li>\n<li>El mecanismo de resorte de gas mantiene la pantalla en cualquier posici\u00f3n sin necesidad de mandos o palancas<\/li>\n<li>Ajusta la pantalla al \u00e1ngulo de visi\u00f3n m\u00e1s c\u00f3modo<\/li>\n<li>La perilla de ajuste ofrece las diferentes necesidades de peso<\/li>\n<li>Los brazos ofrecen capacidad de giro e inclinaci\u00f3n hacia arriba y hacia abajo, hacia la izquierda y hacia la derecha, hacia delante y hacia atr\u00e1s<\/li>\n<li>Proporciona una rotaci\u00f3n del brazo en el sentido de las agujas del reloj y en sentido contrario<\/li>\n<li>La gesti\u00f3n de los cables ayuda a organizarlos de forma ordenada<\/li>\n<li>Base m\u00f3vil en forma de media luna<\/li>\n<\/ul>\n<p>&nbsp;<\/p>\n<p>&nbsp;<\/p>\n<p>&nbsp;<\/p>\n<p>&nbsp;<\/p>\n<\/div>\n<div class=\"col-md-6 col-sm-6 col-xs-12\">\n<ul class=\"ulpdf\">\n<li><a id=\"ctl00_ContentPlaceHolder1_hPDF\" href=\"https:\/\/afcindustries.com\/PDFS\/AFC03A.PDF\" target=\"_blank\" rel=\"noopener\"><img decoding=\"async\" id=\"ctl00_ContentPlaceHolder1_imgPDF\" style=\"border-width: 0px;\" src=\"https:\/\/afcindustries.com\/images\/pdf.gif\" border=\"0\" \/><span id=\"ctl00_ContentPlaceHolder1_lblPDFSKU\" class=\"pdf\">PDF AFC03A.pdf<\/span><\/a><\/li>\n<li><\/li>\n<li><\/li>\n<\/ul>\n<ul>\n<li><\/li>\n<li><\/li>\n<li><\/li>\n<\/ul>\n<\/div>\n","protected":false},"featured_media":14539,"template":"","meta":{"_acf_changed":false,"inline_featured_image":false},"product_brand":[],"product_cat":[2797,1758,1761],"product_tag":[],"class_list":{"0":"post-19989","1":"product","2":"type-product","3":"status-publish","4":"has-post-thumbnail","6":"product_cat-soporte-para-monitor-de-ordenador-de-pantalla-plana","7":"product_cat-soportes-ergonomicos","8":"product_cat-soportes-para-monitores-de-sobremesa","9":"pa_model-afc03a-es","11":"first","12":"instock","13":"product-type-simple"},"acf":[],"_links":{"self":[{"href":"https:\/\/afcindustries.com\/es\/wp-json\/wp\/v2\/product\/19989","targetHints":{"allow":["GET"]}}],"collection":[{"href":"https:\/\/afcindustries.com\/es\/wp-json\/wp\/v2\/product"}],"about":[{"href":"https:\/\/afcindustries.com\/es\/wp-json\/wp\/v2\/types\/product"}],"wp:featuredmedia":[{"embeddable":true,"href":"https:\/\/afcindustries.com\/es\/wp-json\/wp\/v2\/media\/14539"}],"wp:attachment":[{"href":"https:\/\/afcindustries.com\/es\/wp-json\/wp\/v2\/media?parent=19989"}],"wp:term":[{"taxonomy":"product_brand","embeddable":true,"href":"https:\/\/afcindustries.com\/es\/wp-json\/wp\/v2\/product_brand?post=19989"},{"taxonomy":"product_cat","embeddable":true,"href":"https:\/\/afcindustries.com\/es\/wp-json\/wp\/v2\/product_cat?post=19989"},{"taxonomy":"product_tag","embeddable":true,"href":"https:\/\/afcindustries.com\/es\/wp-json\/wp\/v2\/product_tag?post=19989"}],"curies":[{"name":"wp","href":"https:\/\/api.w.org\/{rel}","templated":true}]}}