{"id":19977,"date":"2022-01-29T12:34:01","date_gmt":"2022-01-29T17:34:01","guid":{"rendered":"https:\/\/afcindustries.com\/product\/deslizadores-de-suelo-ajustables-para-muebles\/"},"modified":"2024-11-30T11:33:08","modified_gmt":"2024-11-30T16:33:08","slug":"deslizadores-de-suelo-ajustables-para-muebles","status":"publish","type":"product","link":"https:\/\/afcindustries.com\/es\/producto\/deslizadores-de-suelo-ajustables-para-muebles\/","title":{"rendered":"Deslizadores de suelo ajustables para muebles"},"content":{"rendered":"<h2>Deslizadores de patas ajustables para muebles<\/h2>\n<p>Un deslizador de suelo para muebles ajustable con v\u00e1stago roscado. Base de pl\u00e1stico de 1 3\/4 pulgadas de di\u00e1metro para facilitar el deslizamiento. Un dispositivo \u00fatil para la conveniencia de mover muebles no m\u00f3viles. Tambi\u00e9n protege el suelo de los ara\u00f1azos cuando se arrastran los muebles fijos.<\/p>\n<div class=\"desksize\"><\/div>\n<h3 class=\"product-h3\"><\/h3>\n<p><img decoding=\"async\" id=\"ctl00_ContentPlaceHolder1_imgDetailImageCall\" class=\"img-responsive\" style=\"border-width: 0px\" src=\"https:\/\/afcindustries.com\/wp-content\/uploads\/2022\/01\/771268-steel-furniture-glides.jpg\" alt=\"Deslizadores de acero para muebles\" title=\"\"><\/p>\n<div id=\"ctl00_ContentPlaceHolder1_pnlImageContainer\"><\/div>\n<h3 class=\"product-h3\"><\/h3>\n<h3 class=\"product-h3\"><\/h3>\n","protected":false},"excerpt":{"rendered":"<h1 class=\"product-h3\"><span id=\"ctl00_ContentPlaceHolder1_lblH3\">Deslizadores para patas de muebles<\/span><\/h1>\n<div class=\"col-md-6 col-sm-6 col-xs-12 detailList\">\n<p>&#8211; Base de pl\u00e1stico de 1 3\/4 pulgadas de di\u00e1metro para facilitar el deslizamiento con v\u00e1stago roscado de 1\/2 pulgada 13<\/p>\n<p><b>Capacidades de carga<\/b><br \/>\n&#8211; Est\u00e1tica: 500 libras cada una<\/p>\n<p>&nbsp;<\/p>\n<p>&nbsp;<\/p>\n<\/div>\n<div class=\"col-md-6 col-sm-6 col-xs-12\">\n<ul class=\"ulpdf\">\n<li><a id=\"ctl00_ContentPlaceHolder1_hPDF\" href=\"https:\/\/afcindustries.com\/PDFS\/GLID-ADJ.PDF\" target=\"_blank\" rel=\"noopener\"><img decoding=\"async\" id=\"ctl00_ContentPlaceHolder1_imgPDF\" style=\"border-width: 0px;\" src=\"https:\/\/afcindustries.com\/images\/pdf.gif\" border=\"0\" \/><span id=\"ctl00_ContentPlaceHolder1_lblPDFSKU\" class=\"pdf\">PDF Glid-Adj.pdf<\/span><\/a><\/li>\n<\/ul>\n<\/div>\n","protected":false},"featured_media":14680,"template":"","meta":{"_acf_changed":false,"inline_featured_image":false},"product_brand":[],"product_cat":[1783,2758,1784],"product_tag":[],"class_list":{"0":"post-19977","1":"product","2":"type-product","3":"status-publish","4":"has-post-thumbnail","6":"product_cat-accesorios","7":"product_cat-deslizadores-de-suelo-para-muebles","8":"product_cat-todos-los-accesorios","9":"pa_model-glid_adj_single-es","11":"first","12":"instock","13":"product-type-simple"},"acf":[],"_links":{"self":[{"href":"https:\/\/afcindustries.com\/es\/wp-json\/wp\/v2\/product\/19977","targetHints":{"allow":["GET"]}}],"collection":[{"href":"https:\/\/afcindustries.com\/es\/wp-json\/wp\/v2\/product"}],"about":[{"href":"https:\/\/afcindustries.com\/es\/wp-json\/wp\/v2\/types\/product"}],"wp:featuredmedia":[{"embeddable":true,"href":"https:\/\/afcindustries.com\/es\/wp-json\/wp\/v2\/media\/14680"}],"wp:attachment":[{"href":"https:\/\/afcindustries.com\/es\/wp-json\/wp\/v2\/media?parent=19977"}],"wp:term":[{"taxonomy":"product_brand","embeddable":true,"href":"https:\/\/afcindustries.com\/es\/wp-json\/wp\/v2\/product_brand?post=19977"},{"taxonomy":"product_cat","embeddable":true,"href":"https:\/\/afcindustries.com\/es\/wp-json\/wp\/v2\/product_cat?post=19977"},{"taxonomy":"product_tag","embeddable":true,"href":"https:\/\/afcindustries.com\/es\/wp-json\/wp\/v2\/product_tag?post=19977"}],"curies":[{"name":"wp","href":"https:\/\/api.w.org\/{rel}","templated":true}]}}