{"id":19970,"date":"2022-01-29T12:33:56","date_gmt":"2022-01-29T17:33:56","guid":{"rendered":"https:\/\/afcindustries.com\/product\/escritorio-de-pie-para-pacs\/"},"modified":"2024-11-30T11:32:48","modified_gmt":"2024-11-30T16:32:48","slug":"escritorio-de-pie-para-pacs","status":"publish","type":"product","link":"https:\/\/afcindustries.com\/es\/producto\/escritorio-de-pie-para-pacs\/","title":{"rendered":"Escritorio de pie para PACS"},"content":{"rendered":"<h2>Escritorio ergon\u00f3mico de pie para PACS<\/h2>\n<div id=\"color_choice\">\n<div id=\"ctl00_ContentPlaceHolder1_color1_pnlColor\" class=\"option-Style-Panel1\">\n<div class=\"color-container\">\n<div class=\"color-item\">\n<p>&nbsp;<\/p>\n<\/div>\n<\/div>\n<\/div>\n<\/div>\n<div class=\"desksize\">\n<div id=\"ctl00_ContentPlaceHolder1_DeskSize_Panel1\" class=\"option-Style-Panel1\">\n<div class=\"desksize\"><span id=\"ctl00_ContentPlaceHolder1_DeskSize_Label1\">Especificaciones del tama\u00f1o del escritorio <\/span><\/div>\n<div>\n<table id=\"ctl00_ContentPlaceHolder1_DeskSize_GridView1\" class=\"table-vk table table-hover\" style=\"background-color: white;border-style: None;border-collapse: collapse\" border=\"1\" rules=\"all\" cellspacing=\"0\">\n<tbody>\n<tr>\n<th scope=\"col\">En forma de mesa<\/th>\n<th scope=\"col\">Anchura de la tabla<\/th>\n<th scope=\"col\">Profundidad de la mesa<\/th>\n<th scope=\"col\">Altura de la mesa<\/th>\n<\/tr>\n<tr>\n<td><a id=\"ctl00_ContentPlaceHolder1_DeskSize_GridView1_ctl02_hImage\" href=\"https:\/\/afcindustries.com\/bean-shaped-table-d143\"><img decoding=\"async\" id=\"ctl00_ContentPlaceHolder1_DeskSize_GridView1_ctl02_imgProductRelated\" style=\"border-width: 0px\" src=\"https:\/\/afcindustries.com\/wp-content\/uploads\/2022\/01\/Bean-shaped.jpg\" alt=\"\" title=\"\"><\/a><\/td>\n<td><span id=\"ctl00_ContentPlaceHolder1_DeskSize_GridView1_ctl02_lbltableWidth\">48&#8243;, 60&#8243;, 72&#8243;, 84&#8243;, 96&#8243;<\/span><\/td>\n<td><span id=\"ctl00_ContentPlaceHolder1_DeskSize_GridView1_ctl02_lbltableDepth\">24&#8243;, 30&#8243;, 36&#8243;<\/span><\/td>\n<td><span id=\"ctl00_ContentPlaceHolder1_DeskSize_GridView1_ctl02_lblTableHeight\">28&#8243; a 47&#8243;<\/span><\/td>\n<\/tr>\n<\/tbody>\n<\/table>\n<\/div>\n<\/div>\n<\/div>\n<h3 class=\"product-h3\"><span id=\"ctl00_ContentPlaceHolder1_lblImageBottom1\">Escritorio de pie con funciones<\/span><\/h3>\n<p><img decoding=\"async\" id=\"ctl00_ContentPlaceHolder1_imgDetailImageCall\" class=\"img-responsive\" style=\"border-width: 0px\" src=\"https:\/\/afcindustries.com\/wp-content\/uploads\/2022\/01\/771723-stand-up-desk-with-features.jpg\" alt=\"Escritorio de pie con caracter\u00edsticas\" title=\"\"><\/p>\n<div id=\"ctl00_ContentPlaceHolder1_pnlImageContainer\"><\/div>\n<h3 class=\"product-h3\"><span id=\"ctl00_ContentPlaceHolder1_lblImageBottom2\">Especificaciones del escritorio de pie<\/span><\/h3>\n<p><img decoding=\"async\" id=\"ctl00_ContentPlaceHolder1_imgDetailImageCall2\" class=\"img-responsive\" style=\"border-width: 0px\" src=\"https:\/\/afcindustries.com\/wp-content\/uploads\/2022\/01\/771723-stand-up-desk-specs.jpg\" alt=\"Especificaciones del escritorio de pie\" title=\"\"><\/p>\n<h3 class=\"product-h3\"><span id=\"ctl00_ContentPlaceHolder1_lblImageBottom3\">Accesorios para escritorios de pie<\/span><\/h3>\n<p><img decoding=\"async\" id=\"ctl00_ContentPlaceHolder1_imgDetailImageCall3\" class=\"img-responsive\" style=\"border-width: 0px\" src=\"https:\/\/afcindustries.com\/wp-content\/uploads\/2022\/01\/771723-stand-up-desk-accessories.jpg\" alt=\"Accesorios para escritorios de pie\" title=\"\"><\/p>\n<p>&nbsp;<\/p>\n<ul>\n<li><strong>El mejor dise\u00f1o ergon\u00f3mico y c\u00f3modo:<\/strong> Dise\u00f1ado para la comodidad para reducir el estr\u00e9s y mantener la postura durante el trabajo.<\/li>\n<li><strong>Mantiene una buena salud:<\/strong> Elimina las lesiones por esfuerzo repetitivo (RSI), los dolores musculares, las molestias corporales, la tensi\u00f3n ocular y la fatiga. Aumenta la productividad y la circulaci\u00f3n sangu\u00ednea saludable.<\/li>\n<li><strong>F\u00e1cil de usar:<\/strong> f\u00e1cil de manejar sin necesidad de horas de formaci\u00f3n del usuario. Muy f\u00e1cil de configurar para adaptarse a las preferencias de cada usuario.<\/li>\n<li><strong>Iluminaci\u00f3n de escritorio preparada:<\/strong> Minimiza el cansancio ocular y la fatiga asociada y maximiza la precisi\u00f3n visual proporcionando una iluminaci\u00f3n adecuada.<\/li>\n<li><strong>Acceso a puertos de datos y tomas de corriente:<\/strong> Aumenta la productividad y la eficiencia gracias a la facilidad de acceso a los puertos de datos y las tomas de corriente.<\/li>\n<li><strong>Superficie de escritorio y bordes laminados de primera calidad:<\/strong> Las superficies de escritorio laminadas, los bordes lisos y las esquinas eliminan el riesgo de lesiones. Tambi\u00e9n mantiene el escritorio limpio y liso.<\/li>\n<li><strong>Colocaci\u00f3n correcta de la CPU del ordenador:<\/strong> La CPU del ordenador se encuentra fuera de peligro, lo que permite a los usuarios moverse libremente.<\/li>\n<li><strong>Gesti\u00f3n limpia de los cables:<\/strong> Los cables est\u00e1n ocultos de forma segura para eliminar el riesgo de accidentes que pueda causar a personas o equipos.<\/li>\n<li><strong>Construido seg\u00fan las especificaciones:<\/strong> Se puede especificar para acomodar las necesidades \u00fanicas y el entorno de trabajo de los usuarios individuales antes de la fabricaci\u00f3n.<\/li>\n<li><strong>Garantizado con la garant\u00eda del producto:<\/strong> Cubierto con la garant\u00eda de producto del fabricante que da seguridad a los compradores en caso de que el producto no cumpla con las expectativas.<\/li>\n<li><strong>Equipo de fabricaci\u00f3n de confianza:<\/strong> Nuestros dise\u00f1adores, ingenieros y fabricantes utilizan sus habilidades y talentos para ofrecerle el producto de mayor calidad que usted merece.<\/li>\n<li><strong>Asistencia en la planificaci\u00f3n del espacio de trabajo:<\/strong> Proporcionamos asistencia en la planificaci\u00f3n en la instalaci\u00f3n o renovaci\u00f3n de sus instalaciones de trabajo.<\/li>\n<li><strong>Ayuda para la instalaci\u00f3n:<\/strong> Proporcionamos asistencia exhaustiva en el despliegue de su mobiliario para el servicio.<\/li>\n<li><strong>Muebles de escritorio vers\u00e1tiles:<\/strong> Nuestros muebles son capaces de adaptarse a diferentes usos y entornos, por lo que son duraderos.<\/li>\n<\/ul>\n<p>AFC fabrica equipos de mobiliario de alta calidad que superan las expectativas est\u00e1ndar de practicidad, funcionalidad y ergonom\u00eda. Nuestros productos est\u00e1n garantizados con una garant\u00eda total del producto. Fabricamos productos que ofrecen a nuestros clientes la tranquilidad de obtener el m\u00e1ximo rendimiento de su inversi\u00f3n.<\/p>\n<p>P\u00f3ngase en contacto con nosotros para una consulta gratuita con nuestro amable y servicial especialista en equipamiento t\u00e9cnico de mobiliario ergon\u00f3mico.<\/p>\n","protected":false},"excerpt":{"rendered":"<h1 class=\"product-h3\"><span id=\"ctl00_ContentPlaceHolder1_lblH3\">Escritorio de pie ajustable para PACS<\/span><\/h1>\n<p>Este pupitre de pie es un mueble t\u00e9cnico de alta gama que supera los est\u00e1ndares para ofrecer una comodidad \u00f3ptima al servicio de los profesionales sanitarios de la radiolog\u00eda. Con s\u00f3lo pulsar un bot\u00f3n, la altura del escritorio puede ajustarse a la posici\u00f3n de sentado o de pie. Los soportes para monitores tambi\u00e9n son ajustables en altura de forma independiente con ajuste horizontal en una corredera y tiene capacidad de inclinaci\u00f3n y giro para ofrecer la mejor posici\u00f3n de visualizaci\u00f3n del monitor.<\/p>\n<p>La posici\u00f3n de pie se recomienda a los profesionales, ya que reduce la mayor\u00eda de los problemas relacionados con los efectos adversos de estar sentado durante mucho tiempo, lo que aumenta la productividad y la buena salud. Este escritorio ergon\u00f3mico de pie para PACS har\u00e1 que sus usuarios sean m\u00e1s productivos y saludables.<\/p>\n<div class=\"col-md-6 col-sm-6 col-xs-12 detailList\">\n<ul>\n<li>La superficie de trabajo ajustable electr\u00f3nicamente puede elevarse de 28 a 47 pulgadas desde el suelo.<\/li>\n<li>El tablero de la mesa en forma de frijol de 60 pulgadas de ancho x 36 pulgadas de profundidad est\u00e1 dise\u00f1ado para mantener al alcance de la mano los art\u00edculos que se utilizan con frecuencia.<\/li>\n<li>Tambi\u00e9n hay disponibles otros tama\u00f1os y formas de mesa.<\/li>\n<li>Bandeja de teclado retr\u00e1ctil con bandeja de rat\u00f3n deslizante a la izquierda o a la derecha.<\/li>\n<li>Cinco ruedas de 4 pulgadas (las dos delanteras son de bloqueo).<\/li>\n<\/ul>\n<p>&nbsp;<\/p>\n<\/div>\n<div class=\"col-md-6 col-sm-6 col-xs-12\">\n<ul class=\"ulpdf\">\n<li><a id=\"ctl00_ContentPlaceHolder1_hPDF\" href=\"https:\/\/afcindustries.com\/PDFS\/771723_BET6036_B_S_1620_6F_00_0_B_000_01.PDF\" target=\"_blank\" rel=\"noopener\"><img decoding=\"async\" id=\"ctl00_ContentPlaceHolder1_imgPDF\" style=\"border-width: 0px;\" src=\"https:\/\/afcindustries.com\/images\/pdf.gif\" border=\"0\" \/><span id=\"ctl00_ContentPlaceHolder1_lblPDFSKU\" class=\"pdf\">PDF 771723.pdf<\/span><\/a><\/li>\n<li><a id=\"ctl00_ContentPlaceHolder1_hPDF_instrcution\" href=\"https:\/\/afcindustries.com\/PDF_INSTRUCTION\/HEIGHT%20ADJUSTMENT%20CONTROL%20MANUAL.PDF\" target=\"_blank\" rel=\"noopener\"><img decoding=\"async\" id=\"ctl00_ContentPlaceHolder1_imgPDF_instrcution\" style=\"border-width: 0px;\" src=\"https:\/\/afcindustries.com\/images\/pdf-instruction.png\" border=\"0\" \/><span id=\"ctl00_ContentPlaceHolder1_lblPDF_instrcution\" class=\"pdf\">Manual de control de ajuste de altura<\/span><\/a><\/li>\n<\/ul>\n<p>&nbsp;<\/p>\n<ul class=\"ulpdf\">\n<li>Altura: de 28 \u00bb a 47 \u00ab.<\/li>\n<li>Anchura: 60 \u00ab<\/li>\n<li>Profundidad: 36 \u00ab<\/li>\n<\/ul>\n<\/div>\n","protected":false},"featured_media":41836,"template":"","meta":{"_acf_changed":false,"inline_featured_image":false},"product_brand":[],"product_cat":[3516,2747,1788,2131],"product_tag":[],"class_list":{"0":"post-19970","1":"product","2":"type-product","3":"status-publish","4":"has-post-thumbnail","6":"product_cat-ergo-tier-rx-es","7":"product_cat-escritorio-de-pie-para-pacs","8":"product_cat-escritorios-de-pie","9":"product_cat-estacion-de-trabajo-de-la-oficina-de-radiologia","10":"pa_model-bst6036_b-es","12":"first","13":"instock","14":"product-type-simple"},"acf":[],"_links":{"self":[{"href":"https:\/\/afcindustries.com\/es\/wp-json\/wp\/v2\/product\/19970","targetHints":{"allow":["GET"]}}],"collection":[{"href":"https:\/\/afcindustries.com\/es\/wp-json\/wp\/v2\/product"}],"about":[{"href":"https:\/\/afcindustries.com\/es\/wp-json\/wp\/v2\/types\/product"}],"wp:featuredmedia":[{"embeddable":true,"href":"https:\/\/afcindustries.com\/es\/wp-json\/wp\/v2\/media\/41836"}],"wp:attachment":[{"href":"https:\/\/afcindustries.com\/es\/wp-json\/wp\/v2\/media?parent=19970"}],"wp:term":[{"taxonomy":"product_brand","embeddable":true,"href":"https:\/\/afcindustries.com\/es\/wp-json\/wp\/v2\/product_brand?post=19970"},{"taxonomy":"product_cat","embeddable":true,"href":"https:\/\/afcindustries.com\/es\/wp-json\/wp\/v2\/product_cat?post=19970"},{"taxonomy":"product_tag","embeddable":true,"href":"https:\/\/afcindustries.com\/es\/wp-json\/wp\/v2\/product_tag?post=19970"}],"curies":[{"name":"wp","href":"https:\/\/api.w.org\/{rel}","templated":true}]}}