{"id":19969,"date":"2022-01-29T12:33:51","date_gmt":"2022-01-29T17:33:51","guid":{"rendered":"https:\/\/afcindustries.com\/product\/escritorio-ergonomico-de-altura-regulable-en-forma-de-l\/"},"modified":"2024-11-30T11:32:48","modified_gmt":"2024-11-30T16:32:48","slug":"escritorio-ergonomico-de-altura-regulable-en-forma-de-l","status":"publish","type":"product","link":"https:\/\/afcindustries.com\/es\/producto\/escritorio-ergonomico-de-altura-regulable-en-forma-de-l\/","title":{"rendered":"Escritorio ergon\u00f3mico de altura regulable en forma de L"},"content":{"rendered":"<h2>Escritorio de pie en forma de L ajustable en altura<\/h2>\n<div id=\"color_choice\">\n<div id=\"ctl00_ContentPlaceHolder1_color1_pnlColor\" class=\"option-Style-Panel1\">\n<div class=\"color-container\">\n<div class=\"color-item\">\n<p>&nbsp;<\/p>\n<\/div>\n<\/div>\n<\/div>\n<\/div>\n<h3 class=\"product-h3\"><span id=\"ctl00_ContentPlaceHolder1_lblImageBottom1\">Control de escritorio ajustable en altura en forma de L<\/span><\/h3>\n<p><img decoding=\"async\" id=\"ctl00_ContentPlaceHolder1_imgDetailImageCall\" class=\"img-responsive\" style=\"border-width: 0px\" src=\"https:\/\/afcindustries.com\/wp-content\/uploads\/2022\/01\/772198-l-shaped-height-adjustable-desk-control.jpg\" alt=\"control de escritorio ajustable en altura en forma de l\" title=\"\"><\/p>\n<div id=\"ctl00_ContentPlaceHolder1_pnlImageContainer\"><\/div>\n<h3 class=\"product-h3\"><span id=\"ctl00_ContentPlaceHolder1_lblImageBottom2\">Escritorio ajustable en altura en forma de L Caracter\u00edsticas<\/span><\/h3>\n<p><img decoding=\"async\" id=\"ctl00_ContentPlaceHolder1_imgDetailImageCall2\" class=\"img-responsive\" style=\"border-width: 0px\" src=\"https:\/\/afcindustries.com\/wp-content\/uploads\/2022\/01\/772198-l-shaped-height-adjustable-desk-features.jpg\" alt=\"control de escritorio ajustable en altura en forma de l\" title=\"\"><\/p>\n<h3 class=\"product-h3\"><span id=\"ctl00_ContentPlaceHolder1_lblImageBottom3\">M\u00e1s funciones del escritorio<\/span><\/h3>\n<p><img decoding=\"async\" id=\"ctl00_ContentPlaceHolder1_imgDetailImageCall3\" class=\"img-responsive\" style=\"border-width: 0px\" src=\"https:\/\/afcindustries.com\/wp-content\/uploads\/2022\/01\/772198-more-desk-features.jpg\" alt=\"caracter\u00edsticas del control de la mesa de trabajo de altura regulable en forma de l\" title=\"\"><\/p>\n<p>&nbsp;<\/p>\n<ul>\n<li><strong>El mejor dise\u00f1o ergon\u00f3mico y c\u00f3modo:<\/strong> Dise\u00f1ado para la comodidad para reducir el estr\u00e9s y mantener la postura durante el trabajo.<\/li>\n<li><strong>Mantiene una buena salud:<\/strong> Elimina las lesiones por esfuerzo repetitivo (RSI), los dolores musculares, las molestias corporales, la tensi\u00f3n ocular y la fatiga. Aumenta la productividad y la circulaci\u00f3n sangu\u00ednea saludable.<\/li>\n<li><strong>F\u00e1cil de usar:<\/strong> f\u00e1cil de manejar sin necesidad de horas de formaci\u00f3n del usuario. Muy f\u00e1cil de configurar para adaptarse a las preferencias de cada usuario.<\/li>\n<li><strong>Iluminaci\u00f3n de escritorio preparada:<\/strong> Minimiza el cansancio ocular y la fatiga asociada y maximiza la precisi\u00f3n visual proporcionando una iluminaci\u00f3n adecuada.<\/li>\n<li><strong>Acceso a puertos de datos y tomas de corriente:<\/strong> Aumenta la productividad y la eficiencia gracias a la facilidad de acceso a los puertos de datos y las tomas de corriente.<\/li>\n<li><strong>Superficie de escritorio y bordes laminados de primera calidad:<\/strong> Las superficies de escritorio laminadas, los bordes lisos y las esquinas eliminan el riesgo de lesiones. Tambi\u00e9n mantiene el escritorio limpio y liso.<\/li>\n<li><strong>Colocaci\u00f3n correcta de la CPU del ordenador:<\/strong> La CPU del ordenador se encuentra fuera de peligro, lo que permite a los usuarios moverse libremente.<\/li>\n<li><strong>Gesti\u00f3n limpia de los cables:<\/strong> Los cables est\u00e1n ocultos de forma segura para eliminar el riesgo de accidentes que pueda causar a personas o equipos.<\/li>\n<li><strong>Construido seg\u00fan las especificaciones:<\/strong> Se puede especificar para acomodar las necesidades \u00fanicas y el entorno de trabajo de los usuarios individuales antes de la fabricaci\u00f3n.<\/li>\n<li><strong>Garantizado con la garant\u00eda del producto:<\/strong> Cubierto con la garant\u00eda de producto del fabricante que da seguridad a los compradores en caso de que el producto no cumpla con las expectativas.<\/li>\n<li><strong>Equipo de fabricaci\u00f3n de confianza:<\/strong> Nuestros dise\u00f1adores, ingenieros y fabricantes utilizan sus habilidades y talentos para ofrecerle el producto de mayor calidad que usted merece.<\/li>\n<li><strong>Asistencia en la planificaci\u00f3n del espacio de trabajo:<\/strong> Proporcionamos asistencia en la planificaci\u00f3n en la instalaci\u00f3n o renovaci\u00f3n de sus instalaciones de trabajo.<\/li>\n<li><strong>Ayuda para la instalaci\u00f3n:<\/strong> Proporcionamos asistencia exhaustiva en el despliegue de su mobiliario para el servicio.<\/li>\n<li><strong>Muebles de escritorio vers\u00e1tiles:<\/strong> Nuestros muebles son capaces de adaptarse a diferentes usos y entornos, por lo que son duraderos.<\/li>\n<\/ul>\n<p>AFC fabrica equipos de mobiliario de alta calidad que superan las expectativas est\u00e1ndar de practicidad, funcionalidad y ergonom\u00eda. Nuestros productos est\u00e1n garantizados con una garant\u00eda total del producto. Construimos productos que ofrecen a nuestros clientes la tranquilidad de obtener el m\u00e1ximo rendimiento de su inversi\u00f3n.<\/p>\n<p>P\u00f3ngase en contacto con nosotros para una consulta gratuita con nuestro amable y servicial especialista en mobiliario t\u00e9cnico ergon\u00f3mico.<\/p>\n<div class=\"desksize\"><\/div>\n","protected":false},"excerpt":{"rendered":"<h1 class=\"product-h3\">Escritorio ajustable en altura en forma de L<\/h1>\n<p>Construido con caracter\u00edsticas ergon\u00f3micas de vanguardia, este escritorio ergon\u00f3mico de altura regulable en forma de L viene con: dos superficies de escritorio de altura regulable que pueden ajustarse f\u00e1cilmente mediante la simple pulsaci\u00f3n de un bot\u00f3n; soporte de monitor montado en abrazadera con cuatro soportes de monitor de brazo en Z, estante inferior y deslizadores de suelo para muebles.<\/p>\n<p>Est\u00e1 dise\u00f1ado ergon\u00f3micamente para mantener la buena salud de sus usuarios y mantenerlos c\u00f3modos durante las largas horas de trabajo para que sean m\u00e1s productivos y se sientan bien. Este escritorio de pie ajustable en altura en forma de L<br \/>\nmuy recomendable para los profesionales que pasan la mayor parte de su tiempo de trabajo en el escritorio, ya que les permite trabajar de pie o sentados para una mejor circulaci\u00f3n de la sangre que mantiene una buena salud.<\/p>\n<div class=\"col-md-6 col-sm-6 col-xs-12 detailList\">\n<ul>\n<li>Regulaci\u00f3n electr\u00f3nica independiente de la altura de las dos gradas<\/li>\n<li>Forma de superficie de trabajo cuadrada<\/li>\n<li>Dos brazos para monitores de la serie Z con abrazadera # AFCZ588-02<\/li>\n<li>Dos gestores de cables # WMF100<\/li>\n<li>Estante inferior completo<\/li>\n<li>Deslizadores ajustables<\/li>\n<\/ul>\n<p>&nbsp;<\/p>\n<ul>\n<li><a id=\"ctl00_ContentPlaceHolder1_hPDF\" href=\"https:\/\/afcindustries.com\/PDFS\/CDT7272_B_R_0_4FZ_0_F_01.PDF\" target=\"_blank\" rel=\"noopener\"><img decoding=\"async\" id=\"ctl00_ContentPlaceHolder1_imgPDF\" style=\"border-width: 0px;\" src=\"https:\/\/afcindustries.com\/images\/pdf.gif\" border=\"0\" \/><span id=\"ctl00_ContentPlaceHolder1_lblPDFSKU\" class=\"pdf\">PDF CDT7272.pdf<\/span><\/a><\/li>\n<\/ul>\n<\/div>\n<div class=\"col-md-6 col-sm-6 col-xs-12\">\n<ul class=\"ulpdf\">\n<li><a id=\"ctl00_ContentPlaceHolder1_hPDF_instrcution\" href=\"https:\/\/afcindustries.com\/PDF_INSTRUCTION\/HEIGHT%20ADJUSTMENT%20CONTROL%20MANUAL.PDF\" target=\"_blank\" rel=\"noopener\"><img decoding=\"async\" id=\"ctl00_ContentPlaceHolder1_imgPDF_instrcution\" style=\"border-width: 0px;\" src=\"https:\/\/afcindustries.com\/images\/pdf-instruction.png\" border=\"0\" \/><span id=\"ctl00_ContentPlaceHolder1_lblPDF_instrcution\" class=\"pdf\">Manual de control de ajuste de altura<\/span><\/a><\/li>\n<\/ul>\n<p>&nbsp;<\/p>\n<ul class=\"ulpdf\">\n<li>Altura: de 28 \u00bb a 47 \u00ab.<\/li>\n<li>Anchura: 72&#8243;.<\/li>\n<li>Profundidad: 72 \u00ab<\/li>\n<\/ul>\n<ul>\n<li style=\"list-style-type: none;\"><\/li>\n<\/ul>\n<\/div>\n","protected":false},"featured_media":41755,"template":"","meta":{"_acf_changed":false,"inline_featured_image":false},"product_brand":[],"product_cat":[2731,1915,1907,1788],"product_tag":[],"class_list":{"0":"post-19969","1":"product","2":"type-product","3":"status-publish","4":"has-post-thumbnail","6":"product_cat-escritorio-ergonomico-de-altura-regulable-en-forma-de-l","7":"product_cat-doble-nivel","8":"product_cat-escritorio-para-estacion-de-trabajo-de-pie","9":"product_cat-escritorios-de-pie","10":"pa_model-dtcc7272-es","12":"first","13":"instock","14":"product-type-simple"},"acf":[],"_links":{"self":[{"href":"https:\/\/afcindustries.com\/es\/wp-json\/wp\/v2\/product\/19969","targetHints":{"allow":["GET"]}}],"collection":[{"href":"https:\/\/afcindustries.com\/es\/wp-json\/wp\/v2\/product"}],"about":[{"href":"https:\/\/afcindustries.com\/es\/wp-json\/wp\/v2\/types\/product"}],"wp:featuredmedia":[{"embeddable":true,"href":"https:\/\/afcindustries.com\/es\/wp-json\/wp\/v2\/media\/41755"}],"wp:attachment":[{"href":"https:\/\/afcindustries.com\/es\/wp-json\/wp\/v2\/media?parent=19969"}],"wp:term":[{"taxonomy":"product_brand","embeddable":true,"href":"https:\/\/afcindustries.com\/es\/wp-json\/wp\/v2\/product_brand?post=19969"},{"taxonomy":"product_cat","embeddable":true,"href":"https:\/\/afcindustries.com\/es\/wp-json\/wp\/v2\/product_cat?post=19969"},{"taxonomy":"product_tag","embeddable":true,"href":"https:\/\/afcindustries.com\/es\/wp-json\/wp\/v2\/product_tag?post=19969"}],"curies":[{"name":"wp","href":"https:\/\/api.w.org\/{rel}","templated":true}]}}