{"id":19963,"date":"2022-01-29T12:31:18","date_gmt":"2022-01-29T17:31:18","guid":{"rendered":"https:\/\/afcindustries.com\/product\/carro-de-telemedicina-movil-de-doble-monitor-para-comunicaciones-remotas\/"},"modified":"2024-11-30T11:48:26","modified_gmt":"2024-11-30T16:48:26","slug":"carro-de-telemedicina-movil-de-doble-monitor-para-comunicaciones-remotas","status":"publish","type":"product","link":"https:\/\/afcindustries.com\/es\/producto\/carro-de-telemedicina-movil-de-doble-monitor-para-comunicaciones-remotas\/","title":{"rendered":"Carro de telemedicina m\u00f3vil de doble monitor para comunicaciones remotas"},"content":{"rendered":"<h2>Carro de ordenador de doble monitor para telemedicina m\u00f3vil<\/h2>\n<div id=\"color_choice\">\n<div id=\"ctl00_ContentPlaceHolder1_color1_pnlColor\" class=\"option-Style-Panel1\">\n<div class=\"color-container\">\n<div class=\"color-item\">\n<p>&nbsp;<\/p>\n<div id=\"Black\" class=\"color-item-big\"><img decoding=\"async\" src=\"https:\/\/afcindustries.com\/wp-content\/uploads\/2022\/01\/Black-1.jpg\" alt=\"Negro\" title=\"\"><\/div>\n<\/div>\n<\/div>\n<\/div>\n<\/div>\n<p>Carrito de doble monitor de telemedicina con dise\u00f1o robusto. Este carro es ideal para m\u00faltiples tipos de aplicaciones, ya sea que necesite una estaci\u00f3n de telecomunicaciones m\u00f3vil que pueda maniobrar f\u00e1cilmente de una habitaci\u00f3n a otra o un sistema de vigilancia remota virtual estacionario que pueda albergar todos sus perif\u00e9ricos necesarios.<\/p>\n<p>Estos carros est\u00e1n construidos con montantes y soportes de acero laminado en fr\u00edo que se combinan con superficies de trabajo y estantes de laminado de alta presi\u00f3n. Creando una robusta unidad independiente con m\u00faltiples usos, montada sobre ruedas estables para un movimiento sin esfuerzo.<\/p>\n<p>Este carro puede aplicarse f\u00e1cilmente a diferentes modalidades y puede utilizarse en entornos m\u00e9dicos, educativos y de servicios\/apoyo<\/p>\n<p><strong>El mejor dise\u00f1o ergon\u00f3mico y c\u00f3modo:<\/strong> Dise\u00f1ado para la comodidad para reducir el estr\u00e9s y mantener la postura durante el trabajo.<\/p>\n<p><strong>Mantiene una buena salud:<\/strong> Elimina las lesiones por esfuerzo repetitivo (RSI), los dolores musculares, las molestias corporales, la tensi\u00f3n ocular y la fatiga. Aumenta la productividad y la circulaci\u00f3n sangu\u00ednea saludable.<\/p>\n<p><strong>F\u00e1cil de usar:<\/strong> f\u00e1cil de manejar sin necesidad de horas de formaci\u00f3n del usuario. Muy f\u00e1cil de configurar para adaptarse a las preferencias de cada usuario.<\/p>\n<p><strong>Acceso a puertos de datos y tomas de corriente:<\/strong> Aumenta la productividad y la eficiencia gracias a la facilidad de acceso a los puertos de datos y las tomas de corriente.<\/p>\n<p><strong>Colocaci\u00f3n correcta de la CPU del ordenador:<\/strong> La CPU del ordenador se encuentra fuera de peligro, lo que permite a los usuarios moverse libremente.<\/p>\n<p><strong>Gesti\u00f3n limpia de los cables:<\/strong> Los cables est\u00e1n ocultos de forma segura para eliminar el riesgo de accidentes que pueda causar a personas o equipos.<\/p>\n<p><strong>Construido seg\u00fan las especificaciones:<\/strong> Se puede especificar para acomodar las necesidades \u00fanicas y el entorno de trabajo de los usuarios individuales antes de la fabricaci\u00f3n.<\/p>\n<p><strong>Garantizado con la garant\u00eda del producto:<\/strong> Cubierto con la garant\u00eda de producto del fabricante que da seguridad a los compradores en caso de que el producto no cumpla con las expectativas.<\/p>\n<p><strong>Equipo de fabricaci\u00f3n de confianza:<\/strong> Nuestros dise\u00f1adores, ingenieros y fabricantes utilizan sus habilidades y talentos para ofrecerle el producto de mayor calidad que usted merece.<\/p>\n<p><strong>Asistencia en la planificaci\u00f3n del espacio de trabajo:<\/strong> Proporcionamos asistencia en la planificaci\u00f3n en la instalaci\u00f3n o renovaci\u00f3n de sus instalaciones de trabajo.<\/p>\n<p><strong>Ayuda para la instalaci\u00f3n:<\/strong> Proporcionamos asistencia exhaustiva en el despliegue de su mobiliario para el servicio.<\/p>\n<p><strong>Mobiliario inform\u00e1tico vers\u00e1til:<\/strong> Nuestros muebles son capaces de adaptarse a diferentes usos y entornos, por lo que son duraderos.<\/p>\n<p><b>Nota: No incluye los monitores, el teclado, la c\u00e1mara, la impresora y la CPU del ordenador.<\/b><\/p>\n<div class=\"desksize\"><\/div>\n","protected":false},"excerpt":{"rendered":"<h1 class=\"product-h3\"><span id=\"ctl00_ContentPlaceHolder1_lblH3\">Carro de doble monitor para telecomunicaciones m\u00f3viles<\/span><\/h1>\n<div class=\"col-md-6 col-sm-6 col-xs-12 detailList\">\n<ul>\n<li>Carro de ordenador m\u00f3vil para dos monitores Dise\u00f1o robusto<\/li>\n<li>Soportes verticales de acero con agujeros para el ajuste manual de la altura<\/li>\n<li>Soportes de doble monitor compatibles con VESA para ver simult\u00e1neamente hacia delante y hacia atr\u00e1s<\/li>\n<li>Estante de montaje de la c\u00e1mara ampliado para un posicionamiento \u00f3ptimo en la parte superior del carro<\/li>\n<li>Superficie de trabajo con acabado de madera laminada de alta presi\u00f3n<\/li>\n<li>Resistente estante inferior reforzado para el soporte de la impresora<\/li>\n<li>Recortes de ojales para la gesti\u00f3n oculta de los cables<\/li>\n<li>Cuatro robustas ruedas dobles para facilitar la movilidad<\/li>\n<\/ul>\n<p>&nbsp;<\/p>\n<p>&nbsp;<\/p>\n<\/div>\n<div class=\"col-md-6 col-sm-6 col-xs-12\">\n<ul class=\"ulpdf\">\n<li><a id=\"ctl00_ContentPlaceHolder1_hPDF\" href=\"https:\/\/afcindustries.com\/PDFS\/XXLCD250_Z6_KBZ_1SH_2C_CAM_01.PDF\" target=\"_blank\" rel=\"noopener\"><img decoding=\"async\" id=\"ctl00_ContentPlaceHolder1_imgPDF\" style=\"border-width: 0px;\" src=\"https:\/\/afcindustries.com\/images\/pdf.gif\" border=\"0\" \/><span id=\"ctl00_ContentPlaceHolder1_lblPDFSKU\" class=\"pdf\">PDF XXLCD250_Z6_KBZ_1SH_2C_CAM_01.pdf<\/span><\/a><\/li>\n<\/ul>\n<ul>\n<li>\n<ul class=\"specPreview\">\n<li>Altura<\/li>\n<li>60&#8243; en total<\/li>\n<\/ul>\n<p>&nbsp;<\/li>\n<li>\n<ul class=\"specPreview\">\n<li>Anchura<\/li>\n<li>21&#8243;<\/li>\n<\/ul>\n<p>&nbsp;<\/li>\n<li>\n<ul class=\"specPreview\">\n<li>Profundidad<\/li>\n<li>24&#8243;<\/li>\n<\/ul>\n<p>&nbsp;<\/li>\n<\/ul>\n<\/div>\n","protected":false},"featured_media":48378,"template":"","meta":{"_acf_changed":false,"inline_featured_image":false},"product_brand":[],"product_cat":[2713,1854,1850],"product_tag":[],"class_list":{"0":"post-19963","1":"product","2":"type-product","3":"status-publish","4":"has-post-thumbnail","6":"product_cat-carro-de-doble-monitor-para-telemedicina","7":"product_cat-carros-de-telemedicina","8":"product_cat-carros-medicos","9":"pa_model-vid_conf_cart_826-es","11":"first","12":"instock","13":"product-type-simple"},"acf":[],"_links":{"self":[{"href":"https:\/\/afcindustries.com\/es\/wp-json\/wp\/v2\/product\/19963","targetHints":{"allow":["GET"]}}],"collection":[{"href":"https:\/\/afcindustries.com\/es\/wp-json\/wp\/v2\/product"}],"about":[{"href":"https:\/\/afcindustries.com\/es\/wp-json\/wp\/v2\/types\/product"}],"wp:featuredmedia":[{"embeddable":true,"href":"https:\/\/afcindustries.com\/es\/wp-json\/wp\/v2\/media\/48378"}],"wp:attachment":[{"href":"https:\/\/afcindustries.com\/es\/wp-json\/wp\/v2\/media?parent=19963"}],"wp:term":[{"taxonomy":"product_brand","embeddable":true,"href":"https:\/\/afcindustries.com\/es\/wp-json\/wp\/v2\/product_brand?post=19963"},{"taxonomy":"product_cat","embeddable":true,"href":"https:\/\/afcindustries.com\/es\/wp-json\/wp\/v2\/product_cat?post=19963"},{"taxonomy":"product_tag","embeddable":true,"href":"https:\/\/afcindustries.com\/es\/wp-json\/wp\/v2\/product_tag?post=19963"}],"curies":[{"name":"wp","href":"https:\/\/api.w.org\/{rel}","templated":true}]}}