{"id":19958,"date":"2022-01-29T12:31:18","date_gmt":"2022-01-29T17:31:18","guid":{"rendered":"https:\/\/afcindustries.com\/product\/lampara-de-trabajo-flexible-de-sobremesa\/"},"modified":"2024-11-30T11:48:09","modified_gmt":"2024-11-30T16:48:09","slug":"lampara-de-trabajo-flexible-de-sobremesa","status":"publish","type":"product","link":"https:\/\/afcindustries.com\/es\/producto\/lampara-de-trabajo-flexible-de-sobremesa\/","title":{"rendered":"L\u00e1mpara de trabajo flexible de sobremesa"},"content":{"rendered":"<h2>L\u00e1mpara de trabajo de lectura montada en el escritorio<\/h2>\n<div id=\"color_choice\"><\/div>\n<p>Esta l\u00e1mpara de escritorio de pinza de primera calidad, con un dise\u00f1o minimalista pero elegante, es tambi\u00e9n ajustable a trav\u00e9s de su cuello plegable. Se puede poner o quitar f\u00e1cilmente de cualquier borde del escritorio, lo que hace que sea conveniente colocarlo en la ubicaci\u00f3n deseada del borde del escritorio.<\/p>\n<p>Su dise\u00f1o sencillo no a\u00f1ade desorden a la mesa de trabajo y proporciona la tan necesaria luz ambiental para los ojos del usuario. Fabricado con materiales de alta calidad que garantizan un uso duradero.<\/p>\n<p>Una luz de trabajo montada en el escritorio con luces led blancas o rojas que se puede montar f\u00e1cilmente en cualquier tipo de escritorio.<\/p>\n<p>Fabricamos equipos de mobiliario ergon\u00f3mico de alta calidad que superan las expectativas est\u00e1ndar de practicidad y funcionalidad. Nuestros productos est\u00e1n garantizados con una garant\u00eda total del producto. Fabricamos productos que ofrecen a nuestros clientes la tranquilidad de obtener el m\u00e1ximo rendimiento de su inversi\u00f3n.<\/p>\n<p>P\u00f3ngase en contacto con nosotros para una consulta gratuita con nuestro amable y servicial especialista en equipamiento t\u00e9cnico de mobiliario ergon\u00f3mico.<\/p>\n<div class=\"desksize\"><\/div>\n","protected":false},"excerpt":{"rendered":"<h1 class=\"product-h3\"><span id=\"ctl00_ContentPlaceHolder1_lblH3\">L\u00e1mpara de sobremesa de trabajo<\/span><\/h1>\n<div class=\"col-md-6 col-sm-6 col-xs-12 detailList\"><span id=\"ctl00_ContentPlaceHolder1_lblDetails\"><\/span><br \/>\n<span id=\"ctl00_ContentPlaceHolder1_lblFeatures\"><\/span><\/div>\n<div class=\"col-md-6 col-sm-6 col-xs-12\">\n<p>&nbsp;<\/p>\n<\/div>\n","protected":false},"featured_media":14326,"template":"","meta":{"_acf_changed":false,"inline_featured_image":false},"product_brand":[],"product_cat":[1783,2722,1784],"product_tag":[],"class_list":{"0":"post-19958","1":"product","2":"type-product","3":"status-publish","4":"has-post-thumbnail","6":"product_cat-accesorios","7":"product_cat-lampara-de-trabajo-flexible-de-sobremesa","8":"product_cat-todos-los-accesorios","9":"pa_model-tal650-es","11":"first","12":"instock","13":"product-type-simple"},"acf":[],"_links":{"self":[{"href":"https:\/\/afcindustries.com\/es\/wp-json\/wp\/v2\/product\/19958","targetHints":{"allow":["GET"]}}],"collection":[{"href":"https:\/\/afcindustries.com\/es\/wp-json\/wp\/v2\/product"}],"about":[{"href":"https:\/\/afcindustries.com\/es\/wp-json\/wp\/v2\/types\/product"}],"wp:featuredmedia":[{"embeddable":true,"href":"https:\/\/afcindustries.com\/es\/wp-json\/wp\/v2\/media\/14326"}],"wp:attachment":[{"href":"https:\/\/afcindustries.com\/es\/wp-json\/wp\/v2\/media?parent=19958"}],"wp:term":[{"taxonomy":"product_brand","embeddable":true,"href":"https:\/\/afcindustries.com\/es\/wp-json\/wp\/v2\/product_brand?post=19958"},{"taxonomy":"product_cat","embeddable":true,"href":"https:\/\/afcindustries.com\/es\/wp-json\/wp\/v2\/product_cat?post=19958"},{"taxonomy":"product_tag","embeddable":true,"href":"https:\/\/afcindustries.com\/es\/wp-json\/wp\/v2\/product_tag?post=19958"}],"curies":[{"name":"wp","href":"https:\/\/api.w.org\/{rel}","templated":true}]}}