{"id":19956,"date":"2022-01-29T12:30:39","date_gmt":"2022-01-29T17:30:39","guid":{"rendered":"https:\/\/afcindustries.com\/product\/armario-esquinero-elevador-de-tv-retractil\/"},"modified":"2024-11-30T11:48:09","modified_gmt":"2024-11-30T16:48:09","slug":"armario-esquinero-elevador-de-tv-retractil","status":"publish","type":"product","link":"https:\/\/afcindustries.com\/es\/producto\/armario-esquinero-elevador-de-tv-retractil\/","title":{"rendered":"Armario esquinero elevador de TV retr\u00e1ctil"},"content":{"rendered":"<h2>Armario esquinero elevador de TV el\u00e9ctrico<\/h2>\n<div id=\"color_choice\">\n<div id=\"ctl00_ContentPlaceHolder1_color1_pnlColor\" class=\"option-Style-Panel1\">\n<div class=\"color-container\">\n<div class=\"color-item\">\n<div id=\"Cream\" class=\"color-item-big\"><img decoding=\"async\" src=\"https:\/\/afcindustries.com\/wp-content\/uploads\/2022\/01\/Cream-1.jpg\" alt=\"Crema\" title=\"\"><\/div>\n<\/div>\n<\/div>\n<\/div>\n<\/div>\n<p>Este mueble esquinero retr\u00e1ctil de gran valor que muestra y oculta la pantalla plana del televisor. Un mueble con m\u00faltiples estantes capaz de almacenar reproductores y dispositivos multimedia.<\/p>\n<p>Elegante y lujoso acabado en madera que combina con dise\u00f1os de interiores contempor\u00e1neos, modernos y cl\u00e1sicos, este mueble esquinero elevador de TV el\u00e9ctrico es un mueble ideal para el hogar o la oficina para disfrutar del entretenimiento televisivo.<\/p>\n<div class=\"desksize\"><\/div>\n","protected":false},"excerpt":{"rendered":"<h1 class=\"product-h3\"><span id=\"ctl00_ContentPlaceHolder1_lblH3\">Armario el\u00e9ctrico de esquina para TV<\/span><\/h1>\n<div class=\"col-md-6 col-sm-6 col-xs-12 detailList\">\n<ul>\n<li>Soporte elevador oculto de TV con forma personalizada<\/li>\n<li>Dispone de varios armarios montados en la puerta<\/li>\n<li>Construcci\u00f3n ergon\u00f3mica que permite montar cualquier televisor de pantalla plana o LCD de gran tama\u00f1o<\/li>\n<\/ul>\n<p>&nbsp;<\/p>\n<p>&nbsp;<\/p>\n<\/div>\n<div class=\"col-md-6 col-sm-6 col-xs-12\">\n<p>&nbsp;<\/p>\n<\/div>\n","protected":false},"featured_media":13755,"template":"","meta":{"_acf_changed":false,"inline_featured_image":false},"product_brand":[],"product_cat":[2689,1814],"product_tag":[],"class_list":{"0":"post-19956","1":"product","2":"type-product","3":"status-publish","4":"has-post-thumbnail","6":"product_cat-armario-esquinero-elevador-de-tv-retractil","7":"product_cat-productos-personalizados","9":"first","10":"instock","11":"product-type-simple"},"acf":[],"_links":{"self":[{"href":"https:\/\/afcindustries.com\/es\/wp-json\/wp\/v2\/product\/19956","targetHints":{"allow":["GET"]}}],"collection":[{"href":"https:\/\/afcindustries.com\/es\/wp-json\/wp\/v2\/product"}],"about":[{"href":"https:\/\/afcindustries.com\/es\/wp-json\/wp\/v2\/types\/product"}],"wp:featuredmedia":[{"embeddable":true,"href":"https:\/\/afcindustries.com\/es\/wp-json\/wp\/v2\/media\/13755"}],"wp:attachment":[{"href":"https:\/\/afcindustries.com\/es\/wp-json\/wp\/v2\/media?parent=19956"}],"wp:term":[{"taxonomy":"product_brand","embeddable":true,"href":"https:\/\/afcindustries.com\/es\/wp-json\/wp\/v2\/product_brand?post=19956"},{"taxonomy":"product_cat","embeddable":true,"href":"https:\/\/afcindustries.com\/es\/wp-json\/wp\/v2\/product_cat?post=19956"},{"taxonomy":"product_tag","embeddable":true,"href":"https:\/\/afcindustries.com\/es\/wp-json\/wp\/v2\/product_tag?post=19956"}],"curies":[{"name":"wp","href":"https:\/\/api.w.org\/{rel}","templated":true}]}}