{"id":19954,"date":"2022-01-29T12:30:30","date_gmt":"2022-01-29T17:30:30","guid":{"rendered":"https:\/\/afcindustries.com\/product\/soporte-de-pared-para-monitor-de-ordenador-con-bandeja-para-teclado-y-raton\/"},"modified":"2024-10-09T09:48:40","modified_gmt":"2024-10-09T13:48:40","slug":"soporte-de-pared-para-monitor-de-ordenador-con-bandeja-para-teclado-y-raton","status":"publish","type":"product","link":"https:\/\/afcindustries.com\/es\/producto\/soporte-de-pared-para-monitor-de-ordenador-con-bandeja-para-teclado-y-raton\/","title":{"rendered":"Soporte de pared para monitor de ordenador con bandeja para teclado y rat\u00f3n"},"content":{"rendered":"<h1>Soporte para monitor de ordenador montado en la pared de altura ajustable<\/h1>\n<div id=\"color_choice\">\n<div id=\"ctl00_ContentPlaceHolder1_color1_pnlColor\" class=\"option-Style-Panel1\">\n<div class=\"color-container\">\n<div class=\"color-item\">\n<p>&nbsp;<\/p>\n<div id=\"White\" class=\"color-item-big\"><img decoding=\"async\" src=\"https:\/\/afcindustries.com\/wp-content\/uploads\/2022\/01\/White-1.jpg\" alt=\"Blanco\" title=\"\"><\/div>\n<\/div>\n<\/div>\n<\/div>\n<\/div>\n<p>Este soporte de pared para monitor de ordenador con bandeja para teclado y rat\u00f3n se puede plegar perfectamente en la pared cuando no se utiliza. Es una soluci\u00f3n de bajo perfil y f\u00e1cil de usar que ahorra espacio.<\/p>\n<p>El soporte de pared se adapta a la mayor\u00eda de los operadores en posici\u00f3n sentada o de pie. Cuando no se utiliza, se pliega perfectamente en la pared, guard\u00e1ndose discretamente.<\/p>\n<p><strong>El mejor dise\u00f1o ergon\u00f3mico y c\u00f3modo:<\/strong> Dise\u00f1ado para la comodidad para reducir el estr\u00e9s y mantener la postura durante el trabajo.<\/p>\n<p><strong>Soluci\u00f3n de montaje firme:<\/strong>nuestros muebles pueden sujetarse firmemente a las paredes, suelos o techos y pueden soportar el peso adicional de su equipo.<\/p>\n<p><strong>F\u00e1cil de usar:<\/strong> f\u00e1cil de manejar sin necesidad de horas de formaci\u00f3n del usuario. Muy f\u00e1cil de configurar para adaptarse a las preferencias de cada usuario.<\/p>\n<p><strong>Colocaci\u00f3n correcta de la CPU del ordenador:<\/strong> La CPU del ordenador se encuentra fuera de peligro, lo que permite a los usuarios moverse libremente.<\/p>\n<p><strong>Construido seg\u00fan las especificaciones:<\/strong> Se puede especificar para acomodar las necesidades \u00fanicas y el entorno de trabajo de los usuarios individuales antes de la fabricaci\u00f3n.<\/p>\n<p><strong>Garantizado con la garant\u00eda del producto:<\/strong> Cubierto con la garant\u00eda de producto del fabricante que da seguridad a los compradores en caso de que el producto no cumpla con las expectativas.<\/p>\n<p><strong>Equipo de fabricaci\u00f3n de confianza:<\/strong> Nuestros dise\u00f1adores, ingenieros y fabricantes utilizan sus habilidades y talentos para ofrecerle el producto de mayor calidad que usted merece.<\/p>\n<p><strong>Asistencia en la planificaci\u00f3n del espacio de trabajo:<\/strong> Proporcionamos asistencia en la planificaci\u00f3n en la instalaci\u00f3n o renovaci\u00f3n de sus instalaciones de trabajo.<\/p>\n<p><strong>Ayuda para la instalaci\u00f3n:<\/strong> Proporcionamos asistencia exhaustiva en el despliegue de su mobiliario para el servicio.<\/p>\n<p>AFC fabrica equipos de mobiliario de alta calidad que superan las expectativas est\u00e1ndar de practicidad, funcionalidad y ergonom\u00eda. Nuestros productos est\u00e1n garantizados con una garant\u00eda total del producto. Construimos productos que ofrecen a nuestros clientes la tranquilidad de obtener el m\u00e1ximo rendimiento de su inversi\u00f3n.<\/p>\n<p>P\u00f3ngase en contacto con nosotros para una consulta gratuita con nuestro amable y servicial especialista en mobiliario t\u00e9cnico ergon\u00f3mico.<\/p>\n<div class=\"desksize\"><\/div>\n<h3 class=\"product-h3\"><span id=\"ctl00_ContentPlaceHolder1_lblImageBottom1\">Brazo para monitor de ordenador montado en la pared Caracter\u00edsticas<\/span><\/h3>\n<p><img decoding=\"async\" id=\"ctl00_ContentPlaceHolder1_imgDetailImageCall\" class=\"img-responsive\" style=\"border-width: 0px\" src=\"https:\/\/afcindustries.com\/wp-content\/uploads\/2022\/01\/772239-wall-mounted-computer-monitor-arm-features.jpg\" alt=\"Monitor de ordenador montado en la pared con teclado y rat\u00f3n Dise\u00f1o de bandeja plegable Especificaciones\" title=\"\"><\/p>\n<div id=\"ctl00_ContentPlaceHolder1_pnlImageContainer\"><\/div>\n<h3 class=\"product-h3\"><span id=\"ctl00_ContentPlaceHolder1_lblImageBottom2\">Brazo para monitor de ordenador M\u00e1s funciones<\/span><\/h3>\n<p><img decoding=\"async\" id=\"ctl00_ContentPlaceHolder1_imgDetailImageCall2\" class=\"img-responsive\" style=\"border-width: 0px\" src=\"https:\/\/afcindustries.com\/wp-content\/uploads\/2022\/01\/772239-computer-monitor-arm-more-features.jpg\" alt=\"Monitor de ordenador montado en la pared con teclado y rat\u00f3n Bandeja plegable Caracter\u00edsticas funcionales\" title=\"\"><\/p>\n<h3 class=\"product-h3\"><span id=\"ctl00_ContentPlaceHolder1_lblImageBottom3\">Brazo para monitor de ordenador Caracter\u00edsticas adicionales<\/span><\/h3>\n<p><img decoding=\"async\" id=\"ctl00_ContentPlaceHolder1_imgDetailImageCall3\" class=\"img-responsive\" style=\"border-width: 0px\" src=\"https:\/\/afcindustries.com\/wp-content\/uploads\/2022\/01\/772239-computer-monitor-arm-additional-features.jpg\" alt=\"Brazo para monitor de ordenador Caracter\u00edsticas adicionales\" title=\"\"><\/p>\n","protected":false},"excerpt":{"rendered":"<h1 class=\"product-h3\"><span id=\"ctl00_ContentPlaceHolder1_lblH3\">Brazo de monitor ajustable en altura para montaje en pared Caracter\u00edsticas<\/span><\/h1>\n<div class=\"col-md-6 col-sm-6 col-xs-12 detailList\">\n<ul>\n<li>Construcci\u00f3n ligera de aluminio<\/li>\n<li>Revestimiento antimicrobiano para una desinfecci\u00f3n completa<\/li>\n<li>Puestos de trabajo de pie<\/li>\n<li>Mecanismo de bloqueo de la altura en cualquier posici\u00f3n para mayor seguridad, estabilidad y capacidad de carga pesada<\/li>\n<li>Rango completo de movimiento giratorio en cada articulaci\u00f3n<\/li>\n<li>El teclado se pliega para que sea de bajo perfil y tiene un cierre de seguridad<\/li>\n<li>33&#8243; pulgadas cuando se extiende completamente desde la pared<\/li>\n<li>8&#8243; pulgadas cuando se retrae y se pliega a la pared<\/li>\n<li>Soporte de monitor compatible con VESA 75\/100 con inclinaci\u00f3n horizontal y vertical y ajuste de altura de 3 pulgadas<\/li>\n<li>Se incluye un soporte para el rat\u00f3n<\/li>\n<li>Gesti\u00f3n de cables integrada<\/li>\n<li>Color est\u00e1ndar: gris (llamar para colores personalizados)<\/li>\n<\/ul>\n<p>&nbsp;<\/p>\n<p>&nbsp;<\/p>\n<\/div>\n<div class=\"col-md-6 col-sm-6 col-xs-12\">\n<ul class=\"ulpdf\">\n<li style=\"list-style-type: none;\">\n<ul class=\"ulpdf\">\n<li><a id=\"ctl00_ContentPlaceHolder1_hPDF\" href=\"https:\/\/afcindustries.com\/PDFS\/772239_AFC7808_00-01.PDF\" target=\"_blank\" rel=\"noopener\"><img decoding=\"async\" id=\"ctl00_ContentPlaceHolder1_imgPDF\" style=\"border-width: 0px;\" src=\"https:\/\/afcindustries.com\/images\/pdf.gif\" border=\"0\" \/><span id=\"ctl00_ContentPlaceHolder1_lblPDFSKU\" class=\"pdf\">PDF 772239_AFC7808_00-01.pdf<\/span><\/a><\/li>\n<\/ul>\n<\/li>\n<\/ul>\n<ul>\n<li style=\"list-style-type: none;\">\n<ul class=\"specPreview\">\n<li>Altura<\/li>\n<li>&#8211; 21 pulgadas<\/li>\n<\/ul>\n<p>&nbsp;<\/p>\n<ul class=\"specPreview\">\n<li>Anchura<\/li>\n<li>&#8211; 19 pulgadas<\/li>\n<\/ul>\n<ul class=\"specPreview\">\n<li>Profundidad<\/li>\n<li>&#8211; De 8 a 33 pulgadas<\/li>\n<\/ul>\n<\/li>\n<\/ul>\n<\/div>\n","protected":false},"featured_media":46368,"template":"","meta":{"_acf_changed":false,"inline_featured_image":false},"product_brand":[],"product_cat":[1782,1758],"product_tag":[],"class_list":{"0":"post-19954","1":"product","2":"type-product","3":"status-publish","4":"has-post-thumbnail","6":"product_cat-soportes-de-pared-para-ordenador","7":"product_cat-soportes-ergonomicos","8":"pa_model-wm18_afc7808_00-01-es","10":"first","11":"instock","12":"purchasable","13":"product-type-simple"},"acf":[],"_links":{"self":[{"href":"https:\/\/afcindustries.com\/es\/wp-json\/wp\/v2\/product\/19954","targetHints":{"allow":["GET"]}}],"collection":[{"href":"https:\/\/afcindustries.com\/es\/wp-json\/wp\/v2\/product"}],"about":[{"href":"https:\/\/afcindustries.com\/es\/wp-json\/wp\/v2\/types\/product"}],"wp:featuredmedia":[{"embeddable":true,"href":"https:\/\/afcindustries.com\/es\/wp-json\/wp\/v2\/media\/46368"}],"wp:attachment":[{"href":"https:\/\/afcindustries.com\/es\/wp-json\/wp\/v2\/media?parent=19954"}],"wp:term":[{"taxonomy":"product_brand","embeddable":true,"href":"https:\/\/afcindustries.com\/es\/wp-json\/wp\/v2\/product_brand?post=19954"},{"taxonomy":"product_cat","embeddable":true,"href":"https:\/\/afcindustries.com\/es\/wp-json\/wp\/v2\/product_cat?post=19954"},{"taxonomy":"product_tag","embeddable":true,"href":"https:\/\/afcindustries.com\/es\/wp-json\/wp\/v2\/product_tag?post=19954"}],"curies":[{"name":"wp","href":"https:\/\/api.w.org\/{rel}","templated":true}]}}