{"id":19948,"date":"2022-01-29T12:30:53","date_gmt":"2022-01-29T17:30:53","guid":{"rendered":"https:\/\/afcindustries.com\/product\/soporte-de-pantalla-plana-con-abrazadera-para-escritorio\/"},"modified":"2024-11-30T11:47:35","modified_gmt":"2024-11-30T16:47:35","slug":"soporte-de-pantalla-plana-con-abrazadera-para-escritorio","status":"publish","type":"product","link":"https:\/\/afcindustries.com\/es\/producto\/soporte-de-pantalla-plana-con-abrazadera-para-escritorio\/","title":{"rendered":"Soporte de pantalla plana con abrazadera para escritorio"},"content":{"rendered":"<h2>Soporte de pantalla plana con abrazadera para escritorio<\/h2>\n<div id=\"color_choice\">\n<div id=\"ctl00_ContentPlaceHolder1_color1_pnlColor\" class=\"option-Style-Panel1\">\n<div class=\"color-container\">\n<div class=\"color-item\">\n<p>&nbsp;<\/p>\n<div id=\"Black\" class=\"color-item-big\"><img decoding=\"async\" src=\"https:\/\/afcindustries.com\/wp-content\/uploads\/2022\/01\/Black-1.jpg\" alt=\"Negro\" title=\"\"><\/div>\n<\/div>\n<\/div>\n<\/div>\n<\/div>\n<p>Este soporte de pantalla plana de alta calidad ofrece a sus usuarios el \u00e1ngulo de visi\u00f3n perfecto de los monitores de pantalla plana gracias a su mecanismo de f\u00e1cil ajuste. Es muy pr\u00e1ctico de llevar y se puede fijar f\u00e1cilmente a cualquier escritorio o borde de mesa. Todos los materiales utilizados son de primera calidad para garantizar una mayor vida \u00fatil.<\/p>\n<p><strong>El mejor dise\u00f1o ergon\u00f3mico y c\u00f3modo:<\/strong> Dise\u00f1ado para la comodidad para reducir el estr\u00e9s y mantener la postura durante el trabajo.<\/p>\n<p><strong>Soluci\u00f3n de montaje firme:<\/strong>nuestros muebles pueden sujetarse firmemente a las paredes, suelos o techos y pueden soportar el peso adicional de su equipo.<\/p>\n<p><strong>F\u00e1cil de usar:<\/strong> f\u00e1cil de manejar sin necesidad de horas de formaci\u00f3n del usuario. Muy f\u00e1cil de configurar para adaptarse a las preferencias de cada usuario.<\/p>\n<p><strong>Colocaci\u00f3n correcta de la CPU del ordenador:<\/strong> La CPU del ordenador se encuentra fuera de peligro, lo que permite a los usuarios moverse libremente.<\/p>\n<p><strong>Construido seg\u00fan las especificaciones:<\/strong> Se puede especificar para acomodar las necesidades \u00fanicas y el entorno de trabajo de los usuarios individuales antes de la fabricaci\u00f3n.<\/p>\n<p><strong>Garantizado con la garant\u00eda del producto:<\/strong> Cubierto con la garant\u00eda de producto del fabricante que da seguridad a los compradores en caso de que el producto no cumpla con las expectativas.<\/p>\n<p><strong>Equipo de fabricaci\u00f3n de confianza:<\/strong> Nuestros dise\u00f1adores, ingenieros y fabricantes utilizan sus habilidades y talentos para ofrecerle el producto de mayor calidad que usted merece.<\/p>\n<p><strong>Asistencia en la planificaci\u00f3n del espacio de trabajo:<\/strong> Proporcionamos asistencia en la planificaci\u00f3n en la instalaci\u00f3n o renovaci\u00f3n de sus instalaciones de trabajo.<\/p>\n<p><strong>Ayuda para la instalaci\u00f3n:<\/strong> Proporcionamos asistencia exhaustiva en el despliegue de su mobiliario para el servicio.<\/p>\n<p>AFC fabrica equipos de mobiliario de alta calidad que superan las expectativas est\u00e1ndar de practicidad, funcionalidad y ergonom\u00eda. Nuestros productos est\u00e1n garantizados con una garant\u00eda total del producto. Construimos productos que ofrecen a nuestros clientes la tranquilidad de obtener el m\u00e1ximo rendimiento de su inversi\u00f3n.<\/p>\n<p>P\u00f3ngase en contacto con nosotros para una consulta gratuita con nuestro amable y servicial especialista en equipamiento t\u00e9cnico de mobiliario ergon\u00f3mico.<\/p>\n<div class=\"desksize\"><\/div>\n<h3 class=\"product-h3\"><span id=\"ctl00_ContentPlaceHolder1_lblImageBottom1\">Caracter\u00edsticas del brazo de visualizaci\u00f3n del monitor<\/span><\/h3>\n<p><img decoding=\"async\" id=\"ctl00_ContentPlaceHolder1_imgDetailImageCall\" class=\"img-responsive\" style=\"border-width: 0px\" src=\"https:\/\/afcindustries.com\/wp-content\/uploads\/2022\/01\/771313-monitor-display-arm-features.jpg\" alt=\"Caracter\u00edsticas del brazo de visualizaci\u00f3n del monitor\" title=\"\"><\/p>\n<div id=\"ctl00_ContentPlaceHolder1_pnlImageContainer\"><\/div>\n<h3 class=\"product-h3\"><span id=\"ctl00_ContentPlaceHolder1_lblImageBottom2\">Brazo de la pantalla del monitor M\u00e1s funciones<\/span><\/h3>\n<p><img decoding=\"async\" id=\"ctl00_ContentPlaceHolder1_imgDetailImageCall2\" class=\"img-responsive\" style=\"border-width: 0px\" src=\"https:\/\/afcindustries.com\/wp-content\/uploads\/2022\/01\/771313-monitor-display-arm-more-features.jpg\" alt=\"Brazo de la pantalla del monitor M\u00e1s funciones\" title=\"\"><\/p>\n<h3 class=\"product-h3\"><span id=\"ctl00_ContentPlaceHolder1_lblImageBottom3\">Brazo de visualizaci\u00f3n del monitor Caracter\u00edsticas adicionales<\/span><\/h3>\n<p><img decoding=\"async\" id=\"ctl00_ContentPlaceHolder1_imgDetailImageCall3\" class=\"img-responsive\" style=\"border-width: 0px\" src=\"https:\/\/afcindustries.com\/wp-content\/uploads\/2022\/01\/771313-monitor-display-arm-additional-features.jpg\" alt=\"Brazo de visualizaci\u00f3n del monitor Caracter\u00edsticas adicionales\" title=\"\"><\/p>\n","protected":false},"excerpt":{"rendered":"<h1 class=\"product-h3\"><span id=\"ctl00_ContentPlaceHolder1_lblH3\">Soporte de monitor de pantalla plana con abrazadera para escritorio<\/span><\/h1>\n<div class=\"col-md-6 col-sm-6 col-xs-12 detailList\">\n<ul>\n<li>Capacidad del brazo del monitor de 6,6 lbs. a 17,6 libras.<\/li>\n<li>Cumple con el est\u00e1ndar VESA (Video Electronics Standards Association), se suministran dos placas de montaje: (75x75mm &amp; 100x100mm)<\/li>\n<li>La pantalla gira 180 grados hacia arriba o hacia abajo. (90 grados hacia arriba y 90 grados hacia abajo)<\/li>\n<li>La pantalla gira 180 grados hacia delante o hacia atr\u00e1s.<\/li>\n<li>La pantalla gira 270 grados a la izquierda o a la derecha.<\/li>\n<li>Brazo de monitor ajustable en altura<\/li>\n<\/ul>\n<p>&nbsp;<\/p>\n<p>&nbsp;<\/p>\n<\/div>\n<div class=\"col-md-6 col-sm-6 col-xs-12\">\n<ul class=\"ulpdf\">\n<li><a id=\"ctl00_ContentPlaceHolder1_hPDF\" href=\"https:\/\/afcindustries.com\/PDFS\/AFC02.PDF\" target=\"_blank\" rel=\"noopener\"><img decoding=\"async\" id=\"ctl00_ContentPlaceHolder1_imgPDF\" style=\"border-width: 0px;\" src=\"https:\/\/afcindustries.com\/images\/pdf.gif\" border=\"0\" \/><span id=\"ctl00_ContentPlaceHolder1_lblPDFSKU\" class=\"pdf\">PDF AFC02.PDF<\/span><\/a><\/li>\n<\/ul>\n<ul>\n<li>\n<ul class=\"specPreview\">\n<li>Altura<\/li>\n<li>15.2&#8243;<\/li>\n<\/ul>\n<p>&nbsp;<\/li>\n<\/ul>\n<\/div>\n","protected":false},"featured_media":14000,"template":"","meta":{"_acf_changed":false,"inline_featured_image":false},"product_brand":[],"product_cat":[2668,1758,1761],"product_tag":[],"class_list":{"0":"post-19948","1":"product","2":"type-product","3":"status-publish","4":"has-post-thumbnail","6":"product_cat-soporte-de-pantalla-plana-con-abrazadera","7":"product_cat-soportes-ergonomicos","8":"product_cat-soportes-para-monitores-de-sobremesa","9":"pa_model-afc02-es","11":"first","12":"instock","13":"product-type-simple"},"acf":[],"_links":{"self":[{"href":"https:\/\/afcindustries.com\/es\/wp-json\/wp\/v2\/product\/19948","targetHints":{"allow":["GET"]}}],"collection":[{"href":"https:\/\/afcindustries.com\/es\/wp-json\/wp\/v2\/product"}],"about":[{"href":"https:\/\/afcindustries.com\/es\/wp-json\/wp\/v2\/types\/product"}],"wp:featuredmedia":[{"embeddable":true,"href":"https:\/\/afcindustries.com\/es\/wp-json\/wp\/v2\/media\/14000"}],"wp:attachment":[{"href":"https:\/\/afcindustries.com\/es\/wp-json\/wp\/v2\/media?parent=19948"}],"wp:term":[{"taxonomy":"product_brand","embeddable":true,"href":"https:\/\/afcindustries.com\/es\/wp-json\/wp\/v2\/product_brand?post=19948"},{"taxonomy":"product_cat","embeddable":true,"href":"https:\/\/afcindustries.com\/es\/wp-json\/wp\/v2\/product_cat?post=19948"},{"taxonomy":"product_tag","embeddable":true,"href":"https:\/\/afcindustries.com\/es\/wp-json\/wp\/v2\/product_tag?post=19948"}],"curies":[{"name":"wp","href":"https:\/\/api.w.org\/{rel}","templated":true}]}}