{"id":19940,"date":"2022-01-29T12:30:39","date_gmt":"2022-01-29T17:30:39","guid":{"rendered":"https:\/\/afcindustries.com\/product\/comunicacion-remota-con-el-carro-de-la-tableta-de-peso-ligero\/"},"modified":"2024-11-30T11:47:16","modified_gmt":"2024-11-30T16:47:16","slug":"comunicacion-remota-con-el-carro-de-la-tableta-de-peso-ligero","status":"publish","type":"product","link":"https:\/\/afcindustries.com\/es\/producto\/comunicacion-remota-con-el-carro-de-la-tableta-de-peso-ligero\/","title":{"rendered":"Comunicaci\u00f3n remota con el carro de la tableta de peso ligero"},"content":{"rendered":"<h2>Carrito de tabletas de peso ligero Quarantine Medical<\/h2>\n<div id=\"color_choice\">\n<div id=\"ctl00_ContentPlaceHolder1_color1_pnlColor\" class=\"option-Style-Panel1\">\n<div class=\"color-container\">\n<div class=\"color-item\">\n<p>&nbsp;<\/p>\n<div id=\"White\" class=\"color-item-big\"><img decoding=\"async\" src=\"https:\/\/afcindustries.com\/wp-content\/uploads\/2022\/01\/White-1.jpg\" alt=\"Blanco\" title=\"\"><\/div>\n<\/div>\n<\/div>\n<\/div>\n<\/div>\n<p>Un carro de tableta m\u00f3vil para la introducci\u00f3n de datos a distancia. es ligero y ajustable en altura con un marco de bloqueo seguro para la tableta. Este carro puede moverse f\u00e1cilmente de un lugar a otro. Dise\u00f1ado espec\u00edficamente para ser ligero pero robusto y seguro.<\/p>\n<p>Conecte cualquiera de las tabletas de hoy en d\u00eda y estar\u00e1 listo para empezar.<br \/>\nConstruido a partir de componentes de acero con una base de acero ponderada para el equilibrio y la estabilidad. Viene con cerradura y llave de seguridad disponibles. Disponible con determinados accesorios y una variedad de opciones de ruedas.<\/p>\n<ul>\n<li><strong>El mejor dise\u00f1o ergon\u00f3mico y confortable:<\/strong> Confort de trabajo que reduce el estr\u00e9s.<\/li>\n<li><strong>Mantiene una buena salud:<\/strong> Elimina las lesiones por esfuerzo repetitivo (RSI), los dolores musculares, las molestias corporales, la tensi\u00f3n ocular y la fatiga. Aumenta la productividad y la circulaci\u00f3n sangu\u00ednea saludable.<\/li>\n<li><strong>F\u00e1cil de usar:<\/strong> f\u00e1cil de manejar sin necesidad de horas de formaci\u00f3n del usuario. Muy f\u00e1cil de configurar para adaptarse a las preferencias de cada usuario.<\/li>\n<li><strong>Acceso a puertos de datos y tomas de corriente:<\/strong> Aumenta la productividad y la eficiencia gracias a la facilidad de acceso a los puertos de datos y las tomas de corriente.<\/li>\n<li><strong>Superficie y bordes laminados de primera calidad:<\/strong> Las superficies laminadas, los bordes lisos y las esquinas eliminan el riesgo de lesiones; tambi\u00e9n mantiene el equipo con un aspecto limpio.<\/li>\n<li><strong>Gesti\u00f3n limpia de los cables:<\/strong> Los cables est\u00e1n ocultos de forma segura para eliminar el riesgo de accidentes que pueda causar a personas o equipos.<\/li>\n<li><strong>Construido seg\u00fan las especificaciones:<\/strong> Se puede especificar para acomodar las necesidades \u00fanicas y el entorno de trabajo de los usuarios individuales antes de la fabricaci\u00f3n.<\/li>\n<li><strong>Garantizado con la garant\u00eda del producto:<\/strong> Cubierto con la garant\u00eda de producto del fabricante que da seguridad a los compradores en caso de que el producto no cumpla con las expectativas.<\/li>\n<li><strong>Equipo de fabricaci\u00f3n de confianza:<\/strong> Los dise\u00f1adores, ingenieros y fabricantes comprenden los deseos de los usuarios finales de los productos.<\/li>\n<li><strong>Asistencia en la planificaci\u00f3n del espacio de trabajo:<\/strong> Se le proporciona asistencia en la fase de planificaci\u00f3n o renovaci\u00f3n de sus instalaciones de trabajo.<\/li>\n<li><strong>Ayuda para la instalaci\u00f3n:<\/strong> Se le proporciona una asistencia exhaustiva en el despliegue del equipo para el servicio.<\/li>\n<li><strong>Carro para equipos m\u00e9dicos vers\u00e1til:<\/strong> Se adapta a diferentes usos y entornos.<\/li>\n<\/ul>\n<p>Compatible con los siguientes modelos de tabletas:<\/p>\n<p><strong>Manzana<\/strong><\/p>\n<ul>\n<li>iPad 10.2 \/ 10.5<\/li>\n<li>iPad Pro 11<\/li>\n<li>iPad Air 2<\/li>\n<li>iPad 2<\/li>\n<li>iPad Pro 9.7<\/li>\n<\/ul>\n<p><strong>Lenovo<\/strong><\/p>\n<ul>\n<li>Ficha 10<\/li>\n<\/ul>\n<p><strong>Microsoft<\/strong><\/p>\n<ul>\n<li>Surface Pro 3<\/li>\n<li>Surface Pro X<\/li>\n<\/ul>\n<p><strong>HP<\/strong><\/p>\n<ul>\n<li>Tableta Pro 10 EE G1<\/li>\n<li>Elite X2<\/li>\n<\/ul>\n<p><strong>DELL<\/strong><\/p>\n<ul>\n<li>Latitud 7390<\/li>\n<\/ul>\n<p><b>Nota: Actualmente s\u00f3lo est\u00e1 disponible en color blanco.<\/b> La pila y el portapilas no est\u00e1n incluidos. Todos los accesorios que aparecen en las im\u00e1genes marcadas con un c\u00edrculo son complementos opcionales.<\/p>\n<div class=\"desksize\"><\/div>\n<h3 class=\"product-h3\"><span id=\"ctl00_ContentPlaceHolder1_lblImageBottom1\">Caracter\u00edsticas del carrito de la cuarentena<\/span><\/h3>\n<p><img decoding=\"async\" id=\"ctl00_ContentPlaceHolder1_imgDetailImageCall\" class=\"img-responsive\" style=\"border-width: 0px\" src=\"https:\/\/afcindustries.com\/wp-content\/uploads\/2022\/01\/772815-quarantine-tablet-cart-features.jpg\" alt=\"Caracter\u00edsticas del carro de la cuarentena de datos a distancia de peso ligero\" title=\"\"><\/p>\n<div id=\"ctl00_ContentPlaceHolder1_pnlImageContainer\"><\/div>\n<h3 class=\"product-h3\"><span id=\"ctl00_ContentPlaceHolder1_lblImageBottom2\">Cesta de la tableta de cuarentena M\u00e1s funciones<\/span><\/h3>\n<p><img decoding=\"async\" id=\"ctl00_ContentPlaceHolder1_imgDetailImageCall2\" class=\"img-responsive\" style=\"border-width: 0px\" src=\"https:\/\/afcindustries.com\/wp-content\/uploads\/2022\/01\/772815-quarantine-tablet-cart-more-features.jpg\" alt=\"Cesta de la tableta de cuarentena M\u00e1s funciones\" title=\"\"><\/p>\n<h3 class=\"product-h3\"><\/h3>\n","protected":false},"excerpt":{"rendered":"<h1 class=\"product-h3\"><span id=\"ctl00_ContentPlaceHolder1_lblH3\">Carro de la tableta Entrada de datos a distancia Peso ligero<\/span><\/h1>\n<div class=\"col-md-6 col-sm-6 col-xs-12 detailList\">\n<ul>\n<li>Dise\u00f1o robusto y ligero<\/li>\n<li>Poste ajustable en altura con tornillos de liberaci\u00f3n r\u00e1pida<\/li>\n<li>El soporte universal se adapta a todas las tabletas.<\/li>\n<li>Marco de bloqueo seguro para la tableta hecho para adaptarse a su modelo espec\u00edfico<\/li>\n<li>Ruedas suaves que no se estropean para facilitar la movilidad<\/li>\n<\/ul>\n<p>&nbsp;<\/p>\n<p>&nbsp;<\/p>\n<\/div>\n<div class=\"col-md-6 col-sm-6 col-xs-12\">\n<ul class=\"ulpdf\">\n<li><a id=\"ctl00_ContentPlaceHolder1_hPDF\" href=\"https:\/\/afcindustries.com\/PDFS\/TBC2020-52P-AFC16-IPAD10.2-01.PDF\" target=\"_blank\" rel=\"noopener\"><img decoding=\"async\" id=\"ctl00_ContentPlaceHolder1_imgPDF\" style=\"border-width: 0px;\" src=\"https:\/\/afcindustries.com\/images\/pdf.gif\" border=\"0\" \/><span id=\"ctl00_ContentPlaceHolder1_lblPDFSKU\" class=\"pdf\">PDF TBC2020-52P-AFC16-ipad10.2-01.pdf<\/span><\/a><\/li>\n<\/ul>\n<ul>\n<li>\n<ul class=\"specPreview\">\n<li>Altura<\/li>\n<li>52&#8243;<\/li>\n<\/ul>\n<p>&nbsp;<\/li>\n<li>\n<ul class=\"specPreview\">\n<li>Anchura<\/li>\n<li>22&#8243;<\/li>\n<\/ul>\n<p>&nbsp;<\/li>\n<li>\n<ul class=\"specPreview\">\n<li>Profundidad<\/li>\n<li>22&#8243;<\/li>\n<\/ul>\n<p>&nbsp;<\/li>\n<\/ul>\n<\/div>\n","protected":false},"featured_media":44896,"template":"","meta":{"_acf_changed":false,"inline_featured_image":false},"product_brand":[],"product_cat":[1803,2645,1854,1850],"product_tag":[],"class_list":{"0":"post-19940","1":"product","2":"type-product","3":"status-publish","4":"has-post-thumbnail","6":"product_cat-carro-de-tabletas","7":"product_cat-carro-ligero-de-tabletas-para-la-cuarentena-de-inicio-de-sesion-de-datos-a-distancia","8":"product_cat-carros-de-telemedicina","9":"product_cat-carros-medicos","10":"pa_model-carro-para-tabletas-maxflex","12":"first","13":"instock","14":"product-type-simple"},"acf":[],"_links":{"self":[{"href":"https:\/\/afcindustries.com\/es\/wp-json\/wp\/v2\/product\/19940","targetHints":{"allow":["GET"]}}],"collection":[{"href":"https:\/\/afcindustries.com\/es\/wp-json\/wp\/v2\/product"}],"about":[{"href":"https:\/\/afcindustries.com\/es\/wp-json\/wp\/v2\/types\/product"}],"wp:featuredmedia":[{"embeddable":true,"href":"https:\/\/afcindustries.com\/es\/wp-json\/wp\/v2\/media\/44896"}],"wp:attachment":[{"href":"https:\/\/afcindustries.com\/es\/wp-json\/wp\/v2\/media?parent=19940"}],"wp:term":[{"taxonomy":"product_brand","embeddable":true,"href":"https:\/\/afcindustries.com\/es\/wp-json\/wp\/v2\/product_brand?post=19940"},{"taxonomy":"product_cat","embeddable":true,"href":"https:\/\/afcindustries.com\/es\/wp-json\/wp\/v2\/product_cat?post=19940"},{"taxonomy":"product_tag","embeddable":true,"href":"https:\/\/afcindustries.com\/es\/wp-json\/wp\/v2\/product_tag?post=19940"}],"curies":[{"name":"wp","href":"https:\/\/api.w.org\/{rel}","templated":true}]}}