{"id":19938,"date":"2022-01-29T12:30:18","date_gmt":"2022-01-29T17:30:18","guid":{"rendered":"https:\/\/afcindustries.com\/product\/organizador-flexible-de-cables\/"},"modified":"2024-10-09T09:48:22","modified_gmt":"2024-10-09T13:48:22","slug":"organizador-flexible-de-cables","status":"publish","type":"product","link":"https:\/\/afcindustries.com\/es\/producto\/organizador-flexible-de-cables\/","title":{"rendered":"Organizador flexible de cables"},"content":{"rendered":"<h1>Organizador de cables<\/h1>\n<div id=\"color_choice\"><\/div>\n<p>Un organizador de cables que mantiene su estaci\u00f3n de trabajo organizada. Se acabaron los cables desordenados bajo el escritorio. Mantiene los cables a salvo de da\u00f1os por tirones accidentales.<\/p>\n<p>Un tubo flexible ondulado para la gesti\u00f3n de cables que ofrece una excelente protecci\u00f3n para los hilos y los cables. Ligero, flexible y proporciona protecci\u00f3n contra la abrasi\u00f3n, resistencia al aplastamiento y f\u00e1cil de instalar.<\/p>\n<p>AFC fabrica equipos de mobiliario de alta calidad que superan las expectativas est\u00e1ndar de practicidad, funcionalidad y ergonom\u00eda. Nuestros productos est\u00e1n garantizados con una garant\u00eda total del producto. Construimos productos que ofrecen a nuestros clientes la tranquilidad de obtener el m\u00e1ximo rendimiento de su inversi\u00f3n.<\/p>\n<p>P\u00f3ngase en contacto con nosotros para una consulta gratuita con nuestro amable y servicial especialista en mobiliario t\u00e9cnico ergon\u00f3mico.<\/p>\n<div class=\"desksize\"><\/div>\n","protected":false},"excerpt":{"rendered":"<h1 class=\"product-h3\"><span id=\"ctl00_ContentPlaceHolder1_lblH3\">Organizador flexible de cables Caracter\u00edsticas<\/span><\/h1>\n<div class=\"col-md-6 col-sm-6 col-xs-12 detailList\">\n<ul>\n<li>Envoltura cil\u00edndrica de 1 pulgada de di\u00e1metro<\/li>\n<li>Material pl\u00e1stico corrugado duradero<\/li>\n<li>Ligero y flexible<\/li>\n<li>Mantenga sus cables y conductos ordenados y organizados<\/li>\n<\/ul>\n<p>&nbsp;<\/p>\n<p><span id=\"ctl00_ContentPlaceHolder1_lblFeatures\">\u00a0<\/span><\/p>\n<\/div>\n","protected":false},"featured_media":13519,"template":"","meta":{"_acf_changed":false,"inline_featured_image":false},"product_brand":[],"product_cat":[1783,2632,1784],"product_tag":[],"class_list":{"0":"post-19938","1":"product","2":"type-product","3":"status-publish","4":"has-post-thumbnail","6":"product_cat-accesorios","7":"product_cat-organizador-de-cables","8":"product_cat-todos-los-accesorios","9":"pa_model-wmf200a-es","11":"first","12":"instock","13":"product-type-simple"},"acf":[],"_links":{"self":[{"href":"https:\/\/afcindustries.com\/es\/wp-json\/wp\/v2\/product\/19938","targetHints":{"allow":["GET"]}}],"collection":[{"href":"https:\/\/afcindustries.com\/es\/wp-json\/wp\/v2\/product"}],"about":[{"href":"https:\/\/afcindustries.com\/es\/wp-json\/wp\/v2\/types\/product"}],"wp:featuredmedia":[{"embeddable":true,"href":"https:\/\/afcindustries.com\/es\/wp-json\/wp\/v2\/media\/13519"}],"wp:attachment":[{"href":"https:\/\/afcindustries.com\/es\/wp-json\/wp\/v2\/media?parent=19938"}],"wp:term":[{"taxonomy":"product_brand","embeddable":true,"href":"https:\/\/afcindustries.com\/es\/wp-json\/wp\/v2\/product_brand?post=19938"},{"taxonomy":"product_cat","embeddable":true,"href":"https:\/\/afcindustries.com\/es\/wp-json\/wp\/v2\/product_cat?post=19938"},{"taxonomy":"product_tag","embeddable":true,"href":"https:\/\/afcindustries.com\/es\/wp-json\/wp\/v2\/product_tag?post=19938"}],"curies":[{"name":"wp","href":"https:\/\/api.w.org\/{rel}","templated":true}]}}