{"id":19937,"date":"2022-01-29T12:30:53","date_gmt":"2022-01-29T17:30:53","guid":{"rendered":"https:\/\/afcindustries.com\/product\/soporte-de-quiosco-ergonomico-de-alta-calidad-para-tabletas\/"},"modified":"2024-11-30T11:46:59","modified_gmt":"2024-11-30T16:46:59","slug":"soporte-de-quiosco-ergonomico-de-alta-calidad-para-tabletas","status":"publish","type":"product","link":"https:\/\/afcindustries.com\/es\/producto\/soporte-de-quiosco-ergonomico-de-alta-calidad-para-tabletas\/","title":{"rendered":"Soporte de quiosco ergon\u00f3mico de alta calidad para tabletas"},"content":{"rendered":"<h2>Soporte de quiosco para tabletas<\/h2>\n<div id=\"color_choice\">\n<div id=\"ctl00_ContentPlaceHolder1_color1_pnlColor\" class=\"option-Style-Panel1\">\n<div class=\"color-container\">\n<div class=\"color-item\">\n<div id=\"Black\" class=\"color-item-big\"><img decoding=\"async\" src=\"https:\/\/afcindustries.com\/wp-content\/uploads\/2022\/01\/Black-1.jpg\" alt=\"Negro\" title=\"\"><\/div>\n<\/div>\n<\/div>\n<\/div>\n<\/div>\n<p>El soporte ergon\u00f3mico de quiosco para tabletas es el dispositivo m\u00e1s flexible y f\u00e1cil de usar. Las extensiones de los brazos de este carro para tabletas m\u00e9dicas permiten a los m\u00e9dicos y proveedores de atenci\u00f3n sanitaria ofrecer informaci\u00f3n a sus pacientes de forma eficiente para un proceso de atenci\u00f3n sanitaria interactivo.<\/p>\n<ul>\n<li><strong>El mejor dise\u00f1o ergon\u00f3mico y confortable:<\/strong> Comodidad de trabajo que reduce el estr\u00e9s.<\/li>\n<li><strong>Mantiene una buena salud:<\/strong> Elimina las lesiones por esfuerzo repetitivo (RSI), los dolores musculares, las molestias corporales y la fatiga visual,y la fatiga. Aumenta la productividad y la salud de la sangrecirculaci\u00f3n.<\/li>\n<li><strong>F\u00e1cil de usar:<\/strong> f\u00e1cil de manejar sin necesidad de horas de formaci\u00f3n del usuario. Muy f\u00e1cil de configurar para acomodarpreferencias individuales de los usuarios.<\/li>\n<li><strong>Acceso a los puertos de datos y a las tomas de corriente:<\/strong>Aumenta la productividad y la eficiencia gracias a la facilidad de acceso a los datospuertos y tomas de corriente.<\/li>\n<li><strong>Superficie y bordes laminados de primera calidad:<\/strong> Las superficies laminadas, los bordes lisos y las esquinas eliminan el riesgo de lesiones; estambi\u00e9n mantiene el equipo con un aspecto limpio.<\/li>\n<li><strong>Gesti\u00f3n limpia de los cables:<\/strong> Los cables est\u00e1n ocultos de forma segura para eliminar el riesgo de accidentes que pueda causar a personas oequipo.<\/li>\n<li><strong>Construido seg\u00fan las especificaciones:<\/strong> Puede especificarse para adaptarse a las necesidades \u00fanicas y al entorno de trabajo de cada persona.usuarios antes de la fabricaci\u00f3n.<\/li>\n<li><strong>Garantizado con la garant\u00eda del producto:<\/strong> Cubierto con la garant\u00eda de producto del fabricante que da seguridad a los compradores enen caso de que el producto no cumpla las expectativas.<\/li>\n<li><strong>Equipo de fabricaci\u00f3n de confianza:<\/strong> Los dise\u00f1adores, ingenieros y fabricantes comprenden los deseos del cliente final.usuarios.<\/li>\n<li><strong>Asistencia en la planificaci\u00f3n del espacio de trabajo:<\/strong> Se le proporciona asistencia en la fase de planificaci\u00f3n o renovaci\u00f3n de suinstalaciones de trabajo.<\/li>\n<li><strong>Ayuda para la instalaci\u00f3n:<\/strong> Se le proporciona una asistencia completa en la instalaci\u00f3n del equipo paraservicio.<\/li>\n<li><strong>Carro de equipo m\u00e9dico vers\u00e1til:<\/strong> Se adapta a diferentes usos y entornos.<\/li>\n<\/ul>\n<p>Compatible con los siguientes modelos de tabletas:<\/p>\n<p><strong>Manzana<\/strong><\/p>\n<ul>\n<li>iPad 10.2 \/ 10.5<\/li>\n<li>iPad Pro 11<\/li>\n<li>iPad Air 2<\/li>\n<li>iPad 2<\/li>\n<li>iPad Pro 9.7<\/li>\n<\/ul>\n<p><strong>Lenovo<\/strong><\/p>\n<ul>\n<li>Ficha 10<\/li>\n<\/ul>\n<p><strong>Microsoft<\/strong><\/p>\n<ul>\n<li>Surface Pro 3<\/li>\n<li>Surface Pro X<\/li>\n<\/ul>\n<p><strong>HP<\/strong><\/p>\n<ul>\n<li>Tableta Pro 10 EE G1<\/li>\n<li>Elite X2<\/li>\n<\/ul>\n<p><strong>DELL<\/strong><\/p>\n<ul>\n<li>Latitud 7390<\/li>\n<\/ul>\n<p>AFC fabrica equipos de mobiliario de alta calidad que superan las expectativas est\u00e1ndar de practicidad, funcionalidad y ergonom\u00eda. Nuestros productos est\u00e1n garantizados con una garant\u00eda total del producto. Construimos productos que ofrecen a nuestros clientes la tranquilidad de obtener el m\u00e1ximo rendimiento de su inversi\u00f3n.<\/p>\n<p>P\u00f3ngase en contacto con nosotros para una consulta gratuita con nuestro amable y servicial especialista en mobiliario t\u00e9cnico ergon\u00f3mico.<\/p>\n<div class=\"desksize\"><\/div>\n<h3 class=\"product-h3\"><span id=\"ctl00_ContentPlaceHolder1_lblImageBottom1\">Caracter\u00edsticas del soporte de quiosco para tabletas<\/span><\/h3>\n<p><img decoding=\"async\" id=\"ctl00_ContentPlaceHolder1_imgDetailImageCall\" class=\"img-responsive\" style=\"border-width: 0px\" src=\"https:\/\/afcindustries.com\/wp-content\/uploads\/2022\/01\/772097-tablet-kiosk-stand-features.jpg\" alt=\"Soporte de quiosco para tabletas con funciones\" title=\"\"><\/p>\n<div id=\"ctl00_ContentPlaceHolder1_pnlImageContainer\"><\/div>\n<h3 class=\"product-h3\"><span id=\"ctl00_ContentPlaceHolder1_lblImageBottom2\">Soporte de quiosco para tabletas M\u00e1s funciones<\/span><\/h3>\n<p><img decoding=\"async\" id=\"ctl00_ContentPlaceHolder1_imgDetailImageCall2\" class=\"img-responsive\" style=\"border-width: 0px\" src=\"https:\/\/afcindustries.com\/wp-content\/uploads\/2022\/01\/772097-tablet-kiosk-stand-more-features.jpg\" alt=\"Especificaciones del soporte de quiosco para tabletas\" title=\"\"><\/p>\n<h3 class=\"product-h3\"><span id=\"ctl00_ContentPlaceHolder1_lblImageBottom3\">Soporte de quiosco para tabletas Caracter\u00edsticas adicionales<\/span><\/h3>\n<p><img decoding=\"async\" id=\"ctl00_ContentPlaceHolder1_imgDetailImageCall3\" class=\"img-responsive\" style=\"border-width: 0px\" src=\"https:\/\/afcindustries.com\/wp-content\/uploads\/2022\/01\/772097-tablet-kiosk-stand-additional-features.jpg\" alt=\"Accesorios para quioscos de tabletas\" title=\"\"><\/p>\n","protected":false},"excerpt":{"rendered":"<h1 class=\"product-h3\"><span id=\"ctl00_ContentPlaceHolder1_lblH3\">Soporte de quiosco ajustable para tabletas<\/span><\/h1>\n<div class=\"col-md-6 col-sm-6 col-xs-12 detailList\">\n<ul>\n<li>Ajuste neum\u00e1tico de la altura.<\/li>\n<li>La altura de la superficie de trabajo es de 30 a 42 pulgadas desde el suelo.<\/li>\n<li>El soporte para tabletas est\u00e1 montado con un brazo en Z totalmente articulado. Dependiendo del tama\u00f1o de las extensiones que pida, la tableta puede extenderse de 12 a 20 pulgadas desde el poste montado.<\/li>\n<li>Caja met\u00e1lica para el almacenamiento o la peque\u00f1a CPU.<\/li>\n<li>La superficie de trabajo de polietileno de alta densidad (HDPE), no porosa y duradera, tiene 18 de ancho x 25 de profundidad, con un recorte de asa integrado y una bandeja deslizante para el rat\u00f3n.<\/li>\n<li>Di\u00e1metro de 23, base de cinco puntas con peso equilibrado para la estabilidad.<\/li>\n<li>Cinco, 4 ruedas gemelas (las dos delanteras son bloqueables) para facilitar el movimiento en todas las superficies.<\/li>\n<li>Las opciones que se muestran con este modelo son la cesta de alambre montada en el lateral y el cable de alimentaci\u00f3n retr\u00e1ctil con una base de dos tomas.<\/li>\n<\/ul>\n<p>&nbsp;<\/p>\n<p>&nbsp;<\/p>\n<\/div>\n<div class=\"col-md-6 col-sm-6 col-xs-12\">\n<ul class=\"ulpdf\">\n<li><a id=\"ctl00_ContentPlaceHolder1_hPDF\" href=\"https:\/\/afcindustries.com\/PDFS\/LPC200-1825-05_SURFACE_PRO3.PDF\" target=\"_blank\" rel=\"noopener\"><img decoding=\"async\" id=\"ctl00_ContentPlaceHolder1_imgPDF\" style=\"border-width: 0px;\" src=\"https:\/\/afcindustries.com\/images\/pdf.gif\" border=\"0\" \/><span id=\"ctl00_ContentPlaceHolder1_lblPDFSKU\" class=\"pdf\">PDF LPC200-1825-05_Surface_pro3.pdf<\/span><\/a><\/li>\n<\/ul>\n<ul>\n<li>\n<ul class=\"specPreview\">\n<li>Altura<\/li>\n<li>30&#8243; a 42&#8243;<\/li>\n<\/ul>\n<p>&nbsp;<\/li>\n<li>\n<ul class=\"specPreview\">\n<li>Anchura<\/li>\n<li>23&#8243;<\/li>\n<\/ul>\n<p>&nbsp;<\/li>\n<li>\n<ul class=\"specPreview\">\n<li>Profundidad<\/li>\n<li>25&#8243;<\/li>\n<\/ul>\n<p>&nbsp;<\/li>\n<\/ul>\n<\/div>\n","protected":false},"featured_media":13900,"template":"","meta":{"_acf_changed":false,"inline_featured_image":false},"product_brand":[],"product_cat":[1803,1765,2635,2119],"product_tag":[],"class_list":{"0":"post-19937","1":"product","2":"type-product","3":"status-publish","4":"has-post-thumbnail","6":"product_cat-carro-de-tabletas","7":"product_cat-carros-de-ordenador-medico","8":"product_cat-soporte-ergonomico-para-quiosco-de-tabletas","9":"product_cat-todos-los-carros-de-ordenador","10":"pa_model-lpc200-1825-tablet-es","12":"first","13":"instock","14":"product-type-simple"},"acf":[],"_links":{"self":[{"href":"https:\/\/afcindustries.com\/es\/wp-json\/wp\/v2\/product\/19937","targetHints":{"allow":["GET"]}}],"collection":[{"href":"https:\/\/afcindustries.com\/es\/wp-json\/wp\/v2\/product"}],"about":[{"href":"https:\/\/afcindustries.com\/es\/wp-json\/wp\/v2\/types\/product"}],"wp:featuredmedia":[{"embeddable":true,"href":"https:\/\/afcindustries.com\/es\/wp-json\/wp\/v2\/media\/13900"}],"wp:attachment":[{"href":"https:\/\/afcindustries.com\/es\/wp-json\/wp\/v2\/media?parent=19937"}],"wp:term":[{"taxonomy":"product_brand","embeddable":true,"href":"https:\/\/afcindustries.com\/es\/wp-json\/wp\/v2\/product_brand?post=19937"},{"taxonomy":"product_cat","embeddable":true,"href":"https:\/\/afcindustries.com\/es\/wp-json\/wp\/v2\/product_cat?post=19937"},{"taxonomy":"product_tag","embeddable":true,"href":"https:\/\/afcindustries.com\/es\/wp-json\/wp\/v2\/product_tag?post=19937"}],"curies":[{"name":"wp","href":"https:\/\/api.w.org\/{rel}","templated":true}]}}