{"id":19936,"date":"2022-01-29T12:30:30","date_gmt":"2022-01-29T17:30:30","guid":{"rendered":"https:\/\/afcindustries.com\/product\/bateria-recargable-de-plomo-sellada-sku-772069\/"},"modified":"2024-10-09T09:48:22","modified_gmt":"2024-10-09T13:48:22","slug":"bateria-recargable-de-plomo-sellada-sku-772069","status":"publish","type":"product","link":"https:\/\/afcindustries.com\/es\/producto\/bateria-recargable-de-plomo-sellada-sku-772069\/","title":{"rendered":"Bater\u00eda recargable de plomo sellada &#8211; SKU# 772069"},"content":{"rendered":"<h1>Bater\u00eda recargable de plomo y fuente de alimentaci\u00f3n<\/h1>\n<div id=\"color_choice\"><\/div>\n<p>Esta bater\u00eda de plomo recargable y fuente de alimentaci\u00f3n es el mejor compa\u00f1ero para su sistema inform\u00e1tico m\u00f3vil.<\/p>\n<p>AFC fabrica equipos de mobiliario de alta calidad que superan las expectativas est\u00e1ndar de practicidad, funcionalidad y ergonom\u00eda. Nuestros productos est\u00e1n garantizados con una garant\u00eda total del producto. Construimos productos que ofrecen a nuestros clientes la tranquilidad de obtener el m\u00e1ximo rendimiento de su inversi\u00f3n.<\/p>\n<p>P\u00f3ngase en contacto con nosotros para una consulta gratuita con nuestro amable y servicial especialista en mobiliario t\u00e9cnico ergon\u00f3mico.<\/p>\n<div class=\"desksize\">\n<div class=\"row\">\n<div class=\"col-md-12 col-md-12 colxs-24\">\n<h3 class=\"product-h3\"><span id=\"ctl00_ContentPlaceHolder1_lblH3\">Caracter\u00edsticas de la bater\u00eda recargable y de la fuente de alimentaci\u00f3n<\/span><\/h3>\n<div class=\"col-md-6 col-sm-6 col-xs-12 detailList\">\n<ul>\n<li>Proporciona la conformidad con la norma UL 60601-1 para los equipos m\u00f3viles conectados (utilizados en todos los sectores de las instalaciones sanitarias, tanto dentro como fuera de las \u00e1reas de atenci\u00f3n al paciente)<\/li>\n<li>A\u00f1ade una fuente de alimentaci\u00f3n de CA m\u00f3vil y fiable a los carros m\u00e9dicos<\/li>\n<li>Protege los valiosos datos de los pacientes contra la p\u00e9rdida o la corrupci\u00f3n<\/li>\n<li>Alimenta simult\u00e1neamente los equipos conectados mientras recarga las bater\u00edas<\/li>\n<\/ul>\n<\/div>\n<\/div>\n<\/div>\n<div class=\"row\">\n<div class=\"col-md-12 col-sm-12 col-xs-24 \">\n<div class=\"desksize\"><\/div>\n<\/div>\n<\/div>\n<div class=\"row\">\n<div class=\"col-md-12 col-sm-12 col-xs-24\">\n<table class=\"tableImage\">\n<tbody>\n<tr>\n<th class=\"styleTopHeading\" colspan=\"4\">Cuadro de autonom\u00eda del kit de retroalimentaci\u00f3n de energ\u00eda m\u00f3vil<\/th>\n<\/tr>\n<tr>\n<th class=\"batteryHeading1\">Potencia total necesaria (vatios)<\/th>\n<th class=\"blueTDImage\">36 AMP-Nuestro m\u00f3dulo de bater\u00eda (horas)<\/th>\n<th class=\"blueTDImage\">54 AMP-Nuestro m\u00f3dulo de bater\u00eda (horas)<\/th>\n<th class=\"batteryHeading2\">90 AMP-Nuestro m\u00f3dulo de bater\u00eda (horas)<\/th>\n<\/tr>\n<tr>\n<td class=\"batteryRow\">25<\/td>\n<td class=\"batteryColumn2\">17.28<\/td>\n<td>25.92<\/td>\n<td class=\"batteryRow2\">43.2<\/td>\n<\/tr>\n<tr>\n<td class=\"batteryRow\">50<\/td>\n<td class=\"batteryColumn2\">8.64<\/td>\n<td>12.06<\/td>\n<td class=\"batteryRow2\">21.6<\/td>\n<\/tr>\n<tr>\n<td class=\"batteryRow\">75<\/td>\n<td class=\"batteryColumn2\">5.76<\/td>\n<td>8.64<\/td>\n<td class=\"batteryRow2\">14.4<\/td>\n<\/tr>\n<tr>\n<td class=\"batteryRow\">100<\/td>\n<td class=\"batteryColumn2\">4.32<\/td>\n<td>6.48<\/td>\n<td class=\"batteryRow2\">10.8<\/td>\n<\/tr>\n<tr>\n<td class=\"batteryRow\">125<\/td>\n<td class=\"batteryColumn2\">3.45<\/td>\n<td>5.18<\/td>\n<td class=\"batteryRow2\">8.6<\/td>\n<\/tr>\n<tr>\n<td class=\"batteryRow\">150<\/td>\n<td class=\"batteryColumn2\">2.88<\/td>\n<td>4.32<\/td>\n<td class=\"batteryRow2\">7.2<\/td>\n<\/tr>\n<tr>\n<td class=\"style1\">125<\/td>\n<td class=\"batteryColumn2\">2.46<\/td>\n<td>3.7<\/td>\n<td class=\"batteryRow2\">6.2<\/td>\n<\/tr>\n<tr>\n<td class=\"batteryRow\">150<\/td>\n<td class=\"batteryColumn2\">2.16<\/td>\n<td>3.24<\/td>\n<td class=\"batteryRow2\">5.4<\/td>\n<\/tr>\n<tr>\n<td class=\"batteryRow\">175<\/td>\n<td class=\"batteryColumn2\">1.92<\/td>\n<td>2.88<\/td>\n<td class=\"batteryRow2\">4.8<\/td>\n<\/tr>\n<tr>\n<td class=\"batteryRow\">200<\/td>\n<td class=\"batteryColumn2\">1.72<\/td>\n<td>2.59<\/td>\n<td class=\"batteryRow2\">4.3<\/td>\n<\/tr>\n<tr>\n<td class=\"batteryRow\">225<\/td>\n<td class=\"batteryColumn2\">1.57<\/td>\n<td>2.35<\/td>\n<td class=\"batteryRow2\">4.0<\/td>\n<\/tr>\n<tr>\n<td class=\"batteryRow\">250<\/td>\n<td class=\"batteryColumn2\">1.44<\/td>\n<td>2.16<\/td>\n<td class=\"batteryRow2\">3.60<\/td>\n<\/tr>\n<\/tbody>\n<\/table>\n<p>&nbsp;<\/p>\n<table class=\"tableBattery\">\n<tbody>\n<tr>\n<td class=\"blueTD\" colspan=\"5\">TIPO DE BATER\u00cdAS<\/td>\n<\/tr>\n<tr>\n<th>N\u00famero de pieza<\/th>\n<td>PS-TL-90<\/td>\n<td>PS-TL-36<\/td>\n<td>PS-TL-54<\/td>\n<td>PS-TL-INT<\/td>\n<\/tr>\n<tr>\n<th>Hora de la bater\u00eda<\/th>\n<td>Bater\u00eda de 300 W, 90 amperios\/hora y 3 tomas de corriente<\/td>\n<td>Bater\u00eda de 300 W, 36 amperios\/hora y 3 tomas de corriente<\/td>\n<td>300W , bater\u00eda de 54 amperios\/hora y 3 tomas de corriente<\/td>\n<td>230 V, 300 W, bater\u00eda de 90 amperios\/hora y 1 toma de corriente C13<\/td>\n<\/tr>\n<tr>\n<th>Aplicaci\u00f3n prevista<\/th>\n<td>Hospitales y centros m\u00e9dicos<\/td>\n<td>Hospitales y centros m\u00e9dicos<\/td>\n<td>Hospitales y centros m\u00e9dicos<\/td>\n<td>Hospitales y centros m\u00e9dicos<\/td>\n<\/tr>\n<tr>\n<th><\/th>\n<td><\/td>\n<td><\/td>\n<td><\/td>\n<td><\/td>\n<\/tr>\n<tr>\n<td class=\"blueTD\" colspan=\"5\">SALIDA<\/td>\n<\/tr>\n<tr>\n<th>Compatibilidad de frecuencias<\/th>\n<td>60 Hz<\/td>\n<td>60 Hz<\/td>\n<td>60 Hz<\/td>\n<td>50 HZ<\/td>\n<\/tr>\n<tr>\n<th>Vatios de salida<\/th>\n<td>300<\/td>\n<td>300<\/td>\n<td>300<\/td>\n<td>300<\/td>\n<\/tr>\n<tr>\n<th>Capacidad de salida continua (wats)<\/th>\n<td>300<\/td>\n<td>300<\/td>\n<td>300<\/td>\n<td>300<\/td>\n<\/tr>\n<tr>\n<th>Capacidad de salida m\u00e1xima (vatios)<\/th>\n<td>750<\/td>\n<td>750<\/td>\n<td>750<\/td>\n<td>750<\/td>\n<\/tr>\n<tr>\n<th>Tensi\u00f3n nominal exterior<\/th>\n<td>120V<\/td>\n<td>120V<\/td>\n<td>120v<\/td>\n<td>230V<\/td>\n<\/tr>\n<tr>\n<th>Cantidad\/tipo de salida<\/th>\n<td>3 tomas de corriente<\/td>\n<td>3 tomas de corriente<\/td>\n<td>3 tomas de corriente<\/td>\n<td>1 IEC-320-C13<\/td>\n<\/tr>\n<tr>\n<th><\/th>\n<td><\/td>\n<td><\/td>\n<td><\/td>\n<td><\/td>\n<\/tr>\n<tr>\n<td class=\"blueTD\" colspan=\"5\">ENTRADA<\/td>\n<\/tr>\n<tr>\n<th>Servicio el\u00e9ctrico recomendado<\/th>\n<td>15A 120V<\/td>\n<td>15A, 120V<\/td>\n<td>15A, 120V<\/td>\n<td>15A, 230V<\/td>\n<\/tr>\n<tr>\n<th>Tipo de conexi\u00f3n de entrada<\/th>\n<td>NEMA5-15p-hg Grado Hospitalario<\/td>\n<td>NEMA 5-15P-HG de grado hospitalario<\/td>\n<td>NEMA 5-15P-HG de grado hospitalario<\/td>\n<td>IEC-320-C14<\/td>\n<\/tr>\n<tr>\n<th>Longitud del cable de entrada (pies)<\/th>\n<td>10<\/td>\n<td>10<\/td>\n<td>10<\/td>\n<td>pedir por separado<\/td>\n<\/tr>\n<tr>\n<th>Longitud del cable de entrada (m)<\/th>\n<td>3.05<\/td>\n<td>3.05<\/td>\n<td>3.05<\/td>\n<td>11<\/td>\n<\/tr>\n<tr>\n<th>Compatibilidad de voltaje (VAC)<\/th>\n<td>120<\/td>\n<td>120<\/td>\n<td>120<\/td>\n<td>230<\/td>\n<\/tr>\n<tr>\n<th><\/th>\n<td><\/td>\n<td><\/td>\n<td><\/td>\n<td><\/td>\n<\/tr>\n<tr>\n<td class=\"blueTD\" colspan=\"5\">BATER\u00cdA<\/td>\n<\/tr>\n<tr>\n<th>Tensi\u00f3n del sistema DC (VDC)<\/th>\n<td>12<\/td>\n<td>12<\/td>\n<td>12<\/td>\n<td>12<\/td>\n<\/tr>\n<tr>\n<th>Tiempo de ejecuci\u00f3n de la carga completa<\/th>\n<td>Hasta 12 horas de funcionamiento t\u00edpico en la configuraci\u00f3n est\u00e1ndar.<\/p>\n<p><a href=\"https:\/\/tstation-dev1\/afcmain\/rechargeable-power-supply-unit-p870#imagebattery\">haga clic en la parte superior<\/a><\/td>\n<td><a href=\"https:\/\/tstation-dev1\/afcmain\/rechargeable-power-supply-unit-p870#imagebattery\">haga clic en la parte superior<\/a><\/td>\n<td><a href=\"https:\/\/tstation-dev1\/afcmain\/rechargeable-power-supply-unit-p870#imagebattery\">haga clic en la parte superior<\/a><\/td>\n<td>Hasta 12 horas de funcionamiento t\u00edpico en la configuraci\u00f3n est\u00e1ndar.<\/p>\n<p><a href=\"https:\/\/tstation-dev1\/afcmain\/rechargeable-power-supply-unit-p870#imagebattery\">haga clic en la parte superior<\/a><\/td>\n<\/tr>\n<tr>\n<th>Velocidad de recarga de la bater\u00eda<\/th>\n<td>Igual al tiempo de descarga. Incluye un cargador de bater\u00edas avanzado de 3 etapas (10A)<\/td>\n<td>Igual al tiempo de descarga. Incluye un avanzado cargador de bater\u00edas de 3 etapas (10A)<\/td>\n<td>Igual al tiempo de descarga. Incluye un avanzado cargador de bater\u00edas de 3 etapas (10A)<\/td>\n<td>Igual al tiempo de descarga. Incluye un avanzado cargador de bater\u00edas de 3 etapas (10A)<\/td>\n<\/tr>\n<tr>\n<th><\/th>\n<td><\/td>\n<td><\/td>\n<td><\/td>\n<td><\/td>\n<\/tr>\n<tr>\n<td class=\"blueTD\" colspan=\"5\">LEDS ALARMAS E INTERRUPTORES<\/td>\n<\/tr>\n<tr>\n<th>Alarmas<\/th>\n<td>Alarma de bater\u00eda baja<\/td>\n<td>Alarma de bater\u00eda baja<\/td>\n<td>Alarma de bater\u00eda baja<\/td>\n<td>Alarma de bater\u00eda baja<\/td>\n<\/tr>\n<tr>\n<th>Interruptores<\/th>\n<td>En la interfaz de usuario remota (RUI): Interruptor de encendido\/apagado y de alarma-silencio<\/td>\n<td>En la interfaz de usuario remota (RUI): Interruptor de encendido\/apagado y de alarma-silencio<\/td>\n<td>En la interfaz de usuario remota (RUI): Interruptor de encendido\/apagado y de alarma-silencio<\/td>\n<td>En la interfaz de usuario remota (RUI): Interruptor de encendido\/apagado y de alarma-silencio<\/td>\n<\/tr>\n<tr>\n<th>LEDs del panel frontal<\/th>\n<td>En la interfaz de usuario remota (RUI): Alimentaci\u00f3n de CA de salida, nivel de carga de la bater\u00eda y estado de carga de la bater\u00eda<\/td>\n<td>En la interfaz de usuario remota (RUI): Alimentaci\u00f3n de CA de salida, nivel de carga de la bater\u00eda y estado de carga de la bater\u00eda<\/td>\n<td>En la interfaz de usuario remota (RUI): Alimentaci\u00f3n de CA de salida, nivel de carga de la bater\u00eda y estado de carga de la bater\u00eda<\/td>\n<td>En la interfaz de usuario remota (RUI): Alimentaci\u00f3n de CA de salida, nivel de carga de la bater\u00eda y estado de carga de la bater\u00eda<\/td>\n<\/tr>\n<tr>\n<th><\/th>\n<td><\/td>\n<td><\/td>\n<td><\/td>\n<td><\/td>\n<\/tr>\n<tr>\n<td class=\"blueTD\" colspan=\"5\" height=\"22\">SUPRESI\u00d3N DE SOBRETENSIONES\/RUIDO<\/td>\n<\/tr>\n<tr>\n<th>Supresi\u00f3n de ruido EMI \/ RFI AC<\/th>\n<td>S\u00ed<\/td>\n<td>S\u00ed<\/td>\n<td>S\u00ed<\/td>\n<td>S\u00ed<\/td>\n<\/tr>\n<tr>\n<th><\/th>\n<td><\/td>\n<td><\/td>\n<td><\/td>\n<td><\/td>\n<\/tr>\n<tr>\n<td class=\"blueTD\" colspan=\"5\">F\u00cdSICA<\/td>\n<\/tr>\n<tr>\n<th>Peso de env\u00edo (lbs)<\/th>\n<td>104<\/td>\n<td>72.4<\/td>\n<td>88<\/td>\n<td>Fuente de alimentaci\u00f3n: 16 lb. M\u00f3dulo de bater\u00eda: 67.1 lb.<\/td>\n<\/tr>\n<tr>\n<th>M\u00e9todo de refrigeraci\u00f3n<\/th>\n<td>Ventilador<\/td>\n<td>Ventilador<\/td>\n<td>Ventilador<\/td>\n<td>ventilador<\/td>\n<\/tr>\n<tr>\n<th>Material de construcci\u00f3n<\/th>\n<td>Fuente de alimentaci\u00f3n y m\u00f3dulo de bater\u00eda: metal<\/td>\n<td>Fuente de alimentaci\u00f3n y m\u00f3dulo de bater\u00eda: metal<\/td>\n<td>Fuente de alimentaci\u00f3n y m\u00f3dulo de bater\u00eda: metal<\/td>\n<td>Fuente de alimentaci\u00f3n y m\u00f3dulo de bater\u00eda: metal<\/td>\n<\/tr>\n<tr>\n<th>Estilo<\/th>\n<td>De alta resistencia con cargador de bater\u00eda incorporado<\/td>\n<td>De alta resistencia con cargador de bater\u00eda incorporado<\/td>\n<td>De alta resistencia con cargador de bater\u00eda incorporado<\/td>\n<td>De alta resistencia con cargador de bater\u00eda incorporado<\/td>\n<\/tr>\n<tr>\n<th><\/th>\n<td><\/td>\n<td><\/td>\n<td><\/td>\n<td><\/td>\n<\/tr>\n<tr>\n<td class=\"blueTD\" colspan=\"5\">COMUNICACIONES<\/td>\n<\/tr>\n<tr>\n<th>Puerto de monitorizaci\u00f3n de la red<\/th>\n<td>USB<\/td>\n<td>USB<\/td>\n<td>USB<\/td>\n<td>USB<\/td>\n<\/tr>\n<tr>\n<th>Software y cableado incluidos<\/th>\n<td>CD del software de ahorro de datos PowerAlert y cable USB<\/td>\n<td>CD del software de ahorro de datos PowerAlert y cable USB<\/td>\n<td>CD del software de ahorro de datos PowerAlert y cable USB<\/td>\n<td>CD del software de ahorro de datos PowerAlert y cable USB<\/td>\n<\/tr>\n<tr>\n<th><\/th>\n<td><\/td>\n<td><\/td>\n<td><\/td>\n<td><\/td>\n<\/tr>\n<tr>\n<td class=\"blueTD\" colspan=\"5\">CARACTER\u00cdSTICAS ESPECIALES<\/td>\n<\/tr>\n<tr>\n<th>Capacidad de control remoto<\/th>\n<td>S\u00ed<\/td>\n<td>S\u00ed<\/td>\n<td>S\u00ed<\/td>\n<td>S\u00ed<\/td>\n<\/tr>\n<tr>\n<th><\/th>\n<td><\/td>\n<td><\/td>\n<td><\/td>\n<td><\/td>\n<\/tr>\n<tr>\n<td class=\"blueTD\" colspan=\"5\">CERTIFICACIONES<\/td>\n<\/tr>\n<tr>\n<th>Certificaciones<\/th>\n<td>Probado, certificado y conforme a la norma UL 60601-1, CAN\/CSA-C22.2 n\u00ba 601.1-M90 y UL 1778 por TUV<\/td>\n<td>Probado, certificado y conforme a la norma UL 60601-1, CAN\/CSA-C22.2 n\u00ba 601.1-M90 y UL 1778 por TUV<\/td>\n<td>Probado, certificado y conforme a la norma UL 60601-1, CAN\/CSA-C22.2 n\u00ba 601.1-M90 y UL 1778 por TUV<\/td>\n<td>Probado y certificado conforme a IEC 60601-1, CAN\/CSA-C22.2 No. 601.1-M90 y UL 1778 por TUV<\/td>\n<\/tr>\n<\/tbody>\n<\/table>\n<p>&nbsp;<\/p>\n<\/div>\n<\/div>\n<\/div>\n","protected":false},"excerpt":{"rendered":"<h1 class=\"product-h3\"><span id=\"ctl00_ContentPlaceHolder1_lblH3\">Caracter\u00edsticas de la bater\u00eda recargable y de la fuente de alimentaci\u00f3n<\/span><\/h1>\n<div class=\"col-md-6 col-sm-6 col-xs-12 detailList\">\n<ul>\n<li>Proporciona la conformidad con la norma UL 60601-1 para los equipos m\u00f3viles conectados (utilizados en todos los sectores de las instalaciones sanitarias, tanto dentro como fuera de las \u00e1reas de atenci\u00f3n al paciente)<\/li>\n<li>A\u00f1ade una fuente de alimentaci\u00f3n de CA m\u00f3vil y fiable a los carros m\u00e9dicos<\/li>\n<li>Protege los valiosos datos de los pacientes contra la p\u00e9rdida o la corrupci\u00f3n<\/li>\n<li>Alimenta simult\u00e1neamente los equipos conectados mientras recarga las bater\u00edas<\/li>\n<\/ul>\n<p>&nbsp;<\/p>\n<p>&nbsp;<\/p>\n<p>&nbsp;<\/p>\n<p>&nbsp;<\/p>\n<\/div>\n<div class=\"col-md-6 col-sm-6 col-xs-12\">\n<p>&nbsp;<\/p>\n<\/div>\n","protected":false},"featured_media":13656,"template":"","meta":{"_acf_changed":false,"inline_featured_image":false},"product_brand":[],"product_cat":[1783,2627],"product_tag":[],"class_list":{"0":"post-19936","1":"product","2":"type-product","3":"status-publish","4":"has-post-thumbnail","6":"product_cat-accesorios","7":"product_cat-bateria-de-plomo-sellada-recargable","9":"first","10":"instock","11":"product-type-simple"},"acf":[],"_links":{"self":[{"href":"https:\/\/afcindustries.com\/es\/wp-json\/wp\/v2\/product\/19936","targetHints":{"allow":["GET"]}}],"collection":[{"href":"https:\/\/afcindustries.com\/es\/wp-json\/wp\/v2\/product"}],"about":[{"href":"https:\/\/afcindustries.com\/es\/wp-json\/wp\/v2\/types\/product"}],"wp:featuredmedia":[{"embeddable":true,"href":"https:\/\/afcindustries.com\/es\/wp-json\/wp\/v2\/media\/13656"}],"wp:attachment":[{"href":"https:\/\/afcindustries.com\/es\/wp-json\/wp\/v2\/media?parent=19936"}],"wp:term":[{"taxonomy":"product_brand","embeddable":true,"href":"https:\/\/afcindustries.com\/es\/wp-json\/wp\/v2\/product_brand?post=19936"},{"taxonomy":"product_cat","embeddable":true,"href":"https:\/\/afcindustries.com\/es\/wp-json\/wp\/v2\/product_cat?post=19936"},{"taxonomy":"product_tag","embeddable":true,"href":"https:\/\/afcindustries.com\/es\/wp-json\/wp\/v2\/product_tag?post=19936"}],"curies":[{"name":"wp","href":"https:\/\/api.w.org\/{rel}","templated":true}]}}