{"id":19935,"date":"2022-01-29T12:30:18","date_gmt":"2022-01-29T17:30:18","guid":{"rendered":"https:\/\/afcindustries.com\/product\/soporte-de-suelo-para-tv-ergonomico\/"},"modified":"2024-10-09T09:48:22","modified_gmt":"2024-10-09T13:48:22","slug":"soporte-de-suelo-para-tv-ergonomico","status":"publish","type":"product","link":"https:\/\/afcindustries.com\/es\/producto\/soporte-de-suelo-para-tv-ergonomico\/","title":{"rendered":"Soporte de suelo para TV ergon\u00f3mico"},"content":{"rendered":"<h1>Soporte de suelo para monitor de TV rodante<\/h1>\n<div id=\"color_choice\">\n<div id=\"ctl00_ContentPlaceHolder1_color1_pnlColor\" class=\"option-Style-Panel1\">\n<div class=\"color-container\">\n<div class=\"color-item\">\n<p>&nbsp;<\/p>\n<div id=\"White\" class=\"color-item-big\"><img decoding=\"async\" src=\"https:\/\/afcindustries.com\/wp-content\/uploads\/2022\/01\/White-1.jpg\" alt=\"Blanco\" title=\"\"><\/div>\n<\/div>\n<\/div>\n<\/div>\n<\/div>\n<p>Este soporte ergon\u00f3mico para monitor de TV cuenta con un soporte para televisores de pantalla plana de gran tama\u00f1o, dos brazos para monitor con soportes VESA extensibles con ruedas.<\/p>\n<p>Los soportes para monitores m\u00f3viles de AFC tienen capacidades ergon\u00f3micas y multifuncionales como parte integral de su dise\u00f1o. La posibilidad de ajustar la altura y la suave movilidad se adaptan a una gran variedad de entornos que exigen un f\u00e1cil acceso a los datos mediante la visualizaci\u00f3n del monitor. Su construcci\u00f3n de alta resistencia no tiene compromisos con la est\u00e9tica moderna y la elegancia.<\/p>\n<p><strong>El mejor dise\u00f1o ergon\u00f3mico y c\u00f3modo:<\/strong> Dise\u00f1ado para la comodidad para reducir el estr\u00e9s y mantener la postura durante el trabajo.<\/p>\n<p><strong>Mantiene una buena salud:<\/strong> Elimina las lesiones por esfuerzo repetitivo (RSI), los dolores musculares, las molestias corporales, la tensi\u00f3n ocular y la fatiga. Aumenta la productividad y la circulaci\u00f3n sangu\u00ednea saludable.<\/p>\n<p><strong>F\u00e1cil de usar:<\/strong> f\u00e1cil de manejar sin necesidad de horas de formaci\u00f3n del usuario. Muy f\u00e1cil de configurar para adaptarse a las preferencias de cada usuario.<\/p>\n<p><strong>Acceso a puertos de datos y tomas de corriente:<\/strong> Aumenta la productividad y la eficiencia gracias a la facilidad de acceso a los puertos de datos y las tomas de corriente.<\/p>\n<p><strong>Colocaci\u00f3n correcta de la CPU del ordenador:<\/strong> La CPU del ordenador se encuentra fuera de peligro, lo que permite a los usuarios moverse libremente.<\/p>\n<p><strong>Gesti\u00f3n limpia de los cables:<\/strong> Los cables est\u00e1n ocultos de forma segura para eliminar el riesgo de accidentes que pueda causar a personas o equipos.<\/p>\n<p><strong>Construido seg\u00fan las especificaciones:<\/strong> Se puede especificar para acomodar las necesidades \u00fanicas y el entorno de trabajo de los usuarios individuales antes de la fabricaci\u00f3n.<\/p>\n<p><strong>Garantizado con la garant\u00eda del producto:<\/strong> Cubierto con la garant\u00eda de producto del fabricante que da seguridad a los compradores en caso de que el producto no cumpla con las expectativas.<\/p>\n<p><strong>Equipo de fabricaci\u00f3n de confianza:<\/strong> Nuestros dise\u00f1adores, ingenieros y fabricantes utilizan sus habilidades y talentos para ofrecerle el producto de mayor calidad que usted merece.<\/p>\n<p><strong>Asistencia en la planificaci\u00f3n del espacio de trabajo:<\/strong> Proporcionamos asistencia en la planificaci\u00f3n en la instalaci\u00f3n o renovaci\u00f3n de sus instalaciones de trabajo.<\/p>\n<p><strong>Ayuda para la instalaci\u00f3n:<\/strong> Proporcionamos asistencia exhaustiva en el despliegue de su mobiliario para el servicio.<\/p>\n<p><strong>Equipamiento vers\u00e1til:<\/strong> Nuestros muebles son capaces de adaptarse a diferentes usos y entornos, por lo que son duraderos.<\/p>\n<p>AFC fabrica equipos de mobiliario de alta calidad que superan las expectativas est\u00e1ndar de practicidad, funcionalidad y ergonom\u00eda. Nuestros productos est\u00e1n garantizados con una garant\u00eda total del producto. Construimos productos que ofrecen a nuestros clientes la tranquilidad de obtener el m\u00e1ximo rendimiento de su inversi\u00f3n.<\/p>\n<p>P\u00f3ngase en contacto con nosotros para una consulta gratuita con nuestro amable y servicial especialista en mobiliario t\u00e9cnico ergon\u00f3mico.<\/p>\n<div class=\"desksize\"><\/div>\n<h3 class=\"product-h3\"><span id=\"ctl00_ContentPlaceHolder1_lblImageBottom1\">Soporte de suelo para monitores Caracter\u00edsticas<\/span><\/h3>\n<p><img decoding=\"async\" id=\"ctl00_ContentPlaceHolder1_imgDetailImageCall\" class=\"img-responsive\" style=\"border-width: 0px\" src=\"https:\/\/afcindustries.com\/wp-content\/uploads\/2022\/01\/772029-monitor-floor-stand-features.jpg\" alt=\"Soporte de suelo para monitor con botones\" title=\"\"><\/p>\n<div id=\"ctl00_ContentPlaceHolder1_pnlImageContainer\"><\/div>\n<h3 class=\"product-h3\"><span id=\"ctl00_ContentPlaceHolder1_lblImageBottom2\">Soporte de suelo para monitores M\u00e1s caracter\u00edsticas<\/span><\/h3>\n<p><img decoding=\"async\" id=\"ctl00_ContentPlaceHolder1_imgDetailImageCall2\" class=\"img-responsive\" style=\"border-width: 0px\" src=\"https:\/\/afcindustries.com\/wp-content\/uploads\/2022\/01\/772029-monitor-floor-stand-more-features.jpg\" alt=\"Especificaciones del soporte de suelo para monitores\" title=\"\"><\/p>\n<h3 class=\"product-h3\"><span id=\"ctl00_ContentPlaceHolder1_lblImageBottom3\">Accesorios para soportes de suelo para monitores<\/span><\/h3>\n<p><img decoding=\"async\" id=\"ctl00_ContentPlaceHolder1_imgDetailImageCall3\" class=\"img-responsive\" style=\"border-width: 0px\" src=\"https:\/\/afcindustries.com\/wp-content\/uploads\/2022\/01\/772029-monitor-floor-stand-accessories.jpg\" alt=\"Accesorios para soportes de suelo para monitores\" title=\"\"><\/p>\n","protected":false},"excerpt":{"rendered":"<h1 class=\"product-h3\"><span id=\"ctl00_ContentPlaceHolder1_lblH3\">Soporte de suelo para TV m\u00f3vil<\/span><\/h1>\n<div class=\"col-md-6 col-sm-6 col-xs-12 detailList\">\n<ul>\n<li>La altura de la unidad es de 72 pulgadas desde el suelo hasta la parte superior del poste de montaje.<\/li>\n<li>Se suministran soportes de monitor compatibles con VESA. Los soportes m\u00e1s peque\u00f1os se extienden hasta 20 pulgadas y soportan pantallas planas de hasta 25 libras. El soporte m\u00e1s grande puede soportar una pantalla de hasta 60 pulgadas y 150 libras.<\/li>\n<li>Agujeros de montaje uniformemente espaciados para el ajuste manual de la altura del monitor.<\/li>\n<li>Gesti\u00f3n de cables integrada en el poste de montaje central.<\/li>\n<li>La huella de 30,5 pulgadas de ancho x 29 pulgadas de profundidad est\u00e1 inclinada para aumentar la estabilidad.<\/li>\n<li>Cuatro ruedas de 4 pulgadas (las dos delanteras son de bloqueo).<\/li>\n<\/ul>\n<p>&nbsp;<\/p>\n<p>&nbsp;<\/p>\n<\/div>\n<div class=\"col-md-6 col-sm-6 col-xs-12\">\n<ul class=\"ulpdf\">\n<li><a id=\"ctl00_ContentPlaceHolder1_hPDF\" href=\"https:\/\/afcindustries.com\/PDFS\/XLCD200-07B.PDF\" target=\"_blank\" rel=\"noopener\"><img decoding=\"async\" id=\"ctl00_ContentPlaceHolder1_imgPDF\" style=\"border-width: 0px;\" src=\"https:\/\/afcindustries.com\/images\/pdf.gif\" border=\"0\" \/><span id=\"ctl00_ContentPlaceHolder1_lblPDFSKU\" class=\"pdf\">PDF XLCD200-07b.pdf<\/span><\/a><\/li>\n<\/ul>\n<ul>\n<li>\n<ul class=\"specPreview\">\n<li>Altura<\/li>\n<li>72 \u00ab<\/li>\n<\/ul>\n<p>&nbsp;<\/li>\n<li>\n<ul class=\"specPreview\">\n<li>Anchura<\/li>\n<li>30.5 \u00ab<\/li>\n<\/ul>\n<p>&nbsp;<\/li>\n<li>\n<ul class=\"specPreview\">\n<li>Profundidad<\/li>\n<li>29 \u00ab<\/li>\n<\/ul>\n<p>&nbsp;<\/li>\n<\/ul>\n<\/div>\n","protected":false},"featured_media":42633,"template":"","meta":{"_acf_changed":false,"inline_featured_image":false},"product_brand":[],"product_cat":[1765,2629,1855],"product_tag":[],"class_list":{"0":"post-19935","1":"product","2":"type-product","3":"status-publish","4":"has-post-thumbnail","6":"product_cat-carros-de-ordenador-medico","7":"product_cat-soporte-de-suelo-para-tv-ergonomico","8":"product_cat-soportes-para-monitores-moviles","9":"pa_model-xlcd200-07b-es","11":"first","12":"instock","13":"product-type-simple"},"acf":[],"_links":{"self":[{"href":"https:\/\/afcindustries.com\/es\/wp-json\/wp\/v2\/product\/19935","targetHints":{"allow":["GET"]}}],"collection":[{"href":"https:\/\/afcindustries.com\/es\/wp-json\/wp\/v2\/product"}],"about":[{"href":"https:\/\/afcindustries.com\/es\/wp-json\/wp\/v2\/types\/product"}],"wp:featuredmedia":[{"embeddable":true,"href":"https:\/\/afcindustries.com\/es\/wp-json\/wp\/v2\/media\/42633"}],"wp:attachment":[{"href":"https:\/\/afcindustries.com\/es\/wp-json\/wp\/v2\/media?parent=19935"}],"wp:term":[{"taxonomy":"product_brand","embeddable":true,"href":"https:\/\/afcindustries.com\/es\/wp-json\/wp\/v2\/product_brand?post=19935"},{"taxonomy":"product_cat","embeddable":true,"href":"https:\/\/afcindustries.com\/es\/wp-json\/wp\/v2\/product_cat?post=19935"},{"taxonomy":"product_tag","embeddable":true,"href":"https:\/\/afcindustries.com\/es\/wp-json\/wp\/v2\/product_tag?post=19935"}],"curies":[{"name":"wp","href":"https:\/\/api.w.org\/{rel}","templated":true}]}}