{"id":19930,"date":"2022-01-29T12:30:47","date_gmt":"2022-01-29T17:30:47","guid":{"rendered":"https:\/\/afcindustries.com\/product\/escritorio-ergonomico-de-pie-para-la-lectura-radiologica-con-monitores-barco-coronis-6mp\/"},"modified":"2024-11-30T11:46:44","modified_gmt":"2024-11-30T16:46:44","slug":"escritorio-ergonomico-de-pie-para-la-lectura-radiologica-con-monitores-barco-coronis-6mp","status":"publish","type":"product","link":"https:\/\/afcindustries.com\/es\/producto\/escritorio-ergonomico-de-pie-para-la-lectura-radiologica-con-monitores-barco-coronis-6mp\/","title":{"rendered":"Escritorio ergon\u00f3mico de pie para la lectura radiol\u00f3gica con monitores Barco Coronis 6MP"},"content":{"rendered":"<h2>Escritorio de pie para an\u00e1lisis de lectura de radiolog\u00eda<\/h2>\n<div id=\"color_choice\">\n<div id=\"ctl00_ContentPlaceHolder1_color1_pnlColor\" class=\"option-Style-Panel1\">\n<div class=\"color-container\">\n<div class=\"color-item\">\n<p>&nbsp;<\/p>\n<\/div>\n<\/div>\n<\/div>\n<\/div>\n<h3 class=\"product-h3\"><span id=\"ctl00_ContentPlaceHolder1_lblImageBottom1\">Escritorio de pie para botones de control de radiolog\u00eda<\/span><\/h3>\n<p><img decoding=\"async\" id=\"ctl00_ContentPlaceHolder1_imgDetailImageCall\" class=\"img-responsive\" style=\"border-width: 0px\" src=\"https:\/\/afcindustries.com\/wp-content\/uploads\/2022\/01\/772430-standing-desk-for-radiology-control-buttons.jpg\" alt=\"Escritorio de pie para cl\u00ednicas de radiolog\u00eda\" title=\"\"><\/p>\n<div id=\"ctl00_ContentPlaceHolder1_pnlImageContainer\"><\/div>\n<h3 class=\"product-h3\"><span id=\"ctl00_ContentPlaceHolder1_lblImageBottom2\">Escritorio de pie para radiolog\u00eda Caracter\u00edsticas<\/span><\/h3>\n<p><img decoding=\"async\" id=\"ctl00_ContentPlaceHolder1_imgDetailImageCall2\" class=\"img-responsive\" style=\"border-width: 0px\" src=\"https:\/\/afcindustries.com\/wp-content\/uploads\/2022\/01\/772430-standing-desk-for-radiology-features.jpg\" alt=\"Escritorio de pie para radi\u00f3logos\" title=\"\"><\/p>\n<h3 class=\"product-h3\"><span id=\"ctl00_ContentPlaceHolder1_lblImageBottom3\">Escritorio de pie para radiolog\u00eda M\u00e1s caracter\u00edsticas<\/span><\/h3>\n<p><img decoding=\"async\" id=\"ctl00_ContentPlaceHolder1_imgDetailImageCall3\" class=\"img-responsive\" style=\"border-width: 0px\" src=\"https:\/\/afcindustries.com\/wp-content\/uploads\/2022\/01\/772430-standing-desk-for-radiology-more-features.jpg\" alt=\"Escritorio de pie para asociados de diagn\u00f3stico por imagen\" title=\"\"><\/p>\n<p>&nbsp;<\/p>\n<ul>\n<li><strong>El mejor dise\u00f1o ergon\u00f3mico y c\u00f3modo:<\/strong> Dise\u00f1ado para la comodidad para reducir el estr\u00e9s y mantener la postura durante el trabajo.<\/li>\n<li><strong>Mantiene una buena salud:<\/strong> Elimina las lesiones por esfuerzo repetitivo (RSI), los dolores musculares, las molestias corporales, la tensi\u00f3n ocular y la fatiga. Aumenta la productividad y la circulaci\u00f3n sangu\u00ednea saludable.<\/li>\n<li><strong>F\u00e1cil de usar:<\/strong> f\u00e1cil de manejar sin necesidad de horas de formaci\u00f3n del usuario. Muy f\u00e1cil de configurar para adaptarse a las preferencias de cada usuario.<\/li>\n<li><strong>Iluminaci\u00f3n de escritorio preparada:<\/strong> Minimiza el cansancio ocular y la fatiga asociada y maximiza la precisi\u00f3n visual proporcionando una iluminaci\u00f3n adecuada.<\/li>\n<li><strong>Acceso a puertos de datos y tomas de corriente:<\/strong> Aumenta la productividad y la eficiencia gracias a la facilidad de acceso a los puertos de datos y las tomas de corriente.<\/li>\n<li><strong>Superficie de escritorio y bordes laminados de primera calidad:<\/strong> Las superficies de escritorio laminadas, los bordes lisos y las esquinas eliminan el riesgo de lesiones. Tambi\u00e9n mantiene el escritorio limpio y liso.<\/li>\n<li><strong>Colocaci\u00f3n correcta de la CPU del ordenador:<\/strong> La CPU del ordenador se encuentra fuera de peligro, lo que permite a los usuarios moverse libremente.<\/li>\n<li><strong>Gesti\u00f3n limpia de los cables:<\/strong> Los cables est\u00e1n ocultos de forma segura para eliminar el riesgo de accidentes que pueda causar a personas o equipos.<\/li>\n<li><strong>Construido seg\u00fan las especificaciones:<\/strong> Se puede especificar para acomodar las necesidades \u00fanicas y el entorno de trabajo de los usuarios individuales antes de la fabricaci\u00f3n.<\/li>\n<li><strong>Garantizado con la garant\u00eda del producto:<\/strong> Cubierto con la garant\u00eda de producto del fabricante que da seguridad a los compradores en caso de que el producto no cumpla con las expectativas.<\/li>\n<li><strong>Equipo de fabricaci\u00f3n de confianza:<\/strong> Nuestros dise\u00f1adores, ingenieros y fabricantes utilizan sus habilidades y talentos para ofrecerle el producto de mayor calidad que usted merece.<\/li>\n<li><strong>Asistencia en la planificaci\u00f3n del espacio de trabajo:<\/strong> Proporcionamos asistencia en la planificaci\u00f3n en la instalaci\u00f3n o renovaci\u00f3n de sus instalaciones de trabajo.<\/li>\n<li><strong>Ayuda para la instalaci\u00f3n:<\/strong> Proporcionamos asistencia exhaustiva en el despliegue de su mobiliario para el servicio.<\/li>\n<li><strong>Muebles de escritorio vers\u00e1tiles:<\/strong> Nuestros muebles son capaces de adaptarse a diferentes usos y entornos, por lo que son duraderos.<\/li>\n<\/ul>\n<p>AFC fabrica equipos de mobiliario de alta calidad que superan las expectativas est\u00e1ndar de practicidad, funcionalidad y ergonom\u00eda. Nuestros productos est\u00e1n garantizados con una garant\u00eda total del producto. Construimos productos que ofrecen a nuestros clientes la tranquilidad de obtener el m\u00e1ximo rendimiento de su inversi\u00f3n.<\/p>\n<p>P\u00f3ngase en contacto con nosotros para una consulta gratuita con nuestro amable y servicial especialista en mobiliario t\u00e9cnico ergon\u00f3mico.<\/p>\n","protected":false},"excerpt":{"rendered":"<h1 class=\"product-h3\"><span id=\"ctl00_ContentPlaceHolder1_lblH3\">Escritorio de pie para la lectura del PACS de radiolog\u00eda<br \/>\n<\/span><\/h1>\n<p>Esta estaci\u00f3n de trabajo Deluxe Ergo Tier es una estaci\u00f3n de trabajo ergon\u00f3mica ajustable en altura fabricada por AFC.<\/p>\n<p>Construido con ingenier\u00eda de vanguardia, el escritorio ergon\u00f3mico de pie ajustable en altura con monitores Barco Coronis 6MP es una l\u00ednea excepcional de estaciones de trabajo que redefine las capacidades de los est\u00e1ndares modernos de escritorios ergon\u00f3micos para mejorar las condiciones de trabajo y la eficiencia en los entornos m\u00e9dicos y sanitarios.<\/p>\n<p>Maximice su productividad colocando su cuerpo en una c\u00f3moda posici\u00f3n reclinada de 120 grados. El aspecto de la inclinaci\u00f3n del tablero le permite fijar la posici\u00f3n de la distancia focal para establecer el \u00e1ngulo de visi\u00f3n perfecto. Las patas telesc\u00f3picas de accionamiento neum\u00e1tico funcionan suavemente de forma electr\u00f3nica a trav\u00e9s de un panel de control f\u00e1cil de usar. Los cables est\u00e1n bien organizados con un sistema de gesti\u00f3n de cables.<\/p>\n<p>Incorporaci\u00f3n de los monitores Barco Coronis 6MP para lo \u00faltimo en estaciones de trabajo de lectura de radiolog\u00eda. Esta estaci\u00f3n de trabajo sit and stand de altura regulable ofrece un amplio escritorio y un ajuste de altura electr\u00f3nico.<\/p>\n<div class=\"col-md-6 col-sm-6 col-xs-12 detailList\">\n<ul>\n<li>Ajuste electr\u00f3nico de altura y reclinaci\u00f3n<\/li>\n<li>Plataforma de monitor retr\u00e1ctil telesc\u00f3pica<\/li>\n<li>Tablero de part\u00edculas laminado a alta presi\u00f3n con bordes moldeados en forma de parachoques<\/li>\n<li>Brazo de tel\u00e9fono ajustable<\/li>\n<li>L\u00e1mpara LED de sobremesa con pinza<\/li>\n<li>Portavasos de metal<\/li>\n<li>Dos bajadas de cables para la gesti\u00f3n del cableado<\/li>\n<li>Dos estantes individuales en la parte inferior Dos soportes para CPU de montaje en la base<\/li>\n<li>Cinco ruedas de 4 pulgadas (dos de ellas con bloqueo)<\/li>\n<li>Ancho de la superficie de trabajo de 84 pulgadas<\/li>\n<li>Profundidad de la superficie de trabajo de 34 pulgadas<\/li>\n<li>Altura desde el suelo: de 18 a 47 pulgadas<\/li>\n<li>Controla el movimiento vertical &#8211; carrera de 19 pulgadas<\/li>\n<\/ul>\n<p>&nbsp;<\/p>\n<\/div>\n<div class=\"col-md-6 col-sm-6 col-xs-12\">\n<ul class=\"ulpdf\">\n<li><a id=\"ctl00_ContentPlaceHolder1_hPDF\" href=\"https:\/\/afcindustries.com\/PDFS\/772430_DXET8434_B_SE_0_3EFX_C_0_SB_01.PDF\" target=\"_blank\" rel=\"noopener\"><img decoding=\"async\" id=\"ctl00_ContentPlaceHolder1_imgPDF\" style=\"border-width: 0px;\" src=\"https:\/\/afcindustries.com\/images\/pdf.gif\" border=\"0\" \/><span id=\"ctl00_ContentPlaceHolder1_lblPDFSKU\" class=\"pdf\">PDF 772430.pdf<\/span><\/a><\/li>\n<li><a id=\"ctl00_ContentPlaceHolder1_hPDF_instrcution\" href=\"https:\/\/afcindustries.com\/PDF_INSTRUCTION\/HEIGHT%20ADJUSTMENT%20CONTROL%20MANUAL.PDF\" target=\"_blank\" rel=\"noopener\"><img decoding=\"async\" id=\"ctl00_ContentPlaceHolder1_imgPDF_instrcution\" style=\"border-width: 0px;\" src=\"https:\/\/afcindustries.com\/images\/pdf-instruction.png\" border=\"0\" \/><span id=\"ctl00_ContentPlaceHolder1_lblPDF_instrcution\" class=\"pdf\">Manual de control de ajuste de altura<\/span><\/a><\/li>\n<\/ul>\n<p>&nbsp;<\/p>\n<ul class=\"ulpdf\">\n<li>Altura: de 28&#8243; a 47&#8243; desde el suelo<\/li>\n<li>Anchura: 84&#8243;.<\/li>\n<li>Profundidad: 34 \u00ab<\/li>\n<\/ul>\n<ul>\n<li style=\"list-style-type: none;\"><\/li>\n<\/ul>\n<\/div>\n","protected":false},"featured_media":48446,"template":"","meta":{"_acf_changed":false,"inline_featured_image":false},"product_brand":[],"product_cat":[1788,2610,2074,2131],"product_tag":[],"class_list":{"0":"post-19930","1":"product","2":"type-product","3":"status-publish","4":"has-post-thumbnail","6":"product_cat-escritorios-de-pie","7":"product_cat-escritorio-ergonomico-de-pie-para-la-lectura-radiologica-con-monitores-barco-coronis-6mp","8":"product_cat-escritorios-ergo-tier-de-lujo","9":"product_cat-estacion-de-trabajo-de-la-oficina-de-radiologia","10":"pa_model-et8434_b_3_dx-es","12":"first","13":"instock","14":"product-type-simple"},"acf":[],"_links":{"self":[{"href":"https:\/\/afcindustries.com\/es\/wp-json\/wp\/v2\/product\/19930","targetHints":{"allow":["GET"]}}],"collection":[{"href":"https:\/\/afcindustries.com\/es\/wp-json\/wp\/v2\/product"}],"about":[{"href":"https:\/\/afcindustries.com\/es\/wp-json\/wp\/v2\/types\/product"}],"wp:featuredmedia":[{"embeddable":true,"href":"https:\/\/afcindustries.com\/es\/wp-json\/wp\/v2\/media\/48446"}],"wp:attachment":[{"href":"https:\/\/afcindustries.com\/es\/wp-json\/wp\/v2\/media?parent=19930"}],"wp:term":[{"taxonomy":"product_brand","embeddable":true,"href":"https:\/\/afcindustries.com\/es\/wp-json\/wp\/v2\/product_brand?post=19930"},{"taxonomy":"product_cat","embeddable":true,"href":"https:\/\/afcindustries.com\/es\/wp-json\/wp\/v2\/product_cat?post=19930"},{"taxonomy":"product_tag","embeddable":true,"href":"https:\/\/afcindustries.com\/es\/wp-json\/wp\/v2\/product_tag?post=19930"}],"curies":[{"name":"wp","href":"https:\/\/api.w.org\/{rel}","templated":true}]}}