{"id":19927,"date":"2022-01-29T12:30:47","date_gmt":"2022-01-29T17:30:47","guid":{"rendered":"https:\/\/afcindustries.com\/product\/lampara-de-escritorio-con-pinzas\/"},"modified":"2024-11-30T11:46:44","modified_gmt":"2024-11-30T16:46:44","slug":"lampara-de-escritorio-con-pinzas","status":"publish","type":"product","link":"https:\/\/afcindustries.com\/es\/producto\/lampara-de-escritorio-con-pinzas\/","title":{"rendered":"L\u00e1mpara de escritorio con pinzas"},"content":{"rendered":"<h2>Soporte de l\u00e1mpara de escritorio con pinzas<\/h2>\n<div id=\"color_choice\"><\/div>\n<p>Conozca la Desk Lamp Plus: una l\u00e1mpara de escritorio con pinzas y dos cabezales de LED flexibles y ajustables. Cuenta con un cabezal de ca\u00f1\u00f3n LED de luz ambiental y un cabezal de ca\u00f1\u00f3n de luz de tarea personal independiente.<\/p>\n<p>La Desk Lamp Plus puede cubrir una amplia superficie de escritorio sin que la luz se disperse en su entorno, gracias a su cabezal bien dise\u00f1ado y a su tubo met\u00e1lico flexible. Su cableado inteligente oculto bajo el escritorio evita los accidentes de trabajo y aporta un toque futurista a su dise\u00f1o.<\/p>\n<div class=\"desksize\"><\/div>\n<h3 class=\"product-h3\"><span id=\"ctl00_ContentPlaceHolder1_lblImageBottom1\">L\u00e1mpara de escritorio con pinzas Dos luces LED<\/span><\/h3>\n<p><img decoding=\"async\" id=\"ctl00_ContentPlaceHolder1_imgDetailImageCall\" class=\"img-responsive\" style=\"border-width: 0px\" src=\"https:\/\/afcindustries.com\/wp-content\/uploads\/2022\/01\/772720-clamp-on-desk-lamp-two-led-lights.jpg\" alt=\"L\u00e1mpara de escritorio con pinzas Dos luces\" title=\"\"><\/p>\n<div id=\"ctl00_ContentPlaceHolder1_pnlImageContainer\"><\/div>\n<h3 class=\"product-h3\"><span id=\"ctl00_ContentPlaceHolder1_lblImageBottom2\">Soporte para l\u00e1mpara de escritorio o de mesa con pinzas<\/span><\/h3>\n<p><img decoding=\"async\" id=\"ctl00_ContentPlaceHolder1_imgDetailImageCall2\" class=\"img-responsive\" style=\"border-width: 0px\" src=\"https:\/\/afcindustries.com\/wp-content\/uploads\/2022\/01\/772720-clamp-on-desk-or-table-lamp-stand.jpg\" alt=\"Soporte para l\u00e1mpara de escritorio o de mesa con pinzas\" title=\"\"><\/p>\n<h3 class=\"product-h3\"><\/h3>\n","protected":false},"excerpt":{"rendered":"<h1 class=\"product-h3\"><span id=\"ctl00_ContentPlaceHolder1_lblH3\">Soporte de l\u00e1mpara de escritorio ajustable con pinza<\/span><\/h1>\n<div class=\"col-md-6 col-sm-6 col-xs-12 detailList\">\n<ul>\n<li>Dos cabezas de ca\u00f1\u00f3n de luz LED<\/li>\n<li>Tubo met\u00e1lico flexible para facilitar los ajustes<\/li>\n<li>Cableado inteligente oculto<\/li>\n<li>F\u00e1cil de instalar Funci\u00f3n de sujeci\u00f3n a la mesa<\/li>\n<\/ul>\n<p>&nbsp;<\/p>\n<p>&nbsp;<\/p>\n<\/div>\n<div class=\"col-md-6 col-sm-6 col-xs-12\">\n<p>&nbsp;<\/p>\n<ul>\n<li>\n<ul class=\"specPreview\">\n<li>Altura<\/li>\n<li>32&#8243;<\/li>\n<\/ul>\n<p>&nbsp;<\/li>\n<\/ul>\n<\/div>\n","protected":false},"featured_media":13838,"template":"","meta":{"_acf_changed":false,"inline_featured_image":false},"product_brand":[],"product_cat":[1783,2601],"product_tag":[],"class_list":{"0":"post-19927","1":"product","2":"type-product","3":"status-publish","4":"has-post-thumbnail","6":"product_cat-accesorios","7":"product_cat-lampara-de-escritorio-con-pinzas","9":"first","10":"instock","11":"product-type-simple"},"acf":[],"_links":{"self":[{"href":"https:\/\/afcindustries.com\/es\/wp-json\/wp\/v2\/product\/19927","targetHints":{"allow":["GET"]}}],"collection":[{"href":"https:\/\/afcindustries.com\/es\/wp-json\/wp\/v2\/product"}],"about":[{"href":"https:\/\/afcindustries.com\/es\/wp-json\/wp\/v2\/types\/product"}],"wp:featuredmedia":[{"embeddable":true,"href":"https:\/\/afcindustries.com\/es\/wp-json\/wp\/v2\/media\/13838"}],"wp:attachment":[{"href":"https:\/\/afcindustries.com\/es\/wp-json\/wp\/v2\/media?parent=19927"}],"wp:term":[{"taxonomy":"product_brand","embeddable":true,"href":"https:\/\/afcindustries.com\/es\/wp-json\/wp\/v2\/product_brand?post=19927"},{"taxonomy":"product_cat","embeddable":true,"href":"https:\/\/afcindustries.com\/es\/wp-json\/wp\/v2\/product_cat?post=19927"},{"taxonomy":"product_tag","embeddable":true,"href":"https:\/\/afcindustries.com\/es\/wp-json\/wp\/v2\/product_tag?post=19927"}],"curies":[{"name":"wp","href":"https:\/\/api.w.org\/{rel}","templated":true}]}}