{"id":19918,"date":"2022-01-29T12:30:30","date_gmt":"2022-01-29T17:30:30","guid":{"rendered":"https:\/\/afcindustries.com\/product\/armario-de-cajones-con-ruedas\/"},"modified":"2024-10-09T09:47:51","modified_gmt":"2024-10-09T13:47:51","slug":"armario-de-cajones-con-ruedas","status":"publish","type":"product","link":"https:\/\/afcindustries.com\/es\/producto\/armario-de-cajones-con-ruedas\/","title":{"rendered":"Armario de cajones con ruedas"},"content":{"rendered":"<h1>Archivador de oficina rodante<\/h1>\n<div id=\"color_choice\"><\/div>\n<p>Armario de oficina con cajones rodantes que ofrece un c\u00f3modo almacenamiento de archivos muy importantes y otras cosas valiosas. Est\u00e1 dise\u00f1ado para trasladarse sin esfuerzo a cualquier lugar del suelo de la oficina y est\u00e1 construido con cajones deslizantes extra\u00edbles para un uso del armario sin esfuerzo.<\/p>\n<p>*Las im\u00e1genes del producto son s\u00f3lo representaciones gr\u00e1ficas. El producto real puede diferir en materiales y colores, por favor, p\u00f3ngase en contacto con nosotros para m\u00e1s informaci\u00f3n.<\/p>\n<p>AFC fabrica equipos de mobiliario de alta calidad que superan las expectativas est\u00e1ndar de practicidad, funcionalidad y ergonom\u00eda. Nuestros productos est\u00e1n garantizados con una garant\u00eda total del producto. Construimos productos que ofrecen a nuestros clientes la tranquilidad de obtener el m\u00e1ximo rendimiento de su inversi\u00f3n.<\/p>\n<p>P\u00f3ngase en contacto con nosotros para una consulta gratuita con nuestro amable y servicial especialista en mobiliario t\u00e9cnico ergon\u00f3mico.<\/p>\n<div class=\"desksize\"><\/div>\n","protected":false},"excerpt":{"rendered":"<h1 class=\"product-h3\"><span id=\"ctl00_ContentPlaceHolder1_lblH3\">Cajonera de oficina Caracter\u00edsticas<\/span><\/h1>\n<div class=\"col-md-6 col-sm-6 col-xs-12 detailList\">\n<ul>\n<li>cajones deslizantes extra\u00edbles y plegables<\/li>\n<li>Espacio de almacenamiento adicional en el m\u00f3vil<\/li>\n<li>Perfecto para entornos escolares y de oficina<\/li>\n<li>Construido con materiales industriales de alta calidad<\/li>\n<li>Dise\u00f1o que ahorra espacio para entornos de oficina reducidos<\/li>\n<li>Dise\u00f1o ergon\u00f3mico con flexibilidad y durabilidad<\/li>\n<\/ul>\n<p>&nbsp;<\/p>\n<p>&nbsp;<\/p>\n<\/div>\n<div class=\"col-md-6 col-sm-6 col-xs-12\">\n<p>&nbsp;<\/p>\n<ul>\n<li>\n<ul class=\"specPreview\">\n<li>Altura<\/li>\n<li>&#8211; 26,3 pulgadas<\/li>\n<\/ul>\n<p>&nbsp;<\/li>\n<li>\n<ul class=\"specPreview\">\n<li>Anchura<\/li>\n<li>&#8211; 15,9 pulgadas<\/li>\n<\/ul>\n<p>&nbsp;<\/li>\n<li>\n<ul class=\"specPreview\">\n<li>Profundidad<\/li>\n<li>&#8211; 21,5 pulgadas<\/li>\n<\/ul>\n<p>&nbsp;<\/li>\n<\/ul>\n<\/div>\n","protected":false},"featured_media":13652,"template":"","meta":{"_acf_changed":false,"inline_featured_image":false},"product_brand":[],"product_cat":[1783,2576,1784],"product_tag":[],"class_list":{"0":"post-19918","1":"product","2":"type-product","3":"status-publish","4":"has-post-thumbnail","6":"product_cat-accesorios","7":"product_cat-armario-de-cajones-con-ruedas","8":"product_cat-todos-los-accesorios","10":"first","11":"instock","12":"product-type-simple"},"acf":[],"_links":{"self":[{"href":"https:\/\/afcindustries.com\/es\/wp-json\/wp\/v2\/product\/19918","targetHints":{"allow":["GET"]}}],"collection":[{"href":"https:\/\/afcindustries.com\/es\/wp-json\/wp\/v2\/product"}],"about":[{"href":"https:\/\/afcindustries.com\/es\/wp-json\/wp\/v2\/types\/product"}],"wp:featuredmedia":[{"embeddable":true,"href":"https:\/\/afcindustries.com\/es\/wp-json\/wp\/v2\/media\/13652"}],"wp:attachment":[{"href":"https:\/\/afcindustries.com\/es\/wp-json\/wp\/v2\/media?parent=19918"}],"wp:term":[{"taxonomy":"product_brand","embeddable":true,"href":"https:\/\/afcindustries.com\/es\/wp-json\/wp\/v2\/product_brand?post=19918"},{"taxonomy":"product_cat","embeddable":true,"href":"https:\/\/afcindustries.com\/es\/wp-json\/wp\/v2\/product_cat?post=19918"},{"taxonomy":"product_tag","embeddable":true,"href":"https:\/\/afcindustries.com\/es\/wp-json\/wp\/v2\/product_tag?post=19918"}],"curies":[{"name":"wp","href":"https:\/\/api.w.org\/{rel}","templated":true}]}}