{"id":19916,"date":"2022-01-29T12:30:53","date_gmt":"2022-01-29T17:30:53","guid":{"rendered":"https:\/\/afcindustries.com\/product\/contenedor-de-residuos-biologicos\/"},"modified":"2024-11-30T11:46:08","modified_gmt":"2024-11-30T16:46:08","slug":"contenedor-de-residuos-biologicos","status":"publish","type":"product","link":"https:\/\/afcindustries.com\/es\/producto\/contenedor-de-residuos-biologicos\/","title":{"rendered":"Contenedor de residuos biol\u00f3gicos"},"content":{"rendered":"<h2>Contenedor de residuos biom\u00e9dicos<\/h2>\n<div id=\"color_choice\"><\/div>\n<p>Un contenedor de residuos de riesgo biol\u00f3gico para evitar que los materiales peligrosos contaminen otros materiales. Viene con un soporte de montaje que evita que se caiga accidentalmente. Viene en color rojo brillante que ordena precauci\u00f3n a la persona que se acerque.<\/p>\n<div class=\"desksize\"><\/div>\n","protected":false},"excerpt":{"rendered":"<h1 class=\"product-h3\"><span id=\"ctl00_ContentPlaceHolder1_lblH3\">Contenedor de residuos biol\u00f3gicos<\/span><\/h1>\n<div class=\"col-md-6 col-sm-6 col-xs-12 detailList\">\n<ul>\n<li>Caja universal de residuos de riesgo biol\u00f3gico<\/li>\n<li>Eliminaci\u00f3n y manipulaci\u00f3n de residuos de f\u00e1cil acceso<\/li>\n<li>Se puede montar en el escritorio<\/li>\n<li>Dise\u00f1ado con el logotipo de riesgo biol\u00f3gico<\/li>\n<li>Construido con una tapa de pl\u00e1stico<\/li>\n<\/ul>\n<p>&nbsp;<\/p>\n<p>&nbsp;<\/p>\n<\/div>\n<div class=\"col-md-6 col-sm-6 col-xs-12\">\n<p>&nbsp;<\/p>\n<ul>\n<li>\n<ul class=\"specPreview\">\n<li>Altura<\/li>\n<li>TBD<\/li>\n<\/ul>\n<p>&nbsp;<\/li>\n<li>\n<ul class=\"specPreview\">\n<li>Anchura<\/li>\n<li>TBD<\/li>\n<\/ul>\n<p>&nbsp;<\/li>\n<li>\n<ul class=\"specPreview\">\n<li>Profundidad<\/li>\n<li>TBD<\/li>\n<\/ul>\n<p>&nbsp;<\/li>\n<\/ul>\n<\/div>\n","protected":false},"featured_media":14014,"template":"","meta":{"_acf_changed":false,"inline_featured_image":false},"product_brand":[],"product_cat":[1783,2570,1784],"product_tag":[],"class_list":{"0":"post-19916","1":"product","2":"type-product","3":"status-publish","4":"has-post-thumbnail","6":"product_cat-accesorios","7":"product_cat-contenedor-de-residuos-biologicos","8":"product_cat-todos-los-accesorios","9":"pa_model-bwh100-es","11":"first","12":"instock","13":"product-type-simple"},"acf":[],"_links":{"self":[{"href":"https:\/\/afcindustries.com\/es\/wp-json\/wp\/v2\/product\/19916","targetHints":{"allow":["GET"]}}],"collection":[{"href":"https:\/\/afcindustries.com\/es\/wp-json\/wp\/v2\/product"}],"about":[{"href":"https:\/\/afcindustries.com\/es\/wp-json\/wp\/v2\/types\/product"}],"wp:featuredmedia":[{"embeddable":true,"href":"https:\/\/afcindustries.com\/es\/wp-json\/wp\/v2\/media\/14014"}],"wp:attachment":[{"href":"https:\/\/afcindustries.com\/es\/wp-json\/wp\/v2\/media?parent=19916"}],"wp:term":[{"taxonomy":"product_brand","embeddable":true,"href":"https:\/\/afcindustries.com\/es\/wp-json\/wp\/v2\/product_brand?post=19916"},{"taxonomy":"product_cat","embeddable":true,"href":"https:\/\/afcindustries.com\/es\/wp-json\/wp\/v2\/product_cat?post=19916"},{"taxonomy":"product_tag","embeddable":true,"href":"https:\/\/afcindustries.com\/es\/wp-json\/wp\/v2\/product_tag?post=19916"}],"curies":[{"name":"wp","href":"https:\/\/api.w.org\/{rel}","templated":true}]}}