{"id":19914,"date":"2022-01-29T12:30:47","date_gmt":"2022-01-29T17:30:47","guid":{"rendered":"https:\/\/afcindustries.com\/product\/carro-de-estacion-de-trabajo-de-ordenador-portatil-movil\/"},"modified":"2024-11-30T11:46:08","modified_gmt":"2024-11-30T16:46:08","slug":"carro-de-estacion-de-trabajo-de-ordenador-portatil-movil","status":"publish","type":"product","link":"https:\/\/afcindustries.com\/es\/producto\/carro-de-estacion-de-trabajo-de-ordenador-portatil-movil\/","title":{"rendered":"Carro de estaci\u00f3n de trabajo de ordenador port\u00e1til m\u00f3vil"},"content":{"rendered":"<h2>Carro para estaci\u00f3n de trabajo de ordenador port\u00e1til<\/h2>\n<div id=\"color_choice\"><\/div>\n<p>Un carro de estaci\u00f3n de trabajo inform\u00e1tica port\u00e1til que ofrece al usuario un c\u00f3modo acceso a los datos inform\u00e1ticos en cualquier lugar. Tambi\u00e9n proporciona a sus usuarios facilidad de movimiento a trav\u00e9s de su dise\u00f1o ergon\u00f3mico y sin esfuerzo para moverse; y, permite a su usuario realizar su tarea con mayor rendimiento y eficiencia.<\/p>\n<p>Este carro de estaci\u00f3n de trabajo de ordenador port\u00e1til est\u00e1 equipado con: cuatro ruedas; soporte de CPU; bandeja de rat\u00f3n deslizante; soporte de poste ajustable en altura; escritorio de teclado; y; soporte de brazo de monitor ajustable.<\/p>\n<p>AFC fabrica equipos de mobiliario de alta calidad que superan las expectativas est\u00e1ndar de practicidad, funcionalidad y ergonom\u00eda. Nuestros productos est\u00e1n garantizados con una garant\u00eda total del producto. Construimos productos que ofrecen a nuestros clientes la tranquilidad de obtener el m\u00e1ximo rendimiento de su inversi\u00f3n.<\/p>\n<p>P\u00f3ngase en contacto con nosotros para una consulta gratuita con nuestro amable y servicial especialista en mobiliario t\u00e9cnico ergon\u00f3mico.<\/p>\n<div class=\"desksize\"><\/div>\n","protected":false},"excerpt":{"rendered":"<h1 class=\"product-h3\"><span id=\"ctl00_ContentPlaceHolder1_lblH3\">Carro de estaci\u00f3n de trabajo de ordenador port\u00e1til rodante<\/span><\/h1>\n<div class=\"col-md-6 col-sm-6 col-xs-12 detailList\"><span id=\"ctl00_ContentPlaceHolder1_lblDetails\"><\/span><br \/>\n<span id=\"ctl00_ContentPlaceHolder1_lblFeatures\"><\/span><\/div>\n<div class=\"col-md-6 col-sm-6 col-xs-12\">\n<ul class=\"ulpdf\">\n<li><a id=\"ctl00_ContentPlaceHolder1_hPDF\" href=\"https:\/\/afcindustries.com\/PDFS\/AGDM-262140-08-REV%2026.PDF\" target=\"_blank\" rel=\"noopener\"><img decoding=\"async\" id=\"ctl00_ContentPlaceHolder1_imgPDF\" style=\"border-width: 0px;\" src=\"https:\/\/afcindustries.com\/images\/pdf.gif\" border=\"0\" \/><span id=\"ctl00_ContentPlaceHolder1_lblPDFSKU\" class=\"pdf\">PDF AGDM-262140-08-REV 26.pdf<\/span><\/a><\/li>\n<\/ul>\n<\/div>\n","protected":false},"featured_media":13855,"template":"","meta":{"_acf_changed":false,"inline_featured_image":false},"product_brand":[],"product_cat":[2563,1869,1866],"product_tag":[],"class_list":{"0":"post-19914","1":"product","2":"type-product","3":"status-publish","4":"has-post-thumbnail","6":"product_cat-carro-de-estacion-de-trabajo-de-ordenador-portatil-movil","7":"product_cat-carros-oem","8":"product_cat-oem-es","10":"first","11":"instock","12":"product-type-simple"},"acf":[],"_links":{"self":[{"href":"https:\/\/afcindustries.com\/es\/wp-json\/wp\/v2\/product\/19914","targetHints":{"allow":["GET"]}}],"collection":[{"href":"https:\/\/afcindustries.com\/es\/wp-json\/wp\/v2\/product"}],"about":[{"href":"https:\/\/afcindustries.com\/es\/wp-json\/wp\/v2\/types\/product"}],"wp:featuredmedia":[{"embeddable":true,"href":"https:\/\/afcindustries.com\/es\/wp-json\/wp\/v2\/media\/13855"}],"wp:attachment":[{"href":"https:\/\/afcindustries.com\/es\/wp-json\/wp\/v2\/media?parent=19914"}],"wp:term":[{"taxonomy":"product_brand","embeddable":true,"href":"https:\/\/afcindustries.com\/es\/wp-json\/wp\/v2\/product_brand?post=19914"},{"taxonomy":"product_cat","embeddable":true,"href":"https:\/\/afcindustries.com\/es\/wp-json\/wp\/v2\/product_cat?post=19914"},{"taxonomy":"product_tag","embeddable":true,"href":"https:\/\/afcindustries.com\/es\/wp-json\/wp\/v2\/product_tag?post=19914"}],"curies":[{"name":"wp","href":"https:\/\/api.w.org\/{rel}","templated":true}]}}