{"id":19911,"date":"2022-10-21T12:30:39","date_gmt":"2022-10-21T16:30:39","guid":{"rendered":"https:\/\/afcindustries.com\/product\/carro-movil-para-tabletas-con-cesta-de-alambre-con-cierre-elbi-y-cestas-de-almacenamiento\/"},"modified":"2024-11-29T10:56:35","modified_gmt":"2024-11-29T15:56:35","slug":"carro-movil-para-tabletas-con-cesta-de-alambre-con-cierre-elbi-y-cestas-de-almacenamiento","status":"publish","type":"product","link":"https:\/\/afcindustries.com\/es\/producto\/carro-movil-para-tabletas-con-cesta-de-alambre-con-cierre-elbi-y-cestas-de-almacenamiento\/","title":{"rendered":"Carro m\u00f3vil para tabletas con cesta de alambre con cierre ELBI y cestas de almacenamiento"},"content":{"rendered":"<h2>Carro m\u00f3vil con cesta de alambre con cierre ELBI y cestas de almacenamiento<\/h2>\n<div id=\"color_choice\"><\/div>\n<p>Este carro m\u00f3vil para tabletas viene equipado con amplias opciones de almacenamiento seguro.<\/p>\n<p>El carro m\u00f3vil, ligero y que ocupa poco espacio, se apoya en una base ponderada de 5 estrellas y se desplaza sobre ruedas con bloqueo.<\/p>\n<p>&nbsp;<\/p>\n<p>AFC fabrica equipos de mobiliario de alta calidad que superan las expectativas est\u00e1ndar de practicidad, funcionalidad y ergonom\u00eda. Nuestros productos est\u00e1n garantizados con una garant\u00eda total del producto. Construimos productos que ofrecen a nuestros clientes la tranquilidad de obtener el m\u00e1ximo rendimiento de su inversi\u00f3n.<\/p>\n<p>P\u00f3ngase en contacto con nosotros para una consulta gratuita con nuestro amable y servicial especialista en mobiliario t\u00e9cnico ergon\u00f3mico.<\/p>\n<p><b>Por favor, tenga en cuenta: el tama\u00f1o de la tableta y el n\u00famero de modelo deben ser especificados para el tama\u00f1o correcto del soporte del marco de la tableta.<br \/>\n<b><\/b><\/b><\/p>\n<div class=\"desksize\"><\/div>\n<h3 class=\"product-h3\"><span id=\"ctl00_ContentPlaceHolder1_lblImageBottom1\">Carro m\u00f3vil para tabletas con cesta de alambre con cierre ELBI y cestas de almacenamiento Descripci\u00f3n <\/span><\/h3>\n<p><img decoding=\"async\" id=\"ctl00_ContentPlaceHolder1_imgDetailImageCall\" class=\"img-responsive\" style=\"border-width: 0px\" src=\"https:\/\/afcindustries.com\/wp-content\/uploads\/2022\/01\/772871-mobile-tablet-cart-with-elbi-locking-wire-basket-and-storage-baskets-description.jpg\" alt=\"Carro m\u00f3vil para tabletas con cesta de alambre con cierre ELBI y cestas de almacenamiento Descripci\u00f3n\" title=\"\"><\/p>\n<div id=\"ctl00_ContentPlaceHolder1_pnlImageContainer\"><\/div>\n<h3 class=\"product-h3\"><span id=\"ctl00_ContentPlaceHolder1_lblImageBottom2\">Carro m\u00f3vil para tabletas con cesta de alambre con cierre ELBI y cestas de almacenamiento caracter\u00edsticas<\/span><\/h3>\n<p><img decoding=\"async\" id=\"ctl00_ContentPlaceHolder1_imgDetailImageCall2\" class=\"img-responsive\" style=\"border-width: 0px\" src=\"https:\/\/afcindustries.com\/wp-content\/uploads\/2022\/01\/772871-mobile-tablet-cart-with-elbi-locking-wire-basket-and-storage-baskets-features.jpg\" alt=\"Carro m\u00f3vil para tabletas con cesta de alambre con cierre ELBI y cestas de almacenamiento caracter\u00edsticas\" title=\"\"><\/p>\n<h3 class=\"product-h3\"><span id=\"ctl00_ContentPlaceHolder1_lblImageBottom3\">Carro m\u00f3vil para tabletas con cesta de alambre con cierre ELBI y detalles de las cestas de almacenamiento<\/span><\/h3>\n<p><img decoding=\"async\" id=\"ctl00_ContentPlaceHolder1_imgDetailImageCall3\" class=\"img-responsive\" style=\"border-width: 0px\" src=\"https:\/\/afcindustries.com\/wp-content\/uploads\/2022\/01\/772871-mobile-tablet-cart-with-elbi-locking-wire-basket-and-storage-baskets-details.jpg\" alt=\"Carro m\u00f3vil para tabletas con cesta de alambre con cierre ELBI y detalles de las cestas de almacenamiento\" title=\"\"><\/p>\n","protected":false},"excerpt":{"rendered":"<h1 class=\"product-h3\"><span id=\"ctl00_ContentPlaceHolder1_lblH3\">Carro de ordenador m\u00f3vil con cesta de alambre con cierre ELBI y cestas de almacenamiento<\/span><\/h1>\n<div class=\"col-md-6 col-sm-6 col-xs-12 detailList\">\n<ul>\n<li>Carro m\u00f3vil para tabletas con opciones de almacenamiento<\/li>\n<li>Base lastrada de 5 estrellas y un robusto poste central montado<\/li>\n<li>Empu\u00f1adura ergon\u00f3mica para facilitar la maniobrabilidad<\/li>\n<li>Cesta de alambre grande, segura y con cierre, para mantener a salvo los objetos de valor<\/li>\n<li>Cestas de alambre reforzadas para facilitar el almacenamiento de archivos y documentos<\/li>\n<li>Cinco robustas ruedas dobles para facilitar la movilidad<\/li>\n<\/ul>\n<p>&nbsp;<\/p>\n<\/div>\n<div class=\"col-md-6 col-sm-6 col-xs-12\">\n<ul class=\"ulpdf\">\n<li><a id=\"ctl00_ContentPlaceHolder1_hPDF\" href=\"https:\/\/afcindustries.com\/PDFS\/RVN_MPC48AL_15_2WB_01-REV%2002.PDF\" target=\"_blank\" rel=\"noopener\"><img decoding=\"async\" id=\"ctl00_ContentPlaceHolder1_imgPDF\" style=\"border-width: 0px;\" src=\"https:\/\/afcindustries.com\/images\/pdf.gif\" border=\"0\" \/><span id=\"ctl00_ContentPlaceHolder1_lblPDFSKU\" class=\"pdf\">PDF RVN_MPC48AL_15_2WB_01-Rev 02.pdf<\/span><\/a><\/li>\n<\/ul>\n<ul>\n<li>\n<ul class=\"specPreview\">\n<li>Altura<\/li>\n<li>52&#8243;<\/li>\n<\/ul>\n<p>&nbsp;<\/li>\n<li>\n<ul class=\"specPreview\">\n<li>Anchura<\/li>\n<li>28&#8243;<\/li>\n<\/ul>\n<p>&nbsp;<\/li>\n<li>\n<ul class=\"specPreview\">\n<li>Profundidad<\/li>\n<li>28&#8243;<\/li>\n<\/ul>\n<p>&nbsp;<\/li>\n<\/ul>\n<\/div>\n","protected":false},"featured_media":13690,"template":"","meta":{"_acf_changed":false,"inline_featured_image":false},"product_brand":[],"product_cat":[1803,2556,1765,1771,1967],"product_tag":[],"class_list":{"0":"post-19911","1":"product","2":"type-product","3":"status-publish","4":"has-post-thumbnail","6":"product_cat-carro-de-tabletas","7":"product_cat-carro-movil-con-cesta-de-alambre-con-cierre-elbi-y-cestas-de-almacenamiento","8":"product_cat-carros-de-ordenador-medico","9":"product_cat-carros-moviles-para-postes","10":"product_cat-covid-ready-es","12":"first","13":"instock","14":"product-type-simple"},"acf":[],"_links":{"self":[{"href":"https:\/\/afcindustries.com\/es\/wp-json\/wp\/v2\/product\/19911","targetHints":{"allow":["GET"]}}],"collection":[{"href":"https:\/\/afcindustries.com\/es\/wp-json\/wp\/v2\/product"}],"about":[{"href":"https:\/\/afcindustries.com\/es\/wp-json\/wp\/v2\/types\/product"}],"wp:featuredmedia":[{"embeddable":true,"href":"https:\/\/afcindustries.com\/es\/wp-json\/wp\/v2\/media\/13690"}],"wp:attachment":[{"href":"https:\/\/afcindustries.com\/es\/wp-json\/wp\/v2\/media?parent=19911"}],"wp:term":[{"taxonomy":"product_brand","embeddable":true,"href":"https:\/\/afcindustries.com\/es\/wp-json\/wp\/v2\/product_brand?post=19911"},{"taxonomy":"product_cat","embeddable":true,"href":"https:\/\/afcindustries.com\/es\/wp-json\/wp\/v2\/product_cat?post=19911"},{"taxonomy":"product_tag","embeddable":true,"href":"https:\/\/afcindustries.com\/es\/wp-json\/wp\/v2\/product_tag?post=19911"}],"curies":[{"name":"wp","href":"https:\/\/api.w.org\/{rel}","templated":true}]}}