{"id":19907,"date":"2022-01-29T12:30:30","date_gmt":"2022-01-29T17:30:30","guid":{"rendered":"https:\/\/afcindustries.com\/product\/escritorio-electronico-ajustable-en-altura\/"},"modified":"2024-10-09T09:47:37","modified_gmt":"2024-10-09T13:47:37","slug":"escritorio-electronico-ajustable-en-altura","status":"publish","type":"product","link":"https:\/\/afcindustries.com\/es\/producto\/escritorio-electronico-ajustable-en-altura\/","title":{"rendered":"Escritorio electr\u00f3nico ajustable en altura"},"content":{"rendered":"<h1>Escritorio electr\u00f3nico ergon\u00f3mico ajustable en altura<\/h1>\n<div id=\"color_choice\"><\/div>\n<p>Esta mesa electr\u00f3nica de altura regulable de primera calidad permite al usuario tener facilidad electr\u00f3nica, estas mesas de altura regulable se convierten de altura de escritorio a altura de pie y viceversa para acomodar a los trabajadores de diferentes estaturas. Tambi\u00e9n ayuda a aquellos usuarios que utilizan sillas de ruedas apreciar\u00e1n la altura ajustable y la facilidad de uso de nuestras mesas el\u00e9ctricas de elevaci\u00f3n ajustable, y proporciona al usuario un escritorio de elevaci\u00f3n de f\u00e1cil transporte.<\/p>\n<p>Este escritorio ergon\u00f3mico de altura electr\u00f3nica est\u00e1 equipado con: ruedas, tres patas de altura regulable, abrazadera de poste de escritorio, marco met\u00e1lico con cerradura, muebles modulares, soportes de monitor de brazo en Z, riel horizontal y marco de acero.<\/p>\n<p>AFC fabrica equipos de mobiliario de alta calidad que superan las expectativas est\u00e1ndar de practicidad, funcionalidad y ergonom\u00eda. Nuestros productos est\u00e1n garantizados con una garant\u00eda total del producto. Construimos productos que ofrecen a nuestros clientes la tranquilidad de obtener el m\u00e1ximo rendimiento de su inversi\u00f3n.<\/p>\n<p>P\u00f3ngase en contacto con nosotros para una consulta gratuita con nuestro amable y servicial especialista en mobiliario t\u00e9cnico ergon\u00f3mico.<\/p>\n<div class=\"desksize\"><\/div>\n","protected":false},"excerpt":{"rendered":"<h1 class=\"product-h3\"><span id=\"ctl00_ContentPlaceHolder1_lblH3\">Escritorio electr\u00f3nico de alta resistencia ajustable en altura<\/span><\/h1>\n<div class=\"col-md-6 col-sm-6 col-xs-12 detailList\"><span id=\"ctl00_ContentPlaceHolder1_lblDetails\"><\/span><br \/>\n<span id=\"ctl00_ContentPlaceHolder1_lblFeatures\"><\/span><\/div>\n<div class=\"col-md-6 col-sm-6 col-xs-12\">\n<p>&nbsp;<\/p>\n<\/div>\n","protected":false},"featured_media":13557,"template":"","meta":{"_acf_changed":false,"inline_featured_image":false},"product_brand":[],"product_cat":[2551,2542,1866],"product_tag":[],"class_list":{"0":"post-19907","1":"product","2":"type-product","3":"status-publish","4":"has-post-thumbnail","6":"product_cat-escritorio-electronico-ajustable-en-altura","7":"product_cat-escritorio-ergonomico-oem","8":"product_cat-oem-es","10":"first","11":"instock","12":"product-type-simple"},"acf":[],"_links":{"self":[{"href":"https:\/\/afcindustries.com\/es\/wp-json\/wp\/v2\/product\/19907","targetHints":{"allow":["GET"]}}],"collection":[{"href":"https:\/\/afcindustries.com\/es\/wp-json\/wp\/v2\/product"}],"about":[{"href":"https:\/\/afcindustries.com\/es\/wp-json\/wp\/v2\/types\/product"}],"wp:featuredmedia":[{"embeddable":true,"href":"https:\/\/afcindustries.com\/es\/wp-json\/wp\/v2\/media\/13557"}],"wp:attachment":[{"href":"https:\/\/afcindustries.com\/es\/wp-json\/wp\/v2\/media?parent=19907"}],"wp:term":[{"taxonomy":"product_brand","embeddable":true,"href":"https:\/\/afcindustries.com\/es\/wp-json\/wp\/v2\/product_brand?post=19907"},{"taxonomy":"product_cat","embeddable":true,"href":"https:\/\/afcindustries.com\/es\/wp-json\/wp\/v2\/product_cat?post=19907"},{"taxonomy":"product_tag","embeddable":true,"href":"https:\/\/afcindustries.com\/es\/wp-json\/wp\/v2\/product_tag?post=19907"}],"curies":[{"name":"wp","href":"https:\/\/api.w.org\/{rel}","templated":true}]}}