{"id":19902,"date":"2022-01-29T12:29:44","date_gmt":"2022-01-29T17:29:44","guid":{"rendered":"https:\/\/afcindustries.com\/product\/escritorio-de-pie-para-imagenes-radiologicas\/"},"modified":"2024-10-09T09:47:02","modified_gmt":"2024-10-09T13:47:02","slug":"escritorio-de-pie-para-imagenes-radiologicas","status":"publish","type":"product","link":"https:\/\/afcindustries.com\/es\/producto\/escritorio-de-pie-para-imagenes-radiologicas\/","title":{"rendered":"Escritorio de pie para im\u00e1genes radiol\u00f3gicas"},"content":{"rendered":"<h1>Escritorio ergon\u00f3mico de pie para im\u00e1genes radiol\u00f3gicas<\/h1>\n<div id=\"color_choice\">\n<div id=\"ctl00_ContentPlaceHolder1_color1_pnlColor\" class=\"option-Style-Panel1\">\n<div class=\"color-container\">\n<div class=\"color-item\">\n<p>&nbsp;<\/p>\n<div id=\"Cream\" class=\"color-item-big\"><img decoding=\"async\" src=\"https:\/\/afcindustries.com\/wp-content\/uploads\/2022\/01\/Cream-1.jpg\" alt=\"Crema\" title=\"\"><\/div>\n<\/div>\n<\/div>\n<\/div>\n<\/div>\n<p>Este escritorio de pie para im\u00e1genes radiol\u00f3gicas es un mueble t\u00e9cnico de primera l\u00ednea, que supera las expectativas est\u00e1ndar de proporcionar un rendimiento \u00f3ptimo que sirva a las demandas de los profesionales de la radiolog\u00eda m\u00e9dica.<\/p>\n<p>La posici\u00f3n de pie se recomienda para los profesionales, ya que reduce la mayor\u00eda de los problemas relacionados con los efectos adversos de estar sentado durante mucho tiempo, mejorando as\u00ed la productividad y el bienestar f\u00edsico. Con s\u00f3lo pulsar un bot\u00f3n, la altura de esta mesa de bipedestaci\u00f3n para radiolog\u00eda del sistema PACS puede ajustarse a la posici\u00f3n de sentado o de pie. Los soportes para monitores son tambi\u00e9n ajustables en altura de forma independiente con brazos para monitores con capacidad de inclinaci\u00f3n y giro que ofrecen el mejor \u00e1ngulo de visi\u00f3n del monitor.<\/p>\n<p>Esta estaci\u00f3n de trabajo de radiolog\u00eda m\u00e9dica PACS est\u00e1 construida para un uso de larga duraci\u00f3n y es una soluci\u00f3n modular; la configuraci\u00f3n se puede personalizar f\u00e1cilmente con accesorios. Disponible en diferentes opciones de tama\u00f1o, color, accesorios e iluminaci\u00f3n.<\/p>\n<p><strong>El mejor dise\u00f1o ergon\u00f3mico y c\u00f3modo:<\/strong> Dise\u00f1ado para la comodidad para reducir el estr\u00e9s y mantener la postura durante el trabajo.<\/p>\n<p><strong>Mantiene una buena salud:<\/strong> Elimina las lesiones por esfuerzo repetitivo (RSI), los dolores musculares, las molestias corporales, la tensi\u00f3n ocular y la fatiga. Aumenta la productividad y la circulaci\u00f3n sangu\u00ednea saludable.<\/p>\n<p><strong>F\u00e1cil de usar:<\/strong> f\u00e1cil de manejar sin necesidad de horas de formaci\u00f3n del usuario. Muy f\u00e1cil de configurar para adaptarse a las preferencias de cada usuario.<\/p>\n<p><strong>Iluminaci\u00f3n de escritorio preparada:<\/strong> Minimiza el cansancio ocular y la fatiga asociada y maximiza la precisi\u00f3n visual proporcionando una iluminaci\u00f3n adecuada.<\/p>\n<p><strong>Acceso a puertos de datos y tomas de corriente:<\/strong> Aumenta la productividad y la eficiencia gracias a la facilidad de acceso a los puertos de datos y las tomas de corriente.<\/p>\n<p><strong>Superficie de escritorio y bordes laminados de primera calidad:<\/strong> Las superficies de escritorio laminadas, los bordes lisos y las esquinas eliminan el riesgo de lesiones. Tambi\u00e9n mantiene el escritorio limpio y liso.<\/p>\n<p><strong>Colocaci\u00f3n correcta de la CPU del ordenador:<\/strong> La CPU del ordenador se encuentra fuera de peligro, lo que permite a los usuarios moverse libremente.<\/p>\n<p><strong>Gesti\u00f3n limpia de los cables:<\/strong> Los cables est\u00e1n ocultos de forma segura para eliminar el riesgo de accidentes que pueda causar a personas o equipos.<\/p>\n<p><strong>Construido seg\u00fan las especificaciones:<\/strong> Se puede especificar para acomodar las necesidades \u00fanicas y el entorno de trabajo de los usuarios individuales antes de la fabricaci\u00f3n.<\/p>\n<p><strong>Garantizado con la garant\u00eda del producto:<\/strong> Cubierto con la garant\u00eda de producto del fabricante que da seguridad a los compradores en caso de que el producto no cumpla con las expectativas.<\/p>\n<p><strong>Equipo de fabricaci\u00f3n de confianza:<\/strong> Nuestros dise\u00f1adores, ingenieros y fabricantes utilizan sus habilidades y talentos para ofrecerle el producto de mayor calidad que usted merece.<\/p>\n<p><strong>Asistencia en la planificaci\u00f3n del espacio de trabajo:<\/strong> Proporcionamos asistencia en la planificaci\u00f3n en la instalaci\u00f3n o renovaci\u00f3n de sus instalaciones de trabajo.<\/p>\n<p><strong>Ayuda para la instalaci\u00f3n:<\/strong> Proporcionamos asistencia exhaustiva en el despliegue de su mobiliario para el servicio.<\/p>\n<p><strong>Muebles de escritorio vers\u00e1tiles:<\/strong> Nuestros muebles son capaces de adaptarse a diferentes usos y entornos, por lo que son duraderos.<\/p>\n<p>AFC fabrica equipos de mobiliario de alta calidad que superan las expectativas est\u00e1ndar de practicidad, funcionalidad y ergonom\u00eda. Nuestros productos est\u00e1n garantizados con una garant\u00eda total del producto. Fabricamos productos que ofrecen a nuestros clientes la tranquilidad de obtener el m\u00e1ximo rendimiento de su inversi\u00f3n.<\/p>\n<p>P\u00f3ngase en contacto con nosotros para una consulta gratuita con nuestro amable y servicial especialista en equipamiento t\u00e9cnico de mobiliario ergon\u00f3mico.<\/p>\n<div class=\"desksize\">\n<div id=\"ctl00_ContentPlaceHolder1_DeskSize_Panel1\" class=\"option-Style-Panel1\">\n<div class=\"desksize\"><span id=\"ctl00_ContentPlaceHolder1_DeskSize_Label1\">Especificaciones del tama\u00f1o del escritorio <\/span><\/div>\n<div>\n<table id=\"ctl00_ContentPlaceHolder1_DeskSize_GridView1\" class=\"table-vk table table-hover\" style=\"background-color: white;border-style: None;border-collapse: collapse\" border=\"1\" rules=\"all\" cellspacing=\"0\">\n<tbody>\n<tr>\n<th scope=\"col\">En forma de mesa<\/th>\n<th scope=\"col\">Anchura de la tabla<\/th>\n<th scope=\"col\">Profundidad de la mesa<\/th>\n<th scope=\"col\">Altura de la mesa<\/th>\n<\/tr>\n<tr>\n<td><a id=\"ctl00_ContentPlaceHolder1_DeskSize_GridView1_ctl02_hImage\" href=\"https:\/\/afcindustries.com\/soft-ergonomic-table-shape-d142\"><img decoding=\"async\" id=\"ctl00_ContentPlaceHolder1_DeskSize_GridView1_ctl02_imgProductRelated\" style=\"border-width: 0px\" src=\"https:\/\/afcindustries.com\/wp-content\/uploads\/2022\/01\/Soft-Ergonomic.jpg\" alt=\"\" title=\"\"><\/a><\/td>\n<td><span id=\"ctl00_ContentPlaceHolder1_DeskSize_GridView1_ctl02_lbltableWidth\">36&#8243;, 48&#8243;, 60&#8243;, 72&#8243;, 84&#8243;, 96&#8243;<\/span><\/td>\n<td><span id=\"ctl00_ContentPlaceHolder1_DeskSize_GridView1_ctl02_lbltableDepth\">24&#8243;, 30&#8243;, 36&#8243;<\/span><\/td>\n<td><span id=\"ctl00_ContentPlaceHolder1_DeskSize_GridView1_ctl02_lblTableHeight\">28&#8243; a 47&#8243;<\/span><\/td>\n<\/tr>\n<\/tbody>\n<\/table>\n<\/div>\n<\/div>\n<\/div>\n<h3 class=\"product-h3\"><span id=\"ctl00_ContentPlaceHolder1_lblImageBottom1\">Escritorio de pie para botones de imagen radiol\u00f3gica<\/span><\/h3>\n<p><img decoding=\"async\" id=\"ctl00_ContentPlaceHolder1_imgDetailImageCall\" class=\"img-responsive\" style=\"border-width: 0px\" src=\"https:\/\/afcindustries.com\/wp-content\/uploads\/2022\/01\/772201-stand-up-desk-for-radiology-imaging-buttons.jpg\" alt=\"Escritorio de pie para im\u00e1genes radiol\u00f3gicas con botones\" title=\"\"><\/p>\n<div id=\"ctl00_ContentPlaceHolder1_pnlImageContainer\"><\/div>\n<h3 class=\"product-h3\"><span id=\"ctl00_ContentPlaceHolder1_lblImageBottom2\">Escritorio de pie para im\u00e1genes radiol\u00f3gicas Caracter\u00edsticas<\/span><\/h3>\n<p><img decoding=\"async\" id=\"ctl00_ContentPlaceHolder1_imgDetailImageCall2\" class=\"img-responsive\" style=\"border-width: 0px\" src=\"https:\/\/afcindustries.com\/wp-content\/uploads\/2022\/01\/772201-stand-up-desk-for-radiology-imaging-features.jpg\" alt=\"Escritorio de pie para el equipo de imagen de radiolog\u00eda\" title=\"\"><\/p>\n<h3 class=\"product-h3\"><span id=\"ctl00_ContentPlaceHolder1_lblImageBottom3\">Escritorio de pie para im\u00e1genes radiol\u00f3gicas M\u00e1s caracter\u00edsticas<\/span><\/h3>\n<p><img decoding=\"async\" id=\"ctl00_ContentPlaceHolder1_imgDetailImageCall3\" class=\"img-responsive\" style=\"border-width: 0px\" src=\"https:\/\/afcindustries.com\/wp-content\/uploads\/2022\/01\/772201-stand-up-desk-for-radiology-imaging-more-features.jpg\" alt=\"Escritorio de pie para accesorios de radiolog\u00eda\" title=\"\"><\/p>\n","protected":false},"excerpt":{"rendered":"<h1 class=\"product-h3\"><span id=\"ctl00_ContentPlaceHolder1_lblH3\">Escritorio de pie ajustable para im\u00e1genes radiol\u00f3gicas<\/span><\/h1>\n<div class=\"col-md-6 col-sm-6 col-xs-12 detailList\">\n<ul>\n<li>Tablero ajustable de 28 a 47 pulgadas<\/li>\n<li>Plataforma de monitor de altura regulable electr\u00f3nicamente<\/li>\n<li>Distancia focal del monitor ajustable<\/li>\n<li>Brazo de tel\u00e9fono ajustable<\/li>\n<li>Puertos de datos emergentes integrados en la superficie de trabajo y concentrador USB<\/li>\n<li>Combo de luz ambiental y de trabajo<\/li>\n<li>Gestor de cables de lado a lado estante inferior completo<\/li>\n<li>Ruedas de 4 pulgadas (las dos delanteras son de bloqueo)<\/li>\n<\/ul>\n<p>&nbsp;<\/p>\n<p>&nbsp;<\/p>\n<\/div>\n<div class=\"col-md-6 col-sm-6 col-xs-12\">\n<ul class=\"ulpdf\">\n<li><a id=\"ctl00_ContentPlaceHolder1_hPDF\" href=\"https:\/\/afcindustries.com\/PDFS\/ET7234_B_SE_1620_4FX_0_0_B_02.PDF\" target=\"_blank\" rel=\"noopener\"><img decoding=\"async\" id=\"ctl00_ContentPlaceHolder1_imgPDF\" style=\"border-width: 0px;\" src=\"https:\/\/afcindustries.com\/images\/pdf.gif\" border=\"0\" \/><span id=\"ctl00_ContentPlaceHolder1_lblPDFSKU\" class=\"pdf\">PDF ET7234_B_SE_1620_4FX_0_0_B_02.pdf<\/span><\/a><\/li>\n<li><a id=\"ctl00_ContentPlaceHolder1_hPDF_instrcution\" href=\"https:\/\/afcindustries.com\/PDF_INSTRUCTION\/HEIGHT%20ADJUSTMENT%20CONTROL%20MANUAL.PDF\" target=\"_blank\" rel=\"noopener\"><img decoding=\"async\" id=\"ctl00_ContentPlaceHolder1_imgPDF_instrcution\" style=\"border-width: 0px;\" src=\"https:\/\/afcindustries.com\/images\/pdf-instruction.png\" border=\"0\" \/><span id=\"ctl00_ContentPlaceHolder1_lblPDF_instrcution\" class=\"pdf\">Manual de control de ajuste de altura<\/span><\/a><\/li>\n<\/ul>\n<ul>\n<li>\n<ul class=\"specPreview\">\n<li>Altura<\/li>\n<li>28&#8243; a 47&#8243;<\/li>\n<\/ul>\n<p>&nbsp;<\/li>\n<li>\n<ul class=\"specPreview\">\n<li>Anchura<\/li>\n<li>72&#8243;<\/li>\n<\/ul>\n<p>&nbsp;<\/li>\n<li>\n<ul class=\"specPreview\">\n<li>Profundidad<\/li>\n<li>34&#8243;<\/li>\n<\/ul>\n<p>&nbsp;<\/li>\n<\/ul>\n<\/div>\n","protected":false},"featured_media":41906,"template":"","meta":{"_acf_changed":false,"inline_featured_image":false},"product_brand":[],"product_cat":[2527,1788,2131],"product_tag":[],"class_list":{"0":"post-19902","1":"product","2":"type-product","3":"status-publish","4":"has-post-thumbnail","6":"product_cat-escritorio-de-pie-para-imagenes-radiologicas","7":"product_cat-escritorios-de-pie","8":"product_cat-estacion-de-trabajo-de-la-oficina-de-radiologia","9":"pa_model-et7234_b_st_4-es","11":"first","12":"instock","13":"product-type-simple"},"acf":[],"_links":{"self":[{"href":"https:\/\/afcindustries.com\/es\/wp-json\/wp\/v2\/product\/19902","targetHints":{"allow":["GET"]}}],"collection":[{"href":"https:\/\/afcindustries.com\/es\/wp-json\/wp\/v2\/product"}],"about":[{"href":"https:\/\/afcindustries.com\/es\/wp-json\/wp\/v2\/types\/product"}],"wp:featuredmedia":[{"embeddable":true,"href":"https:\/\/afcindustries.com\/es\/wp-json\/wp\/v2\/media\/41906"}],"wp:attachment":[{"href":"https:\/\/afcindustries.com\/es\/wp-json\/wp\/v2\/media?parent=19902"}],"wp:term":[{"taxonomy":"product_brand","embeddable":true,"href":"https:\/\/afcindustries.com\/es\/wp-json\/wp\/v2\/product_brand?post=19902"},{"taxonomy":"product_cat","embeddable":true,"href":"https:\/\/afcindustries.com\/es\/wp-json\/wp\/v2\/product_cat?post=19902"},{"taxonomy":"product_tag","embeddable":true,"href":"https:\/\/afcindustries.com\/es\/wp-json\/wp\/v2\/product_tag?post=19902"}],"curies":[{"name":"wp","href":"https:\/\/api.w.org\/{rel}","templated":true}]}}