{"id":19901,"date":"2022-01-29T12:30:08","date_gmt":"2022-01-29T17:30:08","guid":{"rendered":"https:\/\/afcindustries.com\/product\/mesa-de-trabajo-de-pie-pacs\/"},"modified":"2024-10-09T09:47:02","modified_gmt":"2024-10-09T13:47:02","slug":"mesa-de-trabajo-de-pie-pacs","status":"publish","type":"product","link":"https:\/\/afcindustries.com\/es\/producto\/mesa-de-trabajo-de-pie-pacs\/","title":{"rendered":"Mesa de trabajo de pie PACS"},"content":{"rendered":"<h1>Escritorios ergon\u00f3micos de pie para puestos de trabajo PACS<\/h1>\n<div id=\"color_choice\">\n<div id=\"ctl00_ContentPlaceHolder1_color1_pnlColor\" class=\"option-Style-Panel1\">\n<div class=\"color-container\">\n<div class=\"color-item\">\n<p>&nbsp;<\/p>\n<div id=\"Cream\" class=\"color-item-big\"><img decoding=\"async\" src=\"https:\/\/afcindustries.com\/wp-content\/uploads\/2022\/01\/Cream-1.jpg\" alt=\"Crema\" title=\"\"><\/div>\n<\/div>\n<\/div>\n<\/div>\n<\/div>\n<p>Incorporando los monitores Barco Nio Color 3MP para obtener lo \u00faltimo en escritorios ergon\u00f3micos de pie para estaciones de trabajo PACS y liderando la innovaci\u00f3n en el dise\u00f1o y la fabricaci\u00f3n de muebles de radiolog\u00eda, este escritorio de primera calidad para estaciones de trabajo de radiolog\u00eda viene con una altura de escritorio ajustable, punto focal del monitor y ajustes de inclinaci\u00f3n. Otras caracter\u00edsticas son la retroiluminaci\u00f3n LED ambiental, el sistema avanzado de aire caliente\/fr\u00edo, los tabiques ac\u00fasticos, los puertos de datos emergentes y los estantes inferiores.<\/p>\n<p><strong>El mejor dise\u00f1o ergon\u00f3mico y c\u00f3modo:<\/strong> Dise\u00f1ado para la comodidad para reducir el estr\u00e9s y mantener la postura durante el trabajo.<\/p>\n<div class=\"desksize\"><\/div>\n<h3 class=\"product-h3\"><span id=\"ctl00_ContentPlaceHolder1_lblImageBottom1\">Escritorios de pie para estaci\u00f3n de trabajo PACS con bot\u00f3n<\/span><\/h3>\n<p><img decoding=\"async\" id=\"ctl00_ContentPlaceHolder1_imgDetailImageCall\" class=\"img-responsive\" style=\"border-width: 0px\" src=\"https:\/\/afcindustries.com\/wp-content\/uploads\/2022\/01\/772132-stand-up-desks-for-pacs-workstation-with-button.jpg\" alt=\"Escritorios de pie para estaci\u00f3n de trabajo PACS con bot\u00f3n\" title=\"\"><\/p>\n<div id=\"ctl00_ContentPlaceHolder1_pnlImageContainer\"><\/div>\n<h3 class=\"product-h3\"><span id=\"ctl00_ContentPlaceHolder1_lblImageBottom2\">Escritorios de pie para estaciones de trabajo PACS Especificaciones<\/span><\/h3>\n<p><img decoding=\"async\" id=\"ctl00_ContentPlaceHolder1_imgDetailImageCall2\" class=\"img-responsive\" style=\"border-width: 0px\" src=\"https:\/\/afcindustries.com\/wp-content\/uploads\/2022\/01\/772132-stand-up-desks-for-pacs-workstation-specs.jpg\" alt=\"Escritorios de pie para estaciones de trabajo PACS Especificaciones\" title=\"\"><\/p>\n<h3 class=\"product-h3\"><span id=\"ctl00_ContentPlaceHolder1_lblImageBottom3\">Escritorios de pie para accesorios de estaciones de trabajo PACS<\/span><\/h3>\n<p><img decoding=\"async\" id=\"ctl00_ContentPlaceHolder1_imgDetailImageCall3\" class=\"img-responsive\" style=\"border-width: 0px\" src=\"https:\/\/afcindustries.com\/wp-content\/uploads\/2022\/01\/772132-stand-up-desks-for-pacs-workstation-accessories.jpg\" alt=\"Escritorios de pie para accesorios de estaciones de trabajo PACS\" title=\"\"><\/p>\n","protected":false},"excerpt":{"rendered":"<h1 class=\"product-h3\"><span id=\"ctl00_ContentPlaceHolder1_lblH3\">Escritorios de pie para estaciones de trabajo PACS<\/span><\/h1>\n<p>Incorporando los monitores Barco Nio Color 3MP para obtener lo \u00faltimo en escritorios ergon\u00f3micos de pie para estaciones de trabajo PACS y liderando la innovaci\u00f3n en el dise\u00f1o y la fabricaci\u00f3n de muebles de radiolog\u00eda, este escritorio de primera calidad para estaciones de trabajo de radiolog\u00eda viene con una altura de escritorio ajustable, punto focal del monitor y ajustes de inclinaci\u00f3n. Otras caracter\u00edsticas son la retroiluminaci\u00f3n LED ambiental, el sistema avanzado de aire caliente\/fr\u00edo, los tabiques ac\u00fasticos, los puertos de datos emergentes y los estantes inferiores.<\/p>\n<p><strong>El mejor dise\u00f1o ergon\u00f3mico y c\u00f3modo:<\/strong> Dise\u00f1ado para la comodidad para reducir el estr\u00e9s y mantener la postura durante el trabajo.<\/p>\n<div class=\"col-md-6 col-sm-6 col-xs-12 detailList\">\n<ul>\n<li>Ajuste electr\u00f3nico de la altura e inclinaci\u00f3n de la superficie de trabajo.<\/li>\n<li>Ajuste electr\u00f3nico independiente de la altura de la plataforma del monitor y de la distancia focal (avance\/retroceso).<\/li>\n<li>Lectura digital de la altura de la superficie e interruptores para conservar hasta cuatro ajustes discretos.<\/li>\n<li>Brazo de monitor s\u00faper resistente que soporta monitores de hasta 50 libras.<\/li>\n<li>Tablero de part\u00edculas con acabado en laminado de alta presi\u00f3n, bordeado con moldura de parachoques.<\/li>\n<li>Retroiluminaci\u00f3n LED ambiental con regulador de intensidad<\/li>\n<li>Sistema avanzado de control ambiental de aire caliente\/fr\u00edo controlado en el puesto de trabajo<\/li>\n<li>Tabique ac\u00fastico que bloquea los ruidos molestos<\/li>\n<li>Estantes inferiores completos o divididos<\/li>\n<li>Puertos de datos emergentes y un concentrador USB integrado en la superficie de trabajo<\/li>\n<li>Ancho de la superficie de trabajo: 84&#8243;.<\/li>\n<li>Profundidad de la superficie de trabajo: 34&#8243;.<\/li>\n<li>Altura desde el suelo:\n<ul>\n<li>Superficie de trabajo: de 28&#8243; a 47&#8243;.<\/li>\n<li>Monitores de movimiento vertical &#8211; 19&#8243; de recorrido<\/li>\n<\/ul>\n<\/li>\n<\/ul>\n<p>&nbsp;<\/p>\n<\/div>\n<div class=\"col-md-6 col-sm-6 col-xs-12\">\n<ul class=\"ulpdf\">\n<li><a id=\"ctl00_ContentPlaceHolder1_hPDF\" href=\"https:\/\/afcindustries.com\/PDFS\/772132_WST8434PA_B_SE_0000_4F_2C_00_SB_HWMJ-01.PDF\" target=\"_blank\" rel=\"noopener\"><img decoding=\"async\" id=\"ctl00_ContentPlaceHolder1_imgPDF\" style=\"border-width: 0px;\" src=\"https:\/\/afcindustries.com\/images\/pdf.gif\" border=\"0\" \/><span id=\"ctl00_ContentPlaceHolder1_lblPDFSKU\" class=\"pdf\">PDF 772132.pdf<\/span><\/a><\/li>\n<li><a id=\"ctl00_ContentPlaceHolder1_hPDF_instrcution\" href=\"https:\/\/afcindustries.com\/PDF_INSTRUCTION\/HEIGHT%20ADJUSTMENT%20CONTROL%20MANUAL.PDF\" target=\"_blank\" rel=\"noopener\"><img decoding=\"async\" id=\"ctl00_ContentPlaceHolder1_imgPDF_instrcution\" style=\"border-width: 0px;\" src=\"https:\/\/afcindustries.com\/images\/pdf-instruction.png\" border=\"0\" \/><span id=\"ctl00_ContentPlaceHolder1_lblPDF_instrcution\" class=\"pdf\">Manual de control de ajuste de altura<\/span><\/a><\/li>\n<\/ul>\n<p>&nbsp;<\/p>\n<ul class=\"ulpdf\">\n<li>Altura: de 28&#8243; a 47&#8243;.<\/li>\n<li>Anchura: 84&#8243;.<\/li>\n<li>Profundidad: 34&#8243;.<\/li>\n<\/ul>\n<ul>\n<li style=\"list-style-type: none;\"><\/li>\n<\/ul>\n<\/div>\n","protected":false},"featured_media":13359,"template":"","meta":{"_acf_changed":false,"inline_featured_image":false},"product_brand":[],"product_cat":[1788,2525,2131,2224],"product_tag":[],"class_list":{"0":"post-19901","1":"product","2":"type-product","3":"status-publish","4":"has-post-thumbnail","6":"product_cat-escritorios-de-pie","7":"product_cat-escritorios-de-pie-para-estaciones-de-trabajo-pacs","8":"product_cat-estacion-de-trabajo-de-la-oficina-de-radiologia","9":"product_cat-estacion-de-trabajo-whitestone","10":"pa_model-ws8434_b_w-o_ec-es","12":"first","13":"instock","14":"product-type-simple"},"acf":[],"_links":{"self":[{"href":"https:\/\/afcindustries.com\/es\/wp-json\/wp\/v2\/product\/19901","targetHints":{"allow":["GET"]}}],"collection":[{"href":"https:\/\/afcindustries.com\/es\/wp-json\/wp\/v2\/product"}],"about":[{"href":"https:\/\/afcindustries.com\/es\/wp-json\/wp\/v2\/types\/product"}],"wp:featuredmedia":[{"embeddable":true,"href":"https:\/\/afcindustries.com\/es\/wp-json\/wp\/v2\/media\/13359"}],"wp:attachment":[{"href":"https:\/\/afcindustries.com\/es\/wp-json\/wp\/v2\/media?parent=19901"}],"wp:term":[{"taxonomy":"product_brand","embeddable":true,"href":"https:\/\/afcindustries.com\/es\/wp-json\/wp\/v2\/product_brand?post=19901"},{"taxonomy":"product_cat","embeddable":true,"href":"https:\/\/afcindustries.com\/es\/wp-json\/wp\/v2\/product_cat?post=19901"},{"taxonomy":"product_tag","embeddable":true,"href":"https:\/\/afcindustries.com\/es\/wp-json\/wp\/v2\/product_tag?post=19901"}],"curies":[{"name":"wp","href":"https:\/\/api.w.org\/{rel}","templated":true}]}}