{"id":19893,"date":"2022-01-29T12:29:33","date_gmt":"2022-01-29T17:29:33","guid":{"rendered":"https:\/\/afcindustries.com\/product\/gestor-de-cable-flexible-de-60-pulgadas-de-largo\/"},"modified":"2024-11-30T13:11:47","modified_gmt":"2024-11-30T18:11:47","slug":"gestor-de-cable-flexible-de-60-pulgadas-de-largo","status":"publish","type":"product","link":"https:\/\/afcindustries.com\/es\/producto\/gestor-de-cable-flexible-de-60-pulgadas-de-largo\/","title":{"rendered":"Gestor de cable flexible de 60 pulgadas de largo"},"content":{"rendered":"<h2>Gestor electr\u00f3nico de cables multiuso<\/h2>\n<div id=\"color_choice\"><\/div>\n<p>Este organizador de cables electr\u00f3nico flexible y multiuso es perfecto para organizar todos sus cables.<\/p>\n<p>AFC fabrica equipos de mobiliario de alta calidad que superan las expectativas est\u00e1ndar de practicidad, funcionalidad y ergonom\u00eda. Nuestros productos est\u00e1n garantizados con una garant\u00eda total del producto. Construimos productos que ofrecen a nuestros clientes la tranquilidad de obtener el m\u00e1ximo rendimiento de su inversi\u00f3n.<\/p>\n<p>P\u00f3ngase en contacto con nosotros para una consulta gratuita con nuestro amable y servicial especialista en mobiliario t\u00e9cnico ergon\u00f3mico.<\/p>\n<div class=\"desksize\"><\/div>\n","protected":false},"excerpt":{"rendered":"<h1 class=\"product-h3\"><span id=\"ctl00_ContentPlaceHolder1_lblH3\">Caracter\u00edsticas del gestor de cables flexible<\/span><\/h1>\n<div class=\"col-md-6 col-sm-6 col-xs-12 detailList\">\n<ul>\n<li>Fijaci\u00f3n del cable flexible con tornillos en la parte superior e inferior<\/li>\n<li>Canales en cada enlace para facilitar la gesti\u00f3n de los cables<\/li>\n<li>60 pulgadas de largo con 36 eslabones interconectados<\/li>\n<li>Longitud total de 62 pulgadas con los soportes de montaje en los extremos<\/li>\n<li>Mantenga sus cables y conductos ordenados y organizados<\/li>\n<li>Construido con materiales industriales de alta calidad<\/li>\n<\/ul>\n<p>&nbsp;<\/p>\n<p>&nbsp;<\/p>\n<\/div>\n<div class=\"col-md-6 col-sm-6 col-xs-12\">\n<p>&nbsp;<\/p>\n<ul>\n<li>\n<ul class=\"specPreview\">\n<li>Altura<\/li>\n<li>&#8211; 62 pulgadas<\/li>\n<\/ul>\n<p>&nbsp;<\/li>\n<li>\n<ul class=\"specPreview\">\n<li>Anchura<\/li>\n<li>&#8211; 2,33 pulgadas<\/li>\n<\/ul>\n<p>&nbsp;<\/li>\n<li>\n<ul class=\"specPreview\">\n<li>Profundidad<\/li>\n<li>&#8211; 1,78 pulgadas<\/li>\n<\/ul>\n<p>&nbsp;<\/li>\n<\/ul>\n<\/div>\n","protected":false},"featured_media":13009,"template":"","meta":{"_acf_changed":false,"inline_featured_image":false},"product_brand":[],"product_cat":[1783,2517,1784],"product_tag":[],"class_list":{"0":"post-19893","1":"product","2":"type-product","3":"status-publish","4":"has-post-thumbnail","6":"product_cat-accesorios","7":"product_cat-gestor-de-cable-flexible-de-60-pulgadas-de-largo","8":"product_cat-todos-los-accesorios","9":"pa_model-wmf200-es","11":"first","12":"instock","13":"product-type-simple"},"acf":[],"_links":{"self":[{"href":"https:\/\/afcindustries.com\/es\/wp-json\/wp\/v2\/product\/19893","targetHints":{"allow":["GET"]}}],"collection":[{"href":"https:\/\/afcindustries.com\/es\/wp-json\/wp\/v2\/product"}],"about":[{"href":"https:\/\/afcindustries.com\/es\/wp-json\/wp\/v2\/types\/product"}],"wp:featuredmedia":[{"embeddable":true,"href":"https:\/\/afcindustries.com\/es\/wp-json\/wp\/v2\/media\/13009"}],"wp:attachment":[{"href":"https:\/\/afcindustries.com\/es\/wp-json\/wp\/v2\/media?parent=19893"}],"wp:term":[{"taxonomy":"product_brand","embeddable":true,"href":"https:\/\/afcindustries.com\/es\/wp-json\/wp\/v2\/product_brand?post=19893"},{"taxonomy":"product_cat","embeddable":true,"href":"https:\/\/afcindustries.com\/es\/wp-json\/wp\/v2\/product_cat?post=19893"},{"taxonomy":"product_tag","embeddable":true,"href":"https:\/\/afcindustries.com\/es\/wp-json\/wp\/v2\/product_tag?post=19893"}],"curies":[{"name":"wp","href":"https:\/\/api.w.org\/{rel}","templated":true}]}}