{"id":19884,"date":"2022-01-29T12:29:33","date_gmt":"2022-01-29T17:29:33","guid":{"rendered":"https:\/\/afcindustries.com\/product\/estacion-de-trabajo-de-doble-monitor-montada-en-la-pared\/"},"modified":"2024-11-30T13:11:29","modified_gmt":"2024-11-30T18:11:29","slug":"estacion-de-trabajo-de-doble-monitor-montada-en-la-pared","status":"publish","type":"product","link":"https:\/\/afcindustries.com\/es\/producto\/estacion-de-trabajo-de-doble-monitor-montada-en-la-pared\/","title":{"rendered":"Estaci\u00f3n de trabajo de doble monitor montada en la pared"},"content":{"rendered":"<h2>Estaci\u00f3n de trabajo con ordenador en un riel montado en la pared<\/h2>\n<div id=\"color_choice\">\n<div id=\"ctl00_ContentPlaceHolder1_color1_pnlColor\" class=\"option-Style-Panel1\">\n<div class=\"color-container\">\n<div class=\"color-item\">\n<p>&nbsp;<\/p>\n<div id=\"White\" class=\"color-item-big\"><img decoding=\"async\" src=\"https:\/\/afcindustries.com\/wp-content\/uploads\/2022\/01\/White-1.jpg\" alt=\"Blanco\" title=\"\"><\/div>\n<\/div>\n<\/div>\n<\/div>\n<\/div>\n<p>Un puesto de ordenador m\u00e9dico de primera calidad, ajustable y montado en la pared, con soportes para dos monitores, brazo para la bandeja del teclado y el rat\u00f3n, y un soporte universal para la CPU que se adapta a todos los tama\u00f1os y que se sujeta a un robusto riel de pared de acero. Fabricado con materiales de alta calidad y recubierto con un revestimiento antioxidante para garantizar un uso m\u00e1s duradero.<\/p>\n<p>Este equipo elimina la necesidad de un gran escritorio de ordenador o mesas que ocupan mayores espacios en el suelo; este dispositivo no ocupa espacio en el suelo, lo que es ideal para las \u00e1reas de trabajo con mucho tr\u00e1fico en hospitales m\u00e9dicos, plantas industriales y almacenes, etc.<\/p>\n<p><strong>El mejor dise\u00f1o ergon\u00f3mico y c\u00f3modo:<\/strong> Dise\u00f1ado para la comodidad para reducir el estr\u00e9s y mantener la postura durante el trabajo.<\/p>\n<p><strong>Soluci\u00f3n de montaje firme:<\/strong>nuestros muebles pueden sujetarse firmemente a las paredes, suelos o techos y pueden soportar el peso adicional de su equipo.<\/p>\n<p><strong>F\u00e1cil de usar:<\/strong> f\u00e1cil de manejar sin necesidad de horas de formaci\u00f3n del usuario. Muy f\u00e1cil de configurar para adaptarse a las preferencias de cada usuario.<\/p>\n<p><strong>Colocaci\u00f3n correcta de la CPU del ordenador:<\/strong> La CPU del ordenador se encuentra fuera de peligro, lo que permite a los usuarios moverse libremente.<\/p>\n<p><strong>Construido seg\u00fan las especificaciones:<\/strong> Se puede especificar para acomodar las necesidades \u00fanicas y el entorno de trabajo de los usuarios individuales antes de la fabricaci\u00f3n.<\/p>\n<p><strong>Garantizado con la garant\u00eda del producto:<\/strong> Cubierto con la garant\u00eda de producto del fabricante que da seguridad a los compradores en caso de que el producto no cumpla con las expectativas.<\/p>\n<p><strong>Equipo de fabricaci\u00f3n de confianza:<\/strong> Nuestros dise\u00f1adores, ingenieros y fabricantes utilizan sus habilidades y talentos para ofrecerle el producto de mayor calidad que usted merece.<\/p>\n<p><strong>Asistencia en la planificaci\u00f3n del espacio de trabajo:<\/strong> Proporcionamos asistencia en la planificaci\u00f3n en la instalaci\u00f3n o renovaci\u00f3n de sus instalaciones de trabajo.<\/p>\n<p><strong>Ayuda para la instalaci\u00f3n:<\/strong> Proporcionamos asistencia exhaustiva en el despliegue de su mobiliario para el servicio.<\/p>\n<p>AFC fabrica equipos de mobiliario de alta calidad que superan las expectativas est\u00e1ndar de practicidad, funcionalidad y ergonom\u00eda. Nuestros productos est\u00e1n garantizados con una garant\u00eda total del producto. Fabricamos productos que ofrecen a nuestros clientes la tranquilidad de obtener el m\u00e1ximo rendimiento de su inversi\u00f3n.<\/p>\n<p>P\u00f3ngase en contacto con nosotros para una consulta gratuita con nuestro amable y servicial especialista en equipamiento t\u00e9cnico de mobiliario ergon\u00f3mico.<\/p>\n<div class=\"desksize\"><\/div>\n<h3 class=\"product-h3\"><span id=\"ctl00_ContentPlaceHolder1_lblImageBottom1\">Estaci\u00f3n de trabajo para ordenador de doble monitor montada en la pared con soporte para CPU<\/span><\/h3>\n<p><img decoding=\"async\" id=\"ctl00_ContentPlaceHolder1_imgDetailImageCall\" class=\"img-responsive\" style=\"border-width: 0px\" src=\"https:\/\/afcindustries.com\/wp-content\/uploads\/2022\/01\/772482-wall-mounted-dual-monitor-computer-workstation-with-cpu-holder.jpg\" alt=\"Caracter\u00edsticas funcionales de la estaci\u00f3n de trabajo inform\u00e1tica de doble monitor\" title=\"\"><\/p>\n<div id=\"ctl00_ContentPlaceHolder1_pnlImageContainer\"><\/div>\n<h3 class=\"product-h3\"><span id=\"ctl00_ContentPlaceHolder1_lblImageBottom2\">Estaci\u00f3n de trabajo para ordenador con soporte para CPU Caracter\u00edsticas<\/span><\/h3>\n<p><img decoding=\"async\" id=\"ctl00_ContentPlaceHolder1_imgDetailImageCall2\" class=\"img-responsive\" style=\"border-width: 0px\" src=\"https:\/\/afcindustries.com\/wp-content\/uploads\/2022\/01\/772482-computer-workstation-with-cpu-holder-features.jpg\" alt=\"Estaci\u00f3n de trabajo para ordenador con soporte para CPU Caracter\u00edsticas\" title=\"\"><\/p>\n<h3 class=\"product-h3\"><span id=\"ctl00_ContentPlaceHolder1_lblImageBottom3\">Estaci\u00f3n de trabajo para ordenador con soporte para CPU M\u00e1s caracter\u00edsticas<\/span><\/h3>\n<p><img decoding=\"async\" id=\"ctl00_ContentPlaceHolder1_imgDetailImageCall3\" class=\"img-responsive\" style=\"border-width: 0px\" src=\"https:\/\/afcindustries.com\/wp-content\/uploads\/2022\/01\/772482-computer-workstation-with-cpu-holder-more-features.jpg\" alt=\"Estaci\u00f3n de trabajo para ordenador con soporte para CPU M\u00e1s caracter\u00edsticas\" title=\"\"><\/p>\n","protected":false},"excerpt":{"rendered":"<h1 class=\"product-h3\"><span id=\"ctl00_ContentPlaceHolder1_lblH3\">Estaci\u00f3n de trabajo de ordenador ajustable en un riel montado en la pared <\/span><\/h1>\n<div class=\"col-md-6 col-sm-6 col-xs-12 detailList\">\n<ul>\n<li>Altura ajustable de la bandeja del teclado<\/li>\n<li>El teclado es retr\u00e1ctil y plegable<\/li>\n<li>Altura ajustable del brazo del monitor<\/li>\n<li>Altura ajustable del soporte de la CPU<\/li>\n<li>El brazo Z permite ajustar la profundidad y la posici\u00f3n izquierda-derecha del LCD<\/li>\n<li>El monitor se inclina hacia arriba y hacia abajo Se suministra con placas de montaje de 75x75mm y 100x100mm para los monitores<\/li>\n<li>Cumple con las normas VESA<\/li>\n<li>Peso m\u00e1ximo del monitor &#8211; 20 Lb. cada<\/li>\n<li>Brazo en Z &#8211; totalmente extendido &#8211; 20 pulgadas<\/li>\n<li>Peso de la unidad 40 libras.<\/li>\n<\/ul>\n<p>&nbsp;<\/p>\n<p>&nbsp;<\/p>\n<\/div>\n<div class=\"col-md-6 col-sm-6 col-xs-12\">\n<ul class=\"ulpdf\">\n<li><a id=\"ctl00_ContentPlaceHolder1_hPDF\" href=\"https:\/\/afcindustries.com\/PDFS\/772482_WM56_2FZ_KB82R_1C_00_02.PDF\" target=\"_blank\" rel=\"noopener\"><img decoding=\"async\" id=\"ctl00_ContentPlaceHolder1_imgPDF\" style=\"border-width: 0px;\" src=\"https:\/\/afcindustries.com\/images\/pdf.gif\" border=\"0\" \/><span id=\"ctl00_ContentPlaceHolder1_lblPDFSKU\" class=\"pdf\">PDF 772482_WM56_2FZ_KB82R_1C_00_02.pdf<\/span><\/a><\/li>\n<\/ul>\n<ul>\n<li>\n<ul class=\"specPreview\">\n<li>Altura<\/li>\n<li>56 \u00ab<\/li>\n<\/ul>\n<p>&nbsp;<\/li>\n<\/ul>\n<\/div>\n","protected":false},"featured_media":45950,"template":"","meta":{"_acf_changed":false,"inline_featured_image":false},"product_brand":[],"product_cat":[2473,1782,1758],"product_tag":[],"class_list":{"0":"post-19884","1":"product","2":"type-product","3":"status-publish","4":"has-post-thumbnail","6":"product_cat-estacion-de-trabajo-de-doble-monitor-montada-en-la-pared","7":"product_cat-soportes-de-pared-para-ordenador","8":"product_cat-soportes-ergonomicos","9":"pa_model-wm-rk2zmc-es","11":"first","12":"instock","13":"product-type-simple"},"acf":[],"_links":{"self":[{"href":"https:\/\/afcindustries.com\/es\/wp-json\/wp\/v2\/product\/19884","targetHints":{"allow":["GET"]}}],"collection":[{"href":"https:\/\/afcindustries.com\/es\/wp-json\/wp\/v2\/product"}],"about":[{"href":"https:\/\/afcindustries.com\/es\/wp-json\/wp\/v2\/types\/product"}],"wp:featuredmedia":[{"embeddable":true,"href":"https:\/\/afcindustries.com\/es\/wp-json\/wp\/v2\/media\/45950"}],"wp:attachment":[{"href":"https:\/\/afcindustries.com\/es\/wp-json\/wp\/v2\/media?parent=19884"}],"wp:term":[{"taxonomy":"product_brand","embeddable":true,"href":"https:\/\/afcindustries.com\/es\/wp-json\/wp\/v2\/product_brand?post=19884"},{"taxonomy":"product_cat","embeddable":true,"href":"https:\/\/afcindustries.com\/es\/wp-json\/wp\/v2\/product_cat?post=19884"},{"taxonomy":"product_tag","embeddable":true,"href":"https:\/\/afcindustries.com\/es\/wp-json\/wp\/v2\/product_tag?post=19884"}],"curies":[{"name":"wp","href":"https:\/\/api.w.org\/{rel}","templated":true}]}}