{"id":19881,"date":"2022-01-29T12:29:23","date_gmt":"2022-01-29T17:29:23","guid":{"rendered":"https:\/\/afcindustries.com\/product\/brazo-de-soporte-de-monitor-montado-en-la-pared\/"},"modified":"2024-11-30T13:11:29","modified_gmt":"2024-11-30T18:11:29","slug":"brazo-de-soporte-de-monitor-montado-en-la-pared","status":"publish","type":"product","link":"https:\/\/afcindustries.com\/es\/producto\/brazo-de-soporte-de-monitor-montado-en-la-pared\/","title":{"rendered":"Brazo de soporte de monitor montado en la pared"},"content":{"rendered":"<h2>Soporte de pared para brazo de monitor<\/h2>\n<div id=\"color_choice\">\n<div id=\"ctl00_ContentPlaceHolder1_color1_pnlColor\" class=\"option-Style-Panel1\">\n<div class=\"color-container\">\n<div class=\"color-item\">\n<p>&nbsp;<\/p>\n<div id=\"Gray\" class=\"color-item-big\"><img decoding=\"async\" src=\"https:\/\/afcindustries.com\/wp-content\/uploads\/2022\/01\/Gray-1.jpg\" alt=\"Gris\" title=\"\"><\/div>\n<\/div>\n<\/div>\n<\/div>\n<\/div>\n<p>Este brazo de monitor montado en la pared est\u00e1 equipado con caracter\u00edsticas pr\u00e1cticas como un sistema de gesti\u00f3n de cables y un material ligero de aluminio recubierto de PVC. Sus ajustes de altura y alcance permiten a los usuarios ajustar las pantallas al \u00e1ngulo de visi\u00f3n preferido.<\/p>\n<p><strong>Dise\u00f1o robusto:<\/strong> Muebles duraderos dise\u00f1ados y construidos para durar<\/p>\n<p><strong>F\u00e1cil de usar:<\/strong> Muy f\u00e1cil de configurar para adaptarse a las preferencias individuales de los usuarios.<\/p>\n<p><strong>Acceso a puertos de datos y tomas de corriente:<\/strong> Aumenta la productividad y la eficiencia gracias a la facilidad de acceso a los puertos de datos y las tomas de corriente.<\/p>\n<p><strong>Gesti\u00f3n limpia de los cables:<\/strong> Los cables est\u00e1n ocultos de forma segura para eliminar el riesgo de accidentes que pueda causar a personas o equipos.<\/p>\n<p><strong>Construido seg\u00fan las especificaciones:<\/strong> Se puede especificar para acomodar las necesidades \u00fanicas y el entorno de trabajo de los usuarios individuales antes de la fabricaci\u00f3n.<\/p>\n<p><strong>Garantizado con la garant\u00eda del producto:<\/strong> Cubierto con la garant\u00eda de producto del fabricante que da seguridad a los compradores en caso de que el producto no cumpla con las expectativas.<\/p>\n<p><strong>Equipo de fabricaci\u00f3n de confianza:<\/strong> Nuestros dise\u00f1adores, ingenieros y fabricantes utilizan sus habilidades y talentos para ofrecerle el producto de mayor calidad que usted merece.<\/p>\n<p><strong>Asistencia en la planificaci\u00f3n del espacio de trabajo:<\/strong> Proporcionamos asistencia en la planificaci\u00f3n en la instalaci\u00f3n o renovaci\u00f3n de sus instalaciones de trabajo.<\/p>\n<p><strong>Ayuda para la instalaci\u00f3n:<\/strong> Proporcionamos asistencia exhaustiva en el despliegue de su mobiliario para el servicio.<\/p>\n<p><strong>Mobiliario inform\u00e1tico vers\u00e1til:<\/strong> Nuestros muebles son capaces de adaptarse a diferentes usos y entornos, por lo que son duraderos.<\/p>\n<p>AFC fabrica equipos de mobiliario de alta calidad que superan las expectativas est\u00e1ndar de practicidad, funcionalidad y ergonom\u00eda. Nuestros productos est\u00e1n garantizados con una garant\u00eda total del producto. Construimos productos que ofrecen a nuestros clientes la tranquilidad de obtener el m\u00e1ximo rendimiento de su inversi\u00f3n.<\/p>\n<p>P\u00f3ngase en contacto con nosotros para una consulta gratuita con nuestro amable y servicial especialista en mobiliario t\u00e9cnico ergon\u00f3mico.<\/p>\n<div class=\"desksize\"><\/div>\n<h3 class=\"product-h3\"><span id=\"ctl00_ContentPlaceHolder1_lblImageBottom1\">Brazo articulado para monitor Caracter\u00edsticas<\/span><\/h3>\n<p><img decoding=\"async\" id=\"ctl00_ContentPlaceHolder1_imgDetailImageCall\" class=\"img-responsive\" style=\"border-width: 0px\" src=\"https:\/\/afcindustries.com\/wp-content\/uploads\/2022\/01\/772253-articulating-monitor-arm-features.jpg\" alt=\"Especificaciones del brazo para monitor de pared\" title=\"\"><\/p>\n<div id=\"ctl00_ContentPlaceHolder1_pnlImageContainer\"><\/div>\n<h3 class=\"product-h3\"><span id=\"ctl00_ContentPlaceHolder1_lblImageBottom2\">Brazo del monitor M\u00e1s funciones<\/span><\/h3>\n<p><img decoding=\"async\" id=\"ctl00_ContentPlaceHolder1_imgDetailImageCall2\" class=\"img-responsive\" style=\"border-width: 0px\" src=\"https:\/\/afcindustries.com\/wp-content\/uploads\/2022\/01\/772253-monitor-arm-more-features.jpg\" alt=\"Caracter\u00edsticas pr\u00e1cticas del soporte de pared con brazo para monitor LCD\" title=\"\"><\/p>\n<h3 class=\"product-h3\"><span id=\"ctl00_ContentPlaceHolder1_lblImageBottom3\">Brazo del monitor Caracter\u00edsticas adicionales<\/span><\/h3>\n<p><img decoding=\"async\" id=\"ctl00_ContentPlaceHolder1_imgDetailImageCall3\" class=\"img-responsive\" style=\"border-width: 0px\" src=\"https:\/\/afcindustries.com\/wp-content\/uploads\/2022\/01\/772253-monitor-arm-additional-features.jpg\" alt=\"Brazo ajustable para monitor de pared\" title=\"\"><\/p>\n","protected":false},"excerpt":{"rendered":"<h1 class=\"product-h3\"><span id=\"ctl00_ContentPlaceHolder1_lblH3\">Brazo para monitor de pared:<\/span><\/h1>\n<div class=\"col-md-6 col-sm-6 col-xs-12 detailList\">\n<ul>\n<li>Ideal para la mayor\u00eda de los entornos, incluidos hospitales y dentistas<\/li>\n<li>El resorte de gas incorporado facilita el movimiento<\/li>\n<li>Ajuste de altura de -20\u00b0 a 60\u00b0<\/li>\n<li>Alcance total: 68 pulgadas<\/li>\n<li>Compatible con los est\u00e1ndares VESA de 75 mm y 100 mm<\/li>\n<li>Fabricado en aleaci\u00f3n de aluminio y recubierto con un revestimiento especial de PVC que permite la limpieza cl\u00ednica<\/li>\n<li>Ideal para entornos de salas limpias<\/li>\n<li>Totalmente gestionado por cable, ocultando los cables desordenados<\/li>\n<li>Disponible tanto para montaje en la pared como en el techo<\/li>\n<li>Capacidad de peso: 13,2 26,2 lbs<\/li>\n<li>Peso de la unidad: 34 lbs.<\/li>\n<\/ul>\n<p>&nbsp;<\/p>\n<p>&nbsp;<\/p>\n<\/div>\n<div class=\"col-md-6 col-sm-6 col-xs-12\">\n<ul class=\"ulpdf\">\n<li><a id=\"ctl00_ContentPlaceHolder1_hPDF\" href=\"https:\/\/afcindustries.com\/PDFS\/AFC135.PDF\" target=\"_blank\" rel=\"noopener\"><img decoding=\"async\" id=\"ctl00_ContentPlaceHolder1_imgPDF\" style=\"border-width: 0px;\" src=\"https:\/\/afcindustries.com\/images\/pdf.gif\" border=\"0\" \/><span id=\"ctl00_ContentPlaceHolder1_lblPDFSKU\" class=\"pdf\">PDF AFC135.PDF<\/span><\/a><\/li>\n<\/ul>\n<ul>\n<li>\n<ul class=\"specPreview\">\n<li>Altura<\/li>\n<li>21.38 \u00ab<\/li>\n<\/ul>\n<p>&nbsp;<\/li>\n<li><\/li>\n<li>\n<ul class=\"specPreview\">\n<li>Profundidad<\/li>\n<li>76.32 \u00ab<\/li>\n<\/ul>\n<p>&nbsp;<\/li>\n<\/ul>\n<\/div>\n","protected":false},"featured_media":12986,"template":"","meta":{"_acf_changed":false,"inline_featured_image":false},"product_brand":[],"product_cat":[2462,1832,1758],"product_tag":[],"class_list":{"0":"post-19881","1":"product","2":"type-product","3":"status-publish","4":"has-post-thumbnail","6":"product_cat-brazo-de-soporte-de-monitor-montado-en-la-pared","7":"product_cat-brazos-para-monitores-de-pared","8":"product_cat-soportes-ergonomicos","9":"pa_model-afc135-es","11":"first","12":"instock","13":"product-type-simple"},"acf":[],"_links":{"self":[{"href":"https:\/\/afcindustries.com\/es\/wp-json\/wp\/v2\/product\/19881","targetHints":{"allow":["GET"]}}],"collection":[{"href":"https:\/\/afcindustries.com\/es\/wp-json\/wp\/v2\/product"}],"about":[{"href":"https:\/\/afcindustries.com\/es\/wp-json\/wp\/v2\/types\/product"}],"wp:featuredmedia":[{"embeddable":true,"href":"https:\/\/afcindustries.com\/es\/wp-json\/wp\/v2\/media\/12986"}],"wp:attachment":[{"href":"https:\/\/afcindustries.com\/es\/wp-json\/wp\/v2\/media?parent=19881"}],"wp:term":[{"taxonomy":"product_brand","embeddable":true,"href":"https:\/\/afcindustries.com\/es\/wp-json\/wp\/v2\/product_brand?post=19881"},{"taxonomy":"product_cat","embeddable":true,"href":"https:\/\/afcindustries.com\/es\/wp-json\/wp\/v2\/product_cat?post=19881"},{"taxonomy":"product_tag","embeddable":true,"href":"https:\/\/afcindustries.com\/es\/wp-json\/wp\/v2\/product_tag?post=19881"}],"curies":[{"name":"wp","href":"https:\/\/api.w.org\/{rel}","templated":true}]}}