{"id":19880,"date":"2022-01-29T12:29:44","date_gmt":"2022-01-29T17:29:44","guid":{"rendered":"https:\/\/afcindustries.com\/product\/estacion-de-trabajo-de-ordenador-montada-en-carril-de-pared\/"},"modified":"2024-10-09T09:45:33","modified_gmt":"2024-10-09T13:45:33","slug":"estacion-de-trabajo-de-ordenador-montada-en-carril-de-pared","status":"publish","type":"product","link":"https:\/\/afcindustries.com\/es\/producto\/estacion-de-trabajo-de-ordenador-montada-en-carril-de-pared\/","title":{"rendered":"Estaci\u00f3n de trabajo de ordenador montada en carril de pared"},"content":{"rendered":"<h1>Estaci\u00f3n de trabajo de ordenador montada en la pared<\/h1>\n<div id=\"color_choice\">\n<div id=\"ctl00_ContentPlaceHolder1_color1_pnlColor\" class=\"option-Style-Panel1\">\n<div class=\"color-container\">\n<div class=\"color-item\">\n<p>&nbsp;<\/p>\n<div id=\"White\" class=\"color-item-big\"><img decoding=\"async\" src=\"https:\/\/afcindustries.com\/wp-content\/uploads\/2022\/01\/White-1.jpg\" alt=\"Blanco\" title=\"\"><\/div>\n<\/div>\n<\/div>\n<\/div>\n<\/div>\n<p>Una estaci\u00f3n de ordenador de primera calidad, ajustable y montada en la pared, con un soporte de pantalla para un solo monitor, un brazo articulado para la bandeja del teclado y el rat\u00f3n, y un soporte universal para la CPU de todos los tama\u00f1os, fijado a un robusto riel de pared de acero. Fabricado con materiales de alta calidad y recubierto con un revestimiento antioxidante para garantizar un uso m\u00e1s duradero.<\/p>\n<p>Este equipo elimina la necesidad de contar con grandes escritorios o mesas de ordenador que ocupan un mayor espacio en el suelo. Este dispositivo no ocupa espacio en el suelo, por lo que es ideal para zonas de trabajo con mucho tr\u00e1fico en plantas industriales, hospitales m\u00e9dicos, almacenes, etc.<\/p>\n<p><strong>El mejor dise\u00f1o ergon\u00f3mico y c\u00f3modo:<\/strong> Dise\u00f1ado para la comodidad para reducir el estr\u00e9s y mantener la postura durante el trabajo.<\/p>\n<p><strong>Soluci\u00f3n de montaje firme:<\/strong>nuestros muebles pueden sujetarse firmemente a las paredes, suelos o techos y pueden soportar el peso adicional de su equipo.<\/p>\n<p><strong>F\u00e1cil de usar:<\/strong> f\u00e1cil de manejar sin necesidad de horas de formaci\u00f3n del usuario. Muy f\u00e1cil de configurar para adaptarse a las preferencias de cada usuario.<\/p>\n<p><strong>Colocaci\u00f3n correcta de la CPU del ordenador:<\/strong> La CPU del ordenador se encuentra fuera de peligro, lo que permite a los usuarios moverse libremente.<\/p>\n<p><strong>Construido seg\u00fan las especificaciones:<\/strong> Se puede especificar para acomodar las necesidades \u00fanicas y el entorno de trabajo de los usuarios individuales antes de la fabricaci\u00f3n.<\/p>\n<p><strong>Garantizado con la garant\u00eda del producto:<\/strong> Cubierto con la garant\u00eda de producto del fabricante que da seguridad a los compradores en caso de que el producto no cumpla con las expectativas.<\/p>\n<p><strong>Equipo de fabricaci\u00f3n de confianza:<\/strong> Nuestros dise\u00f1adores, ingenieros y fabricantes utilizan sus habilidades y talentos para ofrecerle el producto de mayor calidad que usted merece.<\/p>\n<p><strong>Asistencia en la planificaci\u00f3n del espacio de trabajo:<\/strong> Proporcionamos asistencia en la planificaci\u00f3n en la instalaci\u00f3n o renovaci\u00f3n de sus instalaciones de trabajo.<\/p>\n<p><strong>Ayuda para la instalaci\u00f3n:<\/strong> Proporcionamos asistencia exhaustiva en el despliegue de su mobiliario para el servicio.<\/p>\n<p>AFC fabrica equipos de mobiliario de alta calidad que superan las expectativas est\u00e1ndar de practicidad, funcionalidad y ergonom\u00eda. Nuestros productos est\u00e1n garantizados con una garant\u00eda total del producto. Fabricamos productos que ofrecen a nuestros clientes la tranquilidad de obtener el m\u00e1ximo rendimiento de su inversi\u00f3n.<\/p>\n<p>P\u00f3ngase en contacto con nosotros para una consulta gratuita con nuestro amable y servicial especialista en equipamiento t\u00e9cnico de mobiliario ergon\u00f3mico.<\/p>\n<div class=\"desksize\"><\/div>\n<h3 class=\"product-h3\"><span id=\"ctl00_ContentPlaceHolder1_lblImageBottom1\">Soporte de pared para estaci\u00f3n de trabajo de ordenador Caracter\u00edsticas<\/span><\/h3>\n<p><img decoding=\"async\" id=\"ctl00_ContentPlaceHolder1_imgDetailImageCall\" class=\"img-responsive\" style=\"border-width: 0px\" src=\"https:\/\/afcindustries.com\/wp-content\/uploads\/2022\/01\/772380-computer-workstation-wall-mount-features.jpg\" alt=\"Especificaciones del dise\u00f1o de la estaci\u00f3n de trabajo de ordenador montada en el riel de la pared\" title=\"\"><\/p>\n<div id=\"ctl00_ContentPlaceHolder1_pnlImageContainer\"><\/div>\n<h3 class=\"product-h3\"><span id=\"ctl00_ContentPlaceHolder1_lblImageBottom2\">Soporte de pared para ordenador M\u00e1s caracter\u00edsticas<\/span><\/h3>\n<p><img decoding=\"async\" id=\"ctl00_ContentPlaceHolder1_imgDetailImageCall2\" class=\"img-responsive\" style=\"border-width: 0px\" src=\"https:\/\/afcindustries.com\/wp-content\/uploads\/2022\/01\/772380-computer-wall-mount-more-features.jpg\" alt=\"Estaci\u00f3n de trabajo de ordenador montada en carril de pared Caracter\u00edsticas funcionales\" title=\"\"><\/p>\n<h3 class=\"product-h3\"><span id=\"ctl00_ContentPlaceHolder1_lblImageBottom3\">Soporte de pared para ordenador Caracter\u00edsticas adicionales<\/span><\/h3>\n<p><img decoding=\"async\" id=\"ctl00_ContentPlaceHolder1_imgDetailImageCall3\" class=\"img-responsive\" style=\"border-width: 0px\" src=\"https:\/\/afcindustries.com\/wp-content\/uploads\/2022\/01\/772380-computer-wall-mount-additional-features.jpg\" alt=\"Soporte de pared para ordenador Caracter\u00edsticas adicionales\" title=\"\"><\/p>\n","protected":false},"excerpt":{"rendered":"<h1 class=\"product-h3\"><span id=\"ctl00_ContentPlaceHolder1_lblH3\">Estaci\u00f3n de trabajo de ordenador montada en la pared sobre rieles:<\/span><\/h1>\n<div class=\"col-md-6 col-sm-6 col-xs-12 detailList\">\n<p><strong><span style=\"font-size: 14px;\">#WM-RZKZMC &#8211; Soporte de pared para monitor, teclado y CPU<\/span><\/strong><\/p>\n<h3><span style=\"font-size: 12px;\"><strong>Brazo del teclado #WM-TR-MZ<\/strong><\/span><\/h3>\n<ul>\n<li>Posiciona el teclado para obtener la m\u00e1xima flexibilidad<\/li>\n<li>Bandeja KB met\u00e1lica de 17,5 pulgadas de ancho y 8 pulgadas de profundidad con una extensi\u00f3n m\u00e1xima de 21 pulgadas<\/li>\n<li>La bandeja se inclina hacia atr\u00e1s en un \u00e1ngulo negativo de 5\u00b0\/ +10\u00b0 para lograr las m\u00e1ximas condiciones ergon\u00f3micas de trabajo<\/li>\n<li>La bandeja gira 360\u00ba<\/li>\n<li>La bandeja del rat\u00f3n se desliza hacia la izquierda o la derecha<\/li>\n<li>Se puede limpiar f\u00e1cilmente con los desinfectantes habituales<\/li>\n<\/ul>\n<h3><span style=\"font-size: 12px;\"><strong>Brazo del monitor #AFCZ500-01<\/strong><\/span><\/h3>\n<ul>\n<li>Posiciona su LCD para una m\u00e1xima flexibilidad<\/li>\n<li>Extensi\u00f3n m\u00e1xima de 21 pulgadas<\/li>\n<li>La pantalla LCD gira 270\u00ba<\/li>\n<\/ul>\n<h3><strong><span style=\"font-size: 12px;\">Soporte para CPU #CPU 13-25<\/span><\/strong><\/h3>\n<ul>\n<li>Se desliza hacia arriba y hacia abajo en la pista<\/li>\n<\/ul>\n<p>&nbsp;<\/p>\n<p>&nbsp;<\/p>\n<\/div>\n<div class=\"col-md-6 col-sm-6 col-xs-12\">\n<ul class=\"ulpdf\">\n<li><a id=\"ctl00_ContentPlaceHolder1_hPDF\" href=\"https:\/\/afcindustries.com\/PDFS\/WM56_1FZ_KBZ_C13_01.PDF\" target=\"_blank\" rel=\"noopener\"><img decoding=\"async\" id=\"ctl00_ContentPlaceHolder1_imgPDF\" style=\"border-width: 0px;\" src=\"https:\/\/afcindustries.com\/images\/pdf.gif\" border=\"0\" \/><span id=\"ctl00_ContentPlaceHolder1_lblPDFSKU\" class=\"pdf\">PDF WM56_1FZ_KBZ_C13_01.PDF<\/span><\/a><\/li>\n<\/ul>\n<\/div>\n","protected":false},"featured_media":46190,"template":"","meta":{"_acf_changed":false,"inline_featured_image":false},"product_brand":[],"product_cat":[2457,1782,1758],"product_tag":[],"class_list":{"0":"post-19880","1":"product","2":"type-product","3":"status-publish","4":"has-post-thumbnail","6":"product_cat-estacion-de-trabajo-de-ordenador-montada-en-carril-de-pared","7":"product_cat-soportes-de-pared-para-ordenador","8":"product_cat-soportes-ergonomicos","9":"pa_model-wm-rzkzmc-es","11":"first","12":"instock","13":"product-type-simple"},"acf":[],"_links":{"self":[{"href":"https:\/\/afcindustries.com\/es\/wp-json\/wp\/v2\/product\/19880","targetHints":{"allow":["GET"]}}],"collection":[{"href":"https:\/\/afcindustries.com\/es\/wp-json\/wp\/v2\/product"}],"about":[{"href":"https:\/\/afcindustries.com\/es\/wp-json\/wp\/v2\/types\/product"}],"wp:featuredmedia":[{"embeddable":true,"href":"https:\/\/afcindustries.com\/es\/wp-json\/wp\/v2\/media\/46190"}],"wp:attachment":[{"href":"https:\/\/afcindustries.com\/es\/wp-json\/wp\/v2\/media?parent=19880"}],"wp:term":[{"taxonomy":"product_brand","embeddable":true,"href":"https:\/\/afcindustries.com\/es\/wp-json\/wp\/v2\/product_brand?post=19880"},{"taxonomy":"product_cat","embeddable":true,"href":"https:\/\/afcindustries.com\/es\/wp-json\/wp\/v2\/product_cat?post=19880"},{"taxonomy":"product_tag","embeddable":true,"href":"https:\/\/afcindustries.com\/es\/wp-json\/wp\/v2\/product_tag?post=19880"}],"curies":[{"name":"wp","href":"https:\/\/api.w.org\/{rel}","templated":true}]}}