{"id":19873,"date":"2022-01-29T12:29:44","date_gmt":"2022-01-29T17:29:44","guid":{"rendered":"https:\/\/afcindustries.com\/product\/carrete-de-cable-de-alimentacion-retractil-redondo\/"},"modified":"2024-10-09T09:44:58","modified_gmt":"2024-10-09T13:44:58","slug":"carrete-de-cable-de-alimentacion-retractil-redondo","status":"publish","type":"product","link":"https:\/\/afcindustries.com\/es\/producto\/carrete-de-cable-de-alimentacion-retractil-redondo\/","title":{"rendered":"Carrete de cable de alimentaci\u00f3n retr\u00e1ctil redondo"},"content":{"rendered":"<h1>Extensi\u00f3n de cable el\u00e9ctrico retr\u00e1ctil<\/h1>\n<div id=\"color_choice\"><\/div>\n<p>Una regleta resistente con protector de sobretensiones capaz de albergar hasta 4 enchufes y una generosa longitud de 25 pies. largo de la extensi\u00f3n del cable de alimentaci\u00f3n. Equipado con 4 tomas de corriente con conexi\u00f3n a tierra y un disyuntor, indicador de encendido y una c\u00f3moda asa de transporte.<\/p>\n<p>Es una soluci\u00f3n r\u00e1pida y sencilla cuando necesitas tener dispositivos adicionales que necesitan una fuente de alimentaci\u00f3n cerca de tu estaci\u00f3n de trabajo. El protector de sobretensi\u00f3n proporciona una funci\u00f3n de seguridad adicional muy valiosa para prevenir incendios en caso de sobretensiones que probablemente har\u00edan explotar los equipos el\u00e9ctricos.<\/p>\n<p>Fabricamos equipos de mobiliario ergon\u00f3mico de alta calidad que superan las expectativas est\u00e1ndar de practicidad y funcionalidad. Nuestros productos est\u00e1n garantizados con una garant\u00eda total del producto. Fabricamos productos que ofrecen a nuestros clientes la tranquilidad de obtener el m\u00e1ximo rendimiento de su inversi\u00f3n.<\/p>\n<p>P\u00f3ngase en contacto con nosotros para una consulta gratuita con nuestro amable y servicial especialista en equipamiento t\u00e9cnico de mobiliario ergon\u00f3mico.<\/p>\n<div class=\"desksize\"><\/div>\n<h3 class=\"product-h3\"><span id=\"ctl00_ContentPlaceHolder1_lblImageBottom1\">Carrete de cable de alimentaci\u00f3n con protector de sobretensiones<\/span><\/h3>\n<p><img decoding=\"async\" id=\"ctl00_ContentPlaceHolder1_imgDetailImageCall\" class=\"img-responsive\" style=\"border-width: 0px\" src=\"https:\/\/afcindustries.com\/wp-content\/uploads\/2022\/01\/772147-power-cord-reel-with-surge-protector.jpg\" alt=\"Carrete de cable de alimentaci\u00f3n con protector de sobretensiones\" title=\"\"><\/p>\n<div id=\"ctl00_ContentPlaceHolder1_pnlImageContainer\"><\/div>\n<h3 class=\"product-h3\"><\/h3>\n<h3 class=\"product-h3\"><\/h3>\n","protected":false},"excerpt":{"rendered":"<h1 class=\"product-h3\"><span id=\"ctl00_ContentPlaceHolder1_lblH3\">Enrollador de cable de alimentaci\u00f3n port\u00e1til retr\u00e1ctil<\/span><\/h1>\n<div class=\"col-md-6 col-sm-6 col-xs-12 detailList\">\n<ul>\n<li>Carrete de cable de alimentaci\u00f3n port\u00e1til retr\u00e1ctil<\/li>\n<li>Carcasa del carrete de acero con recubrimiento de polvo<\/li>\n<li>4 tomas de corriente con conexi\u00f3n a tierra<\/li>\n<li>Interruptor autom\u00e1tico reajustable<\/li>\n<li>Luz indicadora de encendido<\/li>\n<li>C\u00f3moda asa de transporte<\/li>\n<li>25? Cord\u00f3n SJTW para climas fr\u00edos<\/li>\n<\/ul>\n<p><strong>Informaci\u00f3n adicional<\/strong><\/p>\n<ul>\n<li><strong>Tipo de cable: <\/strong>SJTW<\/li>\n<li><strong>Calibre: <\/strong>16\/3<\/li>\n<li><strong>Max. Poder:<\/strong> 1625W<\/li>\n<li><strong>Max. actual:<\/strong> 13 A<\/li>\n<li><strong>Max. Tensi\u00f3n:<\/strong> 125 V<\/li>\n<li><strong>Paquete principal:<\/strong> 4<\/li>\n<li><strong>Peso del paquete principal:<\/strong> 29 libras.<\/li>\n<li><strong>C\u00f3digo UPC:<\/strong> 0-40082-00534-0<\/li>\n<li><strong>Interruptor autom\u00e1tico:<\/strong> S\u00ed<\/li>\n<li><strong>Longitud del cable:<\/strong> 25 pies.<\/li>\n<li><strong>No. de puntos de venta:<\/strong> 4<\/li>\n<li><strong>Total Max. Valoraci\u00f3n:<\/strong> 1625 W, 13 A, 125 V<\/li>\n<\/ul>\n<p>&nbsp;<\/p>\n<p>&nbsp;<\/p>\n<\/div>\n<div class=\"col-md-6 col-sm-6 col-xs-12\">\n<p>&nbsp;<\/p>\n<ul>\n<li>\n<ul class=\"specPreview\">\n<li>Anchura<\/li>\n<li>25 \u00ab<\/li>\n<\/ul>\n<p>&nbsp;<\/li>\n<\/ul>\n<\/div>\n","protected":false},"featured_media":13184,"template":"","meta":{"_acf_changed":false,"inline_featured_image":false},"product_brand":[],"product_cat":[1783,2441,1784],"product_tag":[],"class_list":{"0":"post-19873","1":"product","2":"type-product","3":"status-publish","4":"has-post-thumbnail","6":"product_cat-accesorios","7":"product_cat-carrete-de-cable-de-alimentacion-retractil-redondo","8":"product_cat-todos-los-accesorios","9":"pa_model-rpc-101-es","11":"first","12":"instock","13":"product-type-simple"},"acf":[],"_links":{"self":[{"href":"https:\/\/afcindustries.com\/es\/wp-json\/wp\/v2\/product\/19873","targetHints":{"allow":["GET"]}}],"collection":[{"href":"https:\/\/afcindustries.com\/es\/wp-json\/wp\/v2\/product"}],"about":[{"href":"https:\/\/afcindustries.com\/es\/wp-json\/wp\/v2\/types\/product"}],"wp:featuredmedia":[{"embeddable":true,"href":"https:\/\/afcindustries.com\/es\/wp-json\/wp\/v2\/media\/13184"}],"wp:attachment":[{"href":"https:\/\/afcindustries.com\/es\/wp-json\/wp\/v2\/media?parent=19873"}],"wp:term":[{"taxonomy":"product_brand","embeddable":true,"href":"https:\/\/afcindustries.com\/es\/wp-json\/wp\/v2\/product_brand?post=19873"},{"taxonomy":"product_cat","embeddable":true,"href":"https:\/\/afcindustries.com\/es\/wp-json\/wp\/v2\/product_cat?post=19873"},{"taxonomy":"product_tag","embeddable":true,"href":"https:\/\/afcindustries.com\/es\/wp-json\/wp\/v2\/product_tag?post=19873"}],"curies":[{"name":"wp","href":"https:\/\/api.w.org\/{rel}","templated":true}]}}