{"id":19866,"date":"2022-01-29T12:30:08","date_gmt":"2022-01-29T17:30:08","guid":{"rendered":"https:\/\/afcindustries.com\/product\/escritorio-ergonomico-de-pie-para-puestos-de-trabajo-de-radiologia-pacs\/"},"modified":"2024-10-09T09:44:27","modified_gmt":"2024-10-09T13:44:27","slug":"escritorio-ergonomico-de-pie-para-puestos-de-trabajo-de-radiologia-pacs","status":"publish","type":"product","link":"https:\/\/afcindustries.com\/es\/producto\/escritorio-ergonomico-de-pie-para-puestos-de-trabajo-de-radiologia-pacs\/","title":{"rendered":"Escritorio ergon\u00f3mico de pie para puestos de trabajo de radiolog\u00eda PACS"},"content":{"rendered":"<h1>Escritorio de pie para puestos de trabajo PACS de radiolog\u00eda diagn\u00f3stica<\/h1>\n<div id=\"color_choice\">\n<div id=\"ctl00_ContentPlaceHolder1_color1_pnlColor\" class=\"option-Style-Panel1\">\n<div class=\"color-container\">\n<div class=\"color-item\">\n<div id=\"Cream\" class=\"color-item-big\"><img decoding=\"async\" src=\"https:\/\/afcindustries.com\/wp-content\/uploads\/2022\/01\/Cream-1.jpg\" alt=\"Crema\" title=\"\"><\/div>\n<\/div>\n<\/div>\n<\/div>\n<\/div>\n<p>L\u00edder en innovaci\u00f3n en mobiliario de radiolog\u00eda, este escritorio ergon\u00f3mico de pie Whitestone tiene un ajuste independiente para la altura del escritorio y la longitud focal del monitor con un brazo de monitor robusto capaz de montar hasta 50 libras. Est\u00e1 dotado de funciones de vanguardia, como la retroiluminaci\u00f3n LED ambiental con ajuste de brillo, un tabique ac\u00fastico que bloquea los ruidos no deseados, y la lectura digital de la altura de la superficie y los interruptores que permiten a los usuarios guardar los ajustes de configuraci\u00f3n individuales<\/p>\n<p>Las estaciones de trabajo de radiolog\u00eda m\u00e9dica Whitestone PACS est\u00e1n cargadas con una serie completa de componentes electr\u00f3nicos y un bot\u00f3n de ajuste de altura, retroiluminaci\u00f3n LED, alimentaci\u00f3n y gesti\u00f3n de cables. Todos estos elementos de dise\u00f1o ergon\u00f3mico mejoran el rendimiento con una comodidad inigualable y caracter\u00edsticas f\u00e1ciles de usar.<\/p>\n<p><strong>El mejor dise\u00f1o ergon\u00f3mico y c\u00f3modo:<\/strong> Dise\u00f1ado para la comodidad para reducir el estr\u00e9s y mantener la postura durante el trabajo.<\/p>\n<p><strong>Mantiene una buena salud:<\/strong> Elimina las lesiones por esfuerzo repetitivo (RSI), los dolores musculares, las molestias corporales, la tensi\u00f3n ocular y la fatiga. Aumenta la productividad y la circulaci\u00f3n sangu\u00ednea saludable.<\/p>\n<p><strong>F\u00e1cil de usar:<\/strong> f\u00e1cil de manejar sin necesidad de horas de formaci\u00f3n del usuario. Muy f\u00e1cil de configurar para adaptarse a las preferencias de cada usuario.<\/p>\n<p><strong>Iluminaci\u00f3n de escritorio preparada:<\/strong> Minimiza el cansancio ocular y la fatiga asociada y maximiza la precisi\u00f3n visual proporcionando una iluminaci\u00f3n adecuada.<\/p>\n<p><strong>Acceso a puertos de datos y tomas de corriente:<\/strong> Aumenta la productividad y la eficiencia gracias a la facilidad de acceso a los puertos de datos y las tomas de corriente.<\/p>\n<p><strong>Superficie de escritorio y bordes laminados de primera calidad:<\/strong> Las superficies de escritorio laminadas, los bordes lisos y las esquinas eliminan el riesgo de lesiones. Tambi\u00e9n mantiene el escritorio limpio y liso.<\/p>\n<p><strong>Colocaci\u00f3n correcta de la CPU del ordenador:<\/strong> La CPU del ordenador se encuentra fuera de peligro, lo que permite a los usuarios moverse libremente.<\/p>\n<p><strong>Gesti\u00f3n limpia de los cables:<\/strong> Los cables est\u00e1n ocultos de forma segura para eliminar el riesgo de accidentes que pueda causar a personas o equipos.<\/p>\n<p><strong>Construido seg\u00fan las especificaciones:<\/strong> Se puede especificar para acomodar las necesidades \u00fanicas y el entorno de trabajo de los usuarios individuales antes de la fabricaci\u00f3n.<\/p>\n<p><strong>Garantizado con la garant\u00eda del producto:<\/strong> Cubierto con la garant\u00eda de producto del fabricante que da seguridad a los compradores en caso de que el producto no cumpla con las expectativas.<\/p>\n<p><strong>Equipo de fabricaci\u00f3n de confianza:<\/strong> Nuestros dise\u00f1adores, ingenieros y fabricantes utilizan sus habilidades y talentos para ofrecerle el producto de mayor calidad que usted merece.<\/p>\n<p><strong>Asistencia en la planificaci\u00f3n del espacio de trabajo:<\/strong> Proporcionamos asistencia en la planificaci\u00f3n en la instalaci\u00f3n o renovaci\u00f3n de sus instalaciones de trabajo.<\/p>\n<p><strong>Ayuda para la instalaci\u00f3n:<\/strong> Proporcionamos asistencia exhaustiva en el despliegue de su mobiliario para el servicio.<\/p>\n<p><strong>Muebles de escritorio vers\u00e1tiles:<\/strong> Nuestros muebles son capaces de adaptarse a diferentes usos y entornos, por lo que son duraderos.<\/p>\n<p>AFC fabrica equipos de mobiliario de alta calidad que superan las expectativas est\u00e1ndar de practicidad, funcionalidad y ergonom\u00eda. Nuestros productos est\u00e1n garantizados con una garant\u00eda total del producto. Construimos productos que ofrecen a nuestros clientes la tranquilidad de obtener el m\u00e1ximo rendimiento de su inversi\u00f3n.<\/p>\n<p>P\u00f3ngase en contacto con nosotros para una consulta gratuita con nuestro amable y servicial especialista en mobiliario t\u00e9cnico ergon\u00f3mico.<\/p>\n<div class=\"desksize\"><\/div>\n<h3 class=\"product-h3\"><span id=\"ctl00_ContentPlaceHolder1_lblImageBottom1\">Escritorio de pie para puestos de trabajo de radiolog\u00eda m\u00e9dica PACS<\/span><\/h3>\n<p><img decoding=\"async\" id=\"ctl00_ContentPlaceHolder1_imgDetailImageCall\" class=\"img-responsive\" style=\"border-width: 0px\" src=\"https:\/\/afcindustries.com\/wp-content\/uploads\/2022\/01\/772127-standing-desk-for-medical-radiology-pacs-workstations.jpg\" alt=\"Escritorio de pie para puestos de trabajo de radiolog\u00eda m\u00e9dica PACS\" title=\"\"><\/p>\n<div id=\"ctl00_ContentPlaceHolder1_pnlImageContainer\"><\/div>\n<h3 class=\"product-h3\"><span id=\"ctl00_ContentPlaceHolder1_lblImageBottom2\">Escritorio de pie para puestos de trabajo PACS de radiolog\u00eda diagn\u00f3stica<\/span><\/h3>\n<p><img decoding=\"async\" id=\"ctl00_ContentPlaceHolder1_imgDetailImageCall2\" class=\"img-responsive\" style=\"border-width: 0px\" src=\"https:\/\/afcindustries.com\/wp-content\/uploads\/2022\/01\/772127-standing-desk-for-diagnostic-radiology-pacs-workstations.jpg\" alt=\"Escritorio de pie para puestos de trabajo PACS de radiolog\u00eda diagn\u00f3stica\" title=\"\"><\/p>\n<h3 class=\"product-h3\"><span id=\"ctl00_ContentPlaceHolder1_lblImageBottom3\">Escritorio de pie para puestos de trabajo PACS de cl\u00ednicas de radiolog\u00eda<\/span><\/h3>\n<p><img decoding=\"async\" id=\"ctl00_ContentPlaceHolder1_imgDetailImageCall3\" class=\"img-responsive\" style=\"border-width: 0px\" src=\"https:\/\/afcindustries.com\/wp-content\/uploads\/2022\/01\/772127-standing-desk-for-radiology-clinic-pacs-workstations.jpg\" alt=\"Escritorio de pie para puestos de trabajo PACS de cl\u00ednicas de radiolog\u00eda\" title=\"\"><\/p>\n","protected":false},"excerpt":{"rendered":"<h1 class=\"product-h3\">Escritorio de pie para puestos de trabajo PACS del centro de radiolog\u00eda<\/h1>\n<p>&nbsp;<\/p>\n<div class=\"col-md-6 col-sm-6 col-xs-12 detailList\">\n<ul>\n<li>Ajuste electr\u00f3nico de la altura e inclinaci\u00f3n de la superficie de trabajo.<\/li>\n<li>Ajuste electr\u00f3nico independiente de la altura de la plataforma del monitor y de la distancia focal (avance\/retroceso).<\/li>\n<li>Lectura digital de la altura de la superficie e interruptores para \u00abrecordar\u00bb los ajustes de configuraci\u00f3n individuales.<\/li>\n<li>Brazo de monitor s\u00faper resistente que soporta monitores de hasta 50 libras.<\/li>\n<li>Tablero de part\u00edculas con acabado en laminado de alta presi\u00f3n, bordeado con moldura de parachoques.<\/li>\n<li>Ahora disponible en gris, un color bien apagado que combina con la mayor\u00eda de las decoraciones y con paneles de tela no reflectantes.<\/li>\n<li>Luz de fondo LED ambiental con regulador de intensidad<\/li>\n<li>Tabique ac\u00fastico que bloquea los ruidos molestos.<\/li>\n<li>Estantes inferiores completos o divididos.<\/li>\n<li>Puertos de datos emergentes y un concentrador USB integrado en la superficie de trabajo.\n<ul type=\"circle\">\n<li>Ancho de la superficie de trabajo: 84 pulgadas<\/li>\n<li>Profundidad de la superficie de trabajo: 34 pulgadas<\/li>\n<li>Altura desde el suelo :\n<ul type=\"square\">\n<li>Superficie de trabajo: de 28 a 47 pulgadas<\/li>\n<li>Monitores de movimiento vertical: Carrera de 19 pulgadas<\/li>\n<\/ul>\n<\/li>\n<\/ul>\n<\/li>\n<\/ul>\n<p>&nbsp;<\/p>\n<p>&nbsp;<\/p>\n<\/div>\n<div class=\"col-md-6 col-sm-6 col-xs-12\">\n<ul class=\"ulpdf\">\n<li><a id=\"ctl00_ContentPlaceHolder1_hPDF\" href=\"https:\/\/afcindustries.com\/PDFS\/772127_WST8434PA_B_SE_0000_5F_2C_00_SB_HWM-01.PDF\" target=\"_blank\" rel=\"noopener\"><img decoding=\"async\" id=\"ctl00_ContentPlaceHolder1_imgPDF\" style=\"border-width: 0px;\" src=\"https:\/\/afcindustries.com\/images\/pdf.gif\" border=\"0\" \/><span id=\"ctl00_ContentPlaceHolder1_lblPDFSKU\" class=\"pdf\">PDF 772127_WST8434PA_B_SE_0000_5F_2C_00_SB_HWM-01.pdf<\/span><\/a><\/li>\n<li><a id=\"ctl00_ContentPlaceHolder1_hPDF_instrcution\" href=\"https:\/\/afcindustries.com\/PDF_INSTRUCTION\/HEIGHT%20ADJUSTMENT%20CONTROL%20MANUAL.PDF\" target=\"_blank\" rel=\"noopener\"><img decoding=\"async\" id=\"ctl00_ContentPlaceHolder1_imgPDF_instrcution\" style=\"border-width: 0px;\" src=\"https:\/\/afcindustries.com\/images\/pdf-instruction.png\" border=\"0\" \/><span id=\"ctl00_ContentPlaceHolder1_lblPDF_instrcution\" class=\"pdf\">Manual de control de ajuste de altura<\/span><\/a><\/li>\n<\/ul>\n<ul>\n<li>\n<ul class=\"specPreview\">\n<li>Altura<\/li>\n<li>28 \u00bb a 47 \u00ab<\/li>\n<\/ul>\n<p>&nbsp;<\/li>\n<li>\n<ul class=\"specPreview\">\n<li>Anchura<\/li>\n<li>84 \u00ab<\/li>\n<\/ul>\n<p>&nbsp;<\/li>\n<li>\n<ul class=\"specPreview\">\n<li>Profundidad<\/li>\n<li>34 \u00ab<\/li>\n<\/ul>\n<p>&nbsp;<\/li>\n<\/ul>\n<\/div>\n","protected":false},"featured_media":13413,"template":"","meta":{"_acf_changed":false,"inline_featured_image":false},"product_brand":[],"product_cat":[1788,2418,2131,2224],"product_tag":[],"class_list":{"0":"post-19866","1":"product","2":"type-product","3":"status-publish","4":"has-post-thumbnail","6":"product_cat-escritorios-de-pie","7":"product_cat-escritorio-ergonomico-de-pie-para-puestos-de-trabajo-de-radiologia-pacs","8":"product_cat-estacion-de-trabajo-de-la-oficina-de-radiologia","9":"product_cat-estacion-de-trabajo-whitestone","10":"pa_model-ws8434_b_w-o_ec-es","12":"first","13":"instock","14":"product-type-simple"},"acf":[],"_links":{"self":[{"href":"https:\/\/afcindustries.com\/es\/wp-json\/wp\/v2\/product\/19866","targetHints":{"allow":["GET"]}}],"collection":[{"href":"https:\/\/afcindustries.com\/es\/wp-json\/wp\/v2\/product"}],"about":[{"href":"https:\/\/afcindustries.com\/es\/wp-json\/wp\/v2\/types\/product"}],"wp:featuredmedia":[{"embeddable":true,"href":"https:\/\/afcindustries.com\/es\/wp-json\/wp\/v2\/media\/13413"}],"wp:attachment":[{"href":"https:\/\/afcindustries.com\/es\/wp-json\/wp\/v2\/media?parent=19866"}],"wp:term":[{"taxonomy":"product_brand","embeddable":true,"href":"https:\/\/afcindustries.com\/es\/wp-json\/wp\/v2\/product_brand?post=19866"},{"taxonomy":"product_cat","embeddable":true,"href":"https:\/\/afcindustries.com\/es\/wp-json\/wp\/v2\/product_cat?post=19866"},{"taxonomy":"product_tag","embeddable":true,"href":"https:\/\/afcindustries.com\/es\/wp-json\/wp\/v2\/product_tag?post=19866"}],"curies":[{"name":"wp","href":"https:\/\/api.w.org\/{rel}","templated":true}]}}