{"id":19852,"date":"2022-01-29T12:28:43","date_gmt":"2022-01-29T17:28:43","guid":{"rendered":"https:\/\/afcindustries.com\/product\/bandeja-expositora-de-acero-con-listones\/"},"modified":"2024-11-30T13:10:22","modified_gmt":"2024-11-30T18:10:22","slug":"bandeja-expositora-de-acero-con-listones","status":"publish","type":"product","link":"https:\/\/afcindustries.com\/es\/producto\/bandeja-expositora-de-acero-con-listones\/","title":{"rendered":"Bandeja expositora de acero con listones"},"content":{"rendered":"<h2>Bandeja de exhibici\u00f3n montada en la pared con listones<\/h2>\n<div id=\"color_choice\"><\/div>\n<p>Bandeja expositora de acero montada en la pared con un dise\u00f1o moderno que es perfecta para mostrar productos en tiendas, quioscos de ferias y ayuda a organizar los escritorios de las estaciones de trabajo inform\u00e1ticas.<\/p>\n<p>Esta bandeja de exhibici\u00f3n para montaje en pared de listones tambi\u00e9n tiene un orificio de ojal para acomodar los cables que se conectan a los productos electr\u00f3nicos, como computadoras o dispositivos m\u00f3viles digitales.<\/p>\n<p>AFC fabrica equipos de mobiliario de alta calidad que superan las expectativas est\u00e1ndar de practicidad, funcionalidad y ergonom\u00eda. Nuestros productos est\u00e1n garantizados con una garant\u00eda total del producto. Construimos productos que ofrecen a nuestros clientes la tranquilidad de obtener el m\u00e1ximo rendimiento de su inversi\u00f3n.<\/p>\n<p>P\u00f3ngase en contacto con nosotros para una consulta gratuita con nuestro amable y servicial especialista en mobiliario t\u00e9cnico ergon\u00f3mico.<\/p>\n<div class=\"desksize\"><\/div>\n<h3 class=\"product-h3\"><span id=\"ctl00_ContentPlaceHolder1_lblImageBottom1\">Bandeja de tel\u00e9fono montada en la pared con listones<\/span><\/h3>\n<p><img decoding=\"async\" id=\"ctl00_ContentPlaceHolder1_imgDetailImageCall\" class=\"img-responsive\" style=\"border-width: 0px\" src=\"https:\/\/afcindustries.com\/wp-content\/uploads\/2022\/01\/772155-slat-wall-mounted-telephone-tray.jpg\" alt=\"Bandeja de tel\u00e9fono montada en la pared con listones\" title=\"\"><\/p>\n<div id=\"ctl00_ContentPlaceHolder1_pnlImageContainer\"><\/div>\n<h3 class=\"product-h3\"><\/h3>\n<h3 class=\"product-h3\"><\/h3>\n","protected":false},"excerpt":{"rendered":"<h1 class=\"product-h3\"><span id=\"ctl00_ContentPlaceHolder1_lblH3\">Bandeja expositora de metal con listones Caracter\u00edsticas<\/span><\/h1>\n<div class=\"col-md-6 col-sm-6 col-xs-12 detailList\">\n<ul>\n<li>Bandeja de accesorios para la pared de lamas<\/li>\n<li>F\u00e1cil de instalar<\/li>\n<li>Perfecto para guardar el equipo y el material de oficina<\/li>\n<li>Material de acero duradero<\/li>\n<li>Dise\u00f1o que ahorra espacio para entornos de oficina reducidos<\/li>\n<\/ul>\n<p>&nbsp;<\/p>\n<p>&nbsp;<\/p>\n<\/div>\n<div class=\"col-md-6 col-sm-6 col-xs-12\">\n<p>&nbsp;<\/p>\n<\/div>\n","protected":false},"featured_media":12579,"template":"","meta":{"_acf_changed":false,"inline_featured_image":false},"product_brand":[],"product_cat":[1783,2373,1784],"product_tag":[],"class_list":{"0":"post-19852","1":"product","2":"type-product","3":"status-publish","4":"has-post-thumbnail","6":"product_cat-accesorios","7":"product_cat-bandeja-expositora-de-pared-de-listones","8":"product_cat-todos-los-accesorios","10":"first","11":"instock","12":"product-type-simple"},"acf":[],"_links":{"self":[{"href":"https:\/\/afcindustries.com\/es\/wp-json\/wp\/v2\/product\/19852","targetHints":{"allow":["GET"]}}],"collection":[{"href":"https:\/\/afcindustries.com\/es\/wp-json\/wp\/v2\/product"}],"about":[{"href":"https:\/\/afcindustries.com\/es\/wp-json\/wp\/v2\/types\/product"}],"wp:featuredmedia":[{"embeddable":true,"href":"https:\/\/afcindustries.com\/es\/wp-json\/wp\/v2\/media\/12579"}],"wp:attachment":[{"href":"https:\/\/afcindustries.com\/es\/wp-json\/wp\/v2\/media?parent=19852"}],"wp:term":[{"taxonomy":"product_brand","embeddable":true,"href":"https:\/\/afcindustries.com\/es\/wp-json\/wp\/v2\/product_brand?post=19852"},{"taxonomy":"product_cat","embeddable":true,"href":"https:\/\/afcindustries.com\/es\/wp-json\/wp\/v2\/product_cat?post=19852"},{"taxonomy":"product_tag","embeddable":true,"href":"https:\/\/afcindustries.com\/es\/wp-json\/wp\/v2\/product_tag?post=19852"}],"curies":[{"name":"wp","href":"https:\/\/api.w.org\/{rel}","templated":true}]}}