{"id":19844,"date":"2022-01-29T12:28:54","date_gmt":"2022-01-29T17:28:54","guid":{"rendered":"https:\/\/afcindustries.com\/product\/soporte-medico-ergonomico-para-ordenador-con-ruedas\/"},"modified":"2024-11-30T13:09:49","modified_gmt":"2024-11-30T18:09:49","slug":"soporte-medico-ergonomico-para-ordenador-con-ruedas","status":"publish","type":"product","link":"https:\/\/afcindustries.com\/es\/producto\/soporte-medico-ergonomico-para-ordenador-con-ruedas\/","title":{"rendered":"Soporte m\u00e9dico ergon\u00f3mico para ordenador con ruedas"},"content":{"rendered":"<h2>Soporte m\u00e9dico ergon\u00f3mico para ordenador<\/h2>\n<div id=\"color_choice\">\n<div id=\"ctl00_ContentPlaceHolder1_color1_pnlColor\" class=\"option-Style-Panel1\">\n<div class=\"color-container\">\n<div class=\"color-item\">\n<p>&nbsp;<\/p>\n<div id=\"Black\" class=\"color-item-big\"><img decoding=\"async\" src=\"https:\/\/afcindustries.com\/wp-content\/uploads\/2022\/01\/Black-1.jpg\" alt=\"Negro\" title=\"\"><\/div>\n<\/div>\n<\/div>\n<\/div>\n<\/div>\n<p>Este soporte ergon\u00f3mico para ordenadores m\u00e9dicos rodantes permite a los usuarios utilizar las pantallas de los monitores. Tambi\u00e9n ofrece a los usuarios m\u00e1s comodidad gracias a sus funciones de movilidad. Ayuda al usuario a utilizar todos los perif\u00e9ricos del ordenador en un solo lugar.<\/p>\n<p>Este soporte m\u00e9dico ergon\u00f3mico para ordenadores est\u00e1 equipado con dos brazos articulados para el monitor, un soporte para la CPU, una carcasa para la gesti\u00f3n de cables, una bandeja para el teclado, una bandeja deslizante para el rat\u00f3n, un estante de uso general y dos ruedas.<\/p>\n<p>AFC fabrica equipos de mobiliario de alta calidad que superan las expectativas est\u00e1ndar de practicidad, funcionalidad y ergonom\u00eda. Nuestros productos est\u00e1n garantizados con una garant\u00eda total del producto. Construimos productos que ofrecen a nuestros clientes la tranquilidad de obtener el m\u00e1ximo rendimiento de su inversi\u00f3n.<\/p>\n<p>P\u00f3ngase en contacto con nosotros para una consulta gratuita con nuestro amable y servicial especialista en mobiliario t\u00e9cnico ergon\u00f3mico.<\/p>\n<div class=\"desksize\"><\/div>\n<h3 class=\"product-h3\"><span id=\"ctl00_ContentPlaceHolder1_lblImageBottom1\">soporte de poste para ordenador con dos monitores<\/span><\/h3>\n<p><img decoding=\"async\" id=\"ctl00_ContentPlaceHolder1_imgDetailImageCall\" class=\"img-responsive\" style=\"border-width: 0px\" src=\"https:\/\/afcindustries.com\/wp-content\/uploads\/2022\/01\/772773-dual-monitor-rollng-computer-pole-stand.jpg\" alt=\"soporte de poste para ordenador con dos monitores\" title=\"\"><\/p>\n<div id=\"ctl00_ContentPlaceHolder1_pnlImageContainer\"><\/div>\n<h3 class=\"product-h3\"><span id=\"ctl00_ContentPlaceHolder1_lblImageBottom2\">accesorio de soporte de poste de ordenador para monitor rollng<\/span><\/h3>\n<p><img decoding=\"async\" id=\"ctl00_ContentPlaceHolder1_imgDetailImageCall2\" class=\"img-responsive\" style=\"border-width: 0px\" src=\"https:\/\/afcindustries.com\/wp-content\/uploads\/2022\/01\/772773-monitor-rollng-computer-pole-stand-accessory.jpg\" alt=\"accesorio de soporte de poste de ordenador para monitor rollng\" title=\"\"><\/p>\n<h3 class=\"product-h3\"><span id=\"ctl00_ContentPlaceHolder1_lblImageBottom3\">monitor rollng accesorios de soporte para ordenador<\/span><\/h3>\n<p><img decoding=\"async\" id=\"ctl00_ContentPlaceHolder1_imgDetailImageCall3\" class=\"img-responsive\" style=\"border-width: 0px\" src=\"https:\/\/afcindustries.com\/wp-content\/uploads\/2022\/01\/772773-monitor-rollng-computer-pole-stand-accessories.jpg\" alt=\"monitor rollng accesorios de soporte para ordenador\" title=\"\"><\/p>\n","protected":false},"excerpt":{"rendered":"<h1 class=\"product-h3\"><span id=\"ctl00_ContentPlaceHolder1_lblH3\">Soporte de ordenador ergon\u00f3mico y rodante para el sector sanitario<\/span><span id=\"ctl00_ContentPlaceHolder1_lblDetails\"><\/span><\/h1>\n<div class=\"col-md-6 col-sm-6 col-xs-12\">\n<ul>\n<li>\n<ul class=\"specPreview\">\n<li>Anchura<\/li>\n<li>22&#8243;<\/li>\n<\/ul>\n<\/li>\n<li>\n<ul class=\"specPreview\">\n<li>Profundidad<\/li>\n<li>24&#8243;<\/li>\n<\/ul>\n<p>&nbsp;<\/li>\n<\/ul>\n<\/div>\n","protected":false},"featured_media":43891,"template":"","meta":{"_acf_changed":false,"inline_featured_image":false},"product_brand":[],"product_cat":[3091,1765,1771,2353],"product_tag":[],"class_list":{"0":"post-19844","1":"product","2":"type-product","3":"status-publish","4":"has-post-thumbnail","6":"product_cat-carro-de-poste-de-ordenador-movil-de-doble-monitor","7":"product_cat-carros-de-ordenador-medico","8":"product_cat-carros-moviles-para-postes","9":"product_cat-soporte-medico-ergonomico-para-ordenador-con-ruedas","11":"first","12":"instock","13":"product-type-simple"},"acf":[],"_links":{"self":[{"href":"https:\/\/afcindustries.com\/es\/wp-json\/wp\/v2\/product\/19844","targetHints":{"allow":["GET"]}}],"collection":[{"href":"https:\/\/afcindustries.com\/es\/wp-json\/wp\/v2\/product"}],"about":[{"href":"https:\/\/afcindustries.com\/es\/wp-json\/wp\/v2\/types\/product"}],"wp:featuredmedia":[{"embeddable":true,"href":"https:\/\/afcindustries.com\/es\/wp-json\/wp\/v2\/media\/43891"}],"wp:attachment":[{"href":"https:\/\/afcindustries.com\/es\/wp-json\/wp\/v2\/media?parent=19844"}],"wp:term":[{"taxonomy":"product_brand","embeddable":true,"href":"https:\/\/afcindustries.com\/es\/wp-json\/wp\/v2\/product_brand?post=19844"},{"taxonomy":"product_cat","embeddable":true,"href":"https:\/\/afcindustries.com\/es\/wp-json\/wp\/v2\/product_cat?post=19844"},{"taxonomy":"product_tag","embeddable":true,"href":"https:\/\/afcindustries.com\/es\/wp-json\/wp\/v2\/product_tag?post=19844"}],"curies":[{"name":"wp","href":"https:\/\/api.w.org\/{rel}","templated":true}]}}