{"id":19842,"date":"2022-01-29T12:28:25","date_gmt":"2022-01-29T17:28:25","guid":{"rendered":"https:\/\/afcindustries.com\/product\/escritorio-de-esquina-para-oficina\/"},"modified":"2024-10-09T10:12:54","modified_gmt":"2024-10-09T14:12:54","slug":"escritorio-de-esquina-para-oficina","status":"publish","type":"product","link":"https:\/\/afcindustries.com\/es\/producto\/escritorio-de-esquina-para-oficina\/","title":{"rendered":"Escritorio de esquina para oficina"},"content":{"rendered":"<h1>Escritorio de ordenador de esquina en forma de L para el hogar y la oficina<\/h1>\n<div id=\"color_choice\">\n<div id=\"ctl00_ContentPlaceHolder1_color1_pnlColor\" class=\"option-Style-Panel1\">\n<div class=\"color-container\">\n<div class=\"color-item\">\n<p>&nbsp;<\/p>\n<div id=\"Cream\" class=\"color-item-big\"><img decoding=\"async\" src=\"https:\/\/afcindustries.com\/wp-content\/uploads\/2022\/01\/Cream-1.jpg\" alt=\"Crema\" title=\"\"><\/div>\n<\/div>\n<\/div>\n<\/div>\n<\/div>\n<p>Un compa\u00f1ero perfecto para el hogar o la oficina, este escritorio de esquina para ordenador en forma de L viene con una amplia superficie de escritorio, bandeja para el teclado, bandeja inferior, fuertes marcos de acero y ruedas bloqueables.<\/p>\n<p>Nuestros escritorios esquineros SmartCart est\u00e1n dise\u00f1ados para aprovechar al m\u00e1ximo el espacio con nuestra construcci\u00f3n compacta pero resistente. Incorporamos caracter\u00edsticas altamente funcionales utilizando especificaciones de dise\u00f1o ergon\u00f3mico para garantizar la comodidad y el confort. Son los equipos perfectos para entornos de oficina que garantizan la productividad y la utilidad funcional de sus usuarios.<\/p>\n<p>AFC fabrica equipos de mobiliario de alta calidad que superan las expectativas est\u00e1ndar de practicidad, funcionalidad y ergonom\u00eda. Nuestros productos est\u00e1n garantizados con una garant\u00eda total del producto. Construimos productos que ofrecen a nuestros clientes la tranquilidad de obtener el m\u00e1ximo rendimiento de su inversi\u00f3n.<\/p>\n<p>P\u00f3ngase en contacto con nosotros para una consulta gratuita con nuestro amable y servicial especialista en mobiliario t\u00e9cnico ergon\u00f3mico.<\/p>\n<div class=\"desksize\"><\/div>\n<h3 class=\"product-h3\"><span id=\"ctl00_ContentPlaceHolder1_lblImageBottom1\">Especificaciones del dise\u00f1o de la mesa de ordenador de esquina en forma de L <\/span><\/h3>\n<p><img decoding=\"async\" id=\"ctl00_ContentPlaceHolder1_imgDetailImageCall\" class=\"img-responsive\" style=\"border-width: 0px\" src=\"https:\/\/afcindustries.com\/wp-content\/uploads\/2022\/01\/772709-l-shaped-corner-office-computer-desk-design-specifications.jpg\" alt=\"Especificaciones del dise\u00f1o de la mesa de ordenador de esquina en forma de L\" title=\"\"><\/p>\n<div id=\"ctl00_ContentPlaceHolder1_pnlImageContainer\"><\/div>\n<h3 class=\"product-h3\"><span id=\"ctl00_ContentPlaceHolder1_lblImageBottom2\">Escritorio de ordenador de esquina en forma de L con bandeja retr\u00e1ctil para el teclado y el rat\u00f3n<\/span><\/h3>\n<p><img decoding=\"async\" id=\"ctl00_ContentPlaceHolder1_imgDetailImageCall2\" class=\"img-responsive\" style=\"border-width: 0px\" src=\"https:\/\/afcindustries.com\/wp-content\/uploads\/2022\/01\/772709-l-shaped-corner-office-computer-desk-with-retractable-keyboard-and-mouse-tray.jpg\" alt=\"Escritorio de ordenador de esquina en forma de L Caracter\u00edsticas funcionales\" title=\"\"><\/p>\n<h3 class=\"product-h3\"><span id=\"ctl00_ContentPlaceHolder1_lblImageBottom3\">Escritorio de ordenador de esquina en forma de L con estante inferior de esquina <\/span><\/h3>\n<p><img decoding=\"async\" id=\"ctl00_ContentPlaceHolder1_imgDetailImageCall3\" class=\"img-responsive\" style=\"border-width: 0px\" src=\"https:\/\/afcindustries.com\/wp-content\/uploads\/2022\/01\/772709-l-shaped-corner-office-computer-desk-with-corner-bottom-shelf.jpg\" alt=\"Escritorio de ordenador de esquina en forma de L Caracter\u00edsticas pr\u00e1cticas\" title=\"\"><\/p>\n","protected":false},"excerpt":{"rendered":"<h1 class=\"product-h3\"><span id=\"ctl00_ContentPlaceHolder1_lblH3\">Escritorio de ordenador de esquina en forma de L<\/span><\/h1>\n<div class=\"col-md-6 col-sm-6 col-xs-12 detailList\">\n<ul>\n<li>Superficie de trabajo en forma de L con molduras<\/li>\n<li>Bandeja ergon\u00f3mica para el teclado y el rat\u00f3n<\/li>\n<li>Seis ruedas de 2 pulgadas (2 con bloqueo)<\/li>\n<li>Estante inferior de 16 pulgadas de profundidad con moldeado en T<\/li>\n<li>Altura de escritorio de 30 pulgadas<\/li>\n<li>Superficie de escritorio de 60 pulgadas x 60 pulgadas<\/li>\n<li>Profundidad de escritorio de 24 pulgadas<\/li>\n<\/ul>\n<p>&nbsp;<\/p>\n<p>&nbsp;<\/p>\n<\/div>\n<div class=\"col-md-6 col-sm-6 col-xs-12\">\n<ul class=\"ulpdf\">\n<li><a id=\"ctl00_ContentPlaceHolder1_hPDF\" href=\"https:\/\/afcindustries.com\/PDFS\/772709_CSC60602424_T_L_1620_0_0_0_B_01.PDF\" target=\"_blank\" rel=\"noopener\"><img decoding=\"async\" id=\"ctl00_ContentPlaceHolder1_imgPDF\" style=\"border-width: 0px;\" src=\"https:\/\/afcindustries.com\/images\/pdf.gif\" border=\"0\" \/><span id=\"ctl00_ContentPlaceHolder1_lblPDFSKU\" class=\"pdf\">PDF 772709_CSC60602424_T_L_1620_0_0_0_B_01.pdf<\/span><\/a><\/li>\n<\/ul>\n<ul>\n<li>\n<ul class=\"specPreview\">\n<li>Altura<\/li>\n<li>30 \u00ab<\/li>\n<\/ul>\n<p>&nbsp;<\/li>\n<li>\n<ul class=\"specPreview\">\n<li>Anchura<\/li>\n<li>60 \u00ab<\/li>\n<\/ul>\n<p>&nbsp;<\/li>\n<li>\n<ul class=\"specPreview\">\n<li>Profundidad<\/li>\n<li>60 \u00ab<\/li>\n<\/ul>\n<p>&nbsp;<\/li>\n<\/ul>\n<\/div>\n","protected":false},"featured_media":12507,"template":"","meta":{"_acf_changed":false,"inline_featured_image":false},"product_brand":[],"product_cat":[2347,1809],"product_tag":[],"class_list":{"0":"post-19842","1":"product","2":"type-product","3":"status-publish","4":"has-post-thumbnail","6":"product_cat-escritorio-de-esquina-para-oficina-escritorio-de-ordenador-en-forma-de-l","7":"product_cat-escritorios-y-mesas","8":"pa_model-csc60602424_t_l_1620_0_0_0_b_01-es","10":"first","11":"instock","12":"product-type-simple"},"acf":[],"_links":{"self":[{"href":"https:\/\/afcindustries.com\/es\/wp-json\/wp\/v2\/product\/19842","targetHints":{"allow":["GET"]}}],"collection":[{"href":"https:\/\/afcindustries.com\/es\/wp-json\/wp\/v2\/product"}],"about":[{"href":"https:\/\/afcindustries.com\/es\/wp-json\/wp\/v2\/types\/product"}],"wp:featuredmedia":[{"embeddable":true,"href":"https:\/\/afcindustries.com\/es\/wp-json\/wp\/v2\/media\/12507"}],"wp:attachment":[{"href":"https:\/\/afcindustries.com\/es\/wp-json\/wp\/v2\/media?parent=19842"}],"wp:term":[{"taxonomy":"product_brand","embeddable":true,"href":"https:\/\/afcindustries.com\/es\/wp-json\/wp\/v2\/product_brand?post=19842"},{"taxonomy":"product_cat","embeddable":true,"href":"https:\/\/afcindustries.com\/es\/wp-json\/wp\/v2\/product_cat?post=19842"},{"taxonomy":"product_tag","embeddable":true,"href":"https:\/\/afcindustries.com\/es\/wp-json\/wp\/v2\/product_tag?post=19842"}],"curies":[{"name":"wp","href":"https:\/\/api.w.org\/{rel}","templated":true}]}}