{"id":19832,"date":"2022-01-29T12:29:12","date_gmt":"2022-01-29T17:29:12","guid":{"rendered":"https:\/\/afcindustries.com\/product\/cajon-deslizante-para-lapices-bajo-el-escritorio\/"},"modified":"2024-11-30T13:09:07","modified_gmt":"2024-11-30T18:09:07","slug":"cajon-deslizante-para-lapices-bajo-el-escritorio","status":"publish","type":"product","link":"https:\/\/afcindustries.com\/es\/producto\/cajon-deslizante-para-lapices-bajo-el-escritorio\/","title":{"rendered":"Caj\u00f3n deslizante para l\u00e1pices bajo el escritorio"},"content":{"rendered":"<h2>Caj\u00f3n peque\u00f1o para l\u00e1pices bajo el escritorio<\/h2>\n<div id=\"color_choice\"><\/div>\n<p>Este portal\u00e1pices de pl\u00e1stico para debajo de la mesa est\u00e1 equipado con accesorios laterales de metal que se atornillan a la parte inferior de la superficie de trabajo con tornillos para madera.<\/p>\n<p>La bandeja de pl\u00e1stico para los l\u00e1pices se desliza hacia dentro y hacia fuera enganchada a las sujeciones laterales.<\/p>\n<p>Dimensiones exteriores: 12&#8243; de ancho x 14&#8243; de fondo x 1 1\/2&#8243; de alto.<\/p>\n<div class=\"desksize\"><\/div>\n<h3 class=\"product-h3\"><span id=\"ctl00_ContentPlaceHolder1_lblImageBottom1\">Caj\u00f3n de pl\u00e1stico para l\u00e1pices bajo el escritorio<\/span><\/h3>\n<p><img decoding=\"async\" id=\"ctl00_ContentPlaceHolder1_imgDetailImageCall\" class=\"img-responsive\" style=\"border-width: 0px\" src=\"https:\/\/afcindustries.com\/wp-content\/uploads\/2022\/01\/771612-under-desk-plastic-sliding-pencil-drawer.jpg\" alt=\"Caj\u00f3n deslizante de pl\u00e1stico para l\u00e1pices bajo el escritorio\" title=\"\"><\/p>\n<div id=\"ctl00_ContentPlaceHolder1_pnlImageContainer\"><\/div>\n<h3 class=\"product-h3\"><span id=\"ctl00_ContentPlaceHolder1_lblImageBottom2\">Caj\u00f3n deslizante de pl\u00e1stico bajo el escritorio Caracter\u00edsticas<\/span><\/h3>\n<p><img decoding=\"async\" id=\"ctl00_ContentPlaceHolder1_imgDetailImageCall2\" class=\"img-responsive\" style=\"border-width: 0px\" src=\"https:\/\/afcindustries.com\/wp-content\/uploads\/2022\/01\/771612-under-desk-plastic-sliding-drawer-features.jpg\" alt=\"Caj\u00f3n de pl\u00e1stico para l\u00e1pices bajo el escritorio con riel met\u00e1lico\" title=\"\"><\/p>\n<h3 class=\"product-h3\"><\/h3>\n","protected":false},"excerpt":{"rendered":"<h1 class=\"product-h3\"><span id=\"ctl00_ContentPlaceHolder1_lblH3\">Caj\u00f3n de l\u00e1pices peque\u00f1o<\/span><\/h1>\n<div class=\"col-md-6 col-sm-6 col-xs-12 detailList\">\n<ul>\n<li>Movimiento de deslizamiento suave y silencioso<\/li>\n<li>Montaje bajo el escritorio para tener m\u00e1s espacio en la mesa<\/li>\n<li>Tres divisiones para organizar los art\u00edculos de forma ordenada<\/li>\n<li>Base de textura de l\u00edneas horizontales para sujetar los l\u00e1pices de forma eficaz<\/li>\n<li>Material pl\u00e1stico ligero<\/li>\n<\/ul>\n<p>&nbsp;<\/p>\n<p>&nbsp;<\/p>\n<\/div>\n<div class=\"col-md-6 col-sm-6 col-xs-12\">\n<ul class=\"ulpdf\">\n<li><a id=\"ctl00_ContentPlaceHolder1_hPDF\" href=\"https:\/\/afcindustries.com\/PDFS\/PENCIL%20DRAWER%20PD002.PDF\" target=\"_blank\" rel=\"noopener\"><img decoding=\"async\" id=\"ctl00_ContentPlaceHolder1_imgPDF\" style=\"border-width: 0px;\" src=\"https:\/\/afcindustries.com\/images\/pdf.gif\" border=\"0\" \/><span id=\"ctl00_ContentPlaceHolder1_lblPDFSKU\" class=\"pdf\">PDF Caj\u00f3n de l\u00e1pices PD002.pdf<\/span><\/a><\/li>\n<\/ul>\n<ul>\n<li>\n<ul class=\"specPreview\">\n<li>Altura<\/li>\n<li>2 \u00ab<\/li>\n<\/ul>\n<p>&nbsp;<\/li>\n<li>\n<ul class=\"specPreview\">\n<li>Anchura<\/li>\n<li>15 \u00ab<\/li>\n<\/ul>\n<p>&nbsp;<\/li>\n<li>\n<ul class=\"specPreview\">\n<li>Profundidad<\/li>\n<li>15 \u00ab<\/li>\n<\/ul>\n<p>&nbsp;<\/li>\n<\/ul>\n<\/div>\n","protected":false},"featured_media":12843,"template":"","meta":{"_acf_changed":false,"inline_featured_image":false},"product_brand":[],"product_cat":[1783,2303,1784],"product_tag":[],"class_list":{"0":"post-19832","1":"product","2":"type-product","3":"status-publish","4":"has-post-thumbnail","6":"product_cat-accesorios","7":"product_cat-cajon-deslizante-para-lapices-bajo-el-escritorio","8":"product_cat-todos-los-accesorios","9":"pa_model-pd002-es","11":"first","12":"instock","13":"product-type-simple"},"acf":[],"_links":{"self":[{"href":"https:\/\/afcindustries.com\/es\/wp-json\/wp\/v2\/product\/19832","targetHints":{"allow":["GET"]}}],"collection":[{"href":"https:\/\/afcindustries.com\/es\/wp-json\/wp\/v2\/product"}],"about":[{"href":"https:\/\/afcindustries.com\/es\/wp-json\/wp\/v2\/types\/product"}],"wp:featuredmedia":[{"embeddable":true,"href":"https:\/\/afcindustries.com\/es\/wp-json\/wp\/v2\/media\/12843"}],"wp:attachment":[{"href":"https:\/\/afcindustries.com\/es\/wp-json\/wp\/v2\/media?parent=19832"}],"wp:term":[{"taxonomy":"product_brand","embeddable":true,"href":"https:\/\/afcindustries.com\/es\/wp-json\/wp\/v2\/product_brand?post=19832"},{"taxonomy":"product_cat","embeddable":true,"href":"https:\/\/afcindustries.com\/es\/wp-json\/wp\/v2\/product_cat?post=19832"},{"taxonomy":"product_tag","embeddable":true,"href":"https:\/\/afcindustries.com\/es\/wp-json\/wp\/v2\/product_tag?post=19832"}],"curies":[{"name":"wp","href":"https:\/\/api.w.org\/{rel}","templated":true}]}}