{"id":19797,"date":"2022-01-29T12:27:46","date_gmt":"2022-01-29T17:27:46","guid":{"rendered":"https:\/\/afcindustries.com\/product\/estacion-de-trabajo-de-mesa-de-oficina-para-dos-usuarios\/"},"modified":"2024-10-09T10:10:58","modified_gmt":"2024-10-09T14:10:58","slug":"estacion-de-trabajo-de-mesa-de-oficina-para-dos-usuarios","status":"publish","type":"product","link":"https:\/\/afcindustries.com\/es\/producto\/estacion-de-trabajo-de-mesa-de-oficina-para-dos-usuarios\/","title":{"rendered":"Estaci\u00f3n de trabajo de mesa de oficina para dos usuarios"},"content":{"rendered":"<h1>Mesa de oficina doble<\/h1>\n<div id=\"color_choice\">\n<div id=\"ctl00_ContentPlaceHolder1_color1_pnlColor\" class=\"option-Style-Panel1\">\n<div class=\"color-container\">\n<div class=\"color-item\">\n<p>&nbsp;<\/p>\n<div id=\"Cream\" class=\"color-item-big\"><img decoding=\"async\" src=\"https:\/\/afcindustries.com\/wp-content\/uploads\/2022\/01\/Cream-1.jpg\" alt=\"Crema\" title=\"\"><\/div>\n<\/div>\n<\/div>\n<\/div>\n<\/div>\n<p>Esta mesa doble de primera calidad para estaci\u00f3n de trabajadores de oficina tiene una moderna mesa de oficina de doble usuario que puede acomodar a dos usuarios al mismo tiempo. Tiene cajones incorporados para el almacenamiento. El brazo Z montado en el ojal le permite colocar f\u00e1cilmente sus monitores.<\/p>\n<p>Se trata de estaciones de trabajadores de oficina. Sobre todo negocios, pero puede funcionar en un consultorio m\u00e9dico que es realmente un negocio m\u00e9dico. Tambi\u00e9n viene con un soporte para tel\u00e9fono con ojal y un estante montado en un poste, ideal para un fax o una impresora.<\/p>\n<div class=\"desksize\"><\/div>\n","protected":false},"excerpt":{"rendered":"<h1 class=\"product-h3\"><span id=\"ctl00_ContentPlaceHolder1_lblH3\">Escritorio de oficina para dos usuarios<\/span><\/h1>\n<div class=\"col-md-6 col-sm-6 col-xs-12 detailList\">\n<ul>\n<li>Mesa de oficina doble con soporte para monitor<\/li>\n<li>Acomoda a dos usuarios simult\u00e1neamente<\/li>\n<li>El brazo Z montado en el ojal ofrece varias opciones de posici\u00f3n<\/li>\n<li>Soporte para tel\u00e9fono incorporado<\/li>\n<li>Estanter\u00eda montada en poste perfecta para impresoras y faxes<\/li>\n<\/ul>\n<p>&nbsp;<\/p>\n<p>&nbsp;<\/p>\n<\/div>\n<div class=\"col-md-6 col-sm-6 col-xs-12\">\n<p>&nbsp;<\/p>\n<\/div>\n","protected":false},"featured_media":12082,"template":"","meta":{"_acf_changed":false,"inline_featured_image":false},"product_brand":[],"product_cat":[2196,1814],"product_tag":[],"class_list":{"0":"post-19797","1":"product","2":"type-product","3":"status-publish","4":"has-post-thumbnail","6":"product_cat-mesa-doble-para-puestos-de-trabajo-de-oficina","7":"product_cat-productos-personalizados","9":"first","10":"instock","11":"product-type-simple"},"acf":[],"_links":{"self":[{"href":"https:\/\/afcindustries.com\/es\/wp-json\/wp\/v2\/product\/19797","targetHints":{"allow":["GET"]}}],"collection":[{"href":"https:\/\/afcindustries.com\/es\/wp-json\/wp\/v2\/product"}],"about":[{"href":"https:\/\/afcindustries.com\/es\/wp-json\/wp\/v2\/types\/product"}],"wp:featuredmedia":[{"embeddable":true,"href":"https:\/\/afcindustries.com\/es\/wp-json\/wp\/v2\/media\/12082"}],"wp:attachment":[{"href":"https:\/\/afcindustries.com\/es\/wp-json\/wp\/v2\/media?parent=19797"}],"wp:term":[{"taxonomy":"product_brand","embeddable":true,"href":"https:\/\/afcindustries.com\/es\/wp-json\/wp\/v2\/product_brand?post=19797"},{"taxonomy":"product_cat","embeddable":true,"href":"https:\/\/afcindustries.com\/es\/wp-json\/wp\/v2\/product_cat?post=19797"},{"taxonomy":"product_tag","embeddable":true,"href":"https:\/\/afcindustries.com\/es\/wp-json\/wp\/v2\/product_tag?post=19797"}],"curies":[{"name":"wp","href":"https:\/\/api.w.org\/{rel}","templated":true}]}}