{"id":19786,"date":"2022-01-29T12:27:55","date_gmt":"2022-01-29T17:27:55","guid":{"rendered":"https:\/\/afcindustries.com\/product\/particion-modular-de-cubiculos-de-oficina\/"},"modified":"2024-10-09T10:10:01","modified_gmt":"2024-10-09T14:10:01","slug":"particion-modular-de-cubiculos-de-oficina","status":"publish","type":"product","link":"https:\/\/afcindustries.com\/es\/producto\/particion-modular-de-cubiculos-de-oficina\/","title":{"rendered":"Partici\u00f3n modular de cub\u00edculos de oficina"},"content":{"rendered":"<h1>Tabique modular con plexigl\u00e1s<\/h1>\n<div id=\"color_choice\">\n<div id=\"ctl00_ContentPlaceHolder1_color1_pnlColor\" class=\"option-Style-Panel1\">\n<div class=\"color-container\">\n<div class=\"color-item\">\n<div id=\"FabricBlue\" class=\"color-item-big\"><img decoding=\"async\" src=\"https:\/\/afcindustries.com\/wp-content\/uploads\/2022\/01\/FabricBlue-1.jpg\" alt=\"TejidoAzul\" title=\"\"><\/div>\n<\/div>\n<\/div>\n<\/div>\n<\/div>\n<p>Una mampara modular con plexigl\u00e1s transparente, materiales de panel de aislamiento ac\u00fastico y un marco de acero laminado en fr\u00edo de calibre 11 duradero con acabado revestido de polvo. construcci\u00f3n robusta y f\u00e1cilmente escalable.<\/p>\n<p>Estos tabiques tienen que estar atornillados al suelo o fijados a una pared permanente para su estabilidad, no son independientes<\/p>\n<p>Este tabique puede actuar como barrera entre usted y la siguiente persona, ayudando a prevenir la propagaci\u00f3n de g\u00e9rmenes. Esta mampara de cristal para el escritorio de la oficina ayuda a los usuarios a concentrarse en su tarea, limitando las interrupciones del trabajo por parte de otros empleados. Con esta pared divisoria del espacio de trabajo, los usuarios disponen de un entorno de trabajo m\u00e1s tranquilo.<\/p>\n<div class=\"desksize\"><\/div>\n","protected":false},"excerpt":{"rendered":"<h1 class=\"product-h3\"><span id=\"ctl00_ContentPlaceHolder1_lblH3\">Tabiques de oficina ideales con inserciones de plexigl\u00e1s<\/span><\/h1>\n<div class=\"col-md-6 col-sm-6 col-xs-12 detailList\">\n<ul>\n<li>Un muro ac\u00fastico de fibra gruesa que absorbe el sonido<\/li>\n<li>Armaz\u00f3n de acero laminado en fr\u00edo de calibre 11 con acabado de pintura en polvo epoxi<\/li>\n<li>barrera natural contra la propagaci\u00f3n de g\u00e9rmenes<\/li>\n<li>La secci\u00f3n de tela puede utilizarse como tabla de tachuelas<\/li>\n<li>Varios colores disponibles<\/li>\n<li>Estos tabiques tienen que estar atornillados al suelo o fijados a una pared permanente para su estabilidad, no son independientes<\/li>\n<\/ul>\n<p>&nbsp;<\/p>\n<p>&nbsp;<\/p>\n<\/div>\n<div class=\"col-md-6 col-sm-6 col-xs-12\">\n<p>&nbsp;<\/p>\n<ul>\n<li>\n<ul class=\"specPreview\">\n<li>Altura<\/li>\n<li>72&#8243;<\/li>\n<\/ul>\n<p>&nbsp;<\/li>\n<li>\n<ul class=\"specPreview\">\n<li>Anchura<\/li>\n<li>60&#8243;<\/li>\n<\/ul>\n<p>&nbsp;<\/li>\n<\/ul>\n<\/div>\n","protected":false},"featured_media":12182,"template":"","meta":{"_acf_changed":false,"inline_featured_image":false},"product_brand":[],"product_cat":[1783,2170,1784],"product_tag":[],"class_list":{"0":"post-19786","1":"product","2":"type-product","3":"status-publish","4":"has-post-thumbnail","6":"product_cat-accesorios","7":"product_cat-particion-modular-de-cubiculos-de-oficina","8":"product_cat-todos-los-accesorios","9":"pa_model-mp6072-es","11":"first","12":"instock","13":"product-type-simple"},"acf":[],"_links":{"self":[{"href":"https:\/\/afcindustries.com\/es\/wp-json\/wp\/v2\/product\/19786","targetHints":{"allow":["GET"]}}],"collection":[{"href":"https:\/\/afcindustries.com\/es\/wp-json\/wp\/v2\/product"}],"about":[{"href":"https:\/\/afcindustries.com\/es\/wp-json\/wp\/v2\/types\/product"}],"wp:featuredmedia":[{"embeddable":true,"href":"https:\/\/afcindustries.com\/es\/wp-json\/wp\/v2\/media\/12182"}],"wp:attachment":[{"href":"https:\/\/afcindustries.com\/es\/wp-json\/wp\/v2\/media?parent=19786"}],"wp:term":[{"taxonomy":"product_brand","embeddable":true,"href":"https:\/\/afcindustries.com\/es\/wp-json\/wp\/v2\/product_brand?post=19786"},{"taxonomy":"product_cat","embeddable":true,"href":"https:\/\/afcindustries.com\/es\/wp-json\/wp\/v2\/product_cat?post=19786"},{"taxonomy":"product_tag","embeddable":true,"href":"https:\/\/afcindustries.com\/es\/wp-json\/wp\/v2\/product_tag?post=19786"}],"curies":[{"name":"wp","href":"https:\/\/api.w.org\/{rel}","templated":true}]}}