{"id":19783,"date":"2022-01-29T12:27:30","date_gmt":"2022-01-29T17:27:30","guid":{"rendered":"https:\/\/afcindustries.com\/product\/puesto-de-ordenador-de-altura-regulable-montado-sobre-railes\/"},"modified":"2024-10-09T10:09:45","modified_gmt":"2024-10-09T14:09:45","slug":"puesto-de-ordenador-de-altura-regulable-montado-sobre-railes","status":"publish","type":"product","link":"https:\/\/afcindustries.com\/es\/producto\/puesto-de-ordenador-de-altura-regulable-montado-sobre-railes\/","title":{"rendered":"Puesto de ordenador de altura regulable montado sobre ra\u00edles"},"content":{"rendered":"<h1>Puesto de ordenador flexible y ajustable montado sobre ra\u00edles<\/h1>\n<div id=\"color_choice\">\n<div id=\"ctl00_ContentPlaceHolder1_color1_pnlColor\" class=\"option-Style-Panel1\">\n<div class=\"color-container\">\n<div class=\"color-item\">\n<p>&nbsp;<\/p>\n<div id=\"White\" class=\"color-item-big\"><img decoding=\"async\" src=\"https:\/\/afcindustries.com\/wp-content\/uploads\/2022\/01\/White-1.jpg\" alt=\"Blanco\" title=\"\"><\/div>\n<\/div>\n<\/div>\n<\/div>\n<\/div>\n<p>Esta estaci\u00f3n de ordenador montada en la pared, de altura regulable, lleva incorporados un brazo telef\u00f3nico giratorio y un brazo y una bandeja para el teclado giratorios. con una multitud de componentes funcionales que se pueden ajustar de forma independiente, como un soporte para monitor, un soporte para CPU, una bandeja para teclado y rat\u00f3n en el brazo Z, un soporte para tel\u00e9fono y un estante para impresora, todo ello convenientemente unido a un soporte de riel de pared de 90,5 pulgadas.<\/p>\n<p>Un conjunto completo de estaciones de trabajo montadas verticalmente en un sistema muy eficiente y organizado para lograr los m\u00e1s altos est\u00e1ndares en soluci\u00f3n de ahorro de espacio y comodidad ergon\u00f3mica.<\/p>\n<p><strong>El mejor dise\u00f1o ergon\u00f3mico y c\u00f3modo:<\/strong> Dise\u00f1ado para la comodidad para reducir el estr\u00e9s y mantener la postura durante el trabajo.<\/p>\n<p><strong>Soluci\u00f3n de montaje firme:<\/strong>nuestros muebles pueden sujetarse firmemente a las paredes, suelos o techos y pueden soportar el peso adicional de su equipo.<\/p>\n<p><strong>F\u00e1cil de usar:<\/strong> f\u00e1cil de manejar sin necesidad de horas de formaci\u00f3n del usuario. Muy f\u00e1cil de configurar para adaptarse a las preferencias de cada usuario.<\/p>\n<p><strong>Colocaci\u00f3n correcta de la CPU del ordenador:<\/strong> La CPU del ordenador se encuentra fuera de peligro, lo que permite a los usuarios moverse libremente.<\/p>\n<p><strong>Construido seg\u00fan las especificaciones:<\/strong> Se puede especificar para acomodar las necesidades \u00fanicas y el entorno de trabajo de los usuarios individuales antes de la fabricaci\u00f3n.<\/p>\n<p><strong>Garantizado con la garant\u00eda del producto:<\/strong> Cubierto con la garant\u00eda de producto del fabricante que da seguridad a los compradores en caso de que el producto no cumpla con las expectativas.<\/p>\n<p><strong>Equipo de fabricaci\u00f3n de confianza:<\/strong> Nuestros dise\u00f1adores, ingenieros y fabricantes utilizan sus habilidades y talentos para ofrecerle el producto de mayor calidad que usted merece.<\/p>\n<p><strong>Asistencia en la planificaci\u00f3n del espacio de trabajo:<\/strong> Proporcionamos asistencia en la planificaci\u00f3n en la instalaci\u00f3n o renovaci\u00f3n de sus instalaciones de trabajo.<\/p>\n<p><strong>Ayuda para la instalaci\u00f3n:<\/strong> Proporcionamos asistencia exhaustiva en el despliegue de su mobiliario para el servicio.<\/p>\n<p>AFC fabrica equipos de mobiliario de alta calidad que superan las expectativas est\u00e1ndar de practicidad, funcionalidad y ergonom\u00eda. Nuestros productos est\u00e1n garantizados con una garant\u00eda total del producto. Construimos productos que ofrecen a nuestros clientes la tranquilidad de obtener el m\u00e1ximo rendimiento de su inversi\u00f3n.<\/p>\n<p>P\u00f3ngase en contacto con nosotros para una consulta gratuita con nuestro amable y servicial especialista en mobiliario t\u00e9cnico ergon\u00f3mico.<\/p>\n<div class=\"desksize\"><\/div>\n<h3 class=\"product-h3\"><span id=\"ctl00_ContentPlaceHolder1_lblImageBottom1\">Estaci\u00f3n de ordenador montada en la pared Caracter\u00edsticas<\/span><\/h3>\n<p><img decoding=\"async\" id=\"ctl00_ContentPlaceHolder1_imgDetailImageCall\" class=\"img-responsive\" style=\"border-width: 0px\" src=\"https:\/\/afcindustries.com\/wp-content\/uploads\/2022\/01\/772289-wall-mounted-computer-station-features.jpg\" alt=\"Estaci\u00f3n de ordenador montada en la pared Caracter\u00edsticas\" title=\"\"><\/p>\n<div id=\"ctl00_ContentPlaceHolder1_pnlImageContainer\"><\/div>\n<h3 class=\"product-h3\"><\/h3>\n<h3 class=\"product-h3\"><\/h3>\n","protected":false},"excerpt":{"rendered":"<h1 class=\"product-h3\"><span id=\"ctl00_ContentPlaceHolder1_lblH3\">Soporte de pared para ordenador con brazo giratorio que ahorra espacio<\/span><\/h1>\n<div class=\"col-md-6 col-sm-6 col-xs-12 detailList\">\n<p>El soporte de pared para ordenador con brazo giratorio que ahorra espacio m\u00e1s completo que fabricamos:<br \/>\n7 pies completos de acero laminado en fr\u00edo, carril montado en la pared<br \/>\nBandeja para el teclado con bandeja deslizante para el rat\u00f3n, a la izquierda o a la derecha, y un soporte para el rat\u00f3n montado en la parte inferior para guardarlo de forma ordenada cuando no se utiliza<br \/>\nLa bandeja del teclado est\u00e1 montada en un brazo z totalmente articulado<br \/>\nSoporte de monitor compatible con VESA 75\/100<br \/>\nOtro brazo Z totalmente articulado con una bandeja para el tel\u00e9fono, o puede utilizarse para un esc\u00e1ner<br \/>\nEstante de la impresora que es 18W x 21D<br \/>\nSoporte para CPU<br \/>\nTodos los componentes son ajustables en altura individualmente con fijaciones con resorte<br \/>\nTopes de seguridad en cada extremo para asegurar los art\u00edculos en el carril y evitar accidentes<\/p>\n<\/div>\n<div class=\"col-md-6 col-sm-6 col-xs-12\">\n<ul class=\"ulpdf\">\n<li><a id=\"ctl00_ContentPlaceHolder1_hPDF\" href=\"https:\/\/afcindustries.com\/PDFS\/WM90_C_F_SHZ_KBZ_SH.PDF\" target=\"_blank\" rel=\"noopener\"><img decoding=\"async\" id=\"ctl00_ContentPlaceHolder1_imgPDF\" style=\"border-width: 0px;\" src=\"https:\/\/afcindustries.com\/images\/pdf.gif\" border=\"0\" \/><span id=\"ctl00_ContentPlaceHolder1_lblPDFSKU\" class=\"pdf\">PDF WM90_C_F_SHZ_KBZ_SH.PDF<\/span><\/a><\/li>\n<\/ul>\n<\/div>\n","protected":false},"featured_media":46290,"template":"","meta":{"_acf_changed":false,"inline_featured_image":false},"product_brand":[],"product_cat":[2155,1782,1758],"product_tag":[],"class_list":{"0":"post-19783","1":"product","2":"type-product","3":"status-publish","4":"has-post-thumbnail","6":"product_cat-puesto-de-ordenador-de-altura-regulable-montado-sobre-railes","7":"product_cat-soportes-de-pared-para-ordenador","8":"product_cat-soportes-ergonomicos","9":"pa_model-wm90_c_f_shz_kbz_sh_01-es","11":"first","12":"instock","13":"product-type-simple"},"acf":[],"_links":{"self":[{"href":"https:\/\/afcindustries.com\/es\/wp-json\/wp\/v2\/product\/19783","targetHints":{"allow":["GET"]}}],"collection":[{"href":"https:\/\/afcindustries.com\/es\/wp-json\/wp\/v2\/product"}],"about":[{"href":"https:\/\/afcindustries.com\/es\/wp-json\/wp\/v2\/types\/product"}],"wp:featuredmedia":[{"embeddable":true,"href":"https:\/\/afcindustries.com\/es\/wp-json\/wp\/v2\/media\/46290"}],"wp:attachment":[{"href":"https:\/\/afcindustries.com\/es\/wp-json\/wp\/v2\/media?parent=19783"}],"wp:term":[{"taxonomy":"product_brand","embeddable":true,"href":"https:\/\/afcindustries.com\/es\/wp-json\/wp\/v2\/product_brand?post=19783"},{"taxonomy":"product_cat","embeddable":true,"href":"https:\/\/afcindustries.com\/es\/wp-json\/wp\/v2\/product_cat?post=19783"},{"taxonomy":"product_tag","embeddable":true,"href":"https:\/\/afcindustries.com\/es\/wp-json\/wp\/v2\/product_tag?post=19783"}],"curies":[{"name":"wp","href":"https:\/\/api.w.org\/{rel}","templated":true}]}}