{"id":19780,"date":"2022-01-29T12:28:04","date_gmt":"2022-01-29T17:28:04","guid":{"rendered":"https:\/\/afcindustries.com\/product\/brazo-y-bandeja-para-telefono-de-pared\/"},"modified":"2024-10-09T10:09:45","modified_gmt":"2024-10-09T14:09:45","slug":"brazo-y-bandeja-para-telefono-de-pared","status":"publish","type":"product","link":"https:\/\/afcindustries.com\/es\/producto\/brazo-y-bandeja-para-telefono-de-pared\/","title":{"rendered":"Brazo y bandeja para tel\u00e9fono de pared"},"content":{"rendered":"<h1>Brazo y bandeja de tel\u00e9fono giratorios<\/h1>\n<div id=\"color_choice\"><\/div>\n<p>Una bandeja de soporte de tel\u00e9fono montada en la pared que ofrece un c\u00f3modo acceso a los usuarios para que puedan alcanzar f\u00e1cilmente el tel\u00e9fono.<\/p>\n<p>Se trata de un brazo telef\u00f3nico oscilante y una bandeja f\u00e1ciles de instalar que se pueden fijar a cualquier pared de listones est\u00e1ndar.<\/p>\n<p>AFC fabrica equipos de mobiliario de alta calidad que superan las expectativas est\u00e1ndar de practicidad, funcionalidad y ergonom\u00eda. Nuestros productos est\u00e1n garantizados con una garant\u00eda total del producto. Construimos productos que ofrecen a nuestros clientes la tranquilidad de obtener el m\u00e1ximo rendimiento de su inversi\u00f3n.<\/p>\n<p>P\u00f3ngase en contacto con nosotros para una consulta gratuita con nuestro amable y servicial especialista en mobiliario t\u00e9cnico ergon\u00f3mico.<\/p>\n<div class=\"desksize\"><\/div>\n","protected":false},"excerpt":{"rendered":"<h1 class=\"product-h3\"><span id=\"ctl00_ContentPlaceHolder1_lblH3\">Bandeja universal de brazo telef\u00f3nico de pared Caracter\u00edsticas<\/span><\/h1>\n<div class=\"col-md-6 col-sm-6 col-xs-12 detailList\">\n<ul>\n<li>Brazo y bandeja universales para tel\u00e9fonos<\/li>\n<li>Brazos en Z ajustables de tipo oscilante<\/li>\n<li>Bandeja telef\u00f3nica de listones montada en la pared<\/li>\n<li>Brazo articulado de tres puntos<\/li>\n<li>Dise\u00f1o que ahorra espacio para entornos de oficina reducidos<\/li>\n<li>Dise\u00f1o ergon\u00f3mico con flexibilidad y durabilidad<\/li>\n<\/ul>\n<p>&nbsp;<\/p>\n<p>&nbsp;<\/p>\n<\/div>\n<div class=\"col-md-6 col-sm-6 col-xs-12\">\n<p>&nbsp;<\/p>\n<ul>\n<li>\n<ul class=\"specPreview\">\n<li>Altura<\/li>\n<li>&#8211; 9 pulgadas<\/li>\n<\/ul>\n<p>&nbsp;<\/li>\n<li>\n<ul class=\"specPreview\">\n<li>Anchura<\/li>\n<li>&#8211; 9 pulgadas<\/li>\n<\/ul>\n<p>&nbsp;<\/li>\n<li>\n<ul class=\"specPreview\">\n<li>Profundidad<\/li>\n<li>&#8211; De 5,5 a 25 pulgadas<\/li>\n<\/ul>\n<p>&nbsp;<\/li>\n<\/ul>\n<\/div>\n","protected":false},"featured_media":12360,"template":"","meta":{"_acf_changed":false,"inline_featured_image":false},"product_brand":[],"product_cat":[1783,2146,1784],"product_tag":[],"class_list":{"0":"post-19780","1":"product","2":"type-product","3":"status-publish","4":"has-post-thumbnail","6":"product_cat-accesorios","7":"product_cat-brazo-y-bandeja-para-telefono-de-pared","8":"product_cat-todos-los-accesorios","10":"first","11":"instock","12":"product-type-simple"},"acf":[],"_links":{"self":[{"href":"https:\/\/afcindustries.com\/es\/wp-json\/wp\/v2\/product\/19780","targetHints":{"allow":["GET"]}}],"collection":[{"href":"https:\/\/afcindustries.com\/es\/wp-json\/wp\/v2\/product"}],"about":[{"href":"https:\/\/afcindustries.com\/es\/wp-json\/wp\/v2\/types\/product"}],"wp:featuredmedia":[{"embeddable":true,"href":"https:\/\/afcindustries.com\/es\/wp-json\/wp\/v2\/media\/12360"}],"wp:attachment":[{"href":"https:\/\/afcindustries.com\/es\/wp-json\/wp\/v2\/media?parent=19780"}],"wp:term":[{"taxonomy":"product_brand","embeddable":true,"href":"https:\/\/afcindustries.com\/es\/wp-json\/wp\/v2\/product_brand?post=19780"},{"taxonomy":"product_cat","embeddable":true,"href":"https:\/\/afcindustries.com\/es\/wp-json\/wp\/v2\/product_cat?post=19780"},{"taxonomy":"product_tag","embeddable":true,"href":"https:\/\/afcindustries.com\/es\/wp-json\/wp\/v2\/product_tag?post=19780"}],"curies":[{"name":"wp","href":"https:\/\/api.w.org\/{rel}","templated":true}]}}